{"id":53,"date":"2026-01-22T07:22:24","date_gmt":"2026-01-22T07:22:24","guid":{"rendered":"https:\/\/www.bottletest.com\/?post_type=product&#038;p=53"},"modified":"2026-02-04T07:13:08","modified_gmt":"2026-02-04T07:13:08","slug":"bottle-perpendicularity-tester","status":"publish","type":"product","link":"https:\/\/www.bottletest.com\/tr\/product\/bottle-perpendicularity-tester\/","title":{"rendered":"PER-01 \u015ei\u015fe Diklik Test Cihaz\u0131"},"content":{"rendered":"<p>Bu <strong>\u015fi\u015fe diklik test cihaz\u0131<\/strong> kab\u0131n merkezi ekseninin teorik bir dikey \u00e7izgiden ne kadar sapt\u0131\u011f\u0131n\u0131 de\u011ferlendirir. <a href=\"https:\/\/www.iso.org\/standard\/16550.html\" target=\"_blank\" rel=\"noreferrer noopener nofollow\">ISO 9008<\/a> \u00f6zellikle cam \u015fi\u015feler i\u00e7in bu de\u011ferlendirme i\u00e7in standartla\u015ft\u0131r\u0131lm\u0131\u015f ve yayg\u0131n olarak kabul edilen bir \u00e7er\u00e7eve sa\u011flar.<\/p>\n\n\n\n<p>ISO 9008'e g\u00f6re, dikeylik a\u015fa\u011f\u0131dakileri yans\u0131t\u0131r <strong>\u015fi\u015fenin merkez hatt\u0131n\u0131n yatay sapmas\u0131<\/strong>, taban merkezinden fini\u015f merkezine kadar \u00f6l\u00e7\u00fcl\u00fcr. Bu tan\u0131m sadece genel e\u011fimi de\u011fil, ayn\u0131 zamanda taban ovalli\u011fi, biti\u015f ofseti veya boyun deformasyonu gibi birle\u015fik geometrik etkileri de hesaba katar. ISO 9008'e uygun olarak tasarlanm\u0131\u015f bir \u015fi\u015fe diklik test cihaz\u0131, sonu\u00e7lar\u0131n a\u015fa\u011f\u0131daki gibi kalmas\u0131n\u0131 sa\u011flar <strong>kar\u015f\u0131la\u015ft\u0131r\u0131labilir, izlenebilir ve g\u00fcvenilir<\/strong> laboratuvarlar ve \u00fcretim tesisleri aras\u0131nda.<\/p>\n\n\n\n<h2 class=\"wp-block-heading\">Kalite Kontrolde \u015ei\u015fe Dikeyli\u011fi Neden \u00d6nemlidir?<\/h2>\n\n\n\n<p>\u015ei\u015fe dikeyli\u011fi hem \u00fcretim verimlili\u011finde hem de son kullan\u0131m performans\u0131nda kritik bir rol oynar:<\/p>\n\n\n\n<ul class=\"wp-block-list\">\n<li><strong>Y\u00fcksek h\u0131zl\u0131 dolum hatlar\u0131<\/strong> s\u0131k\u0131\u015fmay\u0131 veya e\u015fit olmayan dolumu \u00f6nlemek i\u00e7in \u015fi\u015felerin dik durmas\u0131n\u0131 gerektirir.<\/li>\n\n\n\n<li><strong>Kapatma ve m\u00fch\u00fcrleme i\u015flemleri<\/strong> \u015fi\u015fe kaplamas\u0131 ile kapak aras\u0131ndaki do\u011fru hizalamaya dayan\u0131r.<\/li>\n\n\n\n<li><strong>Etiketleme ve denetim sistemleri<\/strong> tutarl\u0131 \u015fi\u015fe geometrisine ba\u011fl\u0131d\u0131r.<\/li>\n\n\n\n<li><strong>\u0130stifleme ve ta\u015f\u0131ma stabilitesi<\/strong> \u015fi\u015feler dikeylik tolerans\u0131n\u0131 kar\u015f\u0131lad\u0131\u011f\u0131nda iyile\u015fir.<\/li>\n<\/ul>\n\n\n\n<p>Bir \u015fi\u015fe diklik test cihaz\u0131, \u00fcreticilerin bu riskleri g\u00f6rsel yarg\u0131 yerine objektif \u00f6l\u00e7\u00fcm yoluyla kontrol etmelerini sa\u011flar.<\/p>\n\n\n\n<h2 class=\"wp-block-heading\">ISO 9008'e Dayal\u0131 \u00d6l\u00e7\u00fcm Prensibi<\/h2>\n\n\n\n<p>Bir \u015fi\u015fe diklik test cihaz\u0131, \u015fi\u015fe taban\u0131n\u0131 bir \u015fi\u015feye tutarak \u00e7al\u0131\u015f\u0131r. <strong>yatay referans d\u00fczlemi<\/strong> ve d\u00f6nme s\u0131ras\u0131nda y\u00fczeydeki sapmay\u0131 \u00f6l\u00e7er. Yuvarlak \u015fi\u015feler i\u00e7in, test cihaz\u0131 numuneyi bir V-blok veya kendinden merkezlemeli bir ayna kullanarak destekler. Yuvarlak olmayan \u015fi\u015feler \u00f6zel bir d\u00f6ner fikst\u00fcr \u00fczerinde merkezlenmi\u015f olarak kal\u0131r.<\/p>\n\n\n\n<p>\u015ei\u015fe dikeylik testi s\u0131ras\u0131nda \u015fi\u015fe 360\u00b0 d\u00f6ner. \u00d6l\u00e7\u00fcm probu a\u015fa\u011f\u0131dakileri kaydeder <strong>maksimum ve minimum radyal mesafeler<\/strong> sabit bir referans noktas\u0131na g\u00f6re fini\u015fin sapmas\u0131d\u0131r. Dikey sapma e\u015fittir <strong>fark\u0131n yar\u0131s\u0131<\/strong> bu iki de\u011fer aras\u0131nda. Bu yakla\u015f\u0131m, tek noktadan okuma yerine ISO 9008'de tan\u0131mland\u0131\u011f\u0131 gibi ger\u00e7ek dikey eksen sapmas\u0131n\u0131 yans\u0131t\u0131r.<\/p>\n\n\n\n<h2 class=\"wp-block-heading\">\u015ei\u015fe Diklik Test Cihaz\u0131 Kullanman\u0131n Temel Avantajlar\u0131<\/h2>\n\n\n\n<p>Profesyonel olarak tasarlanm\u0131\u015f bir \u015fi\u015fe diklik test cihaz\u0131 bir\u00e7ok pratik fayda sa\u011flar:<\/p>\n\n\n\n<ul class=\"wp-block-list\">\n<li><strong>Y\u00fcksek tekrarlanabilirlik<\/strong> istikrarl\u0131 ve kontroll\u00fc rotasyon yoluyla<\/li>\n\n\n\n<li><strong>Nesnel ve nicel sonu\u00e7lar<\/strong>, operat\u00f6r \u00f6nyarg\u0131s\u0131n\u0131 azaltmak<\/li>\n\n\n\n<li><strong>ISO 9008 ile uyumluluk<\/strong>, denetimleri ve uyumlulu\u011fu desteklemek<\/li>\n\n\n\n<li><strong>\u015eekillendirme veya kal\u0131plama sorunlar\u0131n\u0131n erken tespiti<\/strong><\/li>\n\n\n\n<li><strong>Geli\u015ftirilmi\u015f m\u00fc\u015fteri g\u00fcveni<\/strong> ambalaj kalitesinde<\/li>\n<\/ul>\n\n\n\n<p>Cell Instruments, ISO metodolojisini bir \u00fcr\u00fcne d\u00f6n\u00fc\u015ft\u00fcrmeye odaklan\u0131r. <strong>verimli, kullan\u0131c\u0131 dostu test s\u00fcreci<\/strong>, Hem laboratuvar hem de \u00fcretim ortamlar\u0131 i\u00e7in uygundur.<\/p>\n\n\n\n<h2 class=\"wp-block-heading\">\u015ei\u015fe Diklik Test Cihaz\u0131n\u0131n Farkl\u0131 Sekt\u00f6rlerdeki Uygulamalar\u0131<\/h2>\n\n\n\n<p>\u015ei\u015fe diklik test sistemleri \u00e7ok \u00e7e\u015fitli sekt\u00f6rlere hizmet vermektedir:<\/p>\n\n\n\n<ul class=\"wp-block-list\">\n<li>\u0130\u00e7ecek ve \u015fi\u015felenmi\u015f su \u00fcreticileri<\/li>\n\n\n\n<li>Farmas\u00f6tik ambalaj \u00fcreticileri<\/li>\n\n\n\n<li>Kozmetik ve g\u00fcnl\u00fck kimyasal \u015fi\u015fe tedarik\u00e7ileri<\/li>\n\n\n\n<li>Cam ve plastik kap \u00fcreticileri<\/li>\n\n\n\n<li>Kalite denetim kurulu\u015flar\u0131 ve test laboratuvarlar\u0131<\/li>\n<\/ul>\n\n\n\n<p>Her durumda, <strong>\u015fi\u015fe dikeylik testi<\/strong> sonu\u00e7lar s\u00fcre\u00e7 optimizasyonuna ve kabul kararlar\u0131na rehberlik eder.<\/p>\n\n\n\n<p><\/p>","protected":false},"featured_media":289,"parent":0,"template":"","meta":{"_acf_changed":false},"product-category":[16,11],"class_list":["post-53","product","type-product","status-publish","has-post-thumbnail","hentry","product-category-iso-9008","product-category-perpendicularity-test"],"acf":[],"_links":{"self":[{"href":"https:\/\/www.bottletest.com\/tr\/wp-json\/wp\/v2\/product\/53","targetHints":{"allow":["GET"]}}],"collection":[{"href":"https:\/\/www.bottletest.com\/tr\/wp-json\/wp\/v2\/product"}],"about":[{"href":"https:\/\/www.bottletest.com\/tr\/wp-json\/wp\/v2\/types\/product"}],"wp:featuredmedia":[{"embeddable":true,"href":"https:\/\/www.bottletest.com\/tr\/wp-json\/wp\/v2\/media\/289"}],"wp:attachment":[{"href":"https:\/\/www.bottletest.com\/tr\/wp-json\/wp\/v2\/media?parent=53"}],"wp:term":[{"taxonomy":"product-category","embeddable":true,"href":"https:\/\/www.bottletest.com\/tr\/wp-json\/wp\/v2\/product-category?post=53"}],"curies":[{"name":"wp","href":"https:\/\/api.w.org\/{rel}","templated":true}]}}