{"id":418,"date":"2026-02-05T08:23:26","date_gmt":"2026-02-05T08:23:26","guid":{"rendered":"https:\/\/www.bottletest.com\/?post_type=product&#038;p=418"},"modified":"2026-02-05T08:26:32","modified_gmt":"2026-02-05T08:26:32","slug":"automatic-torque-tester","status":"publish","type":"product","link":"https:\/\/www.bottletest.com\/tr\/product\/automatic-torque-tester\/","title":{"rendered":"MCT-01 Otomatik Tork Test Cihaz\u0131"},"content":{"rendered":"<p><strong>Otomatik tork test cihaz\u0131<\/strong> \u015fi\u015feler ve kaplar \u00fczerindeki di\u015fli kapaklar\u0131n uygulama torkunu ve a\u00e7ma torkunu \u00f6l\u00e7mek i\u00e7in kullan\u0131lan kritik bir kalite kontrol arac\u0131d\u0131r. G\u0131da, ila\u00e7, medikal ve g\u00fcnl\u00fck kimyasallar gibi ambalaj end\u00fcstrilerinde, tork tutarl\u0131l\u0131\u011f\u0131 a\u015fa\u011f\u0131dakileri do\u011frudan etkiler <strong>m\u00fch\u00fcr b\u00fct\u00fcnl\u00fc\u011f\u00fc, t\u00fcketici kullan\u0131labilirli\u011fi ve mevzuata uygunluk<\/strong>. Yetersiz tork s\u0131z\u0131nt\u0131ya veya bariyer performans\u0131n\u0131n kayb\u0131na neden olabilirken, a\u015f\u0131r\u0131 tork kapak deformasyonuna veya k\u00f6t\u00fc kullan\u0131c\u0131 deneyimine yol a\u00e7abilir.<\/p>\n\n\n\n<h2 class=\"wp-block-heading\">\u015ei\u015fe Kapaklar\u0131 ve A\u00e7\u0131lma Torku ve ASTM D7860 i\u00e7in Tork Test Cihaz\u0131<\/h2>\n\n\n\n<p><strong>\u015ei\u015fe kapaklar\u0131 i\u00e7in tork test cihaz\u0131<\/strong> iki temel parametreyi de\u011ferlendirir: uygulama torku ve <strong>a\u00e7ma torku<\/strong>, genellikle \u00e7\u0131karma torku olarak adland\u0131r\u0131l\u0131r. Bu de\u011ferler, bir kapa\u011f\u0131n ne kadar g\u00fcvenli bir \u015fekilde uyguland\u0131\u011f\u0131n\u0131 ve kullan\u0131c\u0131n\u0131n paketi a\u00e7mak i\u00e7in ne kadar kuvvet uygulamas\u0131 gerekti\u011fini belirler. ASTM D7860, otomatik tork test ekipman\u0131 kullanarak s\u00fcrekli di\u015fli kapaklar\u0131n tork tutmas\u0131n\u0131 \u00f6l\u00e7mek i\u00e7in standartla\u015ft\u0131r\u0131lm\u0131\u015f bir \u00e7er\u00e7eve sa\u011flar ve bu da onu d\u00fcnya \u00e7ap\u0131ndaki laboratuvarlar i\u00e7in bir k\u00f6\u015fe ta\u015f\u0131 referans\u0131 haline getirir.<\/p>\n\n\n\n<p>ASTM D7860 a\u015fa\u011f\u0131daki gibi \u00f6nemli kavramlar\u0131 tan\u0131mlar <strong>kuru tork<\/strong>, <strong>derhal \u00e7\u0131karma torku<\/strong>, ve <strong>tork tutma<\/strong>, Sonu\u00e7lar\u0131n farkl\u0131 malzemeler, kapak tasar\u0131mlar\u0131 ve saklama ko\u015fullar\u0131 aras\u0131nda kar\u015f\u0131la\u015ft\u0131r\u0131labilir kalmas\u0131n\u0131 sa\u011flar. Otomatik tork test cihaz\u0131, bu standard\u0131 takip ederek paket geli\u015ftirme, m\u00fchendislik do\u011frulama ve rutin kalite kontrol\u00fcn\u00fc destekleyen sonu\u00e7lar sunabilir.<\/p>\n\n\n\n<h2 class=\"wp-block-heading\">Otomatik Tork Test Cihaz\u0131 Nas\u0131l \u00c7al\u0131\u015f\u0131r?<\/h2>\n\n\n\n<p>Otomatik tork test cihaz\u0131 bir <strong>motorlu rotasyonel sistem<\/strong> hassas bir tork transd\u00fcseri ile birlikte. \u015ei\u015fe ve kapak, eksantrik y\u00fcklemeyi \u00f6nlemek i\u00e7in e\u015f merkezli olarak sabitlenir ve tekrarlanabilir ve do\u011fru \u00f6l\u00e7\u00fcmler sa\u011flar.<\/p>\n\n\n\n<p>Test s\u0131ras\u0131nda cihaz, sabit bir h\u0131zda veya tork rampas\u0131nda kontroll\u00fc bir d\u00f6nme hareketi uygular. Tork sinyali s\u00fcrekli olarak yakalan\u0131r ve <strong>tepe a\u00e7ma torku<\/strong> otomatik olarak kaydedilir. Bu yakla\u015f\u0131m, operat\u00f6r etkisini en aza indirirken ger\u00e7ek d\u00fcnyadaki a\u00e7\u0131l\u0131\u015f ko\u015fullar\u0131n\u0131 yak\u0131ndan yans\u0131t\u0131r.<\/p>\n\n\n\n<p>Manuel cihazlarla kar\u015f\u0131la\u015ft\u0131r\u0131ld\u0131\u011f\u0131nda, otomatik bir tork test cihaz\u0131 \u015funlar\u0131 sunar <strong>daha y\u00fcksek tekrarlanabilirlik, daha az insan hatas\u0131 ve ASTM D7860 gereklilikleriyle daha iyi uyum<\/strong>, \u00f6zellikle zaman i\u00e7inde veya \u00e7evresel ko\u015fulland\u0131rmadan sonra tork tutma test edilirken.<\/p>\n\n\n\n<h2 class=\"wp-block-heading\">Otomatik Tork Testinde ASTM D7860'\u0131n \u00d6nemi<\/h2>\n\n\n\n<p>ASTM D7860 a\u015fa\u011f\u0131dakilerin kullan\u0131m\u0131n\u0131 vurgular <strong>otomati\u0307k transd\u00fcser bazli tork \u00f6l\u00e7erler<\/strong> bilinen d\u00f6nme h\u0131zlar\u0131nda \u00e7al\u0131\u015f\u0131r. Bu gereklilik, tork davran\u0131\u015f\u0131 h\u0131z ve test ko\u015fullar\u0131na g\u00f6re de\u011fi\u015fti\u011fi i\u00e7in mevcuttur. Otomatik sistemler, her numunenin ayn\u0131 test parametrelerini deneyimlemesini sa\u011flar ve bu da veri g\u00fcvenilirli\u011fini \u00f6nemli \u00f6l\u00e7\u00fcde art\u0131r\u0131r.<\/p>\n\n\n\n<p>Standart her ikisini de destekler <strong>statik de\u011ferlendirme<\/strong> ve <strong>di\u0307nami\u0307k de\u011ferlendi\u0307rme<\/strong>, \u00dcreticilerin depolama veya sim\u00fcle edilmi\u015f da\u011f\u0131t\u0131mdan sonra tork tutma \u00f6zelli\u011fini de\u011ferlendirmelerine olanak tan\u0131r. \u00c7ocuklara dayan\u0131kl\u0131 ve \u00e7ocuklara dayan\u0131kl\u0131 olmayan kapaklar i\u00e7in ASTM D7860, a\u00e7ma torkunun \u00fcr\u00fcn ya\u015fam d\u00f6ng\u00fcs\u00fc boyunca g\u00fcvenli ve i\u015flevsel bir aral\u0131kta kald\u0131\u011f\u0131n\u0131 do\u011frulamaya yard\u0131mc\u0131 olur.<\/p>\n\n\n\n<p>ASTM D7860 ile uyumlu bir otomatik tork test cihaz\u0131, denetim haz\u0131rl\u0131\u011f\u0131n\u0131 g\u00fc\u00e7lendirir ve m\u00fc\u015fterinin ambalaj kalite sistemlerine olan g\u00fcvenini art\u0131r\u0131r.<\/p>","protected":false},"featured_media":419,"parent":0,"template":"","meta":{"_acf_changed":false},"product-category":[25,24],"class_list":["post-418","product","type-product","status-publish","has-post-thumbnail","hentry","product-category-astm-d7860","product-category-torque-tester"],"acf":[],"_links":{"self":[{"href":"https:\/\/www.bottletest.com\/tr\/wp-json\/wp\/v2\/product\/418","targetHints":{"allow":["GET"]}}],"collection":[{"href":"https:\/\/www.bottletest.com\/tr\/wp-json\/wp\/v2\/product"}],"about":[{"href":"https:\/\/www.bottletest.com\/tr\/wp-json\/wp\/v2\/types\/product"}],"wp:featuredmedia":[{"embeddable":true,"href":"https:\/\/www.bottletest.com\/tr\/wp-json\/wp\/v2\/media\/419"}],"wp:attachment":[{"href":"https:\/\/www.bottletest.com\/tr\/wp-json\/wp\/v2\/media?parent=418"}],"wp:term":[{"taxonomy":"product-category","embeddable":true,"href":"https:\/\/www.bottletest.com\/tr\/wp-json\/wp\/v2\/product-category?post=418"}],"curies":[{"name":"wp","href":"https:\/\/api.w.org\/{rel}","templated":true}]}}