{"id":292,"date":"2026-02-04T07:35:39","date_gmt":"2026-02-04T07:35:39","guid":{"rendered":"https:\/\/www.bottletest.com\/?post_type=product&#038;p=292"},"modified":"2026-02-05T08:13:37","modified_gmt":"2026-02-05T08:13:37","slug":"top-load-tester","status":"publish","type":"product","link":"https:\/\/www.bottletest.com\/tr\/product\/top-load-tester\/","title":{"rendered":"TLT-01 \u00dcstten Y\u00fck Test Cihaz\u0131"},"content":{"rendered":"<h2 class=\"wp-block-heading\">\u015ei\u015fe i\u00e7in Dikey Y\u00fck Testi: Ama\u00e7 ve Pratik Anlam\u0131<\/h2>\n\n\n\n<p>Bu <strong>\u015fi\u015fe i\u00e7in dikey y\u00fck testi<\/strong> bir konteynerin merkezi ekseni boyunca bir s\u0131k\u0131\u015ft\u0131rma kuvveti uyguland\u0131\u011f\u0131nda nas\u0131l davrand\u0131\u011f\u0131na odaklan\u0131r. Bu y\u00fckleme ko\u015fulu, palet istifleme, depo depolama ve nakliye s\u0131ras\u0131nda \u00fcst bas\u0131n\u00e7 gibi ger\u00e7ek d\u00fcnyadaki stresleri sim\u00fcle eder.<\/p>\n\n\n\n<p>Bir \u00fcst y\u00fck test cihaz\u0131ndan elde edilen temel performans g\u00f6stergeleri \u015funlar\u0131 i\u00e7erir:<\/p>\n\n\n\n<ul class=\"wp-block-list\">\n<li><strong>Maksimum dikey y\u00fck kapasitesi<\/strong> deformasyon veya ar\u0131zadan \u00f6nce<\/li>\n\n\n\n<li><strong>Akma y\u00fck\u00fc<\/strong>, yap\u0131sal sertli\u011fin azalmaya ba\u015flad\u0131\u011f\u0131 yer<\/li>\n\n\n\n<li><strong>Deformasyon davran\u0131\u015f\u0131<\/strong> kontroll\u00fc s\u0131k\u0131\u015ft\u0131rma alt\u0131nda<\/li>\n\n\n\n<li><strong>Ar\u0131za modu<\/strong>, burkulma veya k\u0131r\u0131lgan k\u0131r\u0131lma gibi<\/li>\n<\/ul>\n\n\n\n<p>Cam kaplar i\u00e7in test, ani k\u0131r\u0131lmaya kar\u015f\u0131 direnci vurgular. Plastik \u015fi\u015feler i\u00e7in test, s\u00fcneklik, sertlik ve tasar\u0131m sa\u011flaml\u0131\u011f\u0131n\u0131 ortaya \u00e7\u0131kar\u0131r.<\/p>\n\n\n\n<h2 class=\"wp-block-heading\">ASTM D2659'a G\u00f6re \u015ei\u015feler i\u00e7in \u00dcst Y\u00fck Testi<\/h2>\n\n\n\n<p>Bu <strong>\u015fi\u015feler i\u00e7in \u00fcst y\u00fck testi<\/strong> termoplastiklerden yap\u0131lm\u0131\u015f olup, a\u015fa\u011f\u0131da tan\u0131mlanan ilkeleri takip eder <strong>ASTM D2659<\/strong>, \u015fi\u015firilmi\u015f plastik kaplar\u0131n kolon ezilme \u00f6zelliklerini ele almaktad\u0131r.<\/p>\n\n\n\n<p>ASTM D2659 a\u015fa\u011f\u0131dakiler alt\u0131nda test yap\u0131lmas\u0131n\u0131 belirtir <strong>sabit bas\u0131n\u00e7 sapma oran\u0131<\/strong>, Sonu\u00e7lar\u0131n laboratuvarlar aras\u0131nda kar\u015f\u0131la\u015ft\u0131r\u0131labilir olmas\u0131n\u0131 sa\u011flar. Y\u00f6ntem \u015funlara odaklan\u0131r:<\/p>\n\n\n\n<ul class=\"wp-block-list\">\n<li>K\u0131rma akma y\u00fck\u00fc<\/li>\n\n\n\n<li>Akma s\u0131ras\u0131nda sapma<\/li>\n\n\n\n<li>Ar\u0131zada ezilme y\u00fck\u00fc<\/li>\n\n\n\n<li>G\u00f6r\u00fcn\u00fcr ezilme sertli\u011fi<\/li>\n<\/ul>\n\n\n\n<p>Uyumlu bir \u00fcst y\u00fck test cihaz\u0131 a\u015fa\u011f\u0131dakileri sa\u011flamal\u0131d\u0131r <strong>istikrarl\u0131 ve kontrol edilebilir test h\u0131z\u0131<\/strong>, tipik olarak 12,5 mm\/dak ile 50 mm\/dak aras\u0131ndad\u0131r. Uygun numune hizalamas\u0131 ve havaland\u0131rma, test do\u011frulu\u011fu ve g\u00fcvenli\u011fi a\u00e7\u0131s\u0131ndan belirleyici bir rol oynar.<\/p>\n\n\n\n<p>ASTM D2659'u takip ederek, ambalaj m\u00fchendisleri a\u015fa\u011f\u0131dakiler i\u00e7in \u00fcst y\u00fck verilerini kullanabilir <strong>kalite kontrol, kabul testleri ve Ar-Ge kar\u015f\u0131la\u015ft\u0131rmalar\u0131<\/strong>, \u00f6zellikle tasar\u0131m de\u011fi\u015fikliklerini veya malzeme ikamelerini de\u011ferlendirirken.<\/p>\n\n\n\n<h2 class=\"wp-block-heading\">ISO 8113'e Dayal\u0131 \u015ei\u015fe Dikey Y\u00fck Testi<\/h2>\n\n\n\n<p>Cam ambalajlar i\u00e7in, <strong>ISO 8113<\/strong> dikey y\u00fcke kar\u015f\u0131 direnci \u00f6l\u00e7mek i\u00e7in standartla\u015ft\u0131r\u0131lm\u0131\u015f y\u00f6ntemi tan\u0131mlar. Bu uluslararas\u0131 standart i\u00e7ecek, g\u0131da ve eczac\u0131l\u0131k \u00fcr\u00fcnlerinde kullan\u0131lan \u015fi\u015felerin de\u011ferlendirilmesinde tutarl\u0131l\u0131k sa\u011flar.<\/p>\n\n\n\n<p>ISO 8113 vurgulamaktad\u0131r:<\/p>\n\n\n\n<ul class=\"wp-block-list\">\n<li>\u00d6rnek ve ortam aras\u0131ndaki s\u0131cakl\u0131k dengesi<\/li>\n\n\n\n<li>Konteynerin do\u011fru eksenel hizalanmas\u0131<\/li>\n\n\n\n<li>Ger\u00e7ek s\u0131zd\u0131rmazl\u0131k ko\u015fullar\u0131n\u0131 sim\u00fcle etmek i\u00e7in koruyucu pedlerin veya kapaklar\u0131n kullan\u0131lmas\u0131<\/li>\n\n\n\n<li>Belirli bir y\u00fcke veya k\u0131r\u0131lmaya kadar kontroll\u00fc kuvvet uygulamas\u0131<\/li>\n<\/ul>\n\n\n\n<p>ISO 8113 i\u00e7in tasarlanm\u0131\u015f profesyonel bir \u00fcst y\u00fck test cihaz\u0131 her ikisini de destekler <strong>testleri ge\u00e7mek<\/strong> (\u00f6nceden tan\u0131mlanm\u0131\u015f bir de\u011fere y\u00fckleme) ve <strong>a\u015famal\u0131 testler<\/strong> (ar\u0131zaya kadar y\u00fckleme). Bu sonu\u00e7lar, \u00fcreticilerin cam kaplar\u0131n dahili spesifikasyonlar\u0131 ve m\u00fc\u015fteri gereksinimlerini kar\u015f\u0131lad\u0131\u011f\u0131n\u0131 do\u011frulamas\u0131na yard\u0131mc\u0131 olur.<\/p>\n\n\n\n<h2 class=\"wp-block-heading\">\u00dcstten Y\u00fcklemeli Test Cihaz\u0131 Nas\u0131l \u00c7al\u0131\u015f\u0131r?<\/h2>\n\n\n\n<p>Bir \u00fcst y\u00fck test cihaz\u0131 bir <strong>kontroll\u00fc dikey s\u0131k\u0131\u015ft\u0131rma kuvveti<\/strong> kuvvet ve yer de\u011fi\u015ftirmeyi s\u00fcrekli olarak \u00f6l\u00e7erken hassas plakalar arac\u0131l\u0131\u011f\u0131yla. Sistem ger\u00e7ek zamanl\u0131 y\u00fck-deplasman e\u011frilerini kaydederek kullan\u0131c\u0131lar\u0131n test boyunca yap\u0131sal tepkiyi g\u00f6zlemlemesine olanak tan\u0131r.<\/p>\n\n\n\n<p>Cell Instruments'\u0131n modern sistemleri entegre olur:<\/p>\n\n\n\n<ul class=\"wp-block-list\">\n<li>Y\u00fcksek hassasiyetli y\u00fck h\u00fccreleri<\/li>\n\n\n\n<li>Hassas yer de\u011fi\u015ftirme \u00f6l\u00e7\u00fcm\u00fc<\/li>\n\n\n\n<li>Sezgisel HMI ile PLC tabanl\u0131 kontrol<\/li>\n\n\n\n<li>\u0130zlenebilirlik i\u00e7in dijital veri \u00e7\u0131k\u0131\u015f\u0131<\/li>\n<\/ul>\n\n\n\n<p>Bu yap\u0131land\u0131rma, \u015fi\u015feler i\u00e7in yap\u0131lan her \u00fcst y\u00fck testinin <strong>tekrarlanabilir, izlenebilir ve uyumlu<\/strong> ASTM ve ISO standartlar\u0131 ile uyumludur.<\/p>\n\n\n\n<h2 class=\"wp-block-heading\">En \u0130yi Y\u00fck Testi Neden G\u00fcven ve G\u00fcven Olu\u015fturur?<\/h2>\n\n\n\n<p>G\u00fcvenilir dikey y\u00fck verileri, ambalaj ya\u015fam d\u00f6ng\u00fcs\u00fc boyunca daha iyi kararlar al\u0131nmas\u0131n\u0131 destekler. Onaylanm\u0131\u015f bir \u00fcst y\u00fck test cihaz\u0131 yard\u0131mc\u0131 olur:<\/p>\n\n\n\n<ul class=\"wp-block-list\">\n<li>Lojistik s\u0131ras\u0131nda konteynerin \u00e7\u00f6kmesini \u00f6nleyin<\/li>\n\n\n\n<li>G\u00fcvenlikten \u00f6d\u00fcn vermeden malzeme kullan\u0131m\u0131n\u0131 azalt\u0131n<\/li>\n\n\n\n<li>Denetimler ve m\u00fc\u015fteri de\u011ferlendirmeleri s\u0131ras\u0131nda uyumlulu\u011fun g\u00f6sterilmesi<\/li>\n\n\n\n<li>\u00dcretim partileri aras\u0131nda tutarl\u0131l\u0131\u011f\u0131 art\u0131r\u0131n<\/li>\n<\/ul>\n\n\n\n<p>Test uygulamalar\u0131n\u0131 a\u015fa\u011f\u0131dakilerle uyumlu hale getirerek <a href=\"https:\/\/store.astm.org\/d2659-16r23.html?_gl=1*a5mpmp*_gcl_aw*R0NMLjE3Njg3ODk3MzcuQ2owS0NRaUFwckxMQmhDTUFSSXNBRURoZFBmZnpaMHVBMGMtdjB4RWdqR0hGSWVCaVZjeTJBM3RfRHV0ajduOVh3QlJuQUVlbGdZOU00TWFBcWlSRUFMd193Y0I.*_gcl_au*MTkwOTY2MzAwNC4xNzY1Nzc5ODUz\" target=\"_blank\" rel=\"noreferrer noopener nofollow\">ASTM D2659<\/a> ve <a href=\"https:\/\/www.iso.org\/standard\/35617.html\" target=\"_blank\" rel=\"noreferrer noopener nofollow\">ISO 8113<\/a>, \u00fcreticiler her ikisini de g\u00fc\u00e7lendirir <strong>teknik g\u00fcvenilirlik ve m\u00fc\u015fteri g\u00fcveni<\/strong>.<\/p>","protected":false},"featured_media":303,"parent":0,"template":"","meta":{"_acf_changed":false},"product-category":[26,27,14],"class_list":["post-292","product","type-product","status-publish","has-post-thumbnail","hentry","product-category-astm-d2659","product-category-iso-8113","product-category-top-load-test"],"acf":[],"_links":{"self":[{"href":"https:\/\/www.bottletest.com\/tr\/wp-json\/wp\/v2\/product\/292","targetHints":{"allow":["GET"]}}],"collection":[{"href":"https:\/\/www.bottletest.com\/tr\/wp-json\/wp\/v2\/product"}],"about":[{"href":"https:\/\/www.bottletest.com\/tr\/wp-json\/wp\/v2\/types\/product"}],"wp:featuredmedia":[{"embeddable":true,"href":"https:\/\/www.bottletest.com\/tr\/wp-json\/wp\/v2\/media\/303"}],"wp:attachment":[{"href":"https:\/\/www.bottletest.com\/tr\/wp-json\/wp\/v2\/media?parent=292"}],"wp:term":[{"taxonomy":"product-category","embeddable":true,"href":"https:\/\/www.bottletest.com\/tr\/wp-json\/wp\/v2\/product-category?post=292"}],"curies":[{"name":"wp","href":"https:\/\/api.w.org\/{rel}","templated":true}]}}