{"id":411,"date":"2026-02-05T06:24:39","date_gmt":"2026-02-05T06:24:39","guid":{"rendered":"https:\/\/www.bottletest.com\/?post_type=product&#038;p=411"},"modified":"2026-02-05T06:30:41","modified_gmt":"2026-02-05T06:30:41","slug":"carbonation-tester","status":"publish","type":"product","link":"https:\/\/www.bottletest.com\/sv\/product\/carbonation-tester\/","title":{"rendered":"CLRT-01 Provare f\u00f6r karbonatisering"},"content":{"rendered":"<p><strong>Karbonatiseringstestare<\/strong> \u00e4r ett kritiskt analysinstrument som anv\u00e4nds f\u00f6r att m\u00e4ta kolsyreniv\u00e5n, koldioxidretentionen och gasvolymen hos kolsyrade drycker i f\u00f6rseglade beh\u00e5llare. F\u00f6r dryckestillverkare, f\u00f6rpackningsleverant\u00f6rer och kvalitetsinspektionsorgan har korrekt kolsyrakontroll en direkt inverkan p\u00e5 <strong>smak, munk\u00e4nsla, h\u00e5llbarhet och varum\u00e4rkeskonsistens<\/strong>.<\/p>\n\n\n\n<p>Cell Instruments Co., Ltd. designar och tillverkar avancerade karbonatiseringstestare f\u00f6r att st\u00f6dja exakt, repeterbar och standardkompatibel karbonatiseringsutv\u00e4rdering av PET-flaskor, glasflaskor, burkar och anpassade f\u00f6rpackningsformat. Genom att kombinera automatisering, avk\u00e4nning med h\u00f6g noggrannhet och standardiserad testlogik hj\u00e4lper v\u00e5ra system anv\u00e4ndarna att minska antalet m\u00e4nskliga fel samtidigt som de f\u00f6rb\u00e4ttrar datatillf\u00f6rlitligheten och kundf\u00f6rtroendet.<\/p>\n\n\n\n<h2 class=\"wp-block-heading\">Gasvolymtest enligt ASTM F1115<\/h2>\n\n\n\n<p>Den <strong>gasvolymtest<\/strong> definierad i <strong>ASTM F1115<\/strong> ger ett standardiserat tillv\u00e4gag\u00e5ngss\u00e4tt f\u00f6r att best\u00e4mma koldioxidf\u00f6rlust och kolsyreh\u00e5llning i dryckesbeh\u00e5llare. Denna testmetod utv\u00e4rderar hur v\u00e4l en f\u00f6rpackning bibeh\u00e5ller sin ursprungliga kolsyreniv\u00e5 \u00f6ver tid under kontrollerade f\u00f6rh\u00e5llanden.<\/p>\n\n\n\n<p>ASTM F1115 beskriver tv\u00e5 kompletterande f\u00f6rfaranden:<\/p>\n\n\n\n<ul class=\"wp-block-list\">\n<li><strong>F\u00f6rfarande A<\/strong> fokuserar p\u00e5 f\u00f6rpackningsutveckling och h\u00e5llbarhetsforskning. Metoden bygger p\u00e5 k\u00e4nslig tryck- och temperaturm\u00e4tning i ett slutet system och kr\u00e4ver analytisk expertis p\u00e5 laboratorieniv\u00e5. Detta tillv\u00e4gag\u00e5ngss\u00e4tt hj\u00e4lper ingenj\u00f6rer att utv\u00e4rdera strukturella prestanda, f\u00f6rslutningsintegritet och l\u00e5ngsiktiga koldioxidretentionsegenskaper hos nya beh\u00e5llardesigner.<\/li>\n\n\n\n<li><strong>F\u00f6rfarande B<\/strong> fungerar som en praktisk kvalitetskontrollmetod f\u00f6r fyllning av drycker. Den \u00e4r enkel att anv\u00e4nda samtidigt som den ger tillf\u00f6rlitlig noggrannhet. Automatiserade eller manuella karbonatiseringstestare m\u00e4ter inre tryck och temperatur efter kontrollerad omr\u00f6rning och ber\u00e4knar sedan karbonatiseringsniv\u00e5erna med hj\u00e4lp av etablerade karbonatiseringstabeller. P\u00e5 grund av sin effektivitet och repeterbarhet anv\u00e4nds procedur B i stor utstr\u00e4ckning i produktionsmilj\u00f6er.<\/li>\n<\/ul>\n\n\n\n<p>Med en modern karbonatiseringstestare som \u00e4r utformad enligt ASTM F1115 kan anv\u00e4ndarna ber\u00e4kna karbonatiseringsf\u00f6rlust, karbonatiserings\u00f6verf\u00f6ringshastighet och f\u00f6rv\u00e4ntad h\u00e5llbarhet genom att sp\u00e5ra CO\u2082-retention \u00f6ver tid. Dessa resultat ger direkt st\u00f6d f\u00f6r f\u00f6rpackningsoptimering och processtyrning.<\/p>\n\n\n\n<h2 class=\"wp-block-heading\">Hur karbonatiseringstestet fungerar<\/h2>\n\n\n\n<p>En karbonatiseringstestare m\u00e4ter karbonatisering genom att skapa j\u00e4mvikt mellan l\u00f6st CO\u2082, inre tryck och temperatur i en f\u00f6rseglad beh\u00e5llare. Det typiska arbetsfl\u00f6det inkluderar:<\/p>\n\n\n\n<ul class=\"wp-block-list\">\n<li><strong>Automatisk h\u00e5ltagning av lock<\/strong> f\u00f6r att komma \u00e5t internt tryck utan okontrollerad gasf\u00f6rlust<\/li>\n\n\n\n<li><strong>Tryckstabilisering<\/strong> f\u00f6r att eliminera transienta effekter<\/li>\n\n\n\n<li><strong>Kontrollerad agitation<\/strong> f\u00f6r att s\u00e4kerst\u00e4lla en j\u00e4mn CO\u2082-f\u00f6rdelning<\/li>\n\n\n\n<li><strong>Samtidig m\u00e4tning av tryck och temperatur<\/strong><\/li>\n\n\n\n<li><strong>Omedelbar ber\u00e4kning av gasvolym<\/strong> anv\u00e4nda inb\u00e4ddade karbonatiseringstabeller<\/li>\n<\/ul>\n\n\n\n<p>Denna process s\u00e4kerst\u00e4ller att varje test \u00e5terspeglar dryckens verkliga kolsyretillst\u00e5nd, snarare \u00e4n operat\u00f6rsteknik eller milj\u00f6variationer.<\/p>\n\n\n\n<h2 class=\"wp-block-heading\">Automatiserad karbonatiseringstestning med CLRT-01<\/h2>\n\n\n\n<p>Den <strong>CLRT-01 Provare f\u00f6r karbonatisering<\/strong> fr\u00e5n Cell Instruments f\u00f6rb\u00e4ttrar <a href=\"https:\/\/store.astm.org\/f1115-16r23.html?_gl=1*1e32tpu*_gcl_aw*R0NMLjE3Njg3ODk3MzcuQ2owS0NRaUFwckxMQmhDTUFSSXNBRURoZFBmZnpaMHVBMGMtdjB4RWdqR0hGSWVCaVZjeTJBM3RfRHV0ajduOVh3QlJuQUVlbGdZOU00TWFBcWlSRUFMd193Y0I.*_gcl_au*MTkwOTY2MzAwNC4xNzY1Nzc5ODUz\" target=\"_blank\" rel=\"noreferrer noopener nofollow\">ASTM F1115<\/a>-baserad provning genom ett helautomatiskt, fels\u00e4kert arbetsfl\u00f6de. Systemet integrerar mekanisk styrning, digital avk\u00e4nning och intelligent ber\u00e4kning i en kompakt plattform.<\/p>\n\n\n\n<p><strong>Viktiga f\u00f6rdelar med automatisering \u00e4r bland annat<\/strong><\/p>\n\n\n\n<ul class=\"wp-block-list\">\n<li><strong>Precisionsstyrd kapsylpiercing<\/strong> med stabil penetrationshastighet<\/li>\n\n\n\n<li><strong>Servodriven omr\u00f6rning<\/strong> f\u00f6r konsekvent CO\u2082-j\u00e4mvikt<\/li>\n\n\n\n<li><strong>Registrering av tryck och temperatur i realtid<\/strong> med hj\u00e4lp av h\u00f6guppl\u00f6sta sensorer<\/li>\n\n\n\n<li><strong>Omedelbar visning av CO\u2082-volym<\/strong>, eliminerar manuell uppslagning och ber\u00e4kning<\/li>\n<\/ul>\n\n\n\n<p>Denna design minskar testtiden avsev\u00e4rt samtidigt som repeterbarheten f\u00f6rb\u00e4ttras, vilket g\u00f6r karbonatiseringstestaren l\u00e4mplig f\u00f6r b\u00e5de laboratorieanalys och kvalitetskontroll vid produktionslinjen.<\/p>\n\n\n\n<h2 class=\"wp-block-heading\">Varf\u00f6r exakt karbonatiseringstestning \u00e4r viktigt<\/h2>\n\n\n\n<p>Kolsyraf\u00f6rlust har en direkt inverkan p\u00e5 dryckens kvalitet. \u00c4ven en liten avvikelse fr\u00e5n den \u00f6nskade CO\u2082-niv\u00e5n kan f\u00f6r\u00e4ndra smakupplevelsen och minska konsumenternas acceptans. Tillf\u00f6rlitlig kolsyretestning g\u00f6r det m\u00f6jligt f\u00f6r tillverkare att:<\/p>\n\n\n\n<ul class=\"wp-block-list\">\n<li>Bibeh\u00e5ller en konsekvent produktsmak och munk\u00e4nsla<\/li>\n\n\n\n<li>Kontrollera f\u00f6rslutning och f\u00f6rpackningsintegritet<\/li>\n\n\n\n<li>F\u00f6ruts\u00e4g h\u00e5llbarhet baserat p\u00e5 trender f\u00f6r kvarh\u00e5llande av kolsyra<\/li>\n\n\n\n<li>Uppfylla interna kvalitetsstandarder och externa myndighetskrav<\/li>\n<\/ul>\n\n\n\n<p>Genom att implementera en karbonatiseringstestare med h\u00f6g precision f\u00e5r kvalitetskontrollteamen anv\u00e4ndbara data som st\u00f6der b\u00e5de dagliga produktionsbeslut och l\u00e5ngsiktig f\u00f6rpackningsutveckling.<\/p>","protected":false},"featured_media":410,"parent":0,"template":"","meta":{"_acf_changed":false},"product-category":[23,22],"class_list":["post-411","product","type-product","status-publish","has-post-thumbnail","hentry","product-category-astm-f1115","product-category-carbonation-test"],"acf":[],"_links":{"self":[{"href":"https:\/\/www.bottletest.com\/sv\/wp-json\/wp\/v2\/product\/411","targetHints":{"allow":["GET"]}}],"collection":[{"href":"https:\/\/www.bottletest.com\/sv\/wp-json\/wp\/v2\/product"}],"about":[{"href":"https:\/\/www.bottletest.com\/sv\/wp-json\/wp\/v2\/types\/product"}],"wp:featuredmedia":[{"embeddable":true,"href":"https:\/\/www.bottletest.com\/sv\/wp-json\/wp\/v2\/media\/410"}],"wp:attachment":[{"href":"https:\/\/www.bottletest.com\/sv\/wp-json\/wp\/v2\/media?parent=411"}],"wp:term":[{"taxonomy":"product-category","embeddable":true,"href":"https:\/\/www.bottletest.com\/sv\/wp-json\/wp\/v2\/product-category?post=411"}],"curies":[{"name":"wp","href":"https:\/\/api.w.org\/{rel}","templated":true}]}}