{"id":292,"date":"2026-02-04T07:35:39","date_gmt":"2026-02-04T07:35:39","guid":{"rendered":"https:\/\/www.bottletest.com\/?post_type=product&#038;p=292"},"modified":"2026-02-05T08:13:37","modified_gmt":"2026-02-05T08:13:37","slug":"top-load-tester","status":"publish","type":"product","link":"https:\/\/www.bottletest.com\/sv\/product\/top-load-tester\/","title":{"rendered":"TLT-01 Provare f\u00f6r toppbelastning"},"content":{"rendered":"<h2 class=\"wp-block-heading\">Vertikalt belastningstest f\u00f6r flaskor: Syfte och praktisk inneb\u00f6rd<\/h2>\n\n\n\n<p>Den <strong>vertikalt belastningstest f\u00f6r flaska<\/strong> fokuserar p\u00e5 hur en container beter sig n\u00e4r en tryckande kraft appliceras l\u00e4ngs dess centrala axel. Detta lastf\u00f6rh\u00e5llande simulerar verkliga p\u00e5frestningar som pallstapling, lagerf\u00f6rvaring och topptryck under transport.<\/p>\n\n\n\n<p>Viktiga prestandaindikatorer som erh\u00e5lls fr\u00e5n en toppbelastningstestare inkluderar:<\/p>\n\n\n\n<ul class=\"wp-block-list\">\n<li><strong>Maximal vertikal lastkapacitet<\/strong> f\u00f6re deformation eller brott<\/li>\n\n\n\n<li><strong>Str\u00e4ckgr\u00e4ns<\/strong>, d\u00e4r strukturens styvhet b\u00f6rjar minska<\/li>\n\n\n\n<li><strong>Deformationsbeteende<\/strong> under kontrollerad kompression<\/li>\n\n\n\n<li><strong>Felfunktion<\/strong>, t.ex. buckling eller spr\u00f6dbrott<\/li>\n<\/ul>\n\n\n\n<p>F\u00f6r glasbeh\u00e5llare betonar testet motst\u00e5ndskraften mot pl\u00f6tslig brytning. F\u00f6r plastflaskor avsl\u00f6jar testet duktilitet, styvhet och designens robusthet.<\/p>\n\n\n\n<h2 class=\"wp-block-heading\">Toppbelastningstest f\u00f6r flaskor enligt ASTM D2659<\/h2>\n\n\n\n<p>Den <strong>toppbelastningstest f\u00f6r flaskor<\/strong> tillverkade av termoplaster f\u00f6ljer de principer som definieras i <strong>ASTM D2659<\/strong>, som behandlar kolonnkrossegenskaper hos bl\u00e5sta plastbeh\u00e5llare.<\/p>\n\n\n\n<p>ASTM D2659 specificerar provning under en <strong>konstant tryckande nedb\u00f6jningshastighet<\/strong>, och s\u00e4kerst\u00e4ller att resultaten f\u00f6rblir j\u00e4mf\u00f6rbara mellan olika laboratorier. Metoden fokuserar p\u00e5:<\/p>\n\n\n\n<ul class=\"wp-block-list\">\n<li>Krossande belastning<\/li>\n\n\n\n<li>Nedb\u00f6jning vid eftergivlighet<\/li>\n\n\n\n<li>Krossbelastning vid brott<\/li>\n\n\n\n<li>Skenbar styvhet vid krossning<\/li>\n<\/ul>\n\n\n\n<p>En topplastprovare som uppfyller kraven m\u00e5ste uppr\u00e4tth\u00e5lla en <strong>stabil och kontrollerbar testhastighet<\/strong>, vanligtvis mellan 12,5 mm\/min och 50 mm\/min. Korrekt provkroppsuppriktning och avluftning spelar en avg\u00f6rande roll f\u00f6r provningens noggrannhet och s\u00e4kerhet.<\/p>\n\n\n\n<p>Genom att f\u00f6lja ASTM D2659 kan f\u00f6rpackningsingenj\u00f6rer anv\u00e4nda toppbelastningsdata f\u00f6r <strong>kvalitetskontroll, acceptanstestning och FoU-j\u00e4mf\u00f6relser<\/strong>, s\u00e4rskilt vid utv\u00e4rdering av konstruktions\u00e4ndringar eller materialutbyten.<\/p>\n\n\n\n<h2 class=\"wp-block-heading\">Provning av flaskors vertikala belastning enligt ISO 8113<\/h2>\n\n\n\n<p>F\u00f6r glasf\u00f6rpackningar, <strong>ISO 8113<\/strong> definierar den standardiserade metoden f\u00f6r att m\u00e4ta motst\u00e5nd mot vertikal belastning. Denna internationella standard s\u00e4kerst\u00e4ller konsekvens vid utv\u00e4rdering av flaskor som anv\u00e4nds i drycker, livsmedel och l\u00e4kemedel.<\/p>\n\n\n\n<p>ISO 8113 betonar:<\/p>\n\n\n\n<ul class=\"wp-block-list\">\n<li>Temperaturj\u00e4mvikt mellan prov och omgivning<\/li>\n\n\n\n<li>Exakt axiell uppriktning av beh\u00e5llaren<\/li>\n\n\n\n<li>Anv\u00e4ndning av skyddskuddar eller f\u00f6rslutningar f\u00f6r att simulera verkliga t\u00e4tningsf\u00f6rh\u00e5llanden<\/li>\n\n\n\n<li>Kontrollerad kraftapplicering till en specificerad belastning eller brott<\/li>\n<\/ul>\n\n\n\n<p>En professionell topplastprovare utformad f\u00f6r ISO 8113 st\u00f6der b\u00e5de <strong>klara tester<\/strong> (laddning till ett f\u00f6rdefinierat v\u00e4rde) och <strong>progressiva tester<\/strong> (belastning till brott). Dessa resultat hj\u00e4lper tillverkare att bekr\u00e4fta att glasbeh\u00e5llare uppfyller interna specifikationer och kundkrav.<\/p>\n\n\n\n<h2 class=\"wp-block-heading\">Hur fungerar topplastprovaren?<\/h2>\n\n\n\n<p>En topplastprovare applicerar en <strong>kontrollerad vertikal tryckkraft<\/strong> genom precisionsplattor samtidigt som kraft och f\u00f6rskjutning m\u00e4ts kontinuerligt. Systemet registrerar last-f\u00f6rskjutningskurvor i realtid, vilket g\u00f6r att anv\u00e4ndarna kan observera strukturens respons under hela testet.<\/p>\n\n\n\n<p>Moderna system fr\u00e5n Cell Instruments integreras:<\/p>\n\n\n\n<ul class=\"wp-block-list\">\n<li>Lastceller med h\u00f6g noggrannhet<\/li>\n\n\n\n<li>Precisionsm\u00e4tning av f\u00f6rskjutning<\/li>\n\n\n\n<li>PLC-baserad styrning med intuitiv HMI<\/li>\n\n\n\n<li>Digital datautg\u00e5ng f\u00f6r sp\u00e5rbarhet<\/li>\n<\/ul>\n\n\n\n<p>Denna konfiguration s\u00e4kerst\u00e4ller att varje toppbelastningstest f\u00f6r flaskor f\u00f6rblir <strong>repeterbara, sp\u00e5rbara och kompatibla<\/strong> med ASTM- och ISO-standarder.<\/p>\n\n\n\n<h2 class=\"wp-block-heading\">Varf\u00f6r toppbelastningstestning skapar f\u00f6rtroende och tillit<\/h2>\n\n\n\n<p>Tillf\u00f6rlitliga data om vertikal belastning ger st\u00f6d f\u00f6r b\u00e4ttre beslut under hela f\u00f6rpackningens livscykel. En validerad toppbelastningstestare hj\u00e4lper till:<\/p>\n\n\n\n<ul class=\"wp-block-list\">\n<li>F\u00f6rhindra att containrar kollapsar under logistiken<\/li>\n\n\n\n<li>Minska materialanv\u00e4ndningen utan att kompromissa med s\u00e4kerheten<\/li>\n\n\n\n<li>P\u00e5visa efterlevnad vid revisioner och kundutv\u00e4rderingar<\/li>\n\n\n\n<li>F\u00f6rb\u00e4ttra enhetligheten mellan olika produktionsbatcher<\/li>\n<\/ul>\n\n\n\n<p>Genom att anpassa testmetoderna till <a href=\"https:\/\/store.astm.org\/d2659-16r23.html?_gl=1*a5mpmp*_gcl_aw*R0NMLjE3Njg3ODk3MzcuQ2owS0NRaUFwckxMQmhDTUFSSXNBRURoZFBmZnpaMHVBMGMtdjB4RWdqR0hGSWVCaVZjeTJBM3RfRHV0ajduOVh3QlJuQUVlbGdZOU00TWFBcWlSRUFMd193Y0I.*_gcl_au*MTkwOTY2MzAwNC4xNzY1Nzc5ODUz\" target=\"_blank\" rel=\"noreferrer noopener nofollow\">ASTM D2659<\/a> och <a href=\"https:\/\/www.iso.org\/standard\/35617.html\" target=\"_blank\" rel=\"noreferrer noopener nofollow\">ISO 8113<\/a>, tillverkare st\u00e4rker b\u00e5de <strong>teknisk trov\u00e4rdighet och kundf\u00f6rtroende<\/strong>.<\/p>","protected":false},"featured_media":303,"parent":0,"template":"","meta":{"_acf_changed":false},"product-category":[26,27,14],"class_list":["post-292","product","type-product","status-publish","has-post-thumbnail","hentry","product-category-astm-d2659","product-category-iso-8113","product-category-top-load-test"],"acf":[],"_links":{"self":[{"href":"https:\/\/www.bottletest.com\/sv\/wp-json\/wp\/v2\/product\/292","targetHints":{"allow":["GET"]}}],"collection":[{"href":"https:\/\/www.bottletest.com\/sv\/wp-json\/wp\/v2\/product"}],"about":[{"href":"https:\/\/www.bottletest.com\/sv\/wp-json\/wp\/v2\/types\/product"}],"wp:featuredmedia":[{"embeddable":true,"href":"https:\/\/www.bottletest.com\/sv\/wp-json\/wp\/v2\/media\/303"}],"wp:attachment":[{"href":"https:\/\/www.bottletest.com\/sv\/wp-json\/wp\/v2\/media?parent=292"}],"wp:term":[{"taxonomy":"product-category","embeddable":true,"href":"https:\/\/www.bottletest.com\/sv\/wp-json\/wp\/v2\/product-category?post=292"}],"curies":[{"name":"wp","href":"https:\/\/api.w.org\/{rel}","templated":true}]}}