{"id":626,"date":"2026-03-12T07:57:42","date_gmt":"2026-03-12T07:57:42","guid":{"rendered":"https:\/\/www.bottletest.com\/?page_id=626"},"modified":"2026-03-12T08:15:17","modified_gmt":"2026-03-12T08:15:17","slug":"astm-d2659","status":"publish","type":"page","link":"https:\/\/www.bottletest.com\/sv\/astm-d2659\/","title":{"rendered":"ASTM D2659"},"content":{"rendered":"<div data-elementor-type=\"wp-page\" data-elementor-id=\"626\" class=\"elementor elementor-626\" data-elementor-post-type=\"page\">\n\t\t\t\t<div class=\"elementor-element elementor-element-1bd5b45 e-flex e-con-boxed e-con e-parent\" data-id=\"1bd5b45\" data-element_type=\"container\">\n\t\t\t\t\t<div class=\"e-con-inner\">\n\t\t\t\t<div class=\"elementor-element elementor-element-5255668 elementor-widget elementor-widget-heading\" data-id=\"5255668\" data-element_type=\"widget\" data-widget_type=\"heading.default\">\n\t\t\t\t\t<h1 class=\"elementor-heading-title elementor-size-default\">ASTM D2659: F\u00f6rst\u00e5else av vertikal belastningstestning f\u00f6r termoplastiska beh\u00e5llare<\/h1>\t\t\t\t<\/div>\n\t\t\t\t\t<\/div>\n\t\t\t\t<\/div>\n\t\t<div class=\"elementor-element elementor-element-d4b247a e-flex e-con-boxed e-con e-parent\" data-id=\"d4b247a\" data-element_type=\"container\">\n\t\t\t\t\t<div class=\"e-con-inner\">\n\t\t\t\t<div class=\"elementor-element elementor-element-e3bda8f elementor-widget elementor-widget-text-editor\" data-id=\"e3bda8f\" data-element_type=\"widget\" data-widget_type=\"text-editor.default\">\n\t\t\t\t\t\t\t\t\t<p data-start=\"468\" data-end=\"896\">Den <strong data-start=\"472\" data-end=\"486\">ASTM D2659<\/strong> standard beskriver en kritisk testmetod f\u00f6r att utv\u00e4rdera <strong data-start=\"547\" data-end=\"575\">vertikalt belastningsmotst\u00e5nd<\/strong> av bl\u00e5sta termoplastbeh\u00e5llare, t.ex. <strong data-start=\"619\" data-end=\"634\">PET-flaskor<\/strong> och andra termoformade eller gjutna beh\u00e5llare. Detta test, som \u00e4r utformat f\u00f6r att best\u00e4mma en beh\u00e5llares f\u00f6rm\u00e5ga att motst\u00e5 krossningskrafter, \u00e4r avg\u00f6rande f\u00f6r f\u00f6rpackningstillverkare f\u00f6r att s\u00e4kerst\u00e4lla att deras produkter bibeh\u00e5ller integriteten under lagring, transport och hantering.<\/p><p data-start=\"898\" data-end=\"1281\">F\u00f6rst\u00e5else f\u00f6r <strong data-start=\"916\" data-end=\"958\">flaskans vertikala belastningsmotst\u00e5nd<\/strong> och <strong data-start=\"967\" data-end=\"994\">Egenskaper f\u00f6r kolonnkross<\/strong> \u00e4r avg\u00f6rande f\u00f6r industrier som arbetar med f\u00f6rpackningar, l\u00e4kemedel och livsmedel, d\u00e4r beh\u00e5llarnas integritet \u00e4r avg\u00f6rande. Genom metoder som <strong data-start=\"1144\" data-end=\"1161\">test av toppbelastning<\/strong>, kan tillverkare bed\u00f6ma beh\u00e5llarnas h\u00e5llfasthet under tryck och s\u00e4kerst\u00e4lla att de \u00e4r tillf\u00f6rlitliga under olika f\u00f6rh\u00e5llanden.<\/p>\t\t\t\t\t\t\t\t<\/div>\n\t\t\t\t\t<\/div>\n\t\t\t\t<\/div>\n\t\t<div class=\"elementor-element elementor-element-6497f03 e-flex e-con-boxed e-con e-parent\" data-id=\"6497f03\" data-element_type=\"container\">\n\t\t\t\t\t<div class=\"e-con-inner\">\n\t\t\t\t<div class=\"elementor-element elementor-element-725906f elementor-widget elementor-widget-image\" data-id=\"725906f\" data-element_type=\"widget\" data-widget_type=\"image.default\">\n\t\t\t\t\t\t\t\t\t\t\t\t\t\t\t\t<a href=\"https:\/\/www.bottletest.com\/sv\/product\/top-load-tester\/\" target=\"_blank\">\n\t\t\t\t\t\t\t<img fetchpriority=\"high\" decoding=\"async\" width=\"600\" height=\"600\" src=\"https:\/\/www.bottletest.com\/wp-content\/uploads\/2026\/03\/ASTM-D2659-Testing-the-Vertical-Load-Resistance-of-Thermoplastic-Containers.webp\" class=\"attachment-large size-large wp-image-634\" alt=\"ASTM D2659 Testning av termoplastiska beh\u00e5llares vertikala belastningsmotst\u00e5nd\" srcset=\"https:\/\/www.bottletest.com\/wp-content\/uploads\/2026\/03\/ASTM-D2659-Testing-the-Vertical-Load-Resistance-of-Thermoplastic-Containers.webp 600w, https:\/\/www.bottletest.com\/wp-content\/uploads\/2026\/03\/ASTM-D2659-Testing-the-Vertical-Load-Resistance-of-Thermoplastic-Containers-300x300.webp 300w, https:\/\/www.bottletest.com\/wp-content\/uploads\/2026\/03\/ASTM-D2659-Testing-the-Vertical-Load-Resistance-of-Thermoplastic-Containers-150x150.webp 150w, https:\/\/www.bottletest.com\/wp-content\/uploads\/2026\/03\/ASTM-D2659-Testing-the-Vertical-Load-Resistance-of-Thermoplastic-Containers-12x12.webp 12w\" sizes=\"(max-width: 600px) 100vw, 600px\" \/>\t\t\t\t\t\t\t\t<\/a>\n\t\t\t\t\t\t\t\t\t\t\t\t\t\t\t<\/div>\n\t\t\t\t<div class=\"elementor-element elementor-element-2aa15e6 elementor-widget elementor-widget-heading\" data-id=\"2aa15e6\" data-element_type=\"widget\" data-widget_type=\"heading.default\">\n\t\t\t\t\t<h2 class=\"elementor-heading-title elementor-size-default\">ASTM D2659: Standard testmetod f\u00f6r kolonnkrossningsegenskaper<\/h2>\t\t\t\t<\/div>\n\t\t\t\t<div class=\"elementor-element elementor-element-c5c9fd6 elementor-widget elementor-widget-text-editor\" data-id=\"c5c9fd6\" data-element_type=\"widget\" data-widget_type=\"text-editor.default\">\n\t\t\t\t\t\t\t\t\t<p data-start=\"1354\" data-end=\"1647\"><strong data-start=\"1354\" data-end=\"1368\">ASTM D2659<\/strong> \u00e4r den erk\u00e4nda standarden f\u00f6r testning av <strong data-start=\"1412\" data-end=\"1432\">motst\u00e5ndskraft mot krossning<\/strong> av <strong data-start=\"1436\" data-end=\"1464\">Beh\u00e5llare av termoplast<\/strong>, s\u00e5som <strong data-start=\"1474\" data-end=\"1489\">PET-flaskor<\/strong>. Testet utv\u00e4rderar hur dessa beh\u00e5llare fungerar under <strong data-start=\"1545\" data-end=\"1567\">trycksp\u00e4nning<\/strong>, som simulerar de f\u00f6rh\u00e5llanden som de kommer att m\u00f6ta under distribution och lagring.<\/p><p data-start=\"1649\" data-end=\"1690\">Testet m\u00e4ter flera viktiga egenskaper:<\/p><ul data-start=\"1692\" data-end=\"2077\"><li data-section-id=\"13m8eiu\" data-start=\"1692\" data-end=\"1780\"><p data-start=\"1694\" data-end=\"1780\"><strong data-start=\"1694\" data-end=\"1717\">Krossande belastning<\/strong>: Den belastning vid vilken beh\u00e5llaren b\u00f6rjar deformeras permanent.<\/p><\/li><li data-section-id=\"aoys9f\" data-start=\"1781\" data-end=\"1878\"><p data-start=\"1783\" data-end=\"1878\"><strong data-start=\"1783\" data-end=\"1811\">Krossbelastning vid brott<\/strong>: Den punkt d\u00e4r beh\u00e5llaren helt fallerar under tryck.<\/p><\/li><li data-section-id=\"ww1kkx\" data-start=\"1879\" data-end=\"1975\"><p data-start=\"1881\" data-end=\"1975\"><strong data-start=\"1881\" data-end=\"1918\">Nedb\u00f6jning vid brottgr\u00e4nsbelastning<\/strong>: Den m\u00e4ngd som beh\u00e5llaren deformeras innan fel uppst\u00e5r.<\/p><\/li><li data-section-id=\"ceeeh6\" data-start=\"1976\" data-end=\"2077\"><p data-start=\"1978\" data-end=\"2077\"><strong data-start=\"1978\" data-end=\"2009\">Skenbar styvhet vid krossning<\/strong>: F\u00f6rh\u00e5llandet mellan belastning och nedb\u00f6jning i kurvans linj\u00e4ra omr\u00e5de.<\/p><\/li><\/ul><p data-start=\"2079\" data-end=\"2217\">Dessa egenskaper hj\u00e4lper tillverkarna att f\u00f6rst\u00e5 beh\u00e5llarnas strukturella prestanda och optimera konstruktionen f\u00f6r att f\u00f6rhindra skador under anv\u00e4ndning.<\/p>\t\t\t\t\t\t\t\t<\/div>\n\t\t\t\t\t<\/div>\n\t\t\t\t<\/div>\n\t\t<div class=\"elementor-element elementor-element-f839054 e-flex e-con-boxed e-con e-parent\" data-id=\"f839054\" data-element_type=\"container\">\n\t\t\t\t\t<div class=\"e-con-inner\">\n\t\t\t\t<div class=\"elementor-element elementor-element-1087f3e elementor-widget elementor-widget-heading\" data-id=\"1087f3e\" data-element_type=\"widget\" data-widget_type=\"heading.default\">\n\t\t\t\t\t<h2 class=\"elementor-heading-title elementor-size-default\">Betydelsen av vertikalt belastningsmotst\u00e5nd i f\u00f6rpackningar<\/h2>\t\t\t\t<\/div>\n\t\t\t\t\t<\/div>\n\t\t\t\t<\/div>\n\t\t<div class=\"elementor-element elementor-element-7097159 e-flex e-con-boxed e-con e-parent\" data-id=\"7097159\" data-element_type=\"container\">\n\t\t\t\t\t<div class=\"e-con-inner\">\n\t\t\t\t<div class=\"elementor-element elementor-element-3373ea7 elementor-widget elementor-widget-text-editor\" data-id=\"3373ea7\" data-element_type=\"widget\" data-widget_type=\"text-editor.default\">\n\t\t\t\t\t\t\t\t\t<p data-start=\"2285\" data-end=\"2627\">I branscher som t.ex. <strong data-start=\"2307\" data-end=\"2325\">livsmedelsf\u00f6rpackningar<\/strong>, <strong data-start=\"2327\" data-end=\"2346\">L\u00e4kemedel<\/strong>, och <strong data-start=\"2352\" data-end=\"2365\">Drycker<\/strong>, m\u00e5ste beh\u00e5llarna vara tillr\u00e4ckligt starka f\u00f6r att klara de p\u00e5frestningar som de uts\u00e4tts f\u00f6r under distribution och hantering. De <strong data-start=\"2480\" data-end=\"2522\">flaskans vertikala belastningsmotst\u00e5nd<\/strong> \u00e4r en kritisk faktor f\u00f6r att avg\u00f6ra dess f\u00f6rm\u00e5ga att h\u00e5lla f\u00f6r vikt utan att kollapsa eller spricka.<\/p><p data-start=\"2629\" data-end=\"2985\">A <strong data-start=\"2631\" data-end=\"2664\">toppbelastningstest f\u00f6r PET-flaskor<\/strong> m\u00e4ter motst\u00e5ndet mot tryckkrafter som appliceras ovanifr\u00e5n. Detta simulerar verkliga f\u00f6rh\u00e5llanden, t.ex. stapling av flaskor i fraktcontainrar eller hyllor. Beh\u00e5llare med otillr\u00e4ckligt vertikalt belastningsmotst\u00e5nd kan leda till betydande produktskador, vilket leder till f\u00f6rluster f\u00f6r tillverkare och distribut\u00f6rer.<\/p><p data-start=\"2987\" data-end=\"3159\">Genom att ans\u00f6ka <strong data-start=\"2999\" data-end=\"3013\">ASTM D2659<\/strong>, kan tillverkarna utv\u00e4rdera och s\u00e4kerst\u00e4lla h\u00e5llbarheten hos sina beh\u00e5llare, vilket bidrar till att undvika kostsamma produktfel och missn\u00f6jda kunder.<\/p>\t\t\t\t\t\t\t\t<\/div>\n\t\t\t\t\t<\/div>\n\t\t\t\t<\/div>\n\t\t<div class=\"elementor-element elementor-element-48c5c59 e-flex e-con-boxed e-con e-parent\" data-id=\"48c5c59\" data-element_type=\"container\">\n\t\t\t\t\t<div class=\"e-con-inner\">\n\t\t\t\t<div class=\"elementor-element elementor-element-71d2d01 elementor-widget elementor-widget-heading\" data-id=\"71d2d01\" data-element_type=\"widget\" data-widget_type=\"heading.default\">\n\t\t\t\t\t<h2 class=\"elementor-heading-title elementor-size-default\">Test av toppbelastning: Nyckeln till f\u00f6rpackningsintegritet<\/h2>\t\t\t\t<\/div>\n\t\t\t\t\t<\/div>\n\t\t\t\t<\/div>\n\t\t<div class=\"elementor-element elementor-element-313b61f e-flex e-con-boxed e-con e-parent\" data-id=\"313b61f\" data-element_type=\"container\">\n\t\t\t\t\t<div class=\"e-con-inner\">\n\t\t\t\t<div class=\"elementor-element elementor-element-8242141 elementor-widget elementor-widget-text-editor\" data-id=\"8242141\" data-element_type=\"widget\" data-widget_type=\"text-editor.default\">\n\t\t\t\t\t\t\t\t\t<p data-start=\"3213\" data-end=\"3485\">Den <strong data-start=\"3217\" data-end=\"3234\">test av toppbelastning<\/strong> \u00e4r s\u00e4rskilt utformad f\u00f6r att m\u00e4ta <strong data-start=\"3275\" data-end=\"3299\">tryckh\u00e5llfasthet<\/strong> av f\u00f6rpackningsbeh\u00e5llare. Den simulerar den kraft som uppst\u00e5r n\u00e4r ett f\u00f6rem\u00e5l placeras ovanp\u00e5 ett annat, vilket \u00e4r avg\u00f6rande f\u00f6r f\u00f6rpackningsmaterial som ska staplas under transport.<\/p><p data-start=\"3487\" data-end=\"3727\">I detta test placeras beh\u00e5llaren mellan tv\u00e5 plattor och ett \u00f6kande tryck appliceras tills beh\u00e5llaren b\u00f6rjar deformeras. Den punkt d\u00e4r beh\u00e5llaren deformeras registreras, vilket ger v\u00e4rdefull information om dess <strong data-start=\"3703\" data-end=\"3726\">motst\u00e5nd mot toppbelastning<\/strong>.<\/p><p data-start=\"3729\" data-end=\"4054\">Detta test anv\u00e4nds vanligen f\u00f6r att utv\u00e4rdera <strong data-start=\"3771\" data-end=\"3786\">PET-flaskor<\/strong>, <strong data-start=\"3788\" data-end=\"3816\">Beh\u00e5llare av termoplast<\/strong>, och andra f\u00f6rpackningsmaterial som m\u00e5ste t\u00e5la stapling och staplingstryck. Resultaten hj\u00e4lper tillverkarna att v\u00e4lja r\u00e4tt material och konstruktionsspecifikationer f\u00f6r att s\u00e4kerst\u00e4lla att beh\u00e5llaren kan hantera de f\u00f6rv\u00e4ntade belastningarna utan att g\u00e5 s\u00f6nder.<\/p>\t\t\t\t\t\t\t\t<\/div>\n\t\t\t\t\t<\/div>\n\t\t\t\t<\/div>\n\t\t<div class=\"elementor-element elementor-element-cab85ca e-flex e-con-boxed e-con e-parent\" data-id=\"cab85ca\" data-element_type=\"container\">\n\t\t\t\t\t<div class=\"e-con-inner\">\n\t\t\t\t<div class=\"elementor-element elementor-element-a98a036 elementor-widget elementor-widget-heading\" data-id=\"a98a036\" data-element_type=\"widget\" data-widget_type=\"heading.default\">\n\t\t\t\t\t<h2 class=\"elementor-heading-title elementor-size-default\">Test av termoplastiska beh\u00e5llare: Garantera produkts\u00e4kerhet<\/h2>\t\t\t\t<\/div>\n\t\t\t\t\t<\/div>\n\t\t\t\t<\/div>\n\t\t<div class=\"elementor-element elementor-element-84bf7eb e-flex e-con-boxed e-con e-parent\" data-id=\"84bf7eb\" data-element_type=\"container\">\n\t\t\t\t\t<div class=\"e-con-inner\">\n\t\t\t\t<div class=\"elementor-element elementor-element-05941bd elementor-widget elementor-widget-text-editor\" data-id=\"05941bd\" data-element_type=\"widget\" data-widget_type=\"text-editor.default\">\n\t\t\t\t\t\t\t\t\t<p data-start=\"4121\" data-end=\"4471\"><strong data-start=\"4121\" data-end=\"4149\">Termoplastiska beh\u00e5llare<\/strong>, s\u00e5som de som \u00e4r tillverkade av <strong data-start=\"4175\" data-end=\"4182\">PET<\/strong>, <strong data-start=\"4184\" data-end=\"4191\">PVC<\/strong>, och <strong data-start=\"4197\" data-end=\"4205\">HDPE<\/strong>, anv\u00e4nds ofta i f\u00f6rpackningar p\u00e5 grund av sin h\u00e5llbarhet, flexibilitet och f\u00f6rm\u00e5ga att st\u00e5 emot en m\u00e4ngd olika yttre f\u00f6rh\u00e5llanden. <strong data-start=\"4333\" data-end=\"4347\">ASTM D2659<\/strong> g\u00e4ller s\u00e4rskilt f\u00f6r <strong data-start=\"4372\" data-end=\"4406\">bl\u00e5sta beh\u00e5llare av termoplast<\/strong>, som vanligen anv\u00e4nds i <strong data-start=\"4435\" data-end=\"4447\">dryck<\/strong> och <strong data-start=\"4452\" data-end=\"4470\">livsmedelsf\u00f6rpackningar<\/strong>.<\/p><p data-start=\"4473\" data-end=\"4823\">Den <strong data-start=\"4477\" data-end=\"4498\">test f\u00f6r kolonnkrossning<\/strong> i <strong data-start=\"4502\" data-end=\"4516\">ASTM D2659<\/strong> ger en inblick i hur dessa beh\u00e5llare beter sig under p\u00e5frestning, vilket avsl\u00f6jar deras f\u00f6rm\u00e5ga att motst\u00e5 krossning och deformation. Detta test kan vara s\u00e4rskilt kritiskt f\u00f6r <strong data-start=\"4682\" data-end=\"4700\">livsmedelsf\u00f6rpackningar<\/strong>, d\u00e4r det \u00e4r viktigt att bibeh\u00e5lla beh\u00e5llarens strukturella integritet f\u00f6r att f\u00f6rhindra kontaminering och bevara f\u00e4rskheten.<\/p><p data-start=\"4825\" data-end=\"5045\">Med hj\u00e4lp av resultaten fr\u00e5n <strong data-start=\"4848\" data-end=\"4866\">test av toppbelastning<\/strong> och <strong data-start=\"4871\" data-end=\"4893\">provning av pelarkross<\/strong>, kan f\u00f6rpackningstillverkare optimera utformningen av sina beh\u00e5llare och se till att de uppfyller myndighetskraven och fungerar v\u00e4l genom hela leveranskedjan.<\/p>\t\t\t\t\t\t\t\t<\/div>\n\t\t\t\t\t<\/div>\n\t\t\t\t<\/div>\n\t\t<div class=\"elementor-element elementor-element-0d2d3f0 e-flex e-con-boxed e-con e-parent\" data-id=\"0d2d3f0\" data-element_type=\"container\">\n\t\t\t\t\t<div class=\"e-con-inner\">\n\t\t\t\t<div class=\"elementor-element elementor-element-acd1f7e elementor-widget elementor-widget-heading\" data-id=\"acd1f7e\" data-element_type=\"widget\" data-widget_type=\"heading.default\">\n\t\t\t\t\t<h2 class=\"elementor-heading-title elementor-size-default\">Rekommenderad utrustning f\u00f6r provning av toppbelastning<\/h2>\t\t\t\t<\/div>\n\t\t\t\t\t<\/div>\n\t\t\t\t<\/div>\n\t\t<div class=\"elementor-element elementor-element-f5fd0c8 e-flex e-con-boxed e-con e-parent\" data-id=\"f5fd0c8\" data-element_type=\"container\">\n\t\t\t\t\t<div class=\"e-con-inner\">\n\t\t\t\t<div class=\"elementor-element elementor-element-b52fd86 elementor-widget elementor-widget-text-editor\" data-id=\"b52fd86\" data-element_type=\"widget\" data-widget_type=\"text-editor.default\">\n\t\t\t\t\t\t\t\t\t<p data-start=\"5100\" data-end=\"5425\">Vid <strong data-start=\"5103\" data-end=\"5123\">Cellinstrument<\/strong>, specialiserar vi oss p\u00e5 att tillhandah\u00e5lla h\u00f6gkvalitativa <strong data-start=\"5165\" data-end=\"5185\">testare av toppbelastning<\/strong> f\u00f6r utv\u00e4rdering av f\u00f6rpackningsmaterials styrka och motst\u00e5ndskraft. V\u00e5r utrustning s\u00e4kerst\u00e4ller att beh\u00e5llare som <strong data-start=\"5296\" data-end=\"5311\">PET-flaskor<\/strong> och <strong data-start=\"5316\" data-end=\"5344\">Beh\u00e5llare av termoplast<\/strong> testas f\u00f6r sin f\u00f6rm\u00e5ga att motst\u00e5 vertikala belastningar och tryckkrafter.<\/p><p data-start=\"5427\" data-end=\"5766\">V\u00e5r <strong data-start=\"5431\" data-end=\"5466\">toppbelastningsprovare f\u00f6r PET-flaskor<\/strong> \u00e4r utformad f\u00f6r att uppfylla kraven i <strong data-start=\"5507\" data-end=\"5521\">ASTM D2659<\/strong>, och ger exakta och tillf\u00f6rlitliga data f\u00f6r kvalitetskontroll. Med exakta lastm\u00e4tningssystem och justerbara testhastigheter \u00e4r v\u00e5ra testare idealiska f\u00f6r att s\u00e4kerst\u00e4lla h\u00e5llbarheten och prestandan hos f\u00f6rpackningsbeh\u00e5llare i olika branscher.<\/p>\t\t\t\t\t\t\t\t<\/div>\n\t\t\t\t\t<\/div>\n\t\t\t\t<\/div>\n\t\t<div class=\"elementor-element elementor-element-5a5faf1 e-flex e-con-boxed e-con e-parent\" data-id=\"5a5faf1\" data-element_type=\"container\">\n\t\t\t\t\t<div class=\"e-con-inner\">\n\t\t\t\t<div class=\"elementor-element elementor-element-cec3bc2 elementor-widget elementor-widget-heading\" data-id=\"cec3bc2\" data-element_type=\"widget\" data-widget_type=\"heading.default\">\n\t\t\t\t\t<h2 class=\"elementor-heading-title elementor-size-default\">Slutsats<\/h2>\t\t\t\t<\/div>\n\t\t\t\t\t<\/div>\n\t\t\t\t<\/div>\n\t\t<div class=\"elementor-element elementor-element-7696945 e-flex e-con-boxed e-con e-parent\" data-id=\"7696945\" data-element_type=\"container\">\n\t\t\t\t\t<div class=\"e-con-inner\">\n\t\t\t\t<div class=\"elementor-element elementor-element-afa51ea elementor-widget elementor-widget-text-editor\" data-id=\"afa51ea\" data-element_type=\"widget\" data-widget_type=\"text-editor.default\">\n\t\t\t\t\t\t\t\t\t<div class=\"flex flex-col text-sm pb-25\"><article class=\"text-token-text-primary w-full focus:outline-none [--shadow-height:45px] has-data-writing-block:pointer-events-none has-data-writing-block:-mt-(--shadow-height) has-data-writing-block:pt-(--shadow-height) [&amp;:has([data-writing-block])&gt;*]:pointer-events-auto scroll-mt-[calc(var(--header-height)+min(200px,max(70px,20svh)))]\" dir=\"auto\" tabindex=\"-1\" data-turn-id=\"request-69a27b95-77f4-8323-932c-dd7058d13153-4\" data-testid=\"conversation-turn-46\" data-scroll-anchor=\"true\" data-turn=\"assistant\"><div class=\"text-base my-auto mx-auto pb-10 [--thread-content-margin:var(--thread-content-margin-xs,calc(var(--spacing)*4))] @w-sm\/main:[--thread-content-margin:var(--thread-content-margin-sm,calc(var(--spacing)*6))] @w-lg\/main:[--thread-content-margin:var(--thread-content-margin-lg,calc(var(--spacing)*16))] px-(--thread-content-margin)\"><div class=\"[--thread-content-max-width:40rem] @w-lg\/main:[--thread-content-max-width:48rem] mx-auto max-w-(--thread-content-max-width) flex-1 group\/turn-messages focus-visible:outline-hidden relative flex w-full min-w-0 flex-col agent-turn\" tabindex=\"-1\"><div class=\"flex max-w-full flex-col gap-4 grow\"><div class=\"min-h-8 text-message relative flex w-full flex-col items-end gap-2 text-start break-words whitespace-normal [.text-message+&amp;]:mt-1\" dir=\"auto\" data-message-author-role=\"assistant\" data-message-id=\"2ba06ca7-ab07-4040-8ba6-54d8bb26fe04\" data-message-model-slug=\"gpt-5-3\"><div class=\"flex w-full flex-col gap-1 empty:hidden\"><div class=\"markdown prose dark:prose-invert w-full wrap-break-word light markdown-new-styling\"><p data-start=\"5789\" data-end=\"6193\"><strong data-start=\"5789\" data-end=\"5803\">ASTM D2659<\/strong> \u00e4r en viktig standard f\u00f6r att testa <strong data-start=\"5842\" data-end=\"5881\">flaskornas vertikala belastningsmotst\u00e5nd<\/strong> och <strong data-start=\"5886\" data-end=\"5914\">Beh\u00e5llare av termoplast<\/strong>, Vi ser till att f\u00f6rpackningsmaterialen klarar de p\u00e5frestningar som transport och hantering inneb\u00e4r utan att g\u00e5 s\u00f6nder. Genom <strong data-start=\"6026\" data-end=\"6044\">test av toppbelastning<\/strong>, kan tillverkare m\u00e4ta krossmotst\u00e5ndet hos beh\u00e5llare och s\u00e4kerst\u00e4lla produktintegriteten, vilket bidrar till att f\u00f6rhindra kostsamma skador under distributionen.<\/p><p data-start=\"6195\" data-end=\"6578\" data-is-last-node=\"\" data-is-only-node=\"\">Vid <strong data-start=\"6198\" data-end=\"6218\">Cellinstrument<\/strong>, erbjuder vi f\u00f6rstklassig <strong data-start=\"6241\" data-end=\"6262\">testutrustning<\/strong> f\u00f6r att hj\u00e4lpa f\u00f6retag att optimera sina f\u00f6rpackningsmaterial och se till att deras produkter uppfyller branschstandarder och fungerar tillf\u00f6rlitligt under verkliga f\u00f6rh\u00e5llanden. Med v\u00e5ra avancerade testl\u00f6sningar st\u00f6der vi branscher som str\u00e4cker sig fr\u00e5n livsmedel och drycker till l\u00e4kemedel, vilket f\u00f6rb\u00e4ttrar kvalitetskontrollen och \u00f6kar produkts\u00e4kerheten.<\/p><\/div><\/div><\/div><\/div><div class=\"z-0 flex min-h-[46px] justify-start\">\u00a0<\/div><div class=\"mt-3 w-full empty:hidden\"><div class=\"text-center\">\u00a0<\/div><\/div><\/div><\/div><\/article><\/div><div class=\"pointer-events-none h-px w-px absolute bottom-0\" aria-hidden=\"true\" data-edge=\"true\">\u00a0<\/div>\t\t\t\t\t\t\t\t<\/div>\n\t\t\t\t\t<\/div>\n\t\t\t\t<\/div>\n\t\t\t\t<\/div>","protected":false},"excerpt":{"rendered":"<p>ASTM D2659: Understanding Vertical Load Resistance Testing for Thermoplastic Containers The ASTM D2659 standard outlines a critical test method for evaluating the vertical load resistance of blown thermoplastic containers, such as PET bottles and other thermoformed or molded containers. This test, designed to determine a container&#8217;s ability to withstand crushing forces, is vital for packaging [&hellip;]<\/p>","protected":false},"author":2,"featured_media":0,"parent":0,"menu_order":0,"comment_status":"closed","ping_status":"closed","template":"","meta":{"_acf_changed":false,"footnotes":""},"class_list":["post-626","page","type-page","status-publish","hentry"],"acf":[],"_links":{"self":[{"href":"https:\/\/www.bottletest.com\/sv\/wp-json\/wp\/v2\/pages\/626","targetHints":{"allow":["GET"]}}],"collection":[{"href":"https:\/\/www.bottletest.com\/sv\/wp-json\/wp\/v2\/pages"}],"about":[{"href":"https:\/\/www.bottletest.com\/sv\/wp-json\/wp\/v2\/types\/page"}],"author":[{"embeddable":true,"href":"https:\/\/www.bottletest.com\/sv\/wp-json\/wp\/v2\/users\/2"}],"replies":[{"embeddable":true,"href":"https:\/\/www.bottletest.com\/sv\/wp-json\/wp\/v2\/comments?post=626"}],"version-history":[{"count":5,"href":"https:\/\/www.bottletest.com\/sv\/wp-json\/wp\/v2\/pages\/626\/revisions"}],"predecessor-version":[{"id":639,"href":"https:\/\/www.bottletest.com\/sv\/wp-json\/wp\/v2\/pages\/626\/revisions\/639"}],"wp:attachment":[{"href":"https:\/\/www.bottletest.com\/sv\/wp-json\/wp\/v2\/media?parent=626"}],"curies":[{"name":"wp","href":"https:\/\/api.w.org\/{rel}","templated":true}]}}