{"id":418,"date":"2026-02-05T08:23:26","date_gmt":"2026-02-05T08:23:26","guid":{"rendered":"https:\/\/www.bottletest.com\/?post_type=product&#038;p=418"},"modified":"2026-02-05T08:26:32","modified_gmt":"2026-02-05T08:26:32","slug":"automatic-torque-tester","status":"publish","type":"product","link":"https:\/\/www.bottletest.com\/sl\/product\/automatic-torque-tester\/","title":{"rendered":"MCT-01 Samodejni tester navora"},"content":{"rendered":"<p><strong>Samodejni preizku\u0161evalec navora<\/strong> je klju\u010dni instrument za nadzor kakovosti, ki se uporablja za merjenje navora pri uporabi in navora pri odpiranju navojnih zapor na steklenicah in posodah. V embala\u017eni industriji, kot so \u017eivilska, farmacevtska, medicinska in kemi\u010dna industrija, doslednost navora neposredno vpliva na <strong>celovitost pe\u010data, uporabnost za potro\u0161nike in skladnost s predpisi.<\/strong>. Neustrezen navor lahko povzro\u010di pu\u0161\u010danje ali izgubo zmogljivosti zapornice, prevelik navor pa lahko povzro\u010di deformacijo pokrov\u010dka ali slabo uporabni\u0161ko izku\u0161njo.<\/p>\n\n\n\n<h2 class=\"wp-block-heading\">Tester navora za pokrov\u010dke za steklenice in navor za odpiranje ter ASTM D7860<\/h2>\n\n\n\n<p><strong>Tester navora za pokrov\u010dke steklenic<\/strong> ocenjuje dva klju\u010dna parametra: navor uporabe in <strong>navor pri odpiranju<\/strong>, ki se pogosto ozna\u010duje kot navor za odstranjevanje. Te vrednosti dolo\u010dajo, kako zanesljivo je zaprtje name\u0161\u010deno in koliko sile mora uporabnik uporabiti, da odpre embala\u017eo. Standard ASTM D7860 zagotavlja standardiziran okvir za merjenje zadr\u017eevalnega momenta za zapirala z neprekinjenim navojem z uporabo avtomatizirane opreme za testiranje navora, zato je temeljna referenca za laboratorije po vsem svetu.<\/p>\n\n\n\n<p>ASTM D7860 opredeljuje pomembne pojme, kot so <strong>suhi navor<\/strong>, <strong>navor za takoj\u0161njo odstranitev<\/strong>, in <strong>zadr\u017eevanje navora<\/strong>, s \u010dimer se zagotovi, da so rezultati primerljivi med razli\u010dnimi materiali, oblikami zapiranja in pogoji shranjevanja. Z upo\u0161tevanjem tega standarda lahko samodejni tester navora zagotovi rezultate, ki podpirajo razvoj embala\u017ee, in\u017eenirsko validacijo in rutinsko preverjanje kakovosti.<\/p>\n\n\n\n<h2 class=\"wp-block-heading\">Kako deluje samodejni merilnik navora<\/h2>\n\n\n\n<p>Avtomatski preizku\u0161evalnik navora deluje s pomo\u010djo <strong>motoriziran rotacijski sistem<\/strong> v kombinaciji z natan\u010dnim pretvornikom navora. Steklenica in pokrov\u010dek sta pritrjena koncentri\u010dno, da se prepre\u010di ekscentri\u010dna obremenitev, kar zagotavlja ponovljive in natan\u010dne meritve.<\/p>\n\n\n\n<p>Med presku\u0161anjem instrument izvaja nadzorovano vrtilno gibanje s fiksno hitrostjo ali rampo navora. Signal navora se zajema neprekinjeno in <strong>najve\u010dji navor pri odpiranju<\/strong> se samodejno zabele\u017ei. Ta pristop natan\u010dno odra\u017ea dejanske pogoje odpiranja, hkrati pa zmanj\u0161uje vpliv upravljavca.<\/p>\n\n\n\n<p>V primerjavi z ro\u010dnimi napravami samodejni preizku\u0161evalnik navora ponuja <strong>ve\u010dja ponovljivost, manj \u010dlove\u0161kih napak in bolj\u0161a skladnost z zahtevami ASTM D7860<\/strong>, zlasti pri presku\u0161anju ohranjanja navora skozi \u010das ali po kondicioniranju v okolju.<\/p>\n\n\n\n<h2 class=\"wp-block-heading\">Pomen standarda ASTM D7860 pri avtomatiziranem testiranju navora<\/h2>\n\n\n\n<p>ASTM D7860 poudarja uporabo <strong>avtomatizirani merilniki navora na osnovi pretvornikov<\/strong> ki delujejo pri znanih hitrostih vrtenja. Ta zahteva obstaja, ker se obna\u0161anje navora spreminja s hitrostjo in preskusnimi pogoji. Avtomatizirani sistemi zagotavljajo, da ima vsak vzorec enake preskusne parametre, kar znatno izbolj\u0161a zanesljivost podatkov.<\/p>\n\n\n\n<p>Standard podpira tako <strong>stati\u010dno vrednotenje<\/strong> in . <strong>dinami\u010dno vrednotenje<\/strong>, s \u010dimer lahko proizvajalci ocenijo ohranjanje navora po skladi\u0161\u010denju ali simulirani distribuciji. Za zapirala, ki so varna za otroke in niso varna za otroke, standard ASTM D7860 pomaga preveriti, ali navor odpiranja ostane v varnem in funkcionalnem obmo\u010dju v celotnem \u017eivljenjskem ciklu izdelka.<\/p>\n\n\n\n<p>Z uskladitvijo s standardom ASTM D7860 samodejni tester navora pove\u010da pripravljenost na revizijo in pove\u010da zaupanje strank v sisteme kakovosti embala\u017ee.<\/p>","protected":false},"featured_media":419,"parent":0,"template":"","meta":{"_acf_changed":false},"product-category":[25,24],"class_list":["post-418","product","type-product","status-publish","has-post-thumbnail","hentry","product-category-astm-d7860","product-category-torque-tester"],"acf":[],"_links":{"self":[{"href":"https:\/\/www.bottletest.com\/sl\/wp-json\/wp\/v2\/product\/418","targetHints":{"allow":["GET"]}}],"collection":[{"href":"https:\/\/www.bottletest.com\/sl\/wp-json\/wp\/v2\/product"}],"about":[{"href":"https:\/\/www.bottletest.com\/sl\/wp-json\/wp\/v2\/types\/product"}],"wp:featuredmedia":[{"embeddable":true,"href":"https:\/\/www.bottletest.com\/sl\/wp-json\/wp\/v2\/media\/419"}],"wp:attachment":[{"href":"https:\/\/www.bottletest.com\/sl\/wp-json\/wp\/v2\/media?parent=418"}],"wp:term":[{"taxonomy":"product-category","embeddable":true,"href":"https:\/\/www.bottletest.com\/sl\/wp-json\/wp\/v2\/product-category?post=418"}],"curies":[{"name":"wp","href":"https:\/\/api.w.org\/{rel}","templated":true}]}}