{"id":411,"date":"2026-02-05T06:24:39","date_gmt":"2026-02-05T06:24:39","guid":{"rendered":"https:\/\/www.bottletest.com\/?post_type=product&#038;p=411"},"modified":"2026-02-05T06:30:41","modified_gmt":"2026-02-05T06:30:41","slug":"carbonation-tester","status":"publish","type":"product","link":"https:\/\/www.bottletest.com\/sl\/product\/carbonation-tester\/","title":{"rendered":"CLRT-01 Tester karbonizacije"},"content":{"rendered":"<p><strong>Tester za karbonizacijo<\/strong> je pomemben analiti\u010dni instrument, ki se uporablja za merjenje stopnje karbonizacije, zadr\u017eevanja CO\u2082 in prostornine plina v gaziranih pija\u010dah v zaprtih posodah. Za proizvajalce pija\u010d, dobavitelje embala\u017ee in agencije za nadzor kakovosti natan\u010den nadzor karbonizacije neposredno vpliva na <strong>okus, ob\u010dutek v ustih, rok trajanja in skladnost blagovne znamke.<\/strong>.<\/p>\n\n\n\n<p>Podjetje Cell Instruments Co., Ltd. oblikuje in proizvaja napredne preizku\u0161evalnike karbonizacije, ki omogo\u010dajo natan\u010dno, ponovljivo in s standardi skladno vrednotenje karbonizacije v steklenicah PET, steklenicah, plo\u010devinkah in prilagojenih oblikah embala\u017ee. Z zdru\u017eevanjem avtomatizacije, visoko natan\u010dnega zaznavanja in standardizirane preskusne logike na\u0161i sistemi pomagajo uporabnikom zmanj\u0161ati \u0161tevilo \u010dlove\u0161kih napak, hkrati pa izbolj\u0161ujejo zanesljivost podatkov in zaupanje strank.<\/p>\n\n\n\n<h2 class=\"wp-block-heading\">Preskus prostornine plina v skladu s standardom ASTM F1115<\/h2>\n\n\n\n<p>Spletna stran <strong>preskus prostornine plina<\/strong> opredeljeni v <strong>ASTM F1115<\/strong> zagotavlja standardiziran pristop za dolo\u010danje izgube ogljikovega dioksida in zadr\u017eevanje karbonizacije v posodah za pija\u010do. Ta preskusna metoda ocenjuje, kako dobro embala\u017ea v nadzorovanih pogojih ohranja za\u010detno raven karbonizacije skozi \u010das.<\/p>\n\n\n\n<p>ASTM F1115 opisuje dva dopolnilna postopka:<\/p>\n\n\n\n<ul class=\"wp-block-list\">\n<li><strong>Postopek A<\/strong> se osredoto\u010da na razvoj embala\u017ee in raziskave o obstojnosti. Temelji na ob\u010dutljivem merjenju tlaka in temperature v zaprtem sistemu in zahteva analiti\u010dno znanje na ravni laboratorija. Ta pristop pomaga in\u017eenirjem oceniti strukturno zmogljivost, celovitost zapiranja in dolgoro\u010dne lastnosti zadr\u017eevanja CO\u2082 pri novih zasnovah embala\u017ee.<\/li>\n\n\n\n<li><strong>Postopek B<\/strong> slu\u017ei kot prakti\u010dna metoda nadzora kakovosti pri polnjenju pija\u010d. Poudarja enostavnost delovanja, hkrati pa ohranja zanesljivo natan\u010dnost. Avtomatizirani ali ro\u010dni merilniki karbonizacije merijo notranji tlak in temperaturo po nadzorovanem me\u0161anju, nato pa izra\u010dunajo stopnjo karbonizacije z uporabo uveljavljenih tabel karbonizacije. Postopek B je zaradi svoje u\u010dinkovitosti in ponovljivosti \u0161iroko sprejet v proizvodnih okoljih.<\/li>\n<\/ul>\n\n\n\n<p>Sodoben preizku\u0161evalnik karbonizacije, zasnovan na podlagi standarda ASTM F1115, uporabnikom omogo\u010da izra\u010dun izgube karbonizacije, stopnje prenosa karbonizacije in pri\u010dakovanega roka uporabnosti s spremljanjem zadr\u017eevanja CO\u2082 skozi \u010das. Ti rezultati neposredno podpirajo optimizacijo embala\u017ee in nadzor procesa.<\/p>\n\n\n\n<h2 class=\"wp-block-heading\">Kako deluje preizku\u0161evalnik karbonizacije<\/h2>\n\n\n\n<p>Tester za karbonizacijo meri karbonizacijo z vzpostavitvijo ravnovesja med raztopljenim CO\u2082, notranjim tlakom in temperaturo v zaprti posodi. Tipi\u010den potek dela vklju\u010duje:<\/p>\n\n\n\n<ul class=\"wp-block-list\">\n<li><strong>Samodejno prebadanje pokrov\u010dka<\/strong> za dostop do notranjega tlaka brez nenadzorovane izgube plina<\/li>\n\n\n\n<li><strong>Stabilizacija tlaka<\/strong> za odpravo prehodnih u\u010dinkov<\/li>\n\n\n\n<li><strong>Nadzorovano vznemirjanje<\/strong> za zagotovitev enakomerne porazdelitve CO\u2082<\/li>\n\n\n\n<li><strong>Hkratno merjenje tlaka in temperature<\/strong><\/li>\n\n\n\n<li><strong>Takoj\u0161en izra\u010dun prostornine plina<\/strong> uporaba vgrajenih tabel za karbonizacijo<\/li>\n<\/ul>\n\n\n\n<p>Ta postopek zagotavlja, da vsak test odra\u017ea dejanske pogoje karbonizacije pija\u010de in ne tehnike operaterja ali spremenljivosti okolja.<\/p>\n\n\n\n<h2 class=\"wp-block-heading\">Avtomatizirano testiranje karbonizacije s CLRT-01<\/h2>\n\n\n\n<p>Spletna stran <strong>CLRT-01 Tester karbonizacije<\/strong> od Cell Instruments pove\u010duje <a href=\"https:\/\/store.astm.org\/f1115-16r23.html?_gl=1*1e32tpu*_gcl_aw*R0NMLjE3Njg3ODk3MzcuQ2owS0NRaUFwckxMQmhDTUFSSXNBRURoZFBmZnpaMHVBMGMtdjB4RWdqR0hGSWVCaVZjeTJBM3RfRHV0ajduOVh3QlJuQUVlbGdZOU00TWFBcWlSRUFMd193Y0I.*_gcl_au*MTkwOTY2MzAwNC4xNzY1Nzc5ODUz\" target=\"_blank\" rel=\"noreferrer noopener nofollow\">ASTM F1115<\/a>-s popolnoma avtomatiziranim delovnim postopkom, ki je odporen na napake. Sistem zdru\u017euje mehansko krmiljenje, digitalno zaznavanje in inteligentne izra\u010dune v eno kompaktno platformo.<\/p>\n\n\n\n<p><strong>Glavne prednosti avtomatizacije so:<\/strong><\/p>\n\n\n\n<ul class=\"wp-block-list\">\n<li><strong>Natan\u010dno nadzorovano prebadanje pokrov\u010dka<\/strong> s stabilno hitrostjo prodiranja<\/li>\n\n\n\n<li><strong>Me\u0161anje s servo pogonom<\/strong> za dosledno ravnovesje CO\u2082<\/li>\n\n\n\n<li><strong>Zajem tlaka in temperature v realnem \u010dasu<\/strong> uporaba senzorjev visoke lo\u010dljivosti<\/li>\n\n\n\n<li><strong>Takoj\u0161en prikaz glasnosti CO\u2082<\/strong>, kar odpravlja ro\u010dno iskanje in izra\u010dunavanje.<\/li>\n<\/ul>\n\n\n\n<p>Ta zasnova bistveno skraj\u0161a \u010das testiranja in hkrati izbolj\u0161a ponovljivost, zato je tester za karbonizacijo primeren tako za laboratorijske analize kot za nadzor kakovosti na proizvodni liniji.<\/p>\n\n\n\n<h2 class=\"wp-block-heading\">Zakaj je pomembno natan\u010dno testiranje karbonizacije<\/h2>\n\n\n\n<p>Izguba karbonizacije neposredno vpliva na kakovost pija\u010de. \u017de majhno odstopanje od ciljne ravni CO\u2082 lahko spremeni zaznavanje okusa in zmanj\u0161a sprejemljivost za potro\u0161nike. Zanesljivo testiranje karbonizacije omogo\u010da proizvajalcem, da:<\/p>\n\n\n\n<ul class=\"wp-block-list\">\n<li>Ohranjanje enakomernega okusa in okusa izdelka<\/li>\n\n\n\n<li>preverjanje zaprtosti in celovitosti embala\u017ee<\/li>\n\n\n\n<li>Napovedovanje roka uporabnosti na podlagi trendov zadr\u017eevanja karbonizacije<\/li>\n\n\n\n<li>izpolnjevanje notranjih standardov kakovosti in zunanjih regulativnih zahtev.<\/li>\n<\/ul>\n\n\n\n<p>Z uvedbo zelo natan\u010dnega merilnika karbonizacije ekipe za nadzor kakovosti pridobijo uporabne podatke, ki podpirajo vsakodnevne proizvodne odlo\u010ditve in dolgoro\u010dni razvoj embala\u017ee.<\/p>","protected":false},"featured_media":410,"parent":0,"template":"","meta":{"_acf_changed":false},"product-category":[23,22],"class_list":["post-411","product","type-product","status-publish","has-post-thumbnail","hentry","product-category-astm-f1115","product-category-carbonation-test"],"acf":[],"_links":{"self":[{"href":"https:\/\/www.bottletest.com\/sl\/wp-json\/wp\/v2\/product\/411","targetHints":{"allow":["GET"]}}],"collection":[{"href":"https:\/\/www.bottletest.com\/sl\/wp-json\/wp\/v2\/product"}],"about":[{"href":"https:\/\/www.bottletest.com\/sl\/wp-json\/wp\/v2\/types\/product"}],"wp:featuredmedia":[{"embeddable":true,"href":"https:\/\/www.bottletest.com\/sl\/wp-json\/wp\/v2\/media\/410"}],"wp:attachment":[{"href":"https:\/\/www.bottletest.com\/sl\/wp-json\/wp\/v2\/media?parent=411"}],"wp:term":[{"taxonomy":"product-category","embeddable":true,"href":"https:\/\/www.bottletest.com\/sl\/wp-json\/wp\/v2\/product-category?post=411"}],"curies":[{"name":"wp","href":"https:\/\/api.w.org\/{rel}","templated":true}]}}