{"id":319,"date":"2026-02-04T09:06:46","date_gmt":"2026-02-04T09:06:46","guid":{"rendered":"https:\/\/www.bottletest.com\/?post_type=product&#038;p=319"},"modified":"2026-02-04T09:10:19","modified_gmt":"2026-02-04T09:10:19","slug":"bottle-wall-thickness-gauge","status":"publish","type":"product","link":"https:\/\/www.bottletest.com\/sl\/product\/bottle-wall-thickness-gauge\/","title":{"rendered":"WTT Merilnik debeline stene steklenice"},"content":{"rendered":"<p><strong>Merilnik debeline stene steklenice<\/strong> ima klju\u010dno vlogo pri nadzoru kakovosti embala\u017ee, zlasti za proizvajalce in presku\u0161evalne laboratorije, ki se ukvarjajo z embala\u017eo iz PET, stekla in farmacevtskih izdelkov. Debelina stene steklenice neposredno vpliva na <strong>mehanska trdnost, zmogljivost pregrade, skladnost te\u017ee in skladnost z varnostnimi zahtevami.<\/strong>. \u017de manj\u0161a odstopanja lahko povzro\u010dijo deformacijo, pu\u0161\u010danje ali zlom med polnjenjem, prevozom ali kon\u010dno uporabo.<\/p>\n\n\n\n<h2 class=\"wp-block-heading\">Merjenje debeline steklenice<br>Merilnik debeline steklenic PET in steklenih steklenic<\/h2>\n\n\n\n<h3 class=\"wp-block-heading\">Razumevanje porazdelitve debeline steklenice<\/h3>\n\n\n\n<p><strong>Debelina steklenice<\/strong> se ne nana\u0161a le na povpre\u010dno vrednost stene, temve\u010d tudi na njeno porazdelitev po telesu, ramenu in dnu steklenice. Neenakomerna debelina pogosto ka\u017ee na te\u017eave pri oblikovanju ali oblikovanju. Za <strong>Debelina plastenke PET<\/strong>, razmerja raztezanja med pihanjem mo\u010dno vplivajo na kon\u010dno porazdelitev sten. Za <strong>debelina steklenice<\/strong>, odlo\u010dilno vlogo imata temperatura oblikovanja in stanje plesni.<\/p>\n\n\n\n<p>A <strong>merilnik debeline steklenic<\/strong> in sistem, zdru\u017eljiv s PET, mora dostopati do ukrivljenih in vzor\u010denih povr\u0161in, ne da bi po\u0161kodoval vzorec. Sodobni merilniki to dose\u017eejo z zdru\u017eitvijo stabilnega preskusnega stojala z zelo natan\u010dno digitalno sondo za merjenje debeline.<\/p>\n\n\n\n<h3 class=\"wp-block-heading\">Zakaj je debelina plastenk PET potrebna natan\u010dnega nadzora<\/h3>\n\n\n\n<p>Steklenice iz PET zahtevajo strog nadzor debeline, da se uskladita lahka zasnova in strukturna celovitost. Prevelika debelina pove\u010duje stro\u0161ke materiala, premajhna debelina pa zmanj\u0161uje trdnost pri zgornji obremenitvi in odpornost proti udarcem. Uporaba zanesljivega merilnika debeline sten steklenic proizvajalcem omogo\u010da, da <strong>preverite rezultate razbremenitve brez zmanj\u0161anja zmogljivosti.<\/strong>.<\/p>\n\n\n\n<h2 class=\"wp-block-heading\">Na\u010delo delovanja merilnika debeline stene steklenice<\/h2>\n\n\n\n<p>Merilnik debeline stene steklenice je obi\u010dajno sestavljen iz:<\/p>\n\n\n\n<ul class=\"wp-block-list\">\n<li>A <strong>stabilno navpi\u010dno preskusno stojalo<\/strong><\/li>\n\n\n\n<li>A <strong>digitalni merilnik debeline z visoko lo\u010dljivostjo<\/strong><\/li>\n\n\n\n<li>A <strong>fino merilno sondo<\/strong> zasnovan za ukrivljene povr\u0161ine<\/li>\n<\/ul>\n\n\n\n<p>Med presku\u0161anjem je steklenica name\u0161\u010dena na stojalu, sonda pa se na dolo\u010denem mestu dotakne stene ali dna. Merilnik neposredno prika\u017ee vrednosti debeline, kar omogo\u010da hitro primerjavo med razli\u010dnimi merilnimi to\u010dkami. Operaterji lahko u\u010dinkovito izdelajo celoten profil debeline steklenice, tudi pri posodah z zapleteno geometrijo.<\/p>\n\n\n\n<h2 class=\"wp-block-heading\">Prednosti uporabe profesionalnega merilnika debeline stene steklenice<\/h2>\n\n\n\n<p>Uporaba namenskega merilnika debeline stene steklenice zagotavlja merljive prednosti:<\/p>\n\n\n\n<ul class=\"wp-block-list\">\n<li><strong>Izbolj\u0161ana doslednost proizvodnje<\/strong> z zgodnjim prepoznavanjem sprememb debeline<\/li>\n\n\n\n<li><strong>Ve\u010dja varnost in skladnost<\/strong> za pakiranje \u017eivil, pija\u010d in farmacevtskih izdelkov<\/li>\n\n\n\n<li><strong>Manj\u0161e koli\u010dine odpadnega materiala<\/strong> z optimiziranim nadzorom debeline<\/li>\n\n\n\n<li><strong>Ve\u010dje zaupanje strank<\/strong> podprto s kvantitativnimi podatki o preskusih.<\/li>\n<\/ul>\n\n\n\n<p>Podjetje Cell Instruments oblikuje svoje sisteme tako, da zagotavljajo ponovljivost, vzdr\u017eljivost in enostavno delovanje tudi v okoljih z visoko frekvenco preverjanja kakovosti.<\/p>","protected":false},"featured_media":324,"parent":0,"template":"","meta":{"_acf_changed":false},"product-category":[21],"class_list":["post-319","product","type-product","status-publish","has-post-thumbnail","hentry","product-category-thickness-test"],"acf":[],"_links":{"self":[{"href":"https:\/\/www.bottletest.com\/sl\/wp-json\/wp\/v2\/product\/319","targetHints":{"allow":["GET"]}}],"collection":[{"href":"https:\/\/www.bottletest.com\/sl\/wp-json\/wp\/v2\/product"}],"about":[{"href":"https:\/\/www.bottletest.com\/sl\/wp-json\/wp\/v2\/types\/product"}],"wp:featuredmedia":[{"embeddable":true,"href":"https:\/\/www.bottletest.com\/sl\/wp-json\/wp\/v2\/media\/324"}],"wp:attachment":[{"href":"https:\/\/www.bottletest.com\/sl\/wp-json\/wp\/v2\/media?parent=319"}],"wp:term":[{"taxonomy":"product-category","embeddable":true,"href":"https:\/\/www.bottletest.com\/sl\/wp-json\/wp\/v2\/product-category?post=319"}],"curies":[{"name":"wp","href":"https:\/\/api.w.org\/{rel}","templated":true}]}}