{"id":292,"date":"2026-02-04T07:35:39","date_gmt":"2026-02-04T07:35:39","guid":{"rendered":"https:\/\/www.bottletest.com\/?post_type=product&#038;p=292"},"modified":"2026-02-05T08:13:37","modified_gmt":"2026-02-05T08:13:37","slug":"top-load-tester","status":"publish","type":"product","link":"https:\/\/www.bottletest.com\/sl\/product\/top-load-tester\/","title":{"rendered":"TLT-01 Tester zgornje obremenitve"},"content":{"rendered":"<h2 class=\"wp-block-heading\">Preskus navpi\u010dne obremenitve za steklenico: Namen in prakti\u010dni pomen<\/h2>\n\n\n\n<p>Spletna stran <strong>preskus navpi\u010dne obremenitve za steklenico<\/strong> se osredoto\u010da na obna\u0161anje posode, ko nanjo deluje tla\u010dna sila vzdol\u017e osrednje osi. Ta pogoj obremenitve simulira obremenitve v resni\u010dnem svetu, kot so zlaganje palet, skladi\u0161\u010denje v skladi\u0161\u010du in zgornji pritisk med prevozom.<\/p>\n\n\n\n<p>Klju\u010dni kazalniki uspe\u0161nosti, pridobljeni s testerjem za najvi\u0161jo obremenitev, vklju\u010dujejo:<\/p>\n\n\n\n<ul class=\"wp-block-list\">\n<li><strong>Najve\u010dja navpi\u010dna nosilnost<\/strong> pred deformacijo ali okvaro<\/li>\n\n\n\n<li><strong>Tla\u010dna obremenitev<\/strong>, kjer se strukturna togost za\u010dne zmanj\u0161evati<\/li>\n\n\n\n<li><strong>Deformacijsko obna\u0161anje<\/strong> pri nadzorovanem stiskanju<\/li>\n\n\n\n<li><strong>Na\u010din odpovedi<\/strong>, kot sta upogibanje ali krhek lom.<\/li>\n<\/ul>\n\n\n\n<p>Pri steklenih posodah je pri preskusu poudarjena odpornost proti nenadnemu razbitju. Pri plastenkah iz plastike preskus poka\u017ee duktilnost, togost in robustnost konstrukcije.<\/p>\n\n\n\n<h2 class=\"wp-block-heading\">Preskus zgornje obremenitve za steklenice v skladu z ASTM D2659<\/h2>\n\n\n\n<p>Spletna stran <strong>preskus zgornje obremenitve za steklenice<\/strong> iz termoplastike, upo\u0161teva na\u010dela, opredeljena v <strong>ASTM D2659<\/strong>, ki obravnava lastnosti drobljenja stolpcev pihanih plasti\u010dnih posod.<\/p>\n\n\n\n<p>Standard ASTM D2659 dolo\u010da presku\u0161anje pod <strong>konstantna stopnja tla\u010dne deformacije<\/strong>, s \u010dimer se zagotovi, da so rezultati med laboratoriji primerljivi. Metoda se osredoto\u010da na:<\/p>\n\n\n\n<ul class=\"wp-block-list\">\n<li>Mo\u010d drobljenja<\/li>\n\n\n\n<li>Deformacija pri donosu<\/li>\n\n\n\n<li>Tla\u010dna obremenitev ob okvari<\/li>\n\n\n\n<li>Navidezna tla\u010dna togost<\/li>\n<\/ul>\n\n\n\n<p>Ustrezen tester zgornje obremenitve mora vzdr\u017eevati <strong>stabilna in nadzorovana preskusna hitrost<\/strong>, obi\u010dajno med 12,5 mm\/min in 50 mm\/min. Pravilna poravnava vzorca in odzra\u010devanje imata odlo\u010dilno vlogo pri natan\u010dnosti in varnosti preskusa.<\/p>\n\n\n\n<p>Z upo\u0161tevanjem standarda ASTM D2659 lahko in\u017eenirji embala\u017ee uporabijo podatke o najve\u010dji obremenitvi za <strong>nadzor kakovosti, sprejemno testiranje ter primerjave na podro\u010dju raziskav in razvoja.<\/strong>, zlasti pri ocenjevanju sprememb zasnove ali zamenjav materialov.<\/p>\n\n\n\n<h2 class=\"wp-block-heading\">Testiranje navpi\u010dne obremenitve steklenic na podlagi standarda ISO 8113<\/h2>\n\n\n\n<p>Za stekleno embala\u017eo, <strong>ISO 8113<\/strong> opredeljuje standardizirano metodo za merjenje odpornosti proti navpi\u010dni obremenitvi. Ta mednarodni standard zagotavlja doslednost pri ocenjevanju steklenic, ki se uporabljajo v pija\u010dah, hrani in farmacevtskih izdelkih.<\/p>\n\n\n\n<p>ISO 8113 poudarja:<\/p>\n\n\n\n<ul class=\"wp-block-list\">\n<li>Temperaturno ravnovesje med vzorcem in okoljem<\/li>\n\n\n\n<li>Natan\u010dna osna poravnava posode<\/li>\n\n\n\n<li>Uporaba za\u0161\u010ditnih blazinic ali zapiralnih elementov za simulacijo resni\u010dnih pogojev tesnjenja<\/li>\n\n\n\n<li>Nadzorovana uporaba sile do dolo\u010dene obremenitve ali zloma<\/li>\n<\/ul>\n\n\n\n<p>Profesionalni preizku\u0161evalnik zgornje obremenitve, zasnovan za ISO 8113, podpira tako <strong>uspe\u0161no opravite teste.<\/strong> (nalaganje na vnaprej dolo\u010deno vrednost) in <strong>progresivni testi<\/strong> (obremenitev do okvare). Ti rezultati proizvajalcem pomagajo potrditi, da steklene posode ustrezajo notranjim specifikacijam in zahtevam strank.<\/p>\n\n\n\n<h2 class=\"wp-block-heading\">Kako deluje tester zgornje obremenitve<\/h2>\n\n\n\n<p>Tester za zgornjo obremenitev uporablja <strong>nadzorovana navpi\u010dna tla\u010dna sila<\/strong> prek natan\u010dnih plo\u0161\u010d, pri \u010demer neprekinjeno meri silo in premik. Sistem v realnem \u010dasu bele\u017ei krivulje obremenitve in pomika, kar uporabnikom omogo\u010da, da med preskusom opazujejo odziv konstrukcije.<\/p>\n\n\n\n<p>Sodobni sistemi Cell Instruments vklju\u010dujejo:<\/p>\n\n\n\n<ul class=\"wp-block-list\">\n<li>Visoko natan\u010dne obremenilne celice<\/li>\n\n\n\n<li>Natan\u010dno merjenje premikov<\/li>\n\n\n\n<li>Krmiljenje na osnovi PLC z intuitivnim vmesnikom HMI<\/li>\n\n\n\n<li>Izhod digitalnih podatkov za sledljivost<\/li>\n<\/ul>\n\n\n\n<p>Ta konfiguracija zagotavlja, da vsak preskus zgornje obremenitve za steklenice ostane <strong>ponovljive, sledljive in skladne.<\/strong> s standardi ASTM in ISO.<\/p>\n\n\n\n<h2 class=\"wp-block-heading\">Zakaj testiranje najvi\u0161je obremenitve krepi zaupanje in zaupanje<\/h2>\n\n\n\n<p>Zanesljivi podatki o navpi\u010dni obremenitvi podpirajo bolj\u0161e odlo\u010ditve v celotnem \u017eivljenjskem ciklu embala\u017ee. Potrjen preizku\u0161evalnik zgornje obremenitve pomaga:<\/p>\n\n\n\n<ul class=\"wp-block-list\">\n<li>Prepre\u010devanje sesutja zabojnika med logistiko<\/li>\n\n\n\n<li>Zmanj\u0161ajte porabo materiala brez ogro\u017eanja varnosti<\/li>\n\n\n\n<li>Dokazovanje skladnosti med revizijami in ocenami strank<\/li>\n\n\n\n<li>Izbolj\u0161anje doslednosti med proizvodnimi serijami<\/li>\n<\/ul>\n\n\n\n<p>Z uskladitvijo praks testiranja z <a href=\"https:\/\/store.astm.org\/d2659-16r23.html?_gl=1*a5mpmp*_gcl_aw*R0NMLjE3Njg3ODk3MzcuQ2owS0NRaUFwckxMQmhDTUFSSXNBRURoZFBmZnpaMHVBMGMtdjB4RWdqR0hGSWVCaVZjeTJBM3RfRHV0ajduOVh3QlJuQUVlbGdZOU00TWFBcWlSRUFMd193Y0I.*_gcl_au*MTkwOTY2MzAwNC4xNzY1Nzc5ODUz\" target=\"_blank\" rel=\"noreferrer noopener nofollow\">ASTM D2659<\/a> in . <a href=\"https:\/\/www.iso.org\/standard\/35617.html\" target=\"_blank\" rel=\"noreferrer noopener nofollow\">ISO 8113<\/a>, proizvajalci krepijo oba <strong>tehni\u010dna verodostojnost in zaupanje strank.<\/strong>.<\/p>","protected":false},"featured_media":303,"parent":0,"template":"","meta":{"_acf_changed":false},"product-category":[26,27,14],"class_list":["post-292","product","type-product","status-publish","has-post-thumbnail","hentry","product-category-astm-d2659","product-category-iso-8113","product-category-top-load-test"],"acf":[],"_links":{"self":[{"href":"https:\/\/www.bottletest.com\/sl\/wp-json\/wp\/v2\/product\/292","targetHints":{"allow":["GET"]}}],"collection":[{"href":"https:\/\/www.bottletest.com\/sl\/wp-json\/wp\/v2\/product"}],"about":[{"href":"https:\/\/www.bottletest.com\/sl\/wp-json\/wp\/v2\/types\/product"}],"wp:featuredmedia":[{"embeddable":true,"href":"https:\/\/www.bottletest.com\/sl\/wp-json\/wp\/v2\/media\/303"}],"wp:attachment":[{"href":"https:\/\/www.bottletest.com\/sl\/wp-json\/wp\/v2\/media?parent=292"}],"wp:term":[{"taxonomy":"product-category","embeddable":true,"href":"https:\/\/www.bottletest.com\/sl\/wp-json\/wp\/v2\/product-category?post=292"}],"curies":[{"name":"wp","href":"https:\/\/api.w.org\/{rel}","templated":true}]}}