{"id":418,"date":"2026-02-05T08:23:26","date_gmt":"2026-02-05T08:23:26","guid":{"rendered":"https:\/\/www.bottletest.com\/?post_type=product&#038;p=418"},"modified":"2026-02-05T08:26:32","modified_gmt":"2026-02-05T08:26:32","slug":"automatic-torque-tester","status":"publish","type":"product","link":"https:\/\/www.bottletest.com\/sk\/product\/automatic-torque-tester\/","title":{"rendered":"MCT-01 Automatick\u00e1 sk\u00fa\u0161a\u010dka kr\u00fatiaceho momentu"},"content":{"rendered":"<p><strong>Automatick\u00e1 sk\u00fa\u0161a\u010dka kr\u00fatiaceho momentu<\/strong> je d\u00f4le\u017eit\u00fd pr\u00edstroj na kontrolu kvality, ktor\u00fd sa pou\u017e\u00edva na meranie aplika\u010dn\u00e9ho momentu a momentu otv\u00e1rania z\u00e1vitov\u00fdch uz\u00e1verov na f\u013ea\u0161iach a n\u00e1dob\u00e1ch. V obalov\u00fdch odvetviach, ako s\u00fa potravin\u00e1rsky, farmaceutick\u00fd, lek\u00e1rsky a chemick\u00fd priemysel, konzistencia kr\u00fatiaceho momentu priamo ovplyv\u0148uje <strong>integritu pe\u010date, pou\u017eite\u013enos\u0165 pre spotrebite\u013ea a dodr\u017eiavanie pr\u00e1vnych predpisov.<\/strong>. Nedostato\u010dn\u00fd kr\u00fatiaci moment m\u00f4\u017ee sp\u00f4sobi\u0165 netesnos\u0165 alebo stratu v\u00fdkonu bari\u00e9ry, zatia\u013e \u010do nadmern\u00fd kr\u00fatiaci moment m\u00f4\u017ee vies\u0165 k deform\u00e1cii uz\u00e1veru alebo k zl\u00e9mu pou\u017e\u00edvate\u013esk\u00e9mu z\u00e1\u017eitku.<\/p>\n\n\n\n<h2 class=\"wp-block-heading\">Tester kr\u00fatiaceho momentu pre uz\u00e1very flia\u0161 a otv\u00e1rac\u00ed moment a ASTM D7860<\/h2>\n\n\n\n<p><strong>Sk\u00fa\u0161a\u010dka kr\u00fatiaceho momentu pre uz\u00e1very flia\u0161<\/strong> vyhodnocuje dva k\u013e\u00fa\u010dov\u00e9 parametre: kr\u00fatiaci moment aplik\u00e1cie a <strong>otv\u00e1rac\u00ed moment<\/strong>, ktor\u00fd sa \u010dasto ozna\u010duje ako kr\u00fatiaci moment pri odstra\u0148ovan\u00ed. Tieto hodnoty ur\u010duj\u00fa, ako bezpe\u010dne bol uz\u00e1ver pripevnen\u00fd a ak\u00fa silu mus\u00ed pou\u017e\u00edvate\u013e vynalo\u017ei\u0165 na otvorenie obalu. Norma ASTM D7860 poskytuje \u0161tandardizovan\u00fd r\u00e1mec na meranie zachytenia kr\u00fatiaceho momentu uz\u00e1verov s kontinu\u00e1lnym z\u00e1vitom pomocou automatizovan\u00e9ho zariadenia na testovanie kr\u00fatiaceho momentu, \u010d\u00edm sa stala z\u00e1kladnou referenciou pre laborat\u00f3ri\u00e1 na celom svete.<\/p>\n\n\n\n<p>Norma ASTM D7860 definuje d\u00f4le\u017eit\u00e9 pojmy, ako napr. <strong>such\u00fd kr\u00fatiaci moment<\/strong>, <strong>okam\u017eit\u00fd moment na odstr\u00e1nenie<\/strong>, a <strong>zachovanie kr\u00fatiaceho momentu<\/strong>, \u010d\u00edm sa zabezpe\u010d\u00ed, \u017ee v\u00fdsledky zostan\u00fa porovnate\u013en\u00e9 pri r\u00f4znych materi\u00e1loch, kon\u0161trukci\u00e1ch uz\u00e1verov a podmienkach skladovania. Dodr\u017eiavan\u00edm tejto normy m\u00f4\u017ee automatick\u00fd tester kr\u00fatiaceho momentu poskytova\u0165 v\u00fdsledky, ktor\u00e9 podporuj\u00fa v\u00fdvoj obalov, technick\u00fa valid\u00e1ciu a be\u017en\u00fa kontrolu kvality.<\/p>\n\n\n\n<h2 class=\"wp-block-heading\">Ako funguje automatick\u00e1 sk\u00fa\u0161a\u010dka kr\u00fatiaceho momentu<\/h2>\n\n\n\n<p>Automatick\u00e1 sk\u00fa\u0161a\u010dka kr\u00fatiaceho momentu pracuje pomocou <strong>motorizovan\u00fd rota\u010dn\u00fd syst\u00e9m<\/strong> v kombin\u00e1cii s presn\u00fdm sn\u00edma\u010dom kr\u00fatiaceho momentu. F\u013ea\u0161a a uz\u00e1ver s\u00fa upevnen\u00e9 koncentricky, aby sa zabr\u00e1nilo excentrick\u00e9mu za\u0165a\u017eeniu, \u010do zaru\u010duje opakovate\u013en\u00e9 a presn\u00e9 merania.<\/p>\n\n\n\n<p>Po\u010das testovania pr\u00edstroj vykon\u00e1va riaden\u00fd rota\u010dn\u00fd pohyb pri pevne nastavenej r\u00fdchlosti alebo rampe kr\u00fatiaceho momentu. Sign\u00e1l kr\u00fatiaceho momentu sa zachyt\u00e1va nepretr\u017eite a <strong>maxim\u00e1lny otv\u00e1rac\u00ed moment<\/strong> sa automaticky zaznamen\u00e1. Tento pr\u00edstup presne odr\u00e1\u017ea skuto\u010dn\u00e9 podmienky otvorenia a z\u00e1rove\u0148 minimalizuje vplyv obsluhy.<\/p>\n\n\n\n<p>V porovnan\u00ed s manu\u00e1lnymi zariadeniami pon\u00faka automatick\u00e1 sk\u00fa\u0161a\u010dka kr\u00fatiaceho momentu <strong>vy\u0161\u0161ia opakovate\u013enos\u0165, men\u0161ie mno\u017estvo \u013eudsk\u00fdch ch\u00fdb a lep\u0161\u00ed s\u00falad s po\u017eiadavkami normy ASTM D7860<\/strong>, najm\u00e4 pri testovan\u00ed zachovania kr\u00fatiaceho momentu v priebehu \u010dasu alebo po kondicionovan\u00ed prostredia.<\/p>\n\n\n\n<h2 class=\"wp-block-heading\">V\u00fdznam normy ASTM D7860 pri automatizovanom testovan\u00ed kr\u00fatiaceho momentu<\/h2>\n\n\n\n<p>Norma ASTM D7860 zd\u00f4raz\u0148uje pou\u017e\u00edvanie <strong>automatick\u00e9 mera\u010de kr\u00fatiaceho momentu na b\u00e1ze sn\u00edma\u010dov<\/strong> pracuj\u00face pri zn\u00e1mych r\u00fdchlostiach ot\u00e1\u010dania. T\u00e1to po\u017eiadavka existuje preto, lebo spr\u00e1vanie sa kr\u00fatiaceho momentu sa men\u00ed v z\u00e1vislosti od ot\u00e1\u010dok a sk\u00fa\u0161obn\u00fdch podmienok. Automatizovan\u00e9 syst\u00e9my zabezpe\u010duj\u00fa, aby ka\u017ed\u00e1 vzorka mala rovnak\u00e9 parametre sk\u00fa\u0161ky, \u010do v\u00fdrazne zvy\u0161uje spo\u013eahlivos\u0165 \u00fadajov.<\/p>\n\n\n\n<p>\u0160tandard podporuje obe <strong>statick\u00e9 hodnotenie<\/strong> a <strong>dynamick\u00e9 hodnotenie<\/strong>, \u010do umo\u017e\u0148uje v\u00fdrobcom pos\u00fadi\u0165 zachovanie kr\u00fatiaceho momentu po skladovan\u00ed alebo simulovanej distrib\u00facii. V pr\u00edpade uz\u00e1verov odoln\u00fdch proti otvoreniu de\u0165mi a uz\u00e1verov, ktor\u00e9 nie s\u00fa odoln\u00e9 proti otvoreniu de\u0165mi, pom\u00e1ha norma ASTM D7860 overi\u0165, \u010di moment otv\u00e1rania zost\u00e1va v bezpe\u010dnom a funk\u010dnom rozsahu po\u010das cel\u00e9ho \u017eivotn\u00e9ho cyklu v\u00fdrobku.<\/p>\n\n\n\n<p>Automatick\u00fd tester kr\u00fatiaceho momentu, ktor\u00fd je v s\u00falade s normou ASTM D7860, posil\u0148uje pripravenos\u0165 na audit a zvy\u0161uje d\u00f4veru z\u00e1kazn\u00edkov v syst\u00e9my kvality balenia.<\/p>","protected":false},"featured_media":419,"parent":0,"template":"","meta":{"_acf_changed":false},"product-category":[25,24],"class_list":["post-418","product","type-product","status-publish","has-post-thumbnail","hentry","product-category-astm-d7860","product-category-torque-tester"],"acf":[],"_links":{"self":[{"href":"https:\/\/www.bottletest.com\/sk\/wp-json\/wp\/v2\/product\/418","targetHints":{"allow":["GET"]}}],"collection":[{"href":"https:\/\/www.bottletest.com\/sk\/wp-json\/wp\/v2\/product"}],"about":[{"href":"https:\/\/www.bottletest.com\/sk\/wp-json\/wp\/v2\/types\/product"}],"wp:featuredmedia":[{"embeddable":true,"href":"https:\/\/www.bottletest.com\/sk\/wp-json\/wp\/v2\/media\/419"}],"wp:attachment":[{"href":"https:\/\/www.bottletest.com\/sk\/wp-json\/wp\/v2\/media?parent=418"}],"wp:term":[{"taxonomy":"product-category","embeddable":true,"href":"https:\/\/www.bottletest.com\/sk\/wp-json\/wp\/v2\/product-category?post=418"}],"curies":[{"name":"wp","href":"https:\/\/api.w.org\/{rel}","templated":true}]}}