{"id":411,"date":"2026-02-05T06:24:39","date_gmt":"2026-02-05T06:24:39","guid":{"rendered":"https:\/\/www.bottletest.com\/?post_type=product&#038;p=411"},"modified":"2026-02-05T06:30:41","modified_gmt":"2026-02-05T06:30:41","slug":"carbonation-tester","status":"publish","type":"product","link":"https:\/\/www.bottletest.com\/sk\/product\/carbonation-tester\/","title":{"rendered":"CLRT-01 Tester karboniz\u00e1cie"},"content":{"rendered":"<p><strong>Tester s\u00fdtenia<\/strong> je d\u00f4le\u017eit\u00fd analytick\u00fd pr\u00edstroj, ktor\u00fd sa pou\u017e\u00edva na meranie \u00farovne s\u00fdtenosti, zadr\u017eiavania CO\u2082 a objemu plynu v s\u00fdten\u00fdch n\u00e1pojoch v uzavret\u00fdch n\u00e1dob\u00e1ch. Pre v\u00fdrobcov n\u00e1pojov, dod\u00e1vate\u013eov obalov a org\u00e1ny kontroly kvality m\u00e1 presn\u00e1 kontrola s\u00fdtenosti priamy vplyv na <strong>chu\u0165, pocit v \u00fastach, trvanlivos\u0165 a konzistentnos\u0165 zna\u010dky<\/strong>.<\/p>\n\n\n\n<p>Spolo\u010dnos\u0165 Cell Instruments Co., Ltd. navrhuje a vyr\u00e1ba pokro\u010dil\u00e9 karboniza\u010dn\u00e9 testery na podporu presn\u00e9ho, opakovate\u013en\u00e9ho a \u0161tandardom zodpovedaj\u00faceho hodnotenia karboniz\u00e1cie v PET f\u013ea\u0161iach, sklenen\u00fdch f\u013ea\u0161iach, plechovk\u00e1ch a prisp\u00f4soben\u00fdch form\u00e1toch obalov. Kombin\u00e1ciou automatiz\u00e1cie, vysoko presn\u00e9ho sn\u00edmania a \u0161tandardizovanej testovacej logiky pom\u00e1haj\u00fa na\u0161e syst\u00e9my pou\u017e\u00edvate\u013eom zn\u00ed\u017ei\u0165 chybovos\u0165 \u013eudsk\u00e9ho faktora a z\u00e1rove\u0148 zvy\u0161uj\u00fa spo\u013eahlivos\u0165 \u00fadajov a d\u00f4veru z\u00e1kazn\u00edkov.<\/p>\n\n\n\n<h2 class=\"wp-block-heading\">Sk\u00fa\u0161ka objemu plynu pod\u013ea normy ASTM F1115<\/h2>\n\n\n\n<p>Str\u00e1nka <strong>test objemu plynu<\/strong> definovan\u00e9 v <strong>ASTM F1115<\/strong> poskytuje \u0161tandardizovan\u00fd pr\u00edstup na stanovenie straty oxidu uhli\u010dit\u00e9ho a udr\u017eiavanie s\u00fdtosti v n\u00e1pojov\u00fdch obaloch. Touto sk\u00fa\u0161obnou met\u00f3dou sa hodnot\u00ed, ako dobre si obal udr\u017eiava po\u010diato\u010dn\u00fa \u00farove\u0148 s\u00fdtenosti v priebehu \u010dasu za kontrolovan\u00fdch podmienok.<\/p>\n\n\n\n<p>Norma ASTM F1115 uv\u00e1dza dva dopl\u0148uj\u00face sa postupy:<\/p>\n\n\n\n<ul class=\"wp-block-list\">\n<li><strong>Postup A<\/strong> sa zameriava na v\u00fdvoj obalov a v\u00fdskum trvanlivosti. Je zalo\u017een\u00fd na citlivom meran\u00ed tlaku a teploty v uzavretom syst\u00e9me a vy\u017eaduje si analytick\u00e9 znalosti na \u00farovni laborat\u00f3ria. Tento pr\u00edstup pom\u00e1ha in\u017einierom hodnoti\u0165 \u0161truktur\u00e1lne vlastnosti, integritu uz\u00e1veru a dlhodob\u00e9 vlastnosti uchov\u00e1vania CO\u2082 nov\u00fdch kon\u0161trukci\u00ed obalov.<\/li>\n\n\n\n<li><strong>Postup B<\/strong> sl\u00fa\u017ei ako praktick\u00e1 met\u00f3da kontroly kvality pri plnen\u00ed n\u00e1pojov. Kladie d\u00f4raz na jednoduchos\u0165 prev\u00e1dzky pri zachovan\u00ed spo\u013eahlivej presnosti. Automatizovan\u00e9 alebo manu\u00e1lne s\u00fdtiace testery meraj\u00fa vn\u00fatorn\u00fd tlak a teplotu po kontrolovanom mie\u0161an\u00ed a potom vypo\u010d\u00edtaj\u00fa \u00farove\u0148 s\u00fdtenia pomocou zaveden\u00fdch s\u00fdtiacich tabuliek. V\u010faka svojej \u00fa\u010dinnosti a opakovate\u013enosti je postup B \u0161iroko roz\u0161\u00edren\u00fd vo v\u00fdrobnom prostred\u00ed.<\/li>\n<\/ul>\n\n\n\n<p>Modern\u00fd tester s\u00fdtenia navrhnut\u00fd pod\u013ea normy ASTM F1115 umo\u017e\u0148uje pou\u017e\u00edvate\u013eom vypo\u010d\u00edta\u0165 stratu s\u00fdtenia, r\u00fdchlos\u0165 prenosu s\u00fdtenia a o\u010dak\u00e1van\u00fa trvanlivos\u0165 sledovan\u00edm zadr\u017eiavania CO\u2082 v priebehu \u010dasu. Tieto v\u00fdsledky priamo podporuj\u00fa optimaliz\u00e1ciu balenia a kontrolu procesov.<\/p>\n\n\n\n<h2 class=\"wp-block-heading\">Ako funguje tester s\u00fdtenia<\/h2>\n\n\n\n<p>S\u00fdtiaci tester meria s\u00fdtenie vytvoren\u00edm rovnov\u00e1hy medzi rozpusten\u00fdm CO\u2082, vn\u00fatorn\u00fdm tlakom a teplotou v uzavretej n\u00e1dobe. Typick\u00fd pracovn\u00fd postup zah\u0155\u0148a:<\/p>\n\n\n\n<ul class=\"wp-block-list\">\n<li><strong>Automatick\u00e9 prepichovanie uz\u00e1veru<\/strong> pr\u00edstup k vn\u00fatorn\u00e9mu tlaku bez nekontrolovanej straty plynu<\/li>\n\n\n\n<li><strong>Stabiliz\u00e1cia tlaku<\/strong> na odstr\u00e1nenie prechodn\u00fdch javov<\/li>\n\n\n\n<li><strong>Riaden\u00e9 rozru\u0161enie<\/strong> na zabezpe\u010denie rovnomernej distrib\u00facie CO\u2082<\/li>\n\n\n\n<li><strong>S\u00fa\u010dasn\u00e9 meranie tlaku a teploty<\/strong><\/li>\n\n\n\n<li><strong>Okam\u017eit\u00fd v\u00fdpo\u010det objemu plynu<\/strong> pou\u017e\u00edvanie vlo\u017een\u00fdch karboniza\u010dn\u00fdch tabuliek<\/li>\n<\/ul>\n\n\n\n<p>Tento postup zaru\u010duje, \u017ee ka\u017ed\u00fd test odr\u00e1\u017ea skuto\u010dn\u00fd stav s\u00fdtenia n\u00e1poja, a nie techniku obsluhy alebo variabilitu prostredia.<\/p>\n\n\n\n<h2 class=\"wp-block-heading\">Automatizovan\u00e9 testovanie karboniz\u00e1cie pomocou CLRT-01<\/h2>\n\n\n\n<p>Str\u00e1nka <strong>CLRT-01 Tester karboniz\u00e1cie<\/strong> od spolo\u010dnosti Cell Instruments zvy\u0161uje <a href=\"https:\/\/store.astm.org\/f1115-16r23.html?_gl=1*1e32tpu*_gcl_aw*R0NMLjE3Njg3ODk3MzcuQ2owS0NRaUFwckxMQmhDTUFSSXNBRURoZFBmZnpaMHVBMGMtdjB4RWdqR0hGSWVCaVZjeTJBM3RfRHV0ajduOVh3QlJuQUVlbGdZOU00TWFBcWlSRUFMd193Y0I.*_gcl_au*MTkwOTY2MzAwNC4xNzY1Nzc5ODUz\" target=\"_blank\" rel=\"noreferrer noopener nofollow\">ASTM F1115<\/a>-testovanie na z\u00e1klade plne automatizovan\u00e9ho pracovn\u00e9ho postupu odoln\u00e9ho vo\u010di chyb\u00e1m. Syst\u00e9m integruje mechanick\u00e9 ovl\u00e1danie, digit\u00e1lne sn\u00edmanie a inteligentn\u00fd v\u00fdpo\u010det do jednej kompaktnej platformy.<\/p>\n\n\n\n<p><strong>Medzi hlavn\u00e9 v\u00fdhody automatiz\u00e1cie patria:<\/strong><\/p>\n\n\n\n<ul class=\"wp-block-list\">\n<li><strong>Presne riaden\u00e9 prepichovanie uz\u00e1veru<\/strong> so stabilnou r\u00fdchlos\u0165ou prieniku<\/li>\n\n\n\n<li><strong>Mie\u0161anie poh\u00e1\u0148an\u00e9 servopohonom<\/strong> pre konzistentn\u00fa rovnov\u00e1hu CO\u2082<\/li>\n\n\n\n<li><strong>Sn\u00edmanie tlaku a teploty v re\u00e1lnom \u010dase<\/strong> pou\u017e\u00edvanie senzorov s vysok\u00fdm rozl\u00ed\u0161en\u00edm<\/li>\n\n\n\n<li><strong>Okam\u017eit\u00e9 zobrazenie hlasitosti CO\u2082<\/strong>, \u010d\u00edm sa eliminuje manu\u00e1lne vyh\u013ead\u00e1vanie a v\u00fdpo\u010det<\/li>\n<\/ul>\n\n\n\n<p>T\u00e1to kon\u0161trukcia v\u00fdrazne skracuje \u010das testovania a z\u00e1rove\u0148 zlep\u0161uje opakovate\u013enos\u0165, v\u010faka \u010domu je karboniza\u010dn\u00fd tester vhodn\u00fd na laborat\u00f3rnu anal\u00fdzu aj na kontrolu kvality v\u00fdrobnej linky.<\/p>\n\n\n\n<h2 class=\"wp-block-heading\">Pre\u010do je d\u00f4le\u017eit\u00e9 presn\u00e9 testovanie s\u00fdtenia<\/h2>\n\n\n\n<p>Strata s\u00fdtenosti priamo ovplyv\u0148uje kvalitu n\u00e1poja. Dokonca aj mal\u00e1 odch\u00fdlka od cie\u013eovej \u00farovne CO\u2082 m\u00f4\u017ee zmeni\u0165 vn\u00edmanie chuti a zn\u00ed\u017ei\u0165 akcept\u00e1ciu spotrebite\u013eov. Spo\u013eahliv\u00e9 testovanie s\u00fdtenia umo\u017e\u0148uje v\u00fdrobcom:<\/p>\n\n\n\n<ul class=\"wp-block-list\">\n<li>Zachovanie konzistentnej chuti a v\u00f4ne v\u00fdrobku<\/li>\n\n\n\n<li>Overenie uzavretia a neporu\u0161enosti obalu<\/li>\n\n\n\n<li>Predpovedanie trvanlivosti na z\u00e1klade trendov udr\u017eiavania s\u00fdtenia<\/li>\n\n\n\n<li>Splnenie intern\u00fdch noriem kvality a extern\u00fdch regula\u010dn\u00fdch po\u017eiadaviek<\/li>\n<\/ul>\n\n\n\n<p>Zaveden\u00edm vysoko presn\u00e9ho testera s\u00fdtenia z\u00edskaj\u00fa t\u00edmy kontroly kvality pou\u017eite\u013en\u00e9 \u00fadaje, ktor\u00e9 podporuj\u00fa ka\u017edodenn\u00e9 v\u00fdrobn\u00e9 rozhodnutia aj dlhodob\u00fd v\u00fdvoj obalov.<\/p>","protected":false},"featured_media":410,"parent":0,"template":"","meta":{"_acf_changed":false},"product-category":[23,22],"class_list":["post-411","product","type-product","status-publish","has-post-thumbnail","hentry","product-category-astm-f1115","product-category-carbonation-test"],"acf":[],"_links":{"self":[{"href":"https:\/\/www.bottletest.com\/sk\/wp-json\/wp\/v2\/product\/411","targetHints":{"allow":["GET"]}}],"collection":[{"href":"https:\/\/www.bottletest.com\/sk\/wp-json\/wp\/v2\/product"}],"about":[{"href":"https:\/\/www.bottletest.com\/sk\/wp-json\/wp\/v2\/types\/product"}],"wp:featuredmedia":[{"embeddable":true,"href":"https:\/\/www.bottletest.com\/sk\/wp-json\/wp\/v2\/media\/410"}],"wp:attachment":[{"href":"https:\/\/www.bottletest.com\/sk\/wp-json\/wp\/v2\/media?parent=411"}],"wp:term":[{"taxonomy":"product-category","embeddable":true,"href":"https:\/\/www.bottletest.com\/sk\/wp-json\/wp\/v2\/product-category?post=411"}],"curies":[{"name":"wp","href":"https:\/\/api.w.org\/{rel}","templated":true}]}}