{"id":309,"date":"2026-02-04T08:18:06","date_gmt":"2026-02-04T08:18:06","guid":{"rendered":"https:\/\/www.bottletest.com\/?post_type=product&#038;p=309"},"modified":"2026-02-04T08:20:59","modified_gmt":"2026-02-04T08:20:59","slug":"bottle-leak-tester","status":"publish","type":"product","link":"https:\/\/www.bottletest.com\/sk\/product\/bottle-leak-tester\/","title":{"rendered":"BLT-03 Tester tesnosti flia\u0161"},"content":{"rendered":"<p>B<strong>tester netesnost\u00ed<\/strong> je d\u00f4le\u017eit\u00fd pr\u00edstroj na kontrolu kvality, ktor\u00fd sa pou\u017e\u00edva na hodnotenie tesnosti flia\u0161 a pevn\u00fdch alebo polotuh\u00fdch n\u00e1dob. V priemyseln\u00fdch odvetviach, ako s\u00fa balenie, potraviny a n\u00e1poje, farmaceutick\u00e9 v\u00fdrobky, zdravotn\u00edcke pom\u00f4cky a chemik\u00e1lie dennej spotreby, m\u00f4\u017eu aj mikroskopick\u00e9 netesnosti vies\u0165 ku kontamin\u00e1cii, skr\u00e1teniu trvanlivosti alebo nedodr\u017eaniu predpisov. Z tohto d\u00f4vodu sa testovanie tesnosti stalo nevyhnutnou s\u00fa\u010das\u0165ou valid\u00e1cie v\u00fdskumu a v\u00fdvoja, ako aj rutinnej kontroly v\u00fdroby.<\/p>\n\n\n\n<p>Spolo\u010dnos\u0165 Cell Instruments Co., Ltd. navrhuje a vyr\u00e1ba profesion\u00e1lne syst\u00e9my na testovanie tesnosti flia\u0161, ktor\u00e9 kombinuj\u00fa <strong>jasn\u00e9 vizu\u00e1lne v\u00fdsledky, stabiln\u00e9 riadenie v\u00e1kua a flexibiln\u00e9 konfigur\u00e1cie testov<\/strong>, ktor\u00e9 pom\u00e1haj\u00fa odborn\u00edkom v oblasti kvality prij\u00edma\u0165 sebaist\u00e9 rozhodnutia zalo\u017een\u00e9 na spo\u013eahliv\u00fdch \u00fadajoch.<\/p>\n\n\n\n<h2 class=\"wp-block-heading\">Postup sk\u00fa\u0161ky tesnosti flia\u0161 (met\u00f3da emisie v\u00e1kuov\u00fdch bubl\u00edn)<\/h2>\n\n\n\n<p>Str\u00e1nka <strong>postup sk\u00fa\u0161ky tesnosti flia\u0161<\/strong> sa be\u017ene riadi princ\u00edpom emisie v\u00e1kuov\u00fdch bubl\u00edn, na ktor\u00fd sa odkazuje aj v <em><a href=\"https:\/\/store.astm.org\/d3078-02r21e01.html?_gl=1*1s85z2n*_gcl_aw*R0NMLjE3Njg3ODk3MzcuQ2owS0NRaUFwckxMQmhDTUFSSXNBRURoZFBmZnpaMHVBMGMtdjB4RWdqR0hGSWVCaVZjeTJBM3RfRHV0ajduOVh3QlJuQUVlbGdZOU00TWFBcWlSRUFMd193Y0I.*_gcl_au*MTkwOTY2MzAwNC4xNzY1Nzc5ODUz\" target=\"_blank\" rel=\"noreferrer noopener nofollow\">ASTM D3078<\/a> - \u0160tandardn\u00e1 sk\u00fa\u0161obn\u00e1 met\u00f3da na stanovenie netesnost\u00ed v obaloch pomocou emisie bubl\u00edn<\/em>.<\/p>\n\n\n\n<p>Pri tejto met\u00f3de sa f\u013ea\u0161a umiestni do prieh\u013eadnej komory naplnenej vodou. Aplikuje sa riaden\u00e9 v\u00e1kuum, \u010d\u00edm sa vytvor\u00ed tlakov\u00fd rozdiel medzi vn\u00fatrom a vonkaj\u0161kom f\u013ea\u0161e. V pr\u00edpade netesnosti unik\u00e1 z defektu zachyten\u00fd vzduch a prejavuje sa ako <strong>nepretr\u017eit\u00fd pr\u00fad bubliniek<\/strong>, \u010do umo\u017e\u0148uje oper\u00e1torom vizu\u00e1lne lokalizova\u0165 a potvrdi\u0165 \u00fanik.<\/p>\n\n\n\n<p>Tento postup pon\u00faka vysok\u00fa citlivos\u0165, intuit\u00edvnu interpret\u00e1ciu a vhodnos\u0165 pre laborat\u00f3rne aj v\u00fdrobn\u00e9 prostredie.<\/p>\n\n\n\n<h2 class=\"wp-block-heading\">Postup sk\u00fa\u0161ky tesnosti plastov\u00fdch flia\u0161 a plastov\u00fdch n\u00e1dob<\/h2>\n\n\n\n<p>Str\u00e1nka <strong>postup sk\u00fa\u0161ky tesnosti plastov\u00fdch flia\u0161<\/strong> sa zameriava na identifik\u00e1ciu defektov sp\u00f4soben\u00fdch ned\u00f4slednos\u0165ou lisovania, praskan\u00edm pod nap\u00e4t\u00edm alebo nes\u00faladom uz\u00e1veru a tesnenia. Plastov\u00e9 n\u00e1doby sa m\u00f4\u017eu vo v\u00e1kuu mierne deformova\u0165, preto je nevyhnutn\u00e1 stabiln\u00e1 a opakovate\u013en\u00e1 kontrola tlaku.<\/p>\n\n\n\n<p>A <strong>sk\u00fa\u0161ka tesnosti plastov\u00fdch n\u00e1dob<\/strong> pomocou testera tesnosti flia\u0161 mo\u017eno nakonfigurova\u0165 ako:<\/p>\n\n\n\n<ul class=\"wp-block-list\">\n<li><strong>Nede\u0161trukt\u00edvne testovanie<\/strong>, kde deform\u00e1cia zost\u00e1va v medziach pru\u017enosti<\/li>\n\n\n\n<li><strong>De\u0161trukt\u00edvne testovanie<\/strong>, kde sa pri vy\u0161\u0161\u00edch \u00farovniach v\u00e1kua n\u00e1doba z\u00e1merne za\u0165a\u017euje<\/li>\n<\/ul>\n\n\n\n<p>T\u00e1to flexibilita umo\u017e\u0148uje in\u017einierom simulova\u0165 re\u00e1lne podmienky a definova\u0165 bezpe\u010dn\u00e9 limity v\u00fdkonu.<\/p>\n\n\n\n<h2 class=\"wp-block-heading\">Postup sk\u00fa\u0161ky tesnosti flia\u0161 na kvapaliny s pou\u017eit\u00edm pr\u00e1zdnej komory<\/h2>\n\n\n\n<p>Pre obaly plnen\u00e9 tekutinou je alternat\u00edvou <strong>postup sk\u00fa\u0161ky tesnosti flia\u0161 na kvapaliny<\/strong> pou\u017e\u00edva pr\u00e1zdnu v\u00e1kuov\u00fa komoru bez vody. Po\u010das testovania sa v\u00e1kuum aplikuje priamo na vonkaj\u0161ie prostredie. Ak d\u00f4jde k \u00faniku, kvapalina unik\u00e1 z obalu a je okam\u017eite vidite\u013en\u00e1.<\/p>\n\n\n\n<p>T\u00e1to met\u00f3da zabra\u0148uje riedeniu alebo kontamin\u00e1cii testovacieho m\u00e9dia a dobre funguje pri n\u00e1pojoch, farmaceutick\u00fdch kvapalin\u00e1ch, inf\u00faznych roztokoch a in\u00fdch naplnen\u00fdch n\u00e1dob\u00e1ch, kde pozorovanie bubl\u00edn vo vode nemus\u00ed by\u0165 praktick\u00e9.<\/p>\n\n\n\n<h2 class=\"wp-block-heading\">V\u00e1kuov\u00fd test tesnosti flia\u0161: Vniknutie farbiva ako overovac\u00ed n\u00e1stroj<\/h2>\n\n\n\n<p>Okrem vizu\u00e1lneho testovania bubl\u00edn niektor\u00e9 valida\u010dn\u00e9 protokoly vy\u017eaduj\u00fa <strong>v\u00e1kuov\u00fd test tesnosti flia\u0161<\/strong> pomocou vniknutia farbiva. Met\u00f3da s metyl\u00e9novou modrou farbivom zav\u00e1dza farebn\u00fd roztok vo v\u00e1kuu. V pr\u00edpade netesnost\u00ed prenikne farbivo do obalu a po otvoren\u00ed je vidite\u013en\u00e9.<\/p>\n\n\n\n<p>Hoci je tento pr\u00edstup de\u0161trukt\u00edvny, poskytuje siln\u00e9 kvalitat\u00edvne potvrdenie a \u010dasto podporuje valid\u00e1ciu procesov alebo porovn\u00e1vacie \u0161t\u00fadie.<\/p>","protected":false},"featured_media":318,"parent":0,"template":"","meta":{"_acf_changed":false},"product-category":[17,13,18,19,20,10],"class_list":["post-309","product","type-product","status-publish","has-post-thumbnail","hentry","product-category-astm-d3078","product-category-astm-d4991","product-category-astm-d5094","product-category-astm-d6653","product-category-astm-f2338","product-category-leak-test"],"acf":[],"_links":{"self":[{"href":"https:\/\/www.bottletest.com\/sk\/wp-json\/wp\/v2\/product\/309","targetHints":{"allow":["GET"]}}],"collection":[{"href":"https:\/\/www.bottletest.com\/sk\/wp-json\/wp\/v2\/product"}],"about":[{"href":"https:\/\/www.bottletest.com\/sk\/wp-json\/wp\/v2\/types\/product"}],"wp:featuredmedia":[{"embeddable":true,"href":"https:\/\/www.bottletest.com\/sk\/wp-json\/wp\/v2\/media\/318"}],"wp:attachment":[{"href":"https:\/\/www.bottletest.com\/sk\/wp-json\/wp\/v2\/media?parent=309"}],"wp:term":[{"taxonomy":"product-category","embeddable":true,"href":"https:\/\/www.bottletest.com\/sk\/wp-json\/wp\/v2\/product-category?post=309"}],"curies":[{"name":"wp","href":"https:\/\/api.w.org\/{rel}","templated":true}]}}