{"id":411,"date":"2026-02-05T06:24:39","date_gmt":"2026-02-05T06:24:39","guid":{"rendered":"https:\/\/www.bottletest.com\/?post_type=product&#038;p=411"},"modified":"2026-02-05T06:30:41","modified_gmt":"2026-02-05T06:30:41","slug":"carbonation-tester","status":"publish","type":"product","link":"https:\/\/www.bottletest.com\/ro\/product\/carbonation-tester\/","title":{"rendered":"CLRT-01 Tester de carbonatare"},"content":{"rendered":"<p><strong>Tester de carbonatare<\/strong> este un instrument analitic esen\u021bial utilizat pentru a m\u0103sura nivelul de carbonatare, reten\u021bia de CO\u2082 \u0219i volumul de gaz al b\u0103uturilor carbonatate \u00een recipiente sigilate. Pentru produc\u0103torii de b\u0103uturi, furnizorii de ambalaje \u0219i agen\u021biile de inspec\u021bie a calit\u0103\u021bii, controlul precis al carbon\u0103rii afecteaz\u0103 \u00een mod direct <strong>gust, textur\u0103 \u00een gur\u0103, termen de valabilitate \u0219i consisten\u021ba m\u0103rcii<\/strong>.<\/p>\n\n\n\n<p>Cell Instruments Co., Ltd. proiecteaz\u0103 \u0219i produce testere avansate de carbonatare pentru a sus\u021bine o evaluare precis\u0103, repetabil\u0103 \u0219i conform\u0103 cu standardele de carbonatare pe sticle PET, sticle de sticl\u0103, cutii \u0219i formate de ambalare personalizate. Prin combinarea automatiz\u0103rii, a detect\u0103rii de \u00eenalt\u0103 precizie \u0219i a logicii de testare standardizate, sistemele noastre ajut\u0103 utilizatorii s\u0103 reduc\u0103 erorile umane, \u00eembun\u0103t\u0103\u021bind \u00een acela\u0219i timp fiabilitatea datelor \u0219i \u00eencrederea clien\u021bilor.<\/p>\n\n\n\n<h2 class=\"wp-block-heading\">Test de volum de gaz conform ASTM F1115<\/h2>\n\n\n\n<p>The <strong>testul de volum al gazului<\/strong> definite \u00een <strong>ASTM F1115<\/strong> ofer\u0103 o abordare standardizat\u0103 pentru determinarea pierderii de dioxid de carbon \u0219i a men\u021binerii carbona\u021biei \u00een recipientele pentru b\u0103uturi. Aceast\u0103 metod\u0103 de testare evalueaz\u0103 modul \u00een care un ambalaj \u00ee\u0219i men\u021bine nivelul ini\u021bial de carbonatare \u00een timp, \u00een condi\u021bii controlate.<\/p>\n\n\n\n<p>ASTM F1115 prezint\u0103 dou\u0103 proceduri complementare:<\/p>\n\n\n\n<ul class=\"wp-block-list\">\n<li><strong>Procedura A<\/strong> se concentreaz\u0103 pe dezvoltarea ambalajelor \u0219i pe cercetarea duratei de valabilitate. Se bazeaz\u0103 pe m\u0103surarea sensibil\u0103 a presiunii \u0219i temperaturii \u00eentr-un sistem \u00eenchis \u0219i necesit\u0103 expertiz\u0103 analitic\u0103 la nivel de laborator. Aceast\u0103 abordare ajut\u0103 inginerii s\u0103 evalueze performan\u021ba structural\u0103, integritatea \u00eenchiderii \u0219i caracteristicile de reten\u021bie a CO\u2082 pe termen lung ale noilor modele de recipiente.<\/li>\n\n\n\n<li><strong>Procedura B<\/strong> serve\u0219te ca metod\u0103 practic\u0103 de control al calit\u0103\u021bii pentru opera\u021biunile de umplere a b\u0103uturilor. Ea pune accentul pe simplitatea opera\u021bional\u0103, men\u021bin\u00e2nd \u00een acela\u0219i timp o precizie fiabil\u0103. Testerele de carbonatare automate sau manuale m\u0103soar\u0103 presiunea \u0219i temperatura intern\u0103 dup\u0103 o agitare controlat\u0103, apoi calculeaz\u0103 nivelurile de carbonatare utiliz\u00e2nd tabelele de carbonatare stabilite. Datorit\u0103 eficien\u021bei \u0219i repetabilit\u0103\u021bii sale, procedura B este adoptat\u0103 pe scar\u0103 larg\u0103 \u00een mediile de produc\u021bie.<\/li>\n<\/ul>\n\n\n\n<p>Un tester modern de carbonatare proiectat \u00een conformitate cu ASTM F1115 permite utilizatorilor s\u0103 calculeze pierderea prin carbonatare, rata de transfer a carbonatarei \u0219i durata de depozitare preconizat\u0103 prin urm\u0103rirea reten\u021biei CO\u2082 \u00een timp. Aceste rezultate sprijin\u0103 \u00een mod direct optimizarea ambalajelor \u0219i controlul proceselor.<\/p>\n\n\n\n<h2 class=\"wp-block-heading\">Cum func\u021bioneaz\u0103 testerul de carbonatare<\/h2>\n\n\n\n<p>Un tester de carbonatare m\u0103soar\u0103 carbonatarea prin stabilirea echilibrului \u00eentre CO\u2082 dizolvat, presiunea intern\u0103 \u0219i temperatura \u00een interiorul unui recipient sigilat. Fluxul de lucru tipic include:<\/p>\n\n\n\n<ul class=\"wp-block-list\">\n<li><strong>Perforare automat\u0103 a capacului<\/strong> pentru a accesa presiunea intern\u0103 f\u0103r\u0103 pierderi necontrolate de gaz<\/li>\n\n\n\n<li><strong>Stabilizarea presiunii<\/strong> pentru a elimina efectele tranzitorii<\/li>\n\n\n\n<li><strong>Agita\u021bie controlat\u0103<\/strong> pentru a asigura distribu\u021bia uniform\u0103 a CO\u2082<\/li>\n\n\n\n<li><strong>M\u0103surarea simultan\u0103 a presiunii \u0219i temperaturii<\/strong><\/li>\n\n\n\n<li><strong>Calcularea instantanee a volumului de gaz<\/strong> utilizarea tabelelor de carbonatare \u00eencorporate<\/li>\n<\/ul>\n\n\n\n<p>Acest proces asigur\u0103 faptul c\u0103 fiecare test reflect\u0103 adev\u0103rata stare de carbonatare a b\u0103uturii, mai degrab\u0103 dec\u00e2t tehnica operatorului sau variabilitatea mediului.<\/p>\n\n\n\n<h2 class=\"wp-block-heading\">Testarea automatizat\u0103 a carbona\u021biei cu CLRT-01<\/h2>\n\n\n\n<p>The <strong>CLRT-01 Tester de carbonatare<\/strong> de la Cell Instruments \u00eembun\u0103t\u0103\u021be\u0219te <a href=\"https:\/\/store.astm.org\/f1115-16r23.html?_gl=1*1e32tpu*_gcl_aw*R0NMLjE3Njg3ODk3MzcuQ2owS0NRaUFwckxMQmhDTUFSSXNBRURoZFBmZnpaMHVBMGMtdjB4RWdqR0hGSWVCaVZjeTJBM3RfRHV0ajduOVh3QlJuQUVlbGdZOU00TWFBcWlSRUFMd193Y0I.*_gcl_au*MTkwOTY2MzAwNC4xNzY1Nzc5ODUz\" target=\"_blank\" rel=\"noreferrer noopener nofollow\">ASTM F1115<\/a>-prin intermediul unui flux de lucru complet automatizat, rezistent la erori. Sistemul integreaz\u0103 controlul mecanic, detectarea digital\u0103 \u0219i calculul inteligent \u00eentr-o singur\u0103 platform\u0103 compact\u0103.<\/p>\n\n\n\n<p><strong>Principalele avantaje ale automatiz\u0103rii includ:<\/strong><\/p>\n\n\n\n<ul class=\"wp-block-list\">\n<li><strong>Perforarea capacului controlat\u0103 cu precizie<\/strong> cu vitez\u0103 de penetrare stabil\u0103<\/li>\n\n\n\n<li><strong>Agita\u021bie ac\u021bionat\u0103 de servomotor<\/strong> pentru un echilibru coerent al CO\u2082<\/li>\n\n\n\n<li><strong>Captarea presiunii \u0219i temperaturii \u00een timp real<\/strong> folosind senzori de \u00eenalt\u0103 rezolu\u021bie<\/li>\n\n\n\n<li><strong>Afi\u0219area instantanee a volumului de CO\u2082<\/strong>, elimin\u00e2nd c\u0103utarea \u0219i calculul manual<\/li>\n<\/ul>\n\n\n\n<p>Acest design reduce semnificativ timpul de testare, \u00eembun\u0103t\u0103\u021bind \u00een acela\u0219i timp repetabilitatea, f\u0103c\u00e2nd testerul de carbonatare potrivit at\u00e2t pentru analiza de laborator, c\u00e2t \u0219i pentru controlul calit\u0103\u021bii \u00een linia de produc\u021bie.<\/p>\n\n\n\n<h2 class=\"wp-block-heading\">De ce este important\u0103 testarea precis\u0103 a carbon\u0103rii<\/h2>\n\n\n\n<p>Pierderea de carbonatare influen\u021beaz\u0103 \u00een mod direct calitatea b\u0103uturii. Chiar \u0219i o mic\u0103 abatere de la nivelul \u021bint\u0103 de CO\u2082 poate altera percep\u021bia gustului \u0219i reduce acceptarea consumatorilor. Testarea fiabil\u0103 a carbon\u0103rii permite produc\u0103torilor s\u0103:<\/p>\n\n\n\n<ul class=\"wp-block-list\">\n<li>Men\u021binerea consecvent\u0103 a aromei \u0219i a gustului produsului<\/li>\n\n\n\n<li>Verificarea \u00eenchiderii \u0219i a integrit\u0103\u021bii ambalajului<\/li>\n\n\n\n<li>Prognoza duratei de valabilitate pe baza tendin\u021belor de reten\u021bie a carbon\u0103rii<\/li>\n\n\n\n<li>Respectarea standardelor interne de calitate \u0219i a cerin\u021belor externe de reglementare<\/li>\n<\/ul>\n\n\n\n<p>Prin implementarea unui tester de carbonatare de \u00eenalt\u0103 precizie, echipele de control al calit\u0103\u021bii ob\u021bin date utile care sprijin\u0103 at\u00e2t deciziile zilnice de produc\u021bie, c\u00e2t \u0219i dezvoltarea ambalajelor pe termen lung.<\/p>","protected":false},"featured_media":410,"parent":0,"template":"","meta":{"_acf_changed":false},"product-category":[23,22],"class_list":["post-411","product","type-product","status-publish","has-post-thumbnail","hentry","product-category-astm-f1115","product-category-carbonation-test"],"acf":[],"_links":{"self":[{"href":"https:\/\/www.bottletest.com\/ro\/wp-json\/wp\/v2\/product\/411","targetHints":{"allow":["GET"]}}],"collection":[{"href":"https:\/\/www.bottletest.com\/ro\/wp-json\/wp\/v2\/product"}],"about":[{"href":"https:\/\/www.bottletest.com\/ro\/wp-json\/wp\/v2\/types\/product"}],"wp:featuredmedia":[{"embeddable":true,"href":"https:\/\/www.bottletest.com\/ro\/wp-json\/wp\/v2\/media\/410"}],"wp:attachment":[{"href":"https:\/\/www.bottletest.com\/ro\/wp-json\/wp\/v2\/media?parent=411"}],"wp:term":[{"taxonomy":"product-category","embeddable":true,"href":"https:\/\/www.bottletest.com\/ro\/wp-json\/wp\/v2\/product-category?post=411"}],"curies":[{"name":"wp","href":"https:\/\/api.w.org\/{rel}","templated":true}]}}