{"id":309,"date":"2026-02-04T08:18:06","date_gmt":"2026-02-04T08:18:06","guid":{"rendered":"https:\/\/www.bottletest.com\/?post_type=product&#038;p=309"},"modified":"2026-02-04T08:20:59","modified_gmt":"2026-02-04T08:20:59","slug":"bottle-leak-tester","status":"publish","type":"product","link":"https:\/\/www.bottletest.com\/ro\/product\/bottle-leak-tester\/","title":{"rendered":"BLT-03 Tester de scurgere a sticlei"},"content":{"rendered":"<p>B<strong>tester de etan\u0219eitate pentru ottle<\/strong> este un instrument critic de control al calit\u0103\u021bii utilizat pentru a evalua integritatea etan\u0219\u0103rii sticlelor \u0219i a recipientelor rigide sau semi-rigide. \u00cen industrii precum ambalarea, alimentele \u0219i b\u0103uturile, produsele farmaceutice, dispozitivele medicale \u0219i produsele chimice zilnice, chiar \u0219i scurgerile microscopice pot duce la contaminare, reducerea duratei de valabilitate sau nerespectarea reglement\u0103rilor. Din acest motiv, testarea scurgerilor a devenit o parte esen\u021bial\u0103 at\u00e2t a valid\u0103rii cercet\u0103rii \u0219i dezvolt\u0103rii, c\u00e2t \u0219i a inspec\u021biei de rutin\u0103 a produc\u021biei.<\/p>\n\n\n\n<p>Cell Instruments Co., Ltd. proiecteaz\u0103 \u0219i produce sisteme profesionale de testare a scurgerilor din sticle care combin\u0103 <strong>rezultate vizuale clare, control stabil al vidului \u0219i configura\u021bii de testare flexibile<\/strong>, ajut\u00e2nd profesioni\u0219tii din domeniul calit\u0103\u021bii s\u0103 ia decizii sigure bazate pe date fiabile.<\/p>\n\n\n\n<h2 class=\"wp-block-heading\">Procedur\u0103 de testare a scurgerilor pentru sticle (metoda emiterii de bule \u00een vid)<\/h2>\n\n\n\n<p>The <strong>procedura de testare a etan\u0219eit\u0103\u021bii pentru sticle<\/strong> urmeaz\u0103 de obicei un principiu de emisie de bule \u00een vid, care este men\u021bionat \u0219i \u00een <em><a href=\"https:\/\/store.astm.org\/d3078-02r21e01.html?_gl=1*1s85z2n*_gcl_aw*R0NMLjE3Njg3ODk3MzcuQ2owS0NRaUFwckxMQmhDTUFSSXNBRURoZFBmZnpaMHVBMGMtdjB4RWdqR0hGSWVCaVZjeTJBM3RfRHV0ajduOVh3QlJuQUVlbGdZOU00TWFBcWlSRUFMd193Y0I.*_gcl_au*MTkwOTY2MzAwNC4xNzY1Nzc5ODUz\" target=\"_blank\" rel=\"noreferrer noopener nofollow\">ASTM D3078<\/a> - Metod\u0103 standard de \u00eencercare pentru determinarea scurgerilor \u00een ambalaje prin emiterea de bule<\/em>.<\/p>\n\n\n\n<p>\u00cen aceast\u0103 metod\u0103, sticla este plasat\u0103 \u00een interiorul unei camere transparente umplute cu ap\u0103. Se aplic\u0103 un vid controlat, cre\u00e2nd o diferen\u021b\u0103 de presiune \u00eentre interiorul \u0219i exteriorul sticlei. Dac\u0103 exist\u0103 o scurgere, aerul prins scap\u0103 din defect \u0219i apare ca <strong>un flux continuu de bule<\/strong>, permi\u021b\u00e2nd operatorilor s\u0103 localizeze \u0219i s\u0103 confirme vizual scurgerile.<\/p>\n\n\n\n<p>Aceast\u0103 procedur\u0103 ofer\u0103 sensibilitate ridicat\u0103, interpretare intuitiv\u0103 \u0219i adecvare at\u00e2t pentru laboratoare, c\u00e2t \u0219i pentru mediile de produc\u021bie.<\/p>\n\n\n\n<h2 class=\"wp-block-heading\">Procedura de testare a scurgerilor pentru sticlele \u0219i recipientele din plastic<\/h2>\n\n\n\n<p>The <strong>Procedura de testare a scurgerilor pentru sticlele din plastic<\/strong> se concentreaz\u0103 pe identificarea defectelor cauzate de inconsecven\u021be de turnare, fisuri de tensiune sau nepotrivire \u00eentre capac \u0219i sigiliu. Recipientele din plastic se pot deforma u\u0219or sub vid, astfel \u00eenc\u00e2t controlul stabil \u0219i repetabil al presiunii este esen\u021bial.<\/p>\n\n\n\n<p>A <strong>\u00eencercare de etan\u0219eitate pentru recipientele din plastic<\/strong> folosind un tester de scurgeri de sticle poate fi configurat ca:<\/p>\n\n\n\n<ul class=\"wp-block-list\">\n<li><strong>Teste nedistructive<\/strong>, unde deformarea r\u0103m\u00e2ne \u00een limitele elastice<\/li>\n\n\n\n<li><strong>Teste distructive<\/strong>, unde nivelurile mai ridicate de vid solicit\u0103 inten\u021bionat recipientul<\/li>\n<\/ul>\n\n\n\n<p>Aceast\u0103 flexibilitate permite inginerilor s\u0103 simuleze condi\u021biile din lumea real\u0103 \u0219i s\u0103 defineasc\u0103 limitele de performan\u021b\u0103 sigure.<\/p>\n\n\n\n<h2 class=\"wp-block-heading\">Procedura de testare a scurgerilor pentru sticlele de lichid utiliz\u00e2nd o camer\u0103 goal\u0103<\/h2>\n\n\n\n<p>Pentru ambalajele umplute cu lichid, o alternativ\u0103 <strong>procedur\u0103 de testare a etan\u0219eit\u0103\u021bii pentru sticle de lichid<\/strong> utilizeaz\u0103 o camer\u0103 de vid goal\u0103, f\u0103r\u0103 ap\u0103. \u00cen timpul test\u0103rii, un vid este aplicat direct mediului extern. Dac\u0103 apar scurgeri, lichidul scap\u0103 din ambalaj \u0219i devine imediat vizibil.<\/p>\n\n\n\n<p>Aceast\u0103 metod\u0103 evit\u0103 diluarea sau contaminarea mediului de testare \u0219i func\u021bioneaz\u0103 bine pentru b\u0103uturi, lichide farmaceutice, solu\u021bii IV \u0219i alte recipiente pline \u00een care observarea bulelor \u00een ap\u0103 nu poate fi practic\u0103.<\/p>\n\n\n\n<h2 class=\"wp-block-heading\">Test de scurgere \u00een vid pentru sticle: Intrarea colorantului ca instrument de verificare<\/h2>\n\n\n\n<p>\u00cen plus fa\u021b\u0103 de testarea vizual\u0103 a bulelor, unele protocoale de validare necesit\u0103 o <strong>test de etan\u0219eitate \u00een vid pentru sticle<\/strong> folosind p\u0103trunderea colorantului. Metoda colorantului albastru de metilen introduce o solu\u021bie colorat\u0103 \u00een condi\u021bii de vid. Dac\u0103 exist\u0103 scurgeri, colorantul p\u0103trunde \u00een ambalaj \u0219i devine vizibil dup\u0103 deschidere.<\/p>\n\n\n\n<p>De\u0219i distructiv\u0103, aceast\u0103 abordare ofer\u0103 o confirmare calitativ\u0103 puternic\u0103 \u0219i sprijin\u0103 adesea validarea proceselor sau studiile comparative.<\/p>","protected":false},"featured_media":318,"parent":0,"template":"","meta":{"_acf_changed":false},"product-category":[17,13,18,19,20,10],"class_list":["post-309","product","type-product","status-publish","has-post-thumbnail","hentry","product-category-astm-d3078","product-category-astm-d4991","product-category-astm-d5094","product-category-astm-d6653","product-category-astm-f2338","product-category-leak-test"],"acf":[],"_links":{"self":[{"href":"https:\/\/www.bottletest.com\/ro\/wp-json\/wp\/v2\/product\/309","targetHints":{"allow":["GET"]}}],"collection":[{"href":"https:\/\/www.bottletest.com\/ro\/wp-json\/wp\/v2\/product"}],"about":[{"href":"https:\/\/www.bottletest.com\/ro\/wp-json\/wp\/v2\/types\/product"}],"wp:featuredmedia":[{"embeddable":true,"href":"https:\/\/www.bottletest.com\/ro\/wp-json\/wp\/v2\/media\/318"}],"wp:attachment":[{"href":"https:\/\/www.bottletest.com\/ro\/wp-json\/wp\/v2\/media?parent=309"}],"wp:term":[{"taxonomy":"product-category","embeddable":true,"href":"https:\/\/www.bottletest.com\/ro\/wp-json\/wp\/v2\/product-category?post=309"}],"curies":[{"name":"wp","href":"https:\/\/api.w.org\/{rel}","templated":true}]}}