{"id":411,"date":"2026-02-05T06:24:39","date_gmt":"2026-02-05T06:24:39","guid":{"rendered":"https:\/\/www.bottletest.com\/?post_type=product&#038;p=411"},"modified":"2026-02-05T06:30:41","modified_gmt":"2026-02-05T06:30:41","slug":"carbonation-tester","status":"publish","type":"product","link":"https:\/\/www.bottletest.com\/pt\/product\/carbonation-tester\/","title":{"rendered":"CLRT-01 Testador de carbonata\u00e7\u00e3o"},"content":{"rendered":"<p><strong>Testador de carbonata\u00e7\u00e3o<\/strong> \u00e9 um instrumento anal\u00edtico cr\u00edtico utilizado para medir o n\u00edvel de carbonata\u00e7\u00e3o, a reten\u00e7\u00e3o de CO\u2082 e o volume de g\u00e1s de bebidas carbonatadas em recipientes selados. Para os fabricantes de bebidas, fornecedores de embalagens e ag\u00eancias de inspe\u00e7\u00e3o de qualidade, um controlo preciso da carbonata\u00e7\u00e3o afecta diretamente <strong>sabor, sensa\u00e7\u00e3o na boca, prazo de validade e consist\u00eancia da marca<\/strong>.<\/p>\n\n\n\n<p>A Cell Instruments Co., Ltd. concebe e fabrica testadores de carbonata\u00e7\u00e3o avan\u00e7ados para suportar uma avalia\u00e7\u00e3o de carbonata\u00e7\u00e3o precisa, repet\u00edvel e em conformidade com as normas em garrafas PET, garrafas de vidro, latas e formatos de embalagem personalizados. Ao combinar automa\u00e7\u00e3o, dete\u00e7\u00e3o de alta precis\u00e3o e l\u00f3gica de teste padronizada, os nossos sistemas ajudam os utilizadores a reduzir o erro humano, melhorando a fiabilidade dos dados e a confian\u00e7a do cliente.<\/p>\n\n\n\n<h2 class=\"wp-block-heading\">Ensaio de volume de g\u00e1s de acordo com a norma ASTM F1115<\/h2>\n\n\n\n<p>O <strong>ensaio de volume de g\u00e1s<\/strong> definido em <strong>ASTM F1115<\/strong> fornece uma abordagem normalizada para determinar a perda de di\u00f3xido de carbono e a reten\u00e7\u00e3o de carbonata\u00e7\u00e3o em recipientes de bebidas. Este m\u00e9todo de ensaio avalia a forma como uma embalagem mant\u00e9m o seu n\u00edvel de carbonata\u00e7\u00e3o inicial ao longo do tempo em condi\u00e7\u00f5es controladas.<\/p>\n\n\n\n<p>A norma ASTM F1115 descreve dois procedimentos complementares:<\/p>\n\n\n\n<ul class=\"wp-block-list\">\n<li><strong>Procedimento A<\/strong> centra-se no desenvolvimento de embalagens e na investiga\u00e7\u00e3o do prazo de validade. Baseia-se na medi\u00e7\u00e3o sens\u00edvel da press\u00e3o e da temperatura dentro de um sistema fechado e requer conhecimentos anal\u00edticos a n\u00edvel laboratorial. Esta abordagem ajuda os engenheiros a avaliar o desempenho estrutural, a integridade do fecho e as carater\u00edsticas de reten\u00e7\u00e3o de CO\u2082 a longo prazo dos novos designs de recipientes.<\/li>\n\n\n\n<li><strong>Procedimento B<\/strong> serve como um m\u00e9todo pr\u00e1tico de controlo de qualidade para opera\u00e7\u00f5es de enchimento de bebidas. O m\u00e9todo privilegia a simplicidade operacional, mantendo uma precis\u00e3o fi\u00e1vel. Testadores de carbonata\u00e7\u00e3o automatizados ou manuais medem a press\u00e3o interna e a temperatura ap\u00f3s agita\u00e7\u00e3o controlada e, em seguida, calculam os n\u00edveis de carbonata\u00e7\u00e3o usando tabelas de carbonata\u00e7\u00e3o estabelecidas. Devido \u00e0 sua efici\u00eancia e repetibilidade, o Procedimento B \u00e9 amplamente adotado em ambientes de produ\u00e7\u00e3o.<\/li>\n<\/ul>\n\n\n\n<p>Um moderno aparelho de teste de carbonata\u00e7\u00e3o concebido de acordo com a norma ASTM F1115 permite aos utilizadores calcular a perda de carbonata\u00e7\u00e3o, a taxa de transfer\u00eancia de carbonata\u00e7\u00e3o e o prazo de validade previsto, acompanhando a reten\u00e7\u00e3o de CO\u2082 ao longo do tempo. Estes resultados apoiam diretamente a otimiza\u00e7\u00e3o da embalagem e o controlo do processo.<\/p>\n\n\n\n<h2 class=\"wp-block-heading\">Como funciona o verificador de carbonata\u00e7\u00e3o<\/h2>\n\n\n\n<p>Um aparelho de teste de carbonata\u00e7\u00e3o mede a carbonata\u00e7\u00e3o estabelecendo o equil\u00edbrio entre o CO\u2082 dissolvido, a press\u00e3o interna e a temperatura dentro de um recipiente selado. O fluxo de trabalho t\u00edpico inclui:<\/p>\n\n\n\n<ul class=\"wp-block-list\">\n<li><strong>Perfura\u00e7\u00e3o autom\u00e1tica da tampa<\/strong> para aceder \u00e0 press\u00e3o interna sem perdas de g\u00e1s n\u00e3o controladas<\/li>\n\n\n\n<li><strong>Estabiliza\u00e7\u00e3o da press\u00e3o<\/strong> para eliminar efeitos transit\u00f3rios<\/li>\n\n\n\n<li><strong>Agita\u00e7\u00e3o controlada<\/strong> para assegurar uma distribui\u00e7\u00e3o uniforme do CO\u2082<\/li>\n\n\n\n<li><strong>Medi\u00e7\u00e3o simult\u00e2nea de press\u00e3o e temperatura<\/strong><\/li>\n\n\n\n<li><strong>C\u00e1lculo instant\u00e2neo do volume de g\u00e1s<\/strong> utiliza\u00e7\u00e3o de tabelas de carbonata\u00e7\u00e3o incorporadas<\/li>\n<\/ul>\n\n\n\n<p>Este processo garante que cada teste reflecte a verdadeira condi\u00e7\u00e3o de carbonata\u00e7\u00e3o da bebida, em vez da t\u00e9cnica do operador ou da variabilidade ambiental.<\/p>\n\n\n\n<h2 class=\"wp-block-heading\">Teste automatizado de carbonata\u00e7\u00e3o com CLRT-01<\/h2>\n\n\n\n<p>O <strong>CLRT-01 Testador de carbonata\u00e7\u00e3o<\/strong> da Cell Instruments melhora <a href=\"https:\/\/store.astm.org\/f1115-16r23.html?_gl=1*1e32tpu*_gcl_aw*R0NMLjE3Njg3ODk3MzcuQ2owS0NRaUFwckxMQmhDTUFSSXNBRURoZFBmZnpaMHVBMGMtdjB4RWdqR0hGSWVCaVZjeTJBM3RfRHV0ajduOVh3QlJuQUVlbGdZOU00TWFBcWlSRUFMd193Y0I.*_gcl_au*MTkwOTY2MzAwNC4xNzY1Nzc5ODUz\" target=\"_blank\" rel=\"noreferrer noopener nofollow\">ASTM F1115<\/a>-atrav\u00e9s de um fluxo de trabalho totalmente automatizado e resistente a erros. O sistema integra o controlo mec\u00e2nico, a dete\u00e7\u00e3o digital e o c\u00e1lculo inteligente numa plataforma compacta.<\/p>\n\n\n\n<p><strong>As principais vantagens da automatiza\u00e7\u00e3o incluem:<\/strong><\/p>\n\n\n\n<ul class=\"wp-block-list\">\n<li><strong>Perfura\u00e7\u00e3o da tampa com controlo de precis\u00e3o<\/strong> com velocidade de penetra\u00e7\u00e3o est\u00e1vel<\/li>\n\n\n\n<li><strong>Agita\u00e7\u00e3o servo-acionada<\/strong> para um equil\u00edbrio coerente de CO\u2082<\/li>\n\n\n\n<li><strong>Captura de press\u00e3o e temperatura em tempo real<\/strong> utilizando sensores de alta resolu\u00e7\u00e3o<\/li>\n\n\n\n<li><strong>Indica\u00e7\u00e3o instant\u00e2nea do volume de CO\u2082<\/strong>, eliminando a pesquisa e o c\u00e1lculo manuais<\/li>\n<\/ul>\n\n\n\n<p>Esta conce\u00e7\u00e3o reduz significativamente o tempo de ensaio, melhorando a repetibilidade, tornando o aparelho de teste de carbonata\u00e7\u00e3o adequado tanto para an\u00e1lises laboratoriais como para o controlo de qualidade da linha de produ\u00e7\u00e3o.<\/p>\n\n\n\n<h2 class=\"wp-block-heading\">Porque \u00e9 que um teste de carbonata\u00e7\u00e3o exato \u00e9 importante<\/h2>\n\n\n\n<p>A perda de carbonata\u00e7\u00e3o influencia diretamente a qualidade da bebida. Mesmo um pequeno desvio do n\u00edvel de CO\u2082 pretendido pode alterar a perce\u00e7\u00e3o do sabor e reduzir a aceita\u00e7\u00e3o do consumidor. Os testes de carbonata\u00e7\u00e3o fi\u00e1veis permitem aos fabricantes:<\/p>\n\n\n\n<ul class=\"wp-block-list\">\n<li>Manter a consist\u00eancia do sabor e da sensa\u00e7\u00e3o na boca do produto<\/li>\n\n\n\n<li>Verificar o fecho e a integridade da embalagem<\/li>\n\n\n\n<li>Prever o prazo de validade com base nas tend\u00eancias de reten\u00e7\u00e3o de carbonata\u00e7\u00e3o<\/li>\n\n\n\n<li>Cumprir as normas de qualidade internas e os requisitos regulamentares externos<\/li>\n<\/ul>\n\n\n\n<p>Ao implementar um aparelho de teste de carbonata\u00e7\u00e3o de alta precis\u00e3o, as equipas de controlo de qualidade obt\u00eam dados acion\u00e1veis que apoiam tanto as decis\u00f5es de produ\u00e7\u00e3o di\u00e1ria como o desenvolvimento de embalagens a longo prazo.<\/p>","protected":false},"featured_media":410,"parent":0,"template":"","meta":{"_acf_changed":false},"product-category":[23,22],"class_list":["post-411","product","type-product","status-publish","has-post-thumbnail","hentry","product-category-astm-f1115","product-category-carbonation-test"],"acf":[],"_links":{"self":[{"href":"https:\/\/www.bottletest.com\/pt\/wp-json\/wp\/v2\/product\/411","targetHints":{"allow":["GET"]}}],"collection":[{"href":"https:\/\/www.bottletest.com\/pt\/wp-json\/wp\/v2\/product"}],"about":[{"href":"https:\/\/www.bottletest.com\/pt\/wp-json\/wp\/v2\/types\/product"}],"wp:featuredmedia":[{"embeddable":true,"href":"https:\/\/www.bottletest.com\/pt\/wp-json\/wp\/v2\/media\/410"}],"wp:attachment":[{"href":"https:\/\/www.bottletest.com\/pt\/wp-json\/wp\/v2\/media?parent=411"}],"wp:term":[{"taxonomy":"product-category","embeddable":true,"href":"https:\/\/www.bottletest.com\/pt\/wp-json\/wp\/v2\/product-category?post=411"}],"curies":[{"name":"wp","href":"https:\/\/api.w.org\/{rel}","templated":true}]}}