{"id":319,"date":"2026-02-04T09:06:46","date_gmt":"2026-02-04T09:06:46","guid":{"rendered":"https:\/\/www.bottletest.com\/?post_type=product&#038;p=319"},"modified":"2026-02-04T09:10:19","modified_gmt":"2026-02-04T09:10:19","slug":"bottle-wall-thickness-gauge","status":"publish","type":"product","link":"https:\/\/www.bottletest.com\/pt\/product\/bottle-wall-thickness-gauge\/","title":{"rendered":"Medidor de espessura da parede da garrafa WTT"},"content":{"rendered":"<p><strong>Medidor de espessura da parede da garrafa<\/strong> desempenha um papel fundamental no controlo da qualidade das embalagens, especialmente para os fabricantes e laborat\u00f3rios de ensaio envolvidos em embalagens PET, de vidro e farmac\u00eauticas. A espessura da parede da garrafa afecta diretamente <strong>resist\u00eancia mec\u00e2nica, desempenho de barreira, consist\u00eancia de peso e conformidade com a seguran\u00e7a<\/strong>. Mesmo pequenos desvios podem levar a deforma\u00e7\u00f5es, fugas ou rupturas durante o enchimento, o transporte ou a utiliza\u00e7\u00e3o final.<\/p>\n\n\n\n<h2 class=\"wp-block-heading\">Medi\u00e7\u00e3o da espessura da garrafa<br>Medidor de espessura de garrafas PET e de garrafas de vidro<\/h2>\n\n\n\n<h3 class=\"wp-block-heading\">Compreender a distribui\u00e7\u00e3o da espessura da garrafa<\/h3>\n\n\n\n<p><strong>Espessura da garrafa<\/strong> refere-se n\u00e3o s\u00f3 a um valor m\u00e9dio da parede, mas tamb\u00e9m \u00e0 sua distribui\u00e7\u00e3o pelo corpo, ombro e fundo da garrafa. Uma espessura irregular indica frequentemente problemas durante a moldagem ou a conforma\u00e7\u00e3o. Para <strong>Espessura da garrafa PET<\/strong>, Os r\u00e1cios de estiramento durante a moldagem por sopro influenciam fortemente a distribui\u00e7\u00e3o final das paredes. Para <strong>espessura da garrafa de vidro<\/strong>, A temperatura de forma\u00e7\u00e3o e as condi\u00e7\u00f5es do molde desempenham um papel decisivo.<\/p>\n\n\n\n<p>A <strong>medidor de espessura de garrafas de vidro<\/strong> e o sistema compat\u00edvel com PET deve aceder a superf\u00edcies curvas e modeladas sem danificar a amostra. Os medidores modernos conseguem-no combinando um suporte de teste est\u00e1vel com uma sonda de espessura digital de alta precis\u00e3o.<\/p>\n\n\n\n<h3 class=\"wp-block-heading\">Porque \u00e9 que a espessura das garrafas PET requer um controlo preciso<\/h3>\n\n\n\n<p>As garrafas PET exigem um controlo rigoroso da espessura para equilibrar a leveza do design e a integridade estrutural. Uma espessura excessiva aumenta o custo do material, enquanto uma espessura insuficiente reduz a for\u00e7a de carga superior e a resist\u00eancia ao impacto. A utiliza\u00e7\u00e3o de um medidor de espessura de parede de garrafa fi\u00e1vel permite aos fabricantes <strong>verificar os resultados da redu\u00e7\u00e3o de peso sem comprometer o desempenho<\/strong>.<\/p>\n\n\n\n<h2 class=\"wp-block-heading\">Princ\u00edpio de funcionamento de um medidor de espessura de parede de garrafa<\/h2>\n\n\n\n<p>Um medidor de espessura de parede de garrafa consiste tipicamente em:<\/p>\n\n\n\n<ul class=\"wp-block-list\">\n<li>A <strong>suporte de ensaio vertical est\u00e1vel<\/strong><\/li>\n\n\n\n<li>A <strong>medidor de espessura digital de alta resolu\u00e7\u00e3o<\/strong><\/li>\n\n\n\n<li>A <strong>sonda de medi\u00e7\u00e3o fina<\/strong> Concebido para superf\u00edcies curvas<\/li>\n<\/ul>\n\n\n\n<p>Durante o teste, a garrafa \u00e9 posicionada no suporte e a sonda entra em contacto com a parede ou o fundo num local definido. O medidor apresenta diretamente os valores de espessura, permitindo uma compara\u00e7\u00e3o r\u00e1pida entre diferentes pontos de medi\u00e7\u00e3o. Os operadores podem completar um perfil completo da espessura da garrafa de forma eficiente, mesmo em contentores com geometrias complexas.<\/p>\n\n\n\n<h2 class=\"wp-block-heading\">Vantagens de utilizar um medidor de espessura de parede de garrafa profissional<\/h2>\n\n\n\n<p>A utiliza\u00e7\u00e3o de um medidor de espessura de parede de garrafa dedicado proporciona benef\u00edcios mensur\u00e1veis:<\/p>\n\n\n\n<ul class=\"wp-block-list\">\n<li><strong>Melhoria da consist\u00eancia da produ\u00e7\u00e3o<\/strong> identificando precocemente a varia\u00e7\u00e3o de espessura<\/li>\n\n\n\n<li><strong>Maior seguran\u00e7a e conformidade<\/strong> para embalagens de alimentos, bebidas e produtos farmac\u00eauticos<\/li>\n\n\n\n<li><strong>Redu\u00e7\u00e3o dos res\u00edduos de materiais<\/strong> atrav\u00e9s de um controlo optimizado da espessura<\/li>\n\n\n\n<li><strong>Maior confian\u00e7a dos clientes<\/strong> apoiada por dados quantitativos de ensaios<\/li>\n<\/ul>\n\n\n\n<p>A Cell Instruments concebe os seus sistemas para garantir a repetibilidade, durabilidade e facilidade de funcionamento, mesmo em ambientes de inspe\u00e7\u00e3o de qualidade de alta frequ\u00eancia.<\/p>","protected":false},"featured_media":324,"parent":0,"template":"","meta":{"_acf_changed":false},"product-category":[21],"class_list":["post-319","product","type-product","status-publish","has-post-thumbnail","hentry","product-category-thickness-test"],"acf":[],"_links":{"self":[{"href":"https:\/\/www.bottletest.com\/pt\/wp-json\/wp\/v2\/product\/319","targetHints":{"allow":["GET"]}}],"collection":[{"href":"https:\/\/www.bottletest.com\/pt\/wp-json\/wp\/v2\/product"}],"about":[{"href":"https:\/\/www.bottletest.com\/pt\/wp-json\/wp\/v2\/types\/product"}],"wp:featuredmedia":[{"embeddable":true,"href":"https:\/\/www.bottletest.com\/pt\/wp-json\/wp\/v2\/media\/324"}],"wp:attachment":[{"href":"https:\/\/www.bottletest.com\/pt\/wp-json\/wp\/v2\/media?parent=319"}],"wp:term":[{"taxonomy":"product-category","embeddable":true,"href":"https:\/\/www.bottletest.com\/pt\/wp-json\/wp\/v2\/product-category?post=319"}],"curies":[{"name":"wp","href":"https:\/\/api.w.org\/{rel}","templated":true}]}}