{"id":309,"date":"2026-02-04T08:18:06","date_gmt":"2026-02-04T08:18:06","guid":{"rendered":"https:\/\/www.bottletest.com\/?post_type=product&#038;p=309"},"modified":"2026-02-04T08:20:59","modified_gmt":"2026-02-04T08:20:59","slug":"bottle-leak-tester","status":"publish","type":"product","link":"https:\/\/www.bottletest.com\/pt\/product\/bottle-leak-tester\/","title":{"rendered":"BLT-03 Verificador de fugas em garrafas"},"content":{"rendered":"<p>B<strong>testador de fugas de borboleta<\/strong> \u00e9 um instrumento cr\u00edtico de controlo de qualidade utilizado para avaliar a integridade da veda\u00e7\u00e3o de garrafas e recipientes r\u00edgidos ou semi-r\u00edgidos. Em ind\u00fastrias como as de embalagens, alimentos e bebidas, produtos farmac\u00eauticos, dispositivos m\u00e9dicos e produtos qu\u00edmicos de uso di\u00e1rio, at\u00e9 mesmo fugas microsc\u00f3picas podem levar \u00e0 contamina\u00e7\u00e3o, redu\u00e7\u00e3o do prazo de validade ou n\u00e3o conformidade regulamentar. Por este motivo, os testes de fugas tornaram-se uma parte essencial da valida\u00e7\u00e3o de I&amp;D e da inspe\u00e7\u00e3o de rotina da produ\u00e7\u00e3o.<\/p>\n\n\n\n<p>A Cell Instruments Co., Ltd. concebe e fabrica sistemas profissionais de teste de fugas em garrafas que combinam <strong>resultados visuais claros, controlo de v\u00e1cuo est\u00e1vel e configura\u00e7\u00f5es de teste flex\u00edveis<\/strong>, ajudando os profissionais da qualidade a tomar decis\u00f5es seguras com base em dados fi\u00e1veis.<\/p>\n\n\n\n<h2 class=\"wp-block-heading\">Procedimento de ensaio de estanquidade para garrafas (M\u00e9todo de emiss\u00e3o de bolhas de v\u00e1cuo)<\/h2>\n\n\n\n<p>O <strong>procedimento de ensaio de estanquidade para garrafas<\/strong> segue normalmente um princ\u00edpio de emiss\u00e3o de bolhas de v\u00e1cuo, que tamb\u00e9m \u00e9 referido em <em><a href=\"https:\/\/store.astm.org\/d3078-02r21e01.html?_gl=1*1s85z2n*_gcl_aw*R0NMLjE3Njg3ODk3MzcuQ2owS0NRaUFwckxMQmhDTUFSSXNBRURoZFBmZnpaMHVBMGMtdjB4RWdqR0hGSWVCaVZjeTJBM3RfRHV0ajduOVh3QlJuQUVlbGdZOU00TWFBcWlSRUFMd193Y0I.*_gcl_au*MTkwOTY2MzAwNC4xNzY1Nzc5ODUz\" target=\"_blank\" rel=\"noreferrer noopener nofollow\">ASTM D3078<\/a> - M\u00e9todo de ensaio normalizado para a determina\u00e7\u00e3o de fugas em embalagens por emiss\u00e3o de bolhas<\/em>.<\/p>\n\n\n\n<p>Neste m\u00e9todo, a garrafa \u00e9 colocada dentro de uma c\u00e2mara transparente cheia de \u00e1gua. \u00c9 aplicado um v\u00e1cuo controlado, criando um diferencial de press\u00e3o entre o interior e o exterior da garrafa. Se existir uma fuga, o ar preso escapa do defeito e aparece como <strong>um fluxo cont\u00ednuo de bolhas<\/strong>, permitindo aos operadores localizar e confirmar visualmente as fugas.<\/p>\n\n\n\n<p>Este procedimento oferece uma elevada sensibilidade, uma interpreta\u00e7\u00e3o intuitiva e \u00e9 adequado tanto para ambientes laboratoriais como de produ\u00e7\u00e3o.<\/p>\n\n\n\n<h2 class=\"wp-block-heading\">Procedimento de ensaio de estanquidade para garrafas e recipientes de pl\u00e1stico<\/h2>\n\n\n\n<p>O <strong>procedimento de ensaio de estanquidade para garrafas de pl\u00e1stico<\/strong> concentra-se na identifica\u00e7\u00e3o de defeitos causados por inconsist\u00eancias na moldagem, fissuras por tens\u00e3o ou incompatibilidade entre a tampa e o selo. Os recipientes de pl\u00e1stico podem deformar-se ligeiramente sob v\u00e1cuo, pelo que \u00e9 essencial um controlo de press\u00e3o est\u00e1vel e repet\u00edvel.<\/p>\n\n\n\n<p>A <strong>ensaio de estanquidade para recipientes de pl\u00e1stico<\/strong> utilizando um verificador de fugas de garrafas pode ser configurado como:<\/p>\n\n\n\n<ul class=\"wp-block-list\">\n<li><strong>Ensaios n\u00e3o destrutivos<\/strong>, em que a deforma\u00e7\u00e3o se mant\u00e9m dentro dos limites el\u00e1sticos<\/li>\n\n\n\n<li><strong>Ensaios destrutivos<\/strong>, em que n\u00edveis de v\u00e1cuo mais elevados sobrecarregam intencionalmente o contentor<\/li>\n<\/ul>\n\n\n\n<p>Esta flexibilidade permite aos engenheiros simular condi\u00e7\u00f5es do mundo real e definir limites de desempenho seguros.<\/p>\n\n\n\n<h2 class=\"wp-block-heading\">Procedimento de ensaio de estanquidade para garrafas de l\u00edquido utilizando uma c\u00e2mara vazia<\/h2>\n\n\n\n<p>Para embalagens cheias de l\u00edquido, uma alternativa <strong>procedimento de ensaio de estanquidade para garrafas de l\u00edquido<\/strong> utiliza uma c\u00e2mara de v\u00e1cuo vazia sem \u00e1gua. Durante o teste, \u00e9 aplicado um v\u00e1cuo diretamente no ambiente externo. Se ocorrer uma fuga, o l\u00edquido escapa-se da embalagem e torna-se imediatamente vis\u00edvel.<\/p>\n\n\n\n<p>Este m\u00e9todo evita a dilui\u00e7\u00e3o ou contamina\u00e7\u00e3o do meio de teste e funciona bem para bebidas, l\u00edquidos farmac\u00eauticos, solu\u00e7\u00f5es intravenosas e outros recipientes cheios onde a observa\u00e7\u00e3o de bolhas em \u00e1gua pode n\u00e3o ser pr\u00e1tica.<\/p>\n\n\n\n<h2 class=\"wp-block-heading\">Teste de vazamento a v\u00e1cuo para garrafas: Ingresso de corante como ferramenta de verifica\u00e7\u00e3o<\/h2>\n\n\n\n<p>Para al\u00e9m do teste visual de bolhas, alguns protocolos de valida\u00e7\u00e3o exigem um <strong>ensaio de estanquidade no v\u00e1cuo para garrafas<\/strong> utilizando a entrada de corante. O m\u00e9todo do corante azul de metileno introduz uma solu\u00e7\u00e3o colorida em condi\u00e7\u00f5es de v\u00e1cuo. Se existirem fugas, o corante penetra na embalagem e torna-se vis\u00edvel ap\u00f3s a abertura.<\/p>\n\n\n\n<p>Embora destrutiva, esta abordagem fornece uma forte confirma\u00e7\u00e3o qualitativa e apoia frequentemente a valida\u00e7\u00e3o de processos ou estudos comparativos.<\/p>","protected":false},"featured_media":318,"parent":0,"template":"","meta":{"_acf_changed":false},"product-category":[17,13,18,19,20,10],"class_list":["post-309","product","type-product","status-publish","has-post-thumbnail","hentry","product-category-astm-d3078","product-category-astm-d4991","product-category-astm-d5094","product-category-astm-d6653","product-category-astm-f2338","product-category-leak-test"],"acf":[],"_links":{"self":[{"href":"https:\/\/www.bottletest.com\/pt\/wp-json\/wp\/v2\/product\/309","targetHints":{"allow":["GET"]}}],"collection":[{"href":"https:\/\/www.bottletest.com\/pt\/wp-json\/wp\/v2\/product"}],"about":[{"href":"https:\/\/www.bottletest.com\/pt\/wp-json\/wp\/v2\/types\/product"}],"wp:featuredmedia":[{"embeddable":true,"href":"https:\/\/www.bottletest.com\/pt\/wp-json\/wp\/v2\/media\/318"}],"wp:attachment":[{"href":"https:\/\/www.bottletest.com\/pt\/wp-json\/wp\/v2\/media?parent=309"}],"wp:term":[{"taxonomy":"product-category","embeddable":true,"href":"https:\/\/www.bottletest.com\/pt\/wp-json\/wp\/v2\/product-category?post=309"}],"curies":[{"name":"wp","href":"https:\/\/api.w.org\/{rel}","templated":true}]}}