{"id":292,"date":"2026-02-04T07:35:39","date_gmt":"2026-02-04T07:35:39","guid":{"rendered":"https:\/\/www.bottletest.com\/?post_type=product&#038;p=292"},"modified":"2026-02-05T08:13:37","modified_gmt":"2026-02-05T08:13:37","slug":"top-load-tester","status":"publish","type":"product","link":"https:\/\/www.bottletest.com\/pt\/product\/top-load-tester\/","title":{"rendered":"TLT-01 Testador de carga superior"},"content":{"rendered":"<h2 class=\"wp-block-heading\">Ensaio de carga vertical para garrafas: Objetivo e significado pr\u00e1tico<\/h2>\n\n\n\n<p>O <strong>ensaio de carga vertical para garrafas<\/strong> centra-se na forma como um contentor se comporta quando \u00e9 aplicada uma for\u00e7a de compress\u00e3o ao longo do seu eixo central. Esta condi\u00e7\u00e3o de carga simula as tens\u00f5es do mundo real, como o empilhamento de paletes, o armazenamento em armaz\u00e9m e a press\u00e3o superior durante o transporte.<\/p>\n\n\n\n<p>Os principais indicadores de desempenho obtidos com um testador de carga superior incluem<\/p>\n\n\n\n<ul class=\"wp-block-list\">\n<li><strong>Capacidade m\u00e1xima de carga vertical<\/strong> antes da deforma\u00e7\u00e3o ou falha<\/li>\n\n\n\n<li><strong>Carga de elasticidade<\/strong>, em que a rigidez estrutural come\u00e7a a diminuir<\/li>\n\n\n\n<li><strong>Comportamento de deforma\u00e7\u00e3o<\/strong> sob compress\u00e3o controlada<\/li>\n\n\n\n<li><strong>Modo de falha<\/strong>, como a encurvadura ou a fratura fr\u00e1gil<\/li>\n<\/ul>\n\n\n\n<p>Para recipientes de vidro, o teste enfatiza a resist\u00eancia \u00e0 quebra s\u00fabita. Para as garrafas de pl\u00e1stico, o ensaio revela ductilidade, rigidez e robustez de conce\u00e7\u00e3o.<\/p>\n\n\n\n<h2 class=\"wp-block-heading\">Ensaio de carga superior para garrafas de acordo com a norma ASTM D2659<\/h2>\n\n\n\n<p>O <strong>ensaio de carga superior para garrafas<\/strong> fabricado a partir de termopl\u00e1sticos segue os princ\u00edpios definidos no <strong>ASTM D2659<\/strong>, que aborda as propriedades de esmagamento da coluna dos recipientes de pl\u00e1stico soprado.<\/p>\n\n\n\n<p>A norma ASTM D2659 especifica a realiza\u00e7\u00e3o de ensaios sob um <strong>taxa de deforma\u00e7\u00e3o por compress\u00e3o constante<\/strong>, O m\u00e9todo centra-se em O m\u00e9todo centra-se em:<\/p>\n\n\n\n<ul class=\"wp-block-list\">\n<li>Carga de ced\u00eancia de esmagamento<\/li>\n\n\n\n<li>Deflex\u00e3o \u00e0 ced\u00eancia<\/li>\n\n\n\n<li>Carga de esmagamento na rotura<\/li>\n\n\n\n<li>Rigidez aparente ao esmagamento<\/li>\n<\/ul>\n\n\n\n<p>Um aparelho de ensaio de carga superior conforme deve manter uma <strong>velocidade de ensaio est\u00e1vel e control\u00e1vel<\/strong>, normalmente entre 12,5 mm\/min e 50 mm\/min. O alinhamento correto da amostra e a ventila\u00e7\u00e3o desempenham um papel decisivo na precis\u00e3o e seguran\u00e7a do ensaio.<\/p>\n\n\n\n<p>Seguindo a norma ASTM D2659, os engenheiros de embalagem podem utilizar os dados de carga m\u00e1xima para <strong>controlo de qualidade, ensaios de aceita\u00e7\u00e3o e compara\u00e7\u00f5es de I&amp;D<\/strong>, especialmente quando se avaliam altera\u00e7\u00f5es de conce\u00e7\u00e3o ou substitui\u00e7\u00f5es de materiais.<\/p>\n\n\n\n<h2 class=\"wp-block-heading\">Ensaio de carga vertical de garrafas com base na norma ISO 8113<\/h2>\n\n\n\n<p>Para embalagens de vidro, <strong>ISO 8113<\/strong> define o m\u00e9todo normalizado para medir a resist\u00eancia \u00e0 carga vertical. Esta norma internacional garante consist\u00eancia na avalia\u00e7\u00e3o de garrafas utilizadas em bebidas, alimentos e produtos farmac\u00eauticos.<\/p>\n\n\n\n<p>A ISO 8113 enfatiza:<\/p>\n\n\n\n<ul class=\"wp-block-list\">\n<li>Equil\u00edbrio de temperatura entre a amostra e o ambiente<\/li>\n\n\n\n<li>Alinhamento axial exato do recipiente<\/li>\n\n\n\n<li>Utiliza\u00e7\u00e3o de almofadas ou fechos de prote\u00e7\u00e3o para simular condi\u00e7\u00f5es reais de selagem<\/li>\n\n\n\n<li>Aplica\u00e7\u00e3o de for\u00e7a controlada at\u00e9 uma determinada carga ou rutura<\/li>\n<\/ul>\n\n\n\n<p>Um testador de carga superior profissional concebido para a norma ISO 8113 suporta <strong>passar nos testes<\/strong> (carregamento para um valor predefinido) e <strong>testes progressivos<\/strong> (carregamento at\u00e9 \u00e0 falha). Estes resultados ajudam os fabricantes a confirmar que os recipientes de vidro cumprem as especifica\u00e7\u00f5es internas e os requisitos dos clientes.<\/p>\n\n\n\n<h2 class=\"wp-block-heading\">Como funciona o testador de carga superior<\/h2>\n\n\n\n<p>Um testador de carga superior aplica um <strong>for\u00e7a de compress\u00e3o vertical controlada<\/strong> atrav\u00e9s de placas de precis\u00e3o, enquanto mede continuamente a for\u00e7a e a desloca\u00e7\u00e3o. O sistema regista curvas de carga-deslocamento em tempo real, permitindo aos utilizadores observar a resposta estrutural ao longo do ensaio.<\/p>\n\n\n\n<p>Os sistemas modernos da Cell Instruments integram-se:<\/p>\n\n\n\n<ul class=\"wp-block-list\">\n<li>C\u00e9lulas de carga de alta precis\u00e3o<\/li>\n\n\n\n<li>Medi\u00e7\u00e3o de deslocamento de precis\u00e3o<\/li>\n\n\n\n<li>Controlo baseado em PLC com HMI intuitiva<\/li>\n\n\n\n<li>Sa\u00edda de dados digitais para rastreabilidade<\/li>\n<\/ul>\n\n\n\n<p>Esta configura\u00e7\u00e3o garante que todos os ensaios de carga m\u00e1xima das garrafas permane\u00e7am <strong>repet\u00edvel, rastre\u00e1vel e conforme<\/strong> com as normas ASTM e ISO.<\/p>\n\n\n\n<h2 class=\"wp-block-heading\">Porque \u00e9 que os testes de carga de topo criam confian\u00e7a e seguran\u00e7a<\/h2>\n\n\n\n<p>Dados fi\u00e1veis sobre a carga vertical permitem tomar melhores decis\u00f5es ao longo do ciclo de vida da embalagem. Um testador de carga superior validado ajuda:<\/p>\n\n\n\n<ul class=\"wp-block-list\">\n<li>Evitar o colapso do contentor durante a log\u00edstica<\/li>\n\n\n\n<li>Reduzir a utiliza\u00e7\u00e3o de materiais sem comprometer a seguran\u00e7a<\/li>\n\n\n\n<li>Demonstrar a conformidade durante as auditorias e avalia\u00e7\u00f5es dos clientes<\/li>\n\n\n\n<li>Melhorar a consist\u00eancia entre lotes de produ\u00e7\u00e3o<\/li>\n<\/ul>\n\n\n\n<p>Ao alinhar as pr\u00e1ticas de teste com <a href=\"https:\/\/store.astm.org\/d2659-16r23.html?_gl=1*a5mpmp*_gcl_aw*R0NMLjE3Njg3ODk3MzcuQ2owS0NRaUFwckxMQmhDTUFSSXNBRURoZFBmZnpaMHVBMGMtdjB4RWdqR0hGSWVCaVZjeTJBM3RfRHV0ajduOVh3QlJuQUVlbGdZOU00TWFBcWlSRUFMd193Y0I.*_gcl_au*MTkwOTY2MzAwNC4xNzY1Nzc5ODUz\" target=\"_blank\" rel=\"noreferrer noopener nofollow\">ASTM D2659<\/a> e <a href=\"https:\/\/www.iso.org\/standard\/35617.html\" target=\"_blank\" rel=\"noreferrer noopener nofollow\">ISO 8113<\/a>, Os fabricantes refor\u00e7am ambos <strong>credibilidade t\u00e9cnica e confian\u00e7a dos clientes<\/strong>.<\/p>","protected":false},"featured_media":303,"parent":0,"template":"","meta":{"_acf_changed":false},"product-category":[26,27,14],"class_list":["post-292","product","type-product","status-publish","has-post-thumbnail","hentry","product-category-astm-d2659","product-category-iso-8113","product-category-top-load-test"],"acf":[],"_links":{"self":[{"href":"https:\/\/www.bottletest.com\/pt\/wp-json\/wp\/v2\/product\/292","targetHints":{"allow":["GET"]}}],"collection":[{"href":"https:\/\/www.bottletest.com\/pt\/wp-json\/wp\/v2\/product"}],"about":[{"href":"https:\/\/www.bottletest.com\/pt\/wp-json\/wp\/v2\/types\/product"}],"wp:featuredmedia":[{"embeddable":true,"href":"https:\/\/www.bottletest.com\/pt\/wp-json\/wp\/v2\/media\/303"}],"wp:attachment":[{"href":"https:\/\/www.bottletest.com\/pt\/wp-json\/wp\/v2\/media?parent=292"}],"wp:term":[{"taxonomy":"product-category","embeddable":true,"href":"https:\/\/www.bottletest.com\/pt\/wp-json\/wp\/v2\/product-category?post=292"}],"curies":[{"name":"wp","href":"https:\/\/api.w.org\/{rel}","templated":true}]}}