{"id":418,"date":"2026-02-05T08:23:26","date_gmt":"2026-02-05T08:23:26","guid":{"rendered":"https:\/\/www.bottletest.com\/?post_type=product&#038;p=418"},"modified":"2026-02-05T08:26:32","modified_gmt":"2026-02-05T08:26:32","slug":"automatic-torque-tester","status":"publish","type":"product","link":"https:\/\/www.bottletest.com\/pl\/product\/automatic-torque-tester\/","title":{"rendered":"Automatyczny tester momentu obrotowego MCT-01"},"content":{"rendered":"<p><strong>Automatyczny tester momentu obrotowego<\/strong> jest krytycznym przyrz\u0105dem do kontroli jako\u015bci stosowanym do pomiaru momentu dokr\u0119cania i momentu otwierania gwintowanych zamkni\u0119\u0107 butelek i pojemnik\u00f3w. W przemy\u015ble opakowaniowym, takim jak spo\u017cywczy, farmaceutyczny, medyczny i chemiczny, sp\u00f3jno\u015b\u0107 momentu obrotowego ma bezpo\u015bredni wp\u0142yw na <strong>integralno\u015b\u0107 piecz\u0119ci, u\u017cyteczno\u015b\u0107 dla konsumenta i zgodno\u015b\u0107 z przepisami<\/strong>. Niewystarczaj\u0105cy moment obrotowy mo\u017ce spowodowa\u0107 wyciek lub utrat\u0119 wydajno\u015bci bariery, podczas gdy nadmierny moment obrotowy mo\u017ce prowadzi\u0107 do deformacji nasadki lub s\u0142abych wra\u017ce\u0144 u\u017cytkownika.<\/p>\n\n\n\n<h2 class=\"wp-block-heading\">Tester momentu obrotowego dla zakr\u0119tek butelek i momentu otwarcia oraz ASTM D7860<\/h2>\n\n\n\n<p><strong>Tester momentu obrotowego dla zakr\u0119tek do butelek<\/strong> ocenia dwa kluczowe parametry: moment obrotowy aplikacji i <strong>moment otwarcia<\/strong>, cz\u0119sto okre\u015blany jako moment obrotowy usuwania. Warto\u015bci te okre\u015blaj\u0105, jak bezpiecznie zamkni\u0119cie zosta\u0142o zastosowane i jak du\u017c\u0105 si\u0142\u0119 musi w\u0142o\u017cy\u0107 u\u017cytkownik, aby otworzy\u0107 opakowanie. Norma ASTM D7860 zapewnia znormalizowane ramy do pomiaru momentu obrotowego ci\u0105g\u0142ych zamkni\u0119\u0107 gwintowych przy u\u017cyciu zautomatyzowanego sprz\u0119tu do testowania momentu obrotowego, co czyni j\u0105 podstaw\u0105 odniesienia dla laboratori\u00f3w na ca\u0142ym \u015bwiecie.<\/p>\n\n\n\n<p>Norma ASTM D7860 definiuje wa\u017cne poj\u0119cia, takie jak <strong>suchy moment obrotowy<\/strong>, <strong>Moment natychmiastowego usuni\u0119cia<\/strong>, oraz <strong>Utrzymywanie momentu obrotowego<\/strong>, zapewniaj\u0105c por\u00f3wnywalno\u015b\u0107 wynik\u00f3w dla r\u00f3\u017cnych materia\u0142\u00f3w, konstrukcji zamkni\u0119\u0107 i warunk\u00f3w przechowywania. Przestrzegaj\u0105c tego standardu, automatyczny tester momentu obrotowego mo\u017ce dostarcza\u0107 wyniki, kt\u00f3re wspieraj\u0105 rozw\u00f3j opakowa\u0144, walidacj\u0119 in\u017cynieryjn\u0105 i rutynow\u0105 kontrol\u0119 jako\u015bci.<\/p>\n\n\n\n<h2 class=\"wp-block-heading\">Jak dzia\u0142a automatyczny tester momentu obrotowego<\/h2>\n\n\n\n<p>Automatyczny tester momentu obrotowego dzia\u0142a przy u\u017cyciu <strong>zmotoryzowany system obrotowy<\/strong> w po\u0142\u0105czeniu z precyzyjnym przetwornikiem momentu obrotowego. Butelka i nasadka s\u0105 zamocowane koncentrycznie, aby unikn\u0105\u0107 obci\u0105\u017cenia mimo\u015brodowego, zapewniaj\u0105c powtarzalne i dok\u0142adne pomiary.<\/p>\n\n\n\n<p>Podczas testowania przyrz\u0105d wykonuje kontrolowany ruch obrotowy ze sta\u0142\u0105 pr\u0119dko\u015bci\u0105 lub ramp\u0105 momentu obrotowego. Sygna\u0142 momentu obrotowego jest rejestrowany w spos\u00f3b ci\u0105g\u0142y, a warto\u015b\u0107 <strong>szczytowy moment otwarcia<\/strong> jest rejestrowany automatycznie. Takie podej\u015bcie \u015bci\u015ble odzwierciedla rzeczywiste warunki otwarcia, minimalizuj\u0105c wp\u0142yw operatora.<\/p>\n\n\n\n<p>W por\u00f3wnaniu z urz\u0105dzeniami r\u0119cznymi, automatyczny tester momentu obrotowego oferuje <strong>wy\u017csza powtarzalno\u015b\u0107, mniej b\u0142\u0119d\u00f3w ludzkich i lepsze dostosowanie do wymaga\u0144 normy ASTM D7860<\/strong>, zw\u0142aszcza podczas testowania utrzymania momentu obrotowego w czasie lub po kondycjonowaniu \u015brodowiskowym.<\/p>\n\n\n\n<h2 class=\"wp-block-heading\">Znaczenie normy ASTM D7860 w zautomatyzowanych testach momentu obrotowego<\/h2>\n\n\n\n<p>Norma ASTM D7860 k\u0142adzie nacisk na stosowanie <strong>zautomatyzowane mierniki momentu obrotowego oparte na przetwornikach<\/strong> dzia\u0142aj\u0105ce przy znanych pr\u0119dko\u015bciach obrotowych. Wym\u00f3g ten istnieje, poniewa\u017c zachowanie momentu obrotowego zmienia si\u0119 wraz z pr\u0119dko\u015bci\u0105 i warunkami testu. Zautomatyzowane systemy zapewniaj\u0105, \u017ce ka\u017cda pr\u00f3bka do\u015bwiadcza tych samych parametr\u00f3w testowych, co znacznie poprawia wiarygodno\u015b\u0107 danych.<\/p>\n\n\n\n<p>Standard obs\u0142uguje zar\u00f3wno <strong>ocena statyczna<\/strong> oraz <strong>ocena dynamiczna<\/strong>, umo\u017cliwiaj\u0105c producentom ocen\u0119 zachowania momentu obrotowego po przechowywaniu lub symulowanej dystrybucji. W przypadku zamkni\u0119\u0107 zabezpieczonych przed dzie\u0107mi i niezabezpieczonych przed dzie\u0107mi, norma ASTM D7860 pomaga zweryfikowa\u0107, czy moment otwarcia pozostaje w bezpiecznym i funkcjonalnym zakresie przez ca\u0142y cykl \u017cycia produktu.<\/p>\n\n\n\n<p>Dzi\u0119ki zgodno\u015bci z norm\u0105 ASTM D7860, automatyczny tester momentu obrotowego wzmacnia gotowo\u015b\u0107 do audytu i zwi\u0119ksza zaufanie klient\u00f3w do system\u00f3w jako\u015bci opakowa\u0144.<\/p>","protected":false},"featured_media":419,"parent":0,"template":"","meta":{"_acf_changed":false},"product-category":[25,24],"class_list":["post-418","product","type-product","status-publish","has-post-thumbnail","hentry","product-category-astm-d7860","product-category-torque-tester"],"acf":[],"_links":{"self":[{"href":"https:\/\/www.bottletest.com\/pl\/wp-json\/wp\/v2\/product\/418","targetHints":{"allow":["GET"]}}],"collection":[{"href":"https:\/\/www.bottletest.com\/pl\/wp-json\/wp\/v2\/product"}],"about":[{"href":"https:\/\/www.bottletest.com\/pl\/wp-json\/wp\/v2\/types\/product"}],"wp:featuredmedia":[{"embeddable":true,"href":"https:\/\/www.bottletest.com\/pl\/wp-json\/wp\/v2\/media\/419"}],"wp:attachment":[{"href":"https:\/\/www.bottletest.com\/pl\/wp-json\/wp\/v2\/media?parent=418"}],"wp:term":[{"taxonomy":"product-category","embeddable":true,"href":"https:\/\/www.bottletest.com\/pl\/wp-json\/wp\/v2\/product-category?post=418"}],"curies":[{"name":"wp","href":"https:\/\/api.w.org\/{rel}","templated":true}]}}