{"id":411,"date":"2026-02-05T06:24:39","date_gmt":"2026-02-05T06:24:39","guid":{"rendered":"https:\/\/www.bottletest.com\/?post_type=product&#038;p=411"},"modified":"2026-02-05T06:30:41","modified_gmt":"2026-02-05T06:30:41","slug":"carbonation-tester","status":"publish","type":"product","link":"https:\/\/www.bottletest.com\/pl\/product\/carbonation-tester\/","title":{"rendered":"CLRT-01 Tester nasycenia dwutlenkiem w\u0119gla"},"content":{"rendered":"<p><strong>Tester nasycenia dwutlenkiem w\u0119gla<\/strong> to krytyczny przyrz\u0105d analityczny u\u017cywany do pomiaru poziomu nasycenia dwutlenkiem w\u0119gla, retencji CO\u2082 i obj\u0119to\u015bci gazu w napojach gazowanych w zamkni\u0119tych pojemnikach. Dla producent\u00f3w napoj\u00f3w, dostawc\u00f3w opakowa\u0144 i agencji kontroli jako\u015bci dok\u0142adna kontrola nasycenia dwutlenkiem w\u0119gla ma bezpo\u015bredni wp\u0142yw na <strong>smak, odczucie w ustach, trwa\u0142o\u015b\u0107 i sp\u00f3jno\u015b\u0107 marki<\/strong>.<\/p>\n\n\n\n<p>Cell Instruments Co., Ltd. projektuje i produkuje zaawansowane testery nasycenia dwutlenkiem w\u0119gla, kt\u00f3re wspieraj\u0105 precyzyjn\u0105, powtarzaln\u0105 i zgodn\u0105 z normami ocen\u0119 nasycenia dwutlenkiem w\u0119gla butelek PET, szklanych butelek, puszek i niestandardowych format\u00f3w opakowa\u0144. \u0141\u0105cz\u0105c automatyzacj\u0119, wysok\u0105 dok\u0142adno\u015b\u0107 wykrywania i znormalizowan\u0105 logik\u0119 testow\u0105, nasze systemy pomagaj\u0105 u\u017cytkownikom zmniejszy\u0107 liczb\u0119 b\u0142\u0119d\u00f3w ludzkich, jednocze\u015bnie zwi\u0119kszaj\u0105c wiarygodno\u015b\u0107 danych i zaufanie klient\u00f3w.<\/p>\n\n\n\n<h2 class=\"wp-block-heading\">Test obj\u0119to\u015bci gazu zgodnie z ASTM F1115<\/h2>\n\n\n\n<p>The <strong>test obj\u0119to\u015bci gazu<\/strong> zdefiniowany w <strong>ASTM F1115<\/strong> zapewnia znormalizowane podej\u015bcie do okre\u015blania utraty dwutlenku w\u0119gla i retencji dwutlenku w\u0119gla w pojemnikach na napoje. Ta metoda testowa ocenia, jak dobrze opakowanie utrzymuje pocz\u0105tkowy poziom nasycenia dwutlenkiem w\u0119gla w czasie w kontrolowanych warunkach.<\/p>\n\n\n\n<p>Norma ASTM F1115 okre\u015bla dwie uzupe\u0142niaj\u0105ce si\u0119 procedury:<\/p>\n\n\n\n<ul class=\"wp-block-list\">\n<li><strong>Procedura A<\/strong> koncentruje si\u0119 na rozwoju opakowa\u0144 i badaniach nad okresem przydatno\u015bci do spo\u017cycia. Opiera si\u0119 na czu\u0142ym pomiarze ci\u015bnienia i temperatury w zamkni\u0119tym systemie i wymaga wiedzy analitycznej na poziomie laboratoryjnym. Podej\u015bcie to pomaga in\u017cynierom oceni\u0107 wydajno\u015b\u0107 strukturaln\u0105, integralno\u015b\u0107 zamkni\u0119cia i d\u0142ugoterminowe w\u0142a\u015bciwo\u015bci zatrzymywania CO\u2082 w nowych projektach pojemnik\u00f3w.<\/li>\n\n\n\n<li><strong>Procedura B<\/strong> s\u0142u\u017cy jako praktyczna metoda kontroli jako\u015bci w operacjach nape\u0142niania napoj\u00f3w. K\u0142adzie ona nacisk na prostot\u0119 obs\u0142ugi przy jednoczesnym zachowaniu niezawodnej dok\u0142adno\u015bci. Zautomatyzowane lub r\u0119czne testery nasycenia dwutlenkiem w\u0119gla mierz\u0105 wewn\u0119trzne ci\u015bnienie i temperatur\u0119 po kontrolowanym mieszaniu, a nast\u0119pnie obliczaj\u0105 poziomy nasycenia dwutlenkiem w\u0119gla przy u\u017cyciu ustalonych tabel nasycenia dwutlenkiem w\u0119gla. Ze wzgl\u0119du na swoj\u0105 wydajno\u015b\u0107 i powtarzalno\u015b\u0107, procedura B jest szeroko stosowana w \u015brodowiskach produkcyjnych.<\/li>\n<\/ul>\n\n\n\n<p>Nowoczesny tester nasycenia dwutlenkiem w\u0119gla zaprojektowany zgodnie z norm\u0105 ASTM F1115 pozwala u\u017cytkownikom obliczy\u0107 utrat\u0119 nasycenia dwutlenkiem w\u0119gla, szybko\u015b\u0107 przenoszenia nasycenia dwutlenkiem w\u0119gla i oczekiwany okres przydatno\u015bci do spo\u017cycia poprzez \u015bledzenie retencji CO\u2082 w czasie. Wyniki te bezpo\u015brednio wspieraj\u0105 optymalizacj\u0119 opakowa\u0144 i kontrol\u0119 procesu.<\/p>\n\n\n\n<h2 class=\"wp-block-heading\">Jak dzia\u0142a tester nasycenia dwutlenkiem w\u0119gla<\/h2>\n\n\n\n<p>Tester nasycenia dwutlenkiem w\u0119gla mierzy nasycenie dwutlenkiem w\u0119gla poprzez ustanowienie r\u00f3wnowagi mi\u0119dzy rozpuszczonym CO\u2082, ci\u015bnieniem wewn\u0119trznym i temperatur\u0105 wewn\u0105trz szczelnie zamkni\u0119tego pojemnika. Typowy przebieg pracy obejmuje:<\/p>\n\n\n\n<ul class=\"wp-block-list\">\n<li><strong>Automatyczne przek\u0142uwanie nasadki<\/strong> dost\u0119p do ci\u015bnienia wewn\u0119trznego bez niekontrolowanej utraty gazu<\/li>\n\n\n\n<li><strong>Stabilizacja ci\u015bnienia<\/strong> aby wyeliminowa\u0107 efekty przej\u015bciowe<\/li>\n\n\n\n<li><strong>Kontrolowane pobudzenie<\/strong> aby zapewni\u0107 r\u00f3wnomierny rozk\u0142ad CO\u2082<\/li>\n\n\n\n<li><strong>Jednoczesny pomiar ci\u015bnienia i temperatury<\/strong><\/li>\n\n\n\n<li><strong>Natychmiastowe obliczanie obj\u0119to\u015bci gazu<\/strong> Korzystanie z wbudowanych tabel nasycania dwutlenkiem w\u0119gla<\/li>\n<\/ul>\n\n\n\n<p>Proces ten zapewnia, \u017ce ka\u017cdy test odzwierciedla rzeczywisty stan nasycenia napoju dwutlenkiem w\u0119gla, a nie technik\u0119 operatora lub zmienno\u015b\u0107 \u015brodowiska.<\/p>\n\n\n\n<h2 class=\"wp-block-heading\">Zautomatyzowane testy nasycania dwutlenkiem w\u0119gla za pomoc\u0105 CLRT-01<\/h2>\n\n\n\n<p>The <strong>CLRT-01 Tester nasycenia dwutlenkiem w\u0119gla<\/strong> od Cell Instruments zwi\u0119ksza <a href=\"https:\/\/store.astm.org\/f1115-16r23.html?_gl=1*1e32tpu*_gcl_aw*R0NMLjE3Njg3ODk3MzcuQ2owS0NRaUFwckxMQmhDTUFSSXNBRURoZFBmZnpaMHVBMGMtdjB4RWdqR0hGSWVCaVZjeTJBM3RfRHV0ajduOVh3QlJuQUVlbGdZOU00TWFBcWlSRUFMd193Y0I.*_gcl_au*MTkwOTY2MzAwNC4xNzY1Nzc5ODUz\" target=\"_blank\" rel=\"noreferrer noopener nofollow\">ASTM F1115<\/a>-w pe\u0142ni zautomatyzowany, odporny na b\u0142\u0119dy przep\u0142yw pracy. System integruje sterowanie mechaniczne, cyfrowe czujniki i inteligentne obliczenia w jednej kompaktowej platformie.<\/p>\n\n\n\n<p><strong>Kluczowe zalety automatyzacji obejmuj\u0105:<\/strong><\/p>\n\n\n\n<ul class=\"wp-block-list\">\n<li><strong>Precyzyjnie kontrolowane przebijanie nasadki<\/strong> ze stabiln\u0105 pr\u0119dko\u015bci\u0105 penetracji<\/li>\n\n\n\n<li><strong>Mieszanie nap\u0119dzane serwomechanizmem<\/strong> dla sp\u00f3jnej r\u00f3wnowagi CO\u2082<\/li>\n\n\n\n<li><strong>Rejestracja ci\u015bnienia i temperatury w czasie rzeczywistym<\/strong> przy u\u017cyciu czujnik\u00f3w o wysokiej rozdzielczo\u015bci<\/li>\n\n\n\n<li><strong>Natychmiastowy wska\u017anik poziomu CO\u2082<\/strong>, eliminuj\u0105c r\u0119czne wyszukiwanie i obliczanie<\/li>\n<\/ul>\n\n\n\n<p>Taka konstrukcja znacznie skraca czas testowania, jednocze\u015bnie poprawiaj\u0105c powtarzalno\u015b\u0107, dzi\u0119ki czemu tester nasycenia dwutlenkiem w\u0119gla nadaje si\u0119 zar\u00f3wno do analizy laboratoryjnej, jak i kontroli jako\u015bci na linii produkcyjnej.<\/p>\n\n\n\n<h2 class=\"wp-block-heading\">Dlaczego dok\u0142adne testy nasycenia dwutlenkiem w\u0119gla maj\u0105 znaczenie<\/h2>\n\n\n\n<p>Utrata nasycenia dwutlenkiem w\u0119gla ma bezpo\u015bredni wp\u0142yw na jako\u015b\u0107 napoju. Nawet niewielkie odchylenie od docelowego poziomu CO\u2082 mo\u017ce zmieni\u0107 percepcj\u0119 smaku i zmniejszy\u0107 akceptacj\u0119 konsument\u00f3w. Wiarygodne testy nasycenia dwutlenkiem w\u0119gla umo\u017cliwiaj\u0105 producentom<\/p>\n\n\n\n<ul class=\"wp-block-list\">\n<li>Utrzymanie sp\u00f3jnego smaku i konsystencji produktu<\/li>\n\n\n\n<li>Weryfikacja zamkni\u0119cia i integralno\u015bci opakowania<\/li>\n\n\n\n<li>Przewidywanie okresu przydatno\u015bci do spo\u017cycia na podstawie trend\u00f3w retencji dwutlenku w\u0119gla<\/li>\n\n\n\n<li>Spe\u0142nianie wewn\u0119trznych standard\u00f3w jako\u015bci i zewn\u0119trznych wymog\u00f3w regulacyjnych<\/li>\n<\/ul>\n\n\n\n<p>Wdra\u017caj\u0105c precyzyjny tester nasycenia dwutlenkiem w\u0119gla, zespo\u0142y kontroli jako\u015bci uzyskuj\u0105 przydatne dane, kt\u00f3re wspieraj\u0105 zar\u00f3wno codzienne decyzje produkcyjne, jak i d\u0142ugoterminowy rozw\u00f3j opakowa\u0144.<\/p>","protected":false},"featured_media":410,"parent":0,"template":"","meta":{"_acf_changed":false},"product-category":[23,22],"class_list":["post-411","product","type-product","status-publish","has-post-thumbnail","hentry","product-category-astm-f1115","product-category-carbonation-test"],"acf":[],"_links":{"self":[{"href":"https:\/\/www.bottletest.com\/pl\/wp-json\/wp\/v2\/product\/411","targetHints":{"allow":["GET"]}}],"collection":[{"href":"https:\/\/www.bottletest.com\/pl\/wp-json\/wp\/v2\/product"}],"about":[{"href":"https:\/\/www.bottletest.com\/pl\/wp-json\/wp\/v2\/types\/product"}],"wp:featuredmedia":[{"embeddable":true,"href":"https:\/\/www.bottletest.com\/pl\/wp-json\/wp\/v2\/media\/410"}],"wp:attachment":[{"href":"https:\/\/www.bottletest.com\/pl\/wp-json\/wp\/v2\/media?parent=411"}],"wp:term":[{"taxonomy":"product-category","embeddable":true,"href":"https:\/\/www.bottletest.com\/pl\/wp-json\/wp\/v2\/product-category?post=411"}],"curies":[{"name":"wp","href":"https:\/\/api.w.org\/{rel}","templated":true}]}}