{"id":309,"date":"2026-02-04T08:18:06","date_gmt":"2026-02-04T08:18:06","guid":{"rendered":"https:\/\/www.bottletest.com\/?post_type=product&#038;p=309"},"modified":"2026-02-04T08:20:59","modified_gmt":"2026-02-04T08:20:59","slug":"bottle-leak-tester","status":"publish","type":"product","link":"https:\/\/www.bottletest.com\/pl\/product\/bottle-leak-tester\/","title":{"rendered":"Tester szczelno\u015bci butelek BLT-03"},"content":{"rendered":"<p>B<strong>tester szczelno\u015bci przepustnicy<\/strong> jest krytycznym przyrz\u0105dem do kontroli jako\u015bci stosowanym do oceny szczelno\u015bci butelek i sztywnych lub p\u00f3\u0142sztywnych pojemnik\u00f3w. W bran\u017cach takich jak opakowania, \u017cywno\u015b\u0107 i napoje, farmaceutyki, urz\u0105dzenia medyczne i chemikalia codziennego u\u017cytku, nawet mikroskopijne nieszczelno\u015bci mog\u0105 prowadzi\u0107 do zanieczyszczenia, skr\u00f3cenia okresu przydatno\u015bci do spo\u017cycia lub niezgodno\u015bci z przepisami. Z tego powodu testy szczelno\u015bci sta\u0142y si\u0119 istotn\u0105 cz\u0119\u015bci\u0105 zar\u00f3wno walidacji bada\u0144 i rozwoju, jak i rutynowej kontroli produkcji.<\/p>\n\n\n\n<p>Cell Instruments Co., Ltd. projektuje i produkuje profesjonalne systemy testowania szczelno\u015bci butelek, kt\u00f3re \u0142\u0105cz\u0105 w sobie <strong>wyra\u017ane wyniki wizualne, stabilna kontrola podci\u015bnienia i elastyczne konfiguracje testowe<\/strong>, pomagaj\u0105c specjalistom ds. jako\u015bci podejmowa\u0107 pewne decyzje w oparciu o wiarygodne dane.<\/p>\n\n\n\n<h2 class=\"wp-block-heading\">Procedura testu szczelno\u015bci butelek (metoda emisji p\u0119cherzyk\u00f3w pr\u00f3\u017cniowych)<\/h2>\n\n\n\n<p>The <strong>Procedura testu szczelno\u015bci butelek<\/strong> Powszechnie stosuje si\u0119 zasad\u0119 emisji p\u0119cherzyk\u00f3w pr\u00f3\u017cniowych, do kt\u00f3rej odwo\u0142uje si\u0119 r\u00f3wnie\u017c <em><a href=\"https:\/\/store.astm.org\/d3078-02r21e01.html?_gl=1*1s85z2n*_gcl_aw*R0NMLjE3Njg3ODk3MzcuQ2owS0NRaUFwckxMQmhDTUFSSXNBRURoZFBmZnpaMHVBMGMtdjB4RWdqR0hGSWVCaVZjeTJBM3RfRHV0ajduOVh3QlJuQUVlbGdZOU00TWFBcWlSRUFMd193Y0I.*_gcl_au*MTkwOTY2MzAwNC4xNzY1Nzc5ODUz\" target=\"_blank\" rel=\"noreferrer noopener nofollow\">ASTM D3078<\/a> - Standardowa metoda testowa do okre\u015blania nieszczelno\u015bci w opakowaniach za pomoc\u0105 emisji p\u0119cherzyk\u00f3w powietrza<\/em>.<\/p>\n\n\n\n<p>W tej metodzie butelka jest umieszczana wewn\u0105trz przezroczystej komory wype\u0142nionej wod\u0105. Stosowana jest kontrolowana pr\u00f3\u017cnia, tworz\u0105c r\u00f3\u017cnic\u0119 ci\u015bnie\u0144 mi\u0119dzy wn\u0119trzem i zewn\u0119trzem butelki. Je\u015bli istnieje nieszczelno\u015b\u0107, uwi\u0119zione powietrze wydostaje si\u0119 z defektu i pojawia si\u0119 jako <strong>ci\u0105g\u0142y strumie\u0144 b\u0105belk\u00f3w<\/strong>, umo\u017cliwiaj\u0105c operatorom wizualne zlokalizowanie i potwierdzenie wycieku.<\/p>\n\n\n\n<p>Procedura ta oferuje wysok\u0105 czu\u0142o\u015b\u0107, intuicyjn\u0105 interpretacj\u0119 i przydatno\u015b\u0107 zar\u00f3wno w \u015brodowisku laboratoryjnym, jak i produkcyjnym.<\/p>\n\n\n\n<h2 class=\"wp-block-heading\">Procedura testu szczelno\u015bci plastikowych butelek i plastikowych pojemnik\u00f3w<\/h2>\n\n\n\n<p>The <strong>Procedura testu szczelno\u015bci plastikowych butelek<\/strong> koncentruje si\u0119 na identyfikacji wad spowodowanych niesp\u00f3jno\u015bciami formowania, p\u0119kaniem napr\u0119\u017ceniowym lub niedopasowaniem zamkni\u0119cia. Plastikowe pojemniki mog\u0105 nieznacznie odkszta\u0142ca\u0107 si\u0119 pod wp\u0142ywem podci\u015bnienia, dlatego niezb\u0119dna jest stabilna i powtarzalna kontrola ci\u015bnienia.<\/p>\n\n\n\n<p>A <strong>Test szczelno\u015bci plastikowych pojemnik\u00f3w<\/strong> przy u\u017cyciu testera szczelno\u015bci butelek mo\u017cna skonfigurowa\u0107 jako:<\/p>\n\n\n\n<ul class=\"wp-block-list\">\n<li><strong>Badania nieniszcz\u0105ce<\/strong>, gdzie odkszta\u0142cenie pozostaje w granicach spr\u0119\u017cysto\u015bci<\/li>\n\n\n\n<li><strong>Testy niszcz\u0105ce<\/strong>, gdzie wy\u017csze poziomy pr\u00f3\u017cni celowo obci\u0105\u017caj\u0105 pojemnik<\/li>\n<\/ul>\n\n\n\n<p>Ta elastyczno\u015b\u0107 pozwala in\u017cynierom symulowa\u0107 rzeczywiste warunki i definiowa\u0107 bezpieczne limity wydajno\u015bci.<\/p>\n\n\n\n<h2 class=\"wp-block-heading\">Procedura testu szczelno\u015bci butelek z p\u0142ynem przy u\u017cyciu pustej komory<\/h2>\n\n\n\n<p>W przypadku opakowa\u0144 wype\u0142nionych ciecz\u0105 alternatyw\u0105 jest <strong>procedura testu szczelno\u015bci butelek z p\u0142ynem<\/strong> wykorzystuje pust\u0105 komor\u0119 pr\u00f3\u017cniow\u0105 bez wody. Podczas test\u00f3w pr\u00f3\u017cnia jest stosowana bezpo\u015brednio do \u015brodowiska zewn\u0119trznego. Je\u015bli dojdzie do wycieku, ciecz wydostaje si\u0119 z opakowania i staje si\u0119 natychmiast widoczna.<\/p>\n\n\n\n<p>Metoda ta pozwala unikn\u0105\u0107 rozcie\u0144czenia lub zanieczyszczenia badanego medium i sprawdza si\u0119 dobrze w przypadku napoj\u00f3w, p\u0142yn\u00f3w farmaceutycznych, roztwor\u00f3w do\u017cylnych i innych wype\u0142nionych pojemnik\u00f3w, w kt\u00f3rych obserwacja p\u0119cherzyk\u00f3w w wodzie mo\u017ce by\u0107 niepraktyczna.<\/p>\n\n\n\n<h2 class=\"wp-block-heading\">Pr\u00f3\u017cniowy test szczelno\u015bci butelek: Wnikanie barwnika jako narz\u0119dzie weryfikacji<\/h2>\n\n\n\n<p>Opr\u00f3cz wizualnych test\u00f3w p\u0119cherzykowych, niekt\u00f3re protoko\u0142y walidacji wymagaj\u0105 <strong>pr\u00f3\u017cniowy test szczelno\u015bci butelek<\/strong> przy u\u017cyciu wnikania barwnika. Metoda z u\u017cyciem barwnika b\u0142\u0119kitu metylenowego polega na wprowadzeniu kolorowego roztworu w warunkach pr\u00f3\u017cni. W przypadku nieszczelno\u015bci barwnik przenika do opakowania i staje si\u0119 widoczny po jego otwarciu.<\/p>\n\n\n\n<p>Cho\u0107 destrukcyjne, podej\u015bcie to zapewnia silne potwierdzenie jako\u015bciowe i cz\u0119sto wspiera walidacj\u0119 procesu lub badania por\u00f3wnawcze.<\/p>","protected":false},"featured_media":318,"parent":0,"template":"","meta":{"_acf_changed":false},"product-category":[17,13,18,19,20,10],"class_list":["post-309","product","type-product","status-publish","has-post-thumbnail","hentry","product-category-astm-d3078","product-category-astm-d4991","product-category-astm-d5094","product-category-astm-d6653","product-category-astm-f2338","product-category-leak-test"],"acf":[],"_links":{"self":[{"href":"https:\/\/www.bottletest.com\/pl\/wp-json\/wp\/v2\/product\/309","targetHints":{"allow":["GET"]}}],"collection":[{"href":"https:\/\/www.bottletest.com\/pl\/wp-json\/wp\/v2\/product"}],"about":[{"href":"https:\/\/www.bottletest.com\/pl\/wp-json\/wp\/v2\/types\/product"}],"wp:featuredmedia":[{"embeddable":true,"href":"https:\/\/www.bottletest.com\/pl\/wp-json\/wp\/v2\/media\/318"}],"wp:attachment":[{"href":"https:\/\/www.bottletest.com\/pl\/wp-json\/wp\/v2\/media?parent=309"}],"wp:term":[{"taxonomy":"product-category","embeddable":true,"href":"https:\/\/www.bottletest.com\/pl\/wp-json\/wp\/v2\/product-category?post=309"}],"curies":[{"name":"wp","href":"https:\/\/api.w.org\/{rel}","templated":true}]}}