{"id":292,"date":"2026-02-04T07:35:39","date_gmt":"2026-02-04T07:35:39","guid":{"rendered":"https:\/\/www.bottletest.com\/?post_type=product&#038;p=292"},"modified":"2026-02-05T08:13:37","modified_gmt":"2026-02-05T08:13:37","slug":"top-load-tester","status":"publish","type":"product","link":"https:\/\/www.bottletest.com\/pl\/product\/top-load-tester\/","title":{"rendered":"Tester g\u00f3rnego obci\u0105\u017cenia TLT-01"},"content":{"rendered":"<h2 class=\"wp-block-heading\">Test obci\u0105\u017cenia pionowego butelki: Cel i praktyczne znaczenie<\/h2>\n\n\n\n<p>The <strong>Test obci\u0105\u017cenia pionowego dla butelki<\/strong> koncentruje si\u0119 na tym, jak zachowuje si\u0119 pojemnik, gdy si\u0142a \u015bciskaj\u0105ca jest przy\u0142o\u017cona wzd\u0142u\u017c jego osi \u015brodkowej. Ten warunek obci\u0105\u017cenia symuluje rzeczywiste napr\u0119\u017cenia, takie jak uk\u0142adanie palet, przechowywanie w magazynie i g\u00f3rny nacisk podczas transportu.<\/p>\n\n\n\n<p>Kluczowe wska\u017aniki wydajno\u015bci uzyskane za pomoc\u0105 testera g\u00f3rnego obci\u0105\u017cenia obejmuj\u0105:<\/p>\n\n\n\n<ul class=\"wp-block-list\">\n<li><strong>Maksymalny ud\u017awig pionowy<\/strong> przed deformacj\u0105 lub awari\u0105<\/li>\n\n\n\n<li><strong>Obci\u0105\u017cenie uzysku<\/strong>, gdzie sztywno\u015b\u0107 strukturalna zaczyna spada\u0107<\/li>\n\n\n\n<li><strong>Zachowanie przy odkszta\u0142ceniu<\/strong> pod kontrolowan\u0105 kompresj\u0105<\/li>\n\n\n\n<li><strong>Tryb awarii<\/strong>, takie jak wyboczenie lub kruche p\u0119kni\u0119cie<\/li>\n<\/ul>\n\n\n\n<p>W przypadku pojemnik\u00f3w szklanych test podkre\u015bla odporno\u015b\u0107 na nag\u0142e p\u0119kni\u0119cie. W przypadku plastikowych butelek test ujawnia plastyczno\u015b\u0107, sztywno\u015b\u0107 i wytrzyma\u0142o\u015b\u0107 konstrukcji.<\/p>\n\n\n\n<h2 class=\"wp-block-heading\">Test g\u00f3rnego obci\u0105\u017cenia dla butelek zgodnie z ASTM D2659<\/h2>\n\n\n\n<p>The <strong>Test g\u00f3rnego obci\u0105\u017cenia dla butelek<\/strong> wykonane z tworzyw termoplastycznych s\u0105 zgodne z zasadami okre\u015blonymi w <strong>ASTM D2659<\/strong>, kt\u00f3ry dotyczy w\u0142a\u015bciwo\u015bci zgniatania kolumn rozdmuchiwanych pojemnik\u00f3w plastikowych.<\/p>\n\n\n\n<p>Norma ASTM D2659 okre\u015bla testy w warunkach <strong>sta\u0142y wsp\u00f3\u0142czynnik ugi\u0119cia przy \u015bciskaniu<\/strong>, zapewniaj\u0105c, \u017ce wyniki pozostaj\u0105 por\u00f3wnywalne w r\u00f3\u017cnych laboratoriach. Metoda koncentruje si\u0119 na:<\/p>\n\n\n\n<ul class=\"wp-block-list\">\n<li>Granica plastyczno\u015bci przy zgniataniu<\/li>\n\n\n\n<li>Ugi\u0119cie przy granicy plastyczno\u015bci<\/li>\n\n\n\n<li>Obci\u0105\u017cenie zgniataj\u0105ce przy uszkodzeniu<\/li>\n\n\n\n<li>Pozorna sztywno\u015b\u0107 na zgniatanie<\/li>\n<\/ul>\n\n\n\n<p>Zgodny tester g\u00f3rnego obci\u0105\u017cenia musi utrzymywa\u0107 <strong>Stabilna i kontrolowana pr\u0119dko\u015b\u0107 testu<\/strong>, zazwyczaj w zakresie od 12,5 mm\/min do 50 mm\/min. Prawid\u0142owe ustawienie pr\u00f3bki i odpowietrzenie odgrywaj\u0105 decyduj\u0105c\u0105 rol\u0119 w dok\u0142adno\u015bci i bezpiecze\u0144stwie testu.<\/p>\n\n\n\n<p>Post\u0119puj\u0105c zgodnie z norm\u0105 ASTM D2659, in\u017cynierowie ds. opakowa\u0144 mog\u0105 wykorzystywa\u0107 dane dotycz\u0105ce maksymalnego obci\u0105\u017cenia dla <strong>kontrola jako\u015bci, testy akceptacyjne i por\u00f3wnania badawczo-rozwojowe<\/strong>, zw\u0142aszcza przy ocenie zmian projektowych lub substytucji materia\u0142\u00f3w.<\/p>\n\n\n\n<h2 class=\"wp-block-heading\">Testowanie obci\u0105\u017cenia pionowego butelek w oparciu o norm\u0119 ISO 8113<\/h2>\n\n\n\n<p>Dla opakowa\u0144 szklanych, <strong>ISO 8113<\/strong> okre\u015bla znormalizowan\u0105 metod\u0119 pomiaru odporno\u015bci na obci\u0105\u017cenie pionowe. Ten mi\u0119dzynarodowy standard zapewnia sp\u00f3jno\u015b\u0107 podczas oceny butelek stosowanych w napojach, \u017cywno\u015bci i farmaceutykach.<\/p>\n\n\n\n<p>ISO 8113 podkre\u015bla:<\/p>\n\n\n\n<ul class=\"wp-block-list\">\n<li>R\u00f3wnowaga temperaturowa mi\u0119dzy pr\u00f3bk\u0105 a otoczeniem<\/li>\n\n\n\n<li>Dok\u0142adne osiowe ustawienie pojemnika<\/li>\n\n\n\n<li>U\u017cycie podk\u0142adek ochronnych lub zamkni\u0119\u0107 w celu symulacji rzeczywistych warunk\u00f3w uszczelnienia<\/li>\n\n\n\n<li>Kontrolowane przy\u0142o\u017cenie si\u0142y do okre\u015blonego obci\u0105\u017cenia lub p\u0119kni\u0119cia<\/li>\n<\/ul>\n\n\n\n<p>Profesjonalny tester g\u00f3rnego obci\u0105\u017cenia zaprojektowany zgodnie z norm\u0105 ISO 8113 obs\u0142uguje zar\u00f3wno <strong>zda\u0107 testy<\/strong> (\u0142adowanie do predefiniowanej warto\u015bci) i <strong>testy progresywne<\/strong> (obci\u0105\u017cenie a\u017c do uszkodzenia). Wyniki te pomagaj\u0105 producentom potwierdzi\u0107, \u017ce szklane pojemniki spe\u0142niaj\u0105 wewn\u0119trzne specyfikacje i wymagania klient\u00f3w.<\/p>\n\n\n\n<h2 class=\"wp-block-heading\">Jak dzia\u0142a tester g\u00f3rnego obci\u0105\u017cenia<\/h2>\n\n\n\n<p>Tester g\u00f3rnego obci\u0105\u017cenia stosuje <strong>kontrolowana pionowa si\u0142a \u015bciskaj\u0105ca<\/strong> przez precyzyjne p\u0142yty podczas ci\u0105g\u0142ego pomiaru si\u0142y i przemieszczenia. System rejestruje krzywe obci\u0105\u017cenie-przemieszczenie w czasie rzeczywistym, pozwalaj\u0105c u\u017cytkownikom obserwowa\u0107 reakcj\u0119 strukturaln\u0105 podczas ca\u0142ego testu.<\/p>\n\n\n\n<p>Nowoczesne systemy od Cell Instruments integruj\u0105 si\u0119:<\/p>\n\n\n\n<ul class=\"wp-block-list\">\n<li>Czujniki wagowe o wysokiej dok\u0142adno\u015bci<\/li>\n\n\n\n<li>Precyzyjny pomiar przemieszczenia<\/li>\n\n\n\n<li>Sterowanie oparte na sterowniku PLC z intuicyjnym interfejsem HMI<\/li>\n\n\n\n<li>Cyfrowe wyj\u015bcie danych dla identyfikowalno\u015bci<\/li>\n<\/ul>\n\n\n\n<p>Ta konfiguracja zapewnia, \u017ce ka\u017cdy test g\u00f3rnego obci\u0105\u017cenia butelek pozostaje <strong>Powtarzalno\u015b\u0107, identyfikowalno\u015b\u0107 i zgodno\u015b\u0107<\/strong> z normami ASTM i ISO.<\/p>\n\n\n\n<h2 class=\"wp-block-heading\">Dlaczego najlepsze testy obci\u0105\u017ceniowe buduj\u0105 pewno\u015b\u0107 i zaufanie<\/h2>\n\n\n\n<p>Wiarygodne dane dotycz\u0105ce obci\u0105\u017cenia pionowego pomagaj\u0105 podejmowa\u0107 lepsze decyzje w ca\u0142ym cyklu \u017cycia opakowania. Pomaga w tym zatwierdzony tester obci\u0105\u017cenia g\u00f3rnego:<\/p>\n\n\n\n<ul class=\"wp-block-list\">\n<li>Zapobieganie zapadaniu si\u0119 pojemnik\u00f3w podczas logistyki<\/li>\n\n\n\n<li>Zmniejszenie zu\u017cycia materia\u0142\u00f3w bez uszczerbku dla bezpiecze\u0144stwa<\/li>\n\n\n\n<li>Wykazanie zgodno\u015bci podczas audyt\u00f3w i ocen klient\u00f3w<\/li>\n\n\n\n<li>Poprawa sp\u00f3jno\u015bci partii produkcyjnych<\/li>\n<\/ul>\n\n\n\n<p>Poprzez dostosowanie praktyk testowania do <a href=\"https:\/\/store.astm.org\/d2659-16r23.html?_gl=1*a5mpmp*_gcl_aw*R0NMLjE3Njg3ODk3MzcuQ2owS0NRaUFwckxMQmhDTUFSSXNBRURoZFBmZnpaMHVBMGMtdjB4RWdqR0hGSWVCaVZjeTJBM3RfRHV0ajduOVh3QlJuQUVlbGdZOU00TWFBcWlSRUFMd193Y0I.*_gcl_au*MTkwOTY2MzAwNC4xNzY1Nzc5ODUz\" target=\"_blank\" rel=\"noreferrer noopener nofollow\">ASTM D2659<\/a> oraz <a href=\"https:\/\/www.iso.org\/standard\/35617.html\" target=\"_blank\" rel=\"noreferrer noopener nofollow\">ISO 8113<\/a>, producenci wzmacniaj\u0105 zar\u00f3wno <strong>wiarygodno\u015b\u0107 techniczna i zaufanie klient\u00f3w<\/strong>.<\/p>","protected":false},"featured_media":303,"parent":0,"template":"","meta":{"_acf_changed":false},"product-category":[26,27,14],"class_list":["post-292","product","type-product","status-publish","has-post-thumbnail","hentry","product-category-astm-d2659","product-category-iso-8113","product-category-top-load-test"],"acf":[],"_links":{"self":[{"href":"https:\/\/www.bottletest.com\/pl\/wp-json\/wp\/v2\/product\/292","targetHints":{"allow":["GET"]}}],"collection":[{"href":"https:\/\/www.bottletest.com\/pl\/wp-json\/wp\/v2\/product"}],"about":[{"href":"https:\/\/www.bottletest.com\/pl\/wp-json\/wp\/v2\/types\/product"}],"wp:featuredmedia":[{"embeddable":true,"href":"https:\/\/www.bottletest.com\/pl\/wp-json\/wp\/v2\/media\/303"}],"wp:attachment":[{"href":"https:\/\/www.bottletest.com\/pl\/wp-json\/wp\/v2\/media?parent=292"}],"wp:term":[{"taxonomy":"product-category","embeddable":true,"href":"https:\/\/www.bottletest.com\/pl\/wp-json\/wp\/v2\/product-category?post=292"}],"curies":[{"name":"wp","href":"https:\/\/api.w.org\/{rel}","templated":true}]}}