{"id":411,"date":"2026-02-05T06:24:39","date_gmt":"2026-02-05T06:24:39","guid":{"rendered":"https:\/\/www.bottletest.com\/?post_type=product&#038;p=411"},"modified":"2026-02-05T06:30:41","modified_gmt":"2026-02-05T06:30:41","slug":"carbonation-tester","status":"publish","type":"product","link":"https:\/\/www.bottletest.com\/nb\/product\/carbonation-tester\/","title":{"rendered":"CLRT-01 Karbonatiseringstester"},"content":{"rendered":"<p><strong>Karbonatiseringstester<\/strong> er et kritisk analyseinstrument som brukes til \u00e5 m\u00e5le karbonatiseringsniv\u00e5et, CO\u2082-retensjon og gassvolumet til kullsyreholdige drikker i forseglede beholdere. For drikkevareprodusenter, emballasjeleverand\u00f8rer og kvalitetsinspeksjonsbyr\u00e5er har n\u00f8yaktig karbonatiseringskontroll direkte innvirkning p\u00e5 <strong>smak, munnf\u00f8lelse, holdbarhet og merkevarekonsistens<\/strong>.<\/p>\n\n\n\n<p>Cell Instruments Co., Ltd. designer og produserer avanserte karbonatiseringstestere som st\u00f8tter presis, repeterbar og standardkonform karbonatiseringsevaluering p\u00e5 PET-flasker, glassflasker, bokser og tilpassede emballasjeformater. Ved \u00e5 kombinere automatisering, h\u00f8ypresisjonssensorer og standardisert testlogikk hjelper systemene v\u00e5re brukerne med \u00e5 redusere menneskelige feil, samtidig som de forbedrer datap\u00e5liteligheten og kundenes tillit.<\/p>\n\n\n\n<h2 class=\"wp-block-heading\">Gassvolumtest i henhold til ASTM F1115<\/h2>\n\n\n\n<p>Den <strong>gassvolumtest<\/strong> definert i <strong>ASTM F1115<\/strong> gir en standardisert metode for \u00e5 bestemme tap av karbondioksid og karbonatiseringsopprettholdelse i drikkevarebeholdere. Denne testmetoden evaluerer hvor godt en emballasje opprettholder sitt opprinnelige karbonatiseringsniv\u00e5 over tid under kontrollerte forhold.<\/p>\n\n\n\n<p>ASTM F1115 beskriver to utfyllende prosedyrer:<\/p>\n\n\n\n<ul class=\"wp-block-list\">\n<li><strong>Prosedyre A<\/strong> fokuserer p\u00e5 emballasjeutvikling og holdbarhetsforskning. Den baserer seg p\u00e5 f\u00f8lsomme trykk- og temperaturm\u00e5linger i et lukket system, og krever analytisk ekspertise p\u00e5 laboratorieniv\u00e5. Denne tiln\u00e6rmingen hjelper ingeni\u00f8rer med \u00e5 evaluere strukturell ytelse, lukkingsintegritet og langsiktige CO\u2082-retensjonsegenskaper for nye beholderdesign.<\/li>\n\n\n\n<li><strong>Prosedyre B<\/strong> fungerer som en praktisk kvalitetskontrollmetode for fylling av drikkevarer. Den legger vekt p\u00e5 enkelhet i driften, samtidig som den er p\u00e5litelig og n\u00f8yaktig. Automatiserte eller manuelle karbonatiseringstestere m\u00e5ler innvendig trykk og temperatur etter kontrollert omr\u00f8ring, og beregner deretter karbonatiseringsniv\u00e5et ved hjelp av etablerte karbonatiseringstabeller. P\u00e5 grunn av sin effektivitet og repeterbarhet er prosedyre B mye brukt i produksjonsmilj\u00f8er.<\/li>\n<\/ul>\n\n\n\n<p>Med en moderne karbonatiseringstester som er utviklet i henhold til ASTM F1115, kan brukerne beregne karbonatiseringstap, karbonatiseringsoverf\u00f8ringshastighet og forventet holdbarhet ved \u00e5 spore CO\u2082-retensjon over tid. Disse resultatene gir direkte st\u00f8tte til emballasjeoptimalisering og prosesskontroll.<\/p>\n\n\n\n<h2 class=\"wp-block-heading\">Slik fungerer karbonatiseringstesteren<\/h2>\n\n\n\n<p>En karbonatiseringstester m\u00e5ler karbonatisering ved \u00e5 etablere likevekt mellom oppl\u00f8st CO\u2082, innvendig trykk og temperatur i en forseglet beholder. Den typiske arbeidsflyten inkluderer:<\/p>\n\n\n\n<ul class=\"wp-block-list\">\n<li><strong>Automatisk gjennomboring av hetten<\/strong> for \u00e5 f\u00e5 tilgang til innvendig trykk uten ukontrollert gasstap<\/li>\n\n\n\n<li><strong>Stabilisering av trykket<\/strong> for \u00e5 eliminere forbig\u00e5ende effekter<\/li>\n\n\n\n<li><strong>Kontrollert agitasjon<\/strong> for \u00e5 sikre jevn CO\u2082-fordeling<\/li>\n\n\n\n<li><strong>Samtidig m\u00e5ling av trykk og temperatur<\/strong><\/li>\n\n\n\n<li><strong>\u00d8yeblikkelig beregning av gassvolum<\/strong> ved hjelp av innebygde karbonatiseringstabeller<\/li>\n<\/ul>\n\n\n\n<p>Denne prosessen sikrer at hver test gjenspeiler den sanne karbonatiseringstilstanden til drikken, snarere enn operat\u00f8rens teknikk eller milj\u00f8variasjoner.<\/p>\n\n\n\n<h2 class=\"wp-block-heading\">Automatisert karbonatiseringstesting med CLRT-01<\/h2>\n\n\n\n<p>Den <strong>CLRT-01 Karbonatiseringstester<\/strong> fra Cell Instruments forbedrer <a href=\"https:\/\/store.astm.org\/f1115-16r23.html?_gl=1*1e32tpu*_gcl_aw*R0NMLjE3Njg3ODk3MzcuQ2owS0NRaUFwckxMQmhDTUFSSXNBRURoZFBmZnpaMHVBMGMtdjB4RWdqR0hGSWVCaVZjeTJBM3RfRHV0ajduOVh3QlJuQUVlbGdZOU00TWFBcWlSRUFMd193Y0I.*_gcl_au*MTkwOTY2MzAwNC4xNzY1Nzc5ODUz\" target=\"_blank\" rel=\"noreferrer noopener nofollow\">ASTM F1115<\/a>-basert testing gjennom en helautomatisk, feilresistent arbeidsflyt. Systemet integrerer mekanisk kontroll, digital sensing og intelligent beregning i \u00e9n kompakt plattform.<\/p>\n\n\n\n<p><strong>Blant de viktigste fordelene med automatisering er<\/strong><\/p>\n\n\n\n<ul class=\"wp-block-list\">\n<li><strong>Presisjonsstyrt gjennomboring av hetten<\/strong> med stabil gjennomtrengningshastighet<\/li>\n\n\n\n<li><strong>Servodrevet omr\u00f8ring<\/strong> for konsistent CO\u2082-likevekt<\/li>\n\n\n\n<li><strong>Registrering av trykk og temperatur i sanntid<\/strong> ved hjelp av h\u00f8yoppl\u00f8selige sensorer<\/li>\n\n\n\n<li><strong>\u00d8yeblikkelig visning av CO\u2082-volum<\/strong>, eliminerer manuelle oppslag og beregninger<\/li>\n<\/ul>\n\n\n\n<p>Denne utformingen reduserer testtiden betydelig, samtidig som repeterbarheten forbedres, noe som gj\u00f8r karbonatiseringstesteren egnet for b\u00e5de laboratorieanalyser og kvalitetskontroll i produksjonslinjen.<\/p>\n\n\n\n<h2 class=\"wp-block-heading\">Hvorfor n\u00f8yaktig karbonatiseringstesting er viktig<\/h2>\n\n\n\n<p>Karbonatiseringstap p\u00e5virker drikkevarekvaliteten direkte. Selv et lite avvik fra det \u00f8nskede CO\u2082-niv\u00e5et kan endre smaksopplevelsen og redusere forbrukernes aksept. P\u00e5litelig karbonatiseringstesting gj\u00f8r det mulig for produsenter \u00e5:<\/p>\n\n\n\n<ul class=\"wp-block-list\">\n<li>Opprettholder konsistent produktsmak og munnf\u00f8lelse<\/li>\n\n\n\n<li>Verifiser lukking og pakningsintegritet<\/li>\n\n\n\n<li>Forutsi holdbarhet basert p\u00e5 trender for karbonatisering<\/li>\n\n\n\n<li>Oppfyller interne kvalitetsstandarder og eksterne myndighetskrav<\/li>\n<\/ul>\n\n\n\n<p>Ved \u00e5 ta i bruk en h\u00f8ypresisjons karbonatiseringstester f\u00e5r kvalitetskontrollteamene handlingsrettede data som st\u00f8tter b\u00e5de daglige produksjonsbeslutninger og langsiktig emballasjeutvikling.<\/p>","protected":false},"featured_media":410,"parent":0,"template":"","meta":{"_acf_changed":false},"product-category":[23,22],"class_list":["post-411","product","type-product","status-publish","has-post-thumbnail","hentry","product-category-astm-f1115","product-category-carbonation-test"],"acf":[],"_links":{"self":[{"href":"https:\/\/www.bottletest.com\/nb\/wp-json\/wp\/v2\/product\/411","targetHints":{"allow":["GET"]}}],"collection":[{"href":"https:\/\/www.bottletest.com\/nb\/wp-json\/wp\/v2\/product"}],"about":[{"href":"https:\/\/www.bottletest.com\/nb\/wp-json\/wp\/v2\/types\/product"}],"wp:featuredmedia":[{"embeddable":true,"href":"https:\/\/www.bottletest.com\/nb\/wp-json\/wp\/v2\/media\/410"}],"wp:attachment":[{"href":"https:\/\/www.bottletest.com\/nb\/wp-json\/wp\/v2\/media?parent=411"}],"wp:term":[{"taxonomy":"product-category","embeddable":true,"href":"https:\/\/www.bottletest.com\/nb\/wp-json\/wp\/v2\/product-category?post=411"}],"curies":[{"name":"wp","href":"https:\/\/api.w.org\/{rel}","templated":true}]}}