{"id":319,"date":"2026-02-04T09:06:46","date_gmt":"2026-02-04T09:06:46","guid":{"rendered":"https:\/\/www.bottletest.com\/?post_type=product&#038;p=319"},"modified":"2026-02-04T09:10:19","modified_gmt":"2026-02-04T09:10:19","slug":"bottle-wall-thickness-gauge","status":"publish","type":"product","link":"https:\/\/www.bottletest.com\/nb\/product\/bottle-wall-thickness-gauge\/","title":{"rendered":"WTT Flaskeveggtykkelsesm\u00e5ler"},"content":{"rendered":"<p><strong>Veggtykkelsesm\u00e5ler for flasker<\/strong> spiller en avgj\u00f8rende rolle i kvalitetskontrollen av emballasje, spesielt for produsenter og testlaboratorier som produserer PET-, glass- og legemiddelbeholdere. Flaskeveggens tykkelse p\u00e5virker direkte <strong>mekanisk styrke, barriereytelse, vektkonsistens og overholdelse av sikkerhetsregler<\/strong>. Selv sm\u00e5 avvik kan f\u00f8re til deformasjon, lekkasje eller brudd under fylling, transport eller sluttbruk.<\/p>\n\n\n\n<h2 class=\"wp-block-heading\">M\u00e5ling av flasketykkelse<br>Tykkelsesm\u00e5ler for PET-flasker og glassflasker<\/h2>\n\n\n\n<h3 class=\"wp-block-heading\">Forst\u00e5 fordelingen av flasketykkelse<\/h3>\n\n\n\n<p><strong>Flaskens tykkelse<\/strong> refererer ikke bare til en gjennomsnittlig veggverdi, men ogs\u00e5 til fordelingen over flaskekroppen, skulderen og bunnen. Ujevn tykkelse indikerer ofte problemer under st\u00f8ping eller forming. For <strong>Tykkelse p\u00e5 PET-flasker<\/strong>, har strekkforholdene under bl\u00e5sest\u00f8pingen stor innvirkning p\u00e5 den endelige veggfordelingen. For <strong>tykkelse p\u00e5 glassflaske<\/strong>, spiller formingstemperatur og formforhold en avgj\u00f8rende rolle.<\/p>\n\n\n\n<p>A <strong>tykkelsesm\u00e5ler for glassflasker<\/strong> og PET-kompatible systemer m\u00e5 komme til p\u00e5 buede og m\u00f8nstrede overflater uten \u00e5 skade pr\u00f8ven. Moderne m\u00e5lere oppn\u00e5r dette ved \u00e5 kombinere et stabilt teststativ med en digital tykkelsessonde med h\u00f8y presisjon.<\/p>\n\n\n\n<h3 class=\"wp-block-heading\">Hvorfor tykkelsen p\u00e5 PET-flasker krever presis kontroll<\/h3>\n\n\n\n<p>PET-flasker krever streng tykkelseskontroll for \u00e5 balansere lettvektsdesign og strukturell integritet. For stor tykkelse \u00f8ker materialkostnadene, mens for liten tykkelse reduserer topplaststyrken og slagfastheten. Ved \u00e5 bruke en p\u00e5litelig flasketykkelsesm\u00e5ler kan produsentene <strong>Verifiser lettvektsresultater uten at det g\u00e5r p\u00e5 bekostning av ytelsen<\/strong>.<\/p>\n\n\n\n<h2 class=\"wp-block-heading\">Arbeidsprinsipp for en flaskeveggtykkelsesm\u00e5ler<\/h2>\n\n\n\n<p>En flasketykkelsesm\u00e5ler best\u00e5r vanligvis av:<\/p>\n\n\n\n<ul class=\"wp-block-list\">\n<li>A <strong>stabilt vertikalt teststativ<\/strong><\/li>\n\n\n\n<li>A <strong>digital tykkelsesm\u00e5ler med h\u00f8y oppl\u00f8sning<\/strong><\/li>\n\n\n\n<li>A <strong>fin m\u00e5lesonde<\/strong> designet for buede overflater<\/li>\n<\/ul>\n\n\n\n<p>Under testingen plasseres flasken p\u00e5 stativet, og sonden kommer i kontakt med veggen eller bunnen p\u00e5 et definert sted. M\u00e5leren viser tykkelsesverdiene direkte, slik at man raskt kan sammenligne ulike m\u00e5lepunkter. Operat\u00f8rene kan effektivt fullf\u00f8re en fullstendig flasketykkelseprofil, selv p\u00e5 beholdere med kompleks geometri.<\/p>\n\n\n\n<h2 class=\"wp-block-heading\">Fordeler med \u00e5 bruke en profesjonell flasketykkelsesm\u00e5ler<\/h2>\n\n\n\n<p>Bruk av en dedikert flasketykkelsesm\u00e5ler gir m\u00e5lbare fordeler:<\/p>\n\n\n\n<ul class=\"wp-block-list\">\n<li><strong>Forbedret konsistens i produksjonen<\/strong> ved \u00e5 identifisere tykkelsesvariasjoner tidlig<\/li>\n\n\n\n<li><strong>Forbedret sikkerhet og samsvar<\/strong> for emballering av mat, drikke og legemidler<\/li>\n\n\n\n<li><strong>Redusert materialavfall<\/strong> gjennom optimalisert tykkelseskontroll<\/li>\n\n\n\n<li><strong>H\u00f8yere kundetillit<\/strong> underst\u00f8ttet av kvantitative testdata<\/li>\n<\/ul>\n\n\n\n<p>Cell Instruments designer systemene sine for \u00e5 sikre repeterbarhet, holdbarhet og brukervennlighet, selv i h\u00f8yfrekvente kvalitetsinspeksjonsmilj\u00f8er.<\/p>","protected":false},"featured_media":324,"parent":0,"template":"","meta":{"_acf_changed":false},"product-category":[21],"class_list":["post-319","product","type-product","status-publish","has-post-thumbnail","hentry","product-category-thickness-test"],"acf":[],"_links":{"self":[{"href":"https:\/\/www.bottletest.com\/nb\/wp-json\/wp\/v2\/product\/319","targetHints":{"allow":["GET"]}}],"collection":[{"href":"https:\/\/www.bottletest.com\/nb\/wp-json\/wp\/v2\/product"}],"about":[{"href":"https:\/\/www.bottletest.com\/nb\/wp-json\/wp\/v2\/types\/product"}],"wp:featuredmedia":[{"embeddable":true,"href":"https:\/\/www.bottletest.com\/nb\/wp-json\/wp\/v2\/media\/324"}],"wp:attachment":[{"href":"https:\/\/www.bottletest.com\/nb\/wp-json\/wp\/v2\/media?parent=319"}],"wp:term":[{"taxonomy":"product-category","embeddable":true,"href":"https:\/\/www.bottletest.com\/nb\/wp-json\/wp\/v2\/product-category?post=319"}],"curies":[{"name":"wp","href":"https:\/\/api.w.org\/{rel}","templated":true}]}}