{"id":411,"date":"2026-02-05T06:24:39","date_gmt":"2026-02-05T06:24:39","guid":{"rendered":"https:\/\/www.bottletest.com\/?post_type=product&#038;p=411"},"modified":"2026-02-05T06:30:41","modified_gmt":"2026-02-05T06:30:41","slug":"carbonation-tester","status":"publish","type":"product","link":"https:\/\/www.bottletest.com\/lv\/product\/carbonation-tester\/","title":{"rendered":"CLRT-01 karboniz\u0101cijas testeris"},"content":{"rendered":"<p><strong>Karboniz\u0101cijas testeris<\/strong> ir svar\u012bgs anal\u012btisks instruments, ko izmanto, lai noteiktu g\u0101z\u0113to dz\u0113rienu g\u0101z\u0113\u0161anas l\u012bmeni, CO\u2082 aizturi un g\u0101zes tilpumu nosl\u0113gt\u0101s tvertn\u0113s. Dz\u0113rienu ra\u017eot\u0101jiem, iepakojuma pieg\u0101d\u0101t\u0101jiem un kvalit\u0101tes kontroles a\u0123ent\u016br\u0101m prec\u012bza karboniz\u0101cijas kontrole tie\u0161i ietekm\u0113 karboniz\u0101cijas l\u012bmeni. <strong>gar\u0161a, gar\u0161as saj\u016bta, uzglab\u0101\u0161anas laiks un z\u012bmola viendab\u012bgums.<\/strong>.<\/p>\n\n\n\n<p>Cell Instruments Co., Ltd. projekt\u0113 un ra\u017eo progres\u012bvus karboniz\u0101cijas testerus, lai nodro\u0161in\u0101tu prec\u012bzu, atk\u0101rtojamu un standartiem atbilsto\u0161u karboniz\u0101cijas nov\u0113rt\u0113\u0161anu PET pudel\u0113s, stikla pudel\u0113s, sk\u0101rden\u0113s un piel\u0101gotos iepakojuma form\u0101tos. Apvienojot automatiz\u0101ciju, augstas precizit\u0101tes sensorus un standartiz\u0113tu test\u0113\u0161anas lo\u0123iku, m\u016bsu sist\u0113mas pal\u012bdz lietot\u0101jiem samazin\u0101t cilv\u0113ku k\u013c\u016bdas, vienlaikus uzlabojot datu uzticam\u012bbu un klientu uztic\u012bbu.<\/p>\n\n\n\n<h2 class=\"wp-block-heading\">G\u0101zes tilpuma tests saska\u0146\u0101 ar ASTM F1115<\/h2>\n\n\n\n<p>Port\u0101ls <strong>g\u0101zes tilpuma tests<\/strong> defin\u0113ts <strong>ASTM F1115<\/strong> nodro\u0161ina standartiz\u0113tu pieeju oglek\u013ca dioks\u012bda zudumu un karboniz\u0101cijas saglab\u0101\u0161anas noteik\u0161anai dz\u0113rienu traukos. Ar \u0161o testa metodi nov\u0113rt\u0113, cik labi iepakojums kontrol\u0113tos apst\u0101k\u013cos laika gait\u0101 saglab\u0101 s\u0101kotn\u0113jo karboniz\u0101cijas l\u012bmeni.<\/p>\n\n\n\n<p>ASTM F1115 nosaka divas savstarp\u0113ji papildino\u0161as proced\u016bras:<\/p>\n\n\n\n<ul class=\"wp-block-list\">\n<li><strong>A proced\u016bra<\/strong> koncentr\u0113jas uz iepakojuma izstr\u0101di un glab\u0101\u0161anas laika p\u0113t\u012bjumiem. T\u0101 balst\u0101s uz jut\u012bgiem spiediena un temperat\u016bras m\u0113r\u012bjumiem sl\u0113gt\u0101 sist\u0113m\u0101 un prasa laboratorijas l\u012bme\u0146a anal\u012btisk\u0101s zin\u0101\u0161anas. \u0160\u012b pieeja pal\u012bdz in\u017eenieriem nov\u0113rt\u0113t jaunu konteineru konstrukciju struktur\u0101lo veiktsp\u0113ju, sl\u0113g\u0161anas integrit\u0101ti un ilgtermi\u0146a CO\u2082 saglab\u0101\u0161anas \u012bpa\u0161\u012bbas.<\/li>\n\n\n\n<li><strong>B proced\u016bra<\/strong> kalpo k\u0101 praktiska kvalit\u0101tes kontroles metode dz\u0113rienu pild\u012b\u0161anas oper\u0101cij\u0101s. T\u0101 uzsver darb\u012bbas vienk\u0101r\u0161\u012bbu, vienlaikus saglab\u0101jot uzticamu precizit\u0101ti. Autom\u0101tiskie vai manu\u0101lie karboniz\u0101cijas testeri p\u0113c kontrol\u0113tas mais\u012b\u0161anas m\u0113ra iek\u0161\u0113jo spiedienu un temperat\u016bru, p\u0113c tam apr\u0113\u0137ina karboniz\u0101cijas l\u012bmeni, izmantojot noteikt\u0101s karboniz\u0101cijas tabulas. T\u0101 k\u0101 B proced\u016bra ir efekt\u012bva un atk\u0101rtojama, to pla\u0161i izmanto ra\u017eo\u0161anas vid\u0113.<\/li>\n<\/ul>\n\n\n\n<p>M\u016bsdien\u012bgs karboniz\u0101cijas testeris, kas izstr\u0101d\u0101ts saska\u0146\u0101 ar ASTM F1115, \u013cauj lietot\u0101jiem apr\u0113\u0137in\u0101t karboniz\u0101cijas zudumus, karboniz\u0101cijas p\u0101rneses \u0101trumu un paredzamo glab\u0101\u0161anas laiku, sekojot CO\u2082 saglab\u0101\u0161anai laika gait\u0101. \u0160ie rezult\u0101ti tie\u0161i atbalsta iepakojuma optimiz\u0101ciju un procesa kontroli.<\/p>\n\n\n\n<h2 class=\"wp-block-heading\">K\u0101 darbojas karboniz\u0101cijas testeris<\/h2>\n\n\n\n<p>Karboniz\u0101cijas testeris nosaka karboniz\u0101ciju, nosakot l\u012bdzsvaru starp iz\u0161\u0137\u012bdu\u0161\u0101 CO\u2082, iek\u0161\u0113jo spiedienu un temperat\u016bru nosl\u0113gt\u0101 trauk\u0101. Tipisk\u0101 darba proces\u0101 ietilpst:<\/p>\n\n\n\n<ul class=\"wp-block-list\">\n<li><strong>Autom\u0101tiskais v\u0101ci\u0146a caurdur\u0161ana<\/strong> lai piek\u013c\u016btu iek\u0161\u0113jam spiedienam bez nekontrol\u0113ta g\u0101zes zuduma.<\/li>\n\n\n\n<li><strong>Spiediena stabiliz\u0101cija<\/strong> lai nov\u0113rstu p\u0101rejo\u0161u ietekmi.<\/li>\n\n\n\n<li><strong>Kontrol\u0113ta a\u0123it\u0101cija<\/strong> lai nodro\u0161in\u0101tu vienm\u0113r\u012bgu CO\u2082 sadal\u012bjumu.<\/li>\n\n\n\n<li><strong>Vienlaic\u012bga spiediena un temperat\u016bras m\u0113r\u012b\u0161ana<\/strong><\/li>\n\n\n\n<li><strong>T\u016bl\u012bt\u0113js g\u0101zes tilpuma apr\u0113\u0137ins<\/strong> izmantojot iegult\u0101s karboniz\u0101cijas tabulas<\/li>\n<\/ul>\n\n\n\n<p>\u0160is process nodro\u0161ina, ka katrs tests atspogu\u013co patieso dz\u0113riena karboniz\u0101cijas st\u0101vokli, nevis operatora tehniku vai vides main\u012bgumu.<\/p>\n\n\n\n<h2 class=\"wp-block-heading\">Automatiz\u0113ta karboniz\u0101cijas test\u0113\u0161ana ar CLRT-01<\/h2>\n\n\n\n<p>Port\u0101ls <strong>CLRT-01 karboniz\u0101cijas testeris<\/strong> no Cell Instruments uzlabo <a href=\"https:\/\/store.astm.org\/f1115-16r23.html?_gl=1*1e32tpu*_gcl_aw*R0NMLjE3Njg3ODk3MzcuQ2owS0NRaUFwckxMQmhDTUFSSXNBRURoZFBmZnpaMHVBMGMtdjB4RWdqR0hGSWVCaVZjeTJBM3RfRHV0ajduOVh3QlJuQUVlbGdZOU00TWFBcWlSRUFMd193Y0I.*_gcl_au*MTkwOTY2MzAwNC4xNzY1Nzc5ODUz\" target=\"_blank\" rel=\"noreferrer noopener nofollow\">ASTM F1115<\/a>-test\u0113\u0161ana, izmantojot piln\u012bb\u0101 automatiz\u0113tu, pret k\u013c\u016bd\u0101m notur\u012bgu darba pl\u016bsmu. Sist\u0113ma apvieno meh\u0101nisko vad\u012bbu, digit\u0101lo sensoru un inteli\u0123entos apr\u0113\u0137inus vien\u0101 kompakt\u0101 platform\u0101.<\/p>\n\n\n\n<p><strong>Galven\u0101s automatiz\u0101cijas priek\u0161roc\u012bbas:<\/strong><\/p>\n\n\n\n<ul class=\"wp-block-list\">\n<li><strong>Prec\u012bzi kontrol\u0113ts v\u0101ci\u0146a caurdur\u0161ana<\/strong> ar stabilu iek\u013c\u016b\u0161anas \u0101trumu<\/li>\n\n\n\n<li><strong>Servo piedzi\u0146as mais\u012b\u0161ana<\/strong> konsekventam CO\u2082 l\u012bdzsvara st\u0101voklim<\/li>\n\n\n\n<li><strong>Re\u0101llaika spiediena un temperat\u016bras uztver\u0161ana<\/strong> izmantojot augstas iz\u0161\u0137irtsp\u0113jas sensorus<\/li>\n\n\n\n<li><strong>T\u016bl\u012bt\u0113js CO\u2082 ska\u013cuma displejs<\/strong>, nov\u0113r\u0161ot manu\u0101lu mekl\u0113\u0161anu un apr\u0113\u0137inus.<\/li>\n<\/ul>\n\n\n\n<p>\u0160\u012b konstrukcija iev\u0113rojami samazina test\u0113\u0161anas laiku, vienlaikus uzlabojot atk\u0101rtojam\u012bbu, t\u0101p\u0113c karboniz\u0101cijas testeris ir piem\u0113rots gan laboratorijas anal\u012bz\u0113m, gan ra\u017eo\u0161anas l\u012bnijas kvalit\u0101tes kontrolei.<\/p>\n\n\n\n<h2 class=\"wp-block-heading\">K\u0101p\u0113c ir svar\u012bgi veikt prec\u012bzu karboniz\u0101cijas test\u0113\u0161anu<\/h2>\n\n\n\n<p>Karboniz\u0101cijas zudumi tie\u0161i ietekm\u0113 dz\u0113riena kvalit\u0101ti. Pat neliela novirze no m\u0113r\u0137a CO\u2082 l\u012bme\u0146a var izmain\u012bt gar\u0161as uztveri un samazin\u0101t pat\u0113r\u0113t\u0101ju pie\u0146em\u0161anu. Uzticama karboniz\u0101cijas test\u0113\u0161ana \u013cauj ra\u017eot\u0101jiem:<\/p>\n\n\n\n<ul class=\"wp-block-list\">\n<li>Saglab\u0101t nemain\u012bgu produkta gar\u0161u un gar\u0161as saj\u016btu.<\/li>\n\n\n\n<li>P\u0101rbaud\u012bt sl\u0113g\u0161anas un iepakojuma integrit\u0101ti<\/li>\n\n\n\n<li>Uzglab\u0101\u0161anas laika prognoz\u0113\u0161ana, pamatojoties uz karboniz\u0101cijas saglab\u0101\u0161an\u0101s tendenc\u0113m<\/li>\n\n\n\n<li>Atbilst iek\u0161\u0113jiem kvalit\u0101tes standartiem un \u0101r\u0113j\u0101m normat\u012bvaj\u0101m pras\u012bb\u0101m.<\/li>\n<\/ul>\n\n\n\n<p>Ievie\u0161ot augstas precizit\u0101tes karboniz\u0101cijas testeri, kvalit\u0101tes kontroles komandas ieg\u016bst noder\u012bgus datus, kas pal\u012bdz gan ikdienas ra\u017eo\u0161anas l\u0113mumu pie\u0146em\u0161an\u0101, gan ilgtermi\u0146a iepakojuma izstr\u0101d\u0113.<\/p>","protected":false},"featured_media":410,"parent":0,"template":"","meta":{"_acf_changed":false},"product-category":[23,22],"class_list":["post-411","product","type-product","status-publish","has-post-thumbnail","hentry","product-category-astm-f1115","product-category-carbonation-test"],"acf":[],"_links":{"self":[{"href":"https:\/\/www.bottletest.com\/lv\/wp-json\/wp\/v2\/product\/411","targetHints":{"allow":["GET"]}}],"collection":[{"href":"https:\/\/www.bottletest.com\/lv\/wp-json\/wp\/v2\/product"}],"about":[{"href":"https:\/\/www.bottletest.com\/lv\/wp-json\/wp\/v2\/types\/product"}],"wp:featuredmedia":[{"embeddable":true,"href":"https:\/\/www.bottletest.com\/lv\/wp-json\/wp\/v2\/media\/410"}],"wp:attachment":[{"href":"https:\/\/www.bottletest.com\/lv\/wp-json\/wp\/v2\/media?parent=411"}],"wp:term":[{"taxonomy":"product-category","embeddable":true,"href":"https:\/\/www.bottletest.com\/lv\/wp-json\/wp\/v2\/product-category?post=411"}],"curies":[{"name":"wp","href":"https:\/\/api.w.org\/{rel}","templated":true}]}}