{"id":309,"date":"2026-02-04T08:18:06","date_gmt":"2026-02-04T08:18:06","guid":{"rendered":"https:\/\/www.bottletest.com\/?post_type=product&#038;p=309"},"modified":"2026-02-04T08:20:59","modified_gmt":"2026-02-04T08:20:59","slug":"bottle-leak-tester","status":"publish","type":"product","link":"https:\/\/www.bottletest.com\/lv\/product\/bottle-leak-tester\/","title":{"rendered":"BLT-03 pude\u013cu nopl\u016bdes testeris"},"content":{"rendered":"<p>B<strong>maz\u0101s nopl\u016bdes testeris<\/strong> ir svar\u012bgs kvalit\u0101tes kontroles instruments, ko izmanto pude\u013cu un cietu vai da\u013c\u0113ji cietu konteineru bl\u012bv\u0113juma integrit\u0101tes nov\u0113rt\u0113\u0161anai. T\u0101d\u0101s nozar\u0113s k\u0101 iepako\u0161ana, p\u0101rtikas un dz\u0113rienu ra\u017eo\u0161ana, farm\u0101cija, medic\u012bnas ier\u012bces un ikdienas \u0137\u012bmisk\u0101s vielas pat mikroskopiskas nopl\u016bdes var izrais\u012bt pies\u0101r\u0146ojumu, samazin\u0101t glab\u0101\u0161anas laiku vai neatbilst\u012bbu normat\u012bvajiem aktiem. \u0160\u0101 iemesla d\u0113\u013c nopl\u016b\u017eu test\u0113\u0161ana ir k\u013cuvusi par b\u016btisku p\u0113tniec\u012bbas un izstr\u0101des valid\u0101cijas un ikdienas ra\u017eo\u0161anas p\u0101rbaudes sast\u0101vda\u013cu.<\/p>\n\n\n\n<p>Cell Instruments Co., Ltd. projekt\u0113 un ra\u017eo profesion\u0101las pude\u013cu nopl\u016bdes test\u0113\u0161anas sist\u0113mas, kas apvieno... <strong>skaidri vizu\u0101li rezult\u0101ti, stabila vakuuma kontrole un elast\u012bgas testa konfigur\u0101cijas.<\/strong>, pal\u012bdzot kvalit\u0101tes speci\u0101listiem pie\u0146emt p\u0101rliecino\u0161us l\u0113mumus, pamatojoties uz uzticamiem datiem.<\/p>\n\n\n\n<h2 class=\"wp-block-heading\">Nopl\u016bdes testa proced\u016bra pudel\u0113m (vakuuma burbu\u013cu emisijas metode)<\/h2>\n\n\n\n<p>Port\u0101ls <strong>pude\u013cu nopl\u016bdes testa proced\u016bra<\/strong> parasti izmanto vakuuma burbu\u013cu emisijas principu, uz kuru ir atsauce ar\u012b <em><a href=\"https:\/\/store.astm.org\/d3078-02r21e01.html?_gl=1*1s85z2n*_gcl_aw*R0NMLjE3Njg3ODk3MzcuQ2owS0NRaUFwckxMQmhDTUFSSXNBRURoZFBmZnpaMHVBMGMtdjB4RWdqR0hGSWVCaVZjeTJBM3RfRHV0ajduOVh3QlJuQUVlbGdZOU00TWFBcWlSRUFMd193Y0I.*_gcl_au*MTkwOTY2MzAwNC4xNzY1Nzc5ODUz\" target=\"_blank\" rel=\"noreferrer noopener nofollow\">ASTM D3078<\/a> - Standarta testa metode nopl\u016b\u017eu noteik\u0161anai iepakojumos ar burbu\u013cu emisijas metodi<\/em>.<\/p>\n\n\n\n<p>Izmantojot \u0161o metodi, pudeli ievieto caursp\u012bd\u012bg\u0101 kamer\u0101, kas piepild\u012bta ar \u016bdeni. Piem\u0113ro kontrol\u0113tu vakuumu, radot spiediena starp\u012bbu starp pudeles iek\u0161pusi un \u0101rpusi. Ja ir nopl\u016bde, no defekta izpl\u016bst iesprostots gaiss, kas par\u0101d\u0101s k\u0101 <strong>nep\u0101rtraukta burbu\u013cu pl\u016bsma<\/strong>, kas \u013cauj operatoriem vizu\u0101li atrast un apstiprin\u0101t nopl\u016bdes.<\/p>\n\n\n\n<p>\u0160\u012b proced\u016bra nodro\u0161ina augstu jut\u012bbu, intuit\u012bvu interpret\u0101ciju un piem\u0113rot\u012bbu gan laboratorijas, gan ra\u017eo\u0161anas vid\u0113.<\/p>\n\n\n\n<h2 class=\"wp-block-heading\">Plastmasas pude\u013cu un plastmasas trauku nopl\u016bdes testa proced\u016bra<\/h2>\n\n\n\n<p>Port\u0101ls <strong>plastmasas pude\u013cu nopl\u016bdes testa proced\u016bra<\/strong> koncentr\u0113jas uz defektu identific\u0113\u0161anu, ko izraisa form\u0113\u0161anas neatbilst\u012bbas, sprieguma plaisas vai v\u0101ci\u0146a un bl\u012bv\u0113juma neatbilst\u012bba. Plastmasas tvertnes vakuum\u0101 var nedaudz deform\u0113ties, t\u0101p\u0113c b\u016btiska ir stabila un atk\u0101rtojama spiediena kontrole.<\/p>\n\n\n\n<p>A <strong>plastmasas tvert\u0146u nopl\u016bdes tests<\/strong> izmantojot pudeles nopl\u016bdes testeri, var konfigur\u0113t k\u0101:<\/p>\n\n\n\n<ul class=\"wp-block-list\">\n<li><strong>Nesagraujo\u0161\u0101 test\u0113\u0161ana<\/strong>, ja deform\u0101cija paliek elast\u012bbas robe\u017e\u0101s<\/li>\n\n\n\n<li><strong>Izn\u012bcino\u0161\u0101 test\u0113\u0161ana<\/strong>, ja augst\u0101ks vakuuma l\u012bmenis apzin\u0101ti palielina tvertnes slodzi.<\/li>\n<\/ul>\n\n\n\n<p>\u0160\u012b elast\u012bba \u013cauj in\u017eenieriem simul\u0113t re\u0101los apst\u0101k\u013cus un noteikt dro\u0161as veiktsp\u0113jas robe\u017eas.<\/p>\n\n\n\n<h2 class=\"wp-block-heading\">\u0160\u0137idruma pude\u013cu nopl\u016bdes testa proced\u016bra, izmantojot tuk\u0161u kameru<\/h2>\n\n\n\n<p>Ar \u0161\u0137idrumu pild\u012btiem iepakojumiem alternat\u012bva <strong>\u0161\u0137idruma pude\u013cu nopl\u016bdes testa proced\u016bra<\/strong> izmanto tuk\u0161u vakuuma kameru bez \u016bdens. Test\u0113\u0161anas laik\u0101 vakuums tiek piem\u0113rots tie\u0161i \u0101r\u0113jai videi. Ja rodas nopl\u016bde, \u0161\u0137idrums izpl\u016bst no iepakojuma un uzreiz k\u013c\u016bst redzams.<\/p>\n\n\n\n<p>\u0160\u012b metode \u013cauj izvair\u012bties no testa vides at\u0161\u0137aid\u012b\u0161anas vai pies\u0101r\u0146ojuma, un t\u0101 labi darbojas dz\u0113rienu, farmaceitisko \u0161\u0137idrumu, intravenozo \u0161\u0137\u012bdumu un citu piepild\u012btu tvert\u0146u gad\u012bjum\u0101, ja burbu\u013cu nov\u0113ro\u0161ana \u016bden\u012b nav praktiski iesp\u0113jama.<\/p>\n\n\n\n<h2 class=\"wp-block-heading\">Pude\u013cu vakuuma nopl\u016bdes tests: Kr\u0101svielas iek\u013c\u016b\u0161ana k\u0101 verifik\u0101cijas r\u012bks<\/h2>\n\n\n\n<p>Papildus vizu\u0101lajam burbu\u013cu testam da\u017eos valid\u0101cijas protokolos tiek pras\u012bts ar\u012b <strong>pude\u013cu vakuuma nopl\u016bdes tests<\/strong> izmantojot kr\u0101svielas iek\u013c\u016b\u0161anu. Izmantojot metil\u0113nzil\u0101s kr\u0101svielas metodi, vakuuma apst\u0101k\u013cos tiek ieg\u016bts kr\u0101sains \u0161\u0137\u012bdums. Ja ir nopl\u016bdes, kr\u0101sviela iek\u013c\u016bst iepakojum\u0101 un k\u013c\u016bst redzama p\u0113c atv\u0113r\u0161anas.<\/p>\n\n\n\n<p>Lai gan \u0161\u012b pieeja ir destrukt\u012bva, t\u0101 sniedz sp\u0113c\u012bgu kvalitat\u012bvu apstiprin\u0101jumu un bie\u017ei atbalsta procesa valid\u0101ciju vai sal\u012bdzino\u0161os p\u0113t\u012bjumus.<\/p>","protected":false},"featured_media":318,"parent":0,"template":"","meta":{"_acf_changed":false},"product-category":[17,13,18,19,20,10],"class_list":["post-309","product","type-product","status-publish","has-post-thumbnail","hentry","product-category-astm-d3078","product-category-astm-d4991","product-category-astm-d5094","product-category-astm-d6653","product-category-astm-f2338","product-category-leak-test"],"acf":[],"_links":{"self":[{"href":"https:\/\/www.bottletest.com\/lv\/wp-json\/wp\/v2\/product\/309","targetHints":{"allow":["GET"]}}],"collection":[{"href":"https:\/\/www.bottletest.com\/lv\/wp-json\/wp\/v2\/product"}],"about":[{"href":"https:\/\/www.bottletest.com\/lv\/wp-json\/wp\/v2\/types\/product"}],"wp:featuredmedia":[{"embeddable":true,"href":"https:\/\/www.bottletest.com\/lv\/wp-json\/wp\/v2\/media\/318"}],"wp:attachment":[{"href":"https:\/\/www.bottletest.com\/lv\/wp-json\/wp\/v2\/media?parent=309"}],"wp:term":[{"taxonomy":"product-category","embeddable":true,"href":"https:\/\/www.bottletest.com\/lv\/wp-json\/wp\/v2\/product-category?post=309"}],"curies":[{"name":"wp","href":"https:\/\/api.w.org\/{rel}","templated":true}]}}