{"id":309,"date":"2026-02-04T08:18:06","date_gmt":"2026-02-04T08:18:06","guid":{"rendered":"https:\/\/www.bottletest.com\/?post_type=product&#038;p=309"},"modified":"2026-02-04T08:20:59","modified_gmt":"2026-02-04T08:20:59","slug":"bottle-leak-tester","status":"publish","type":"product","link":"https:\/\/www.bottletest.com\/lt\/product\/bottle-leak-tester\/","title":{"rendered":"BLT-03 buteli\u0173 nuot\u0117kio testeris"},"content":{"rendered":"<p>B<strong>nuor\u016bkos testeris<\/strong> yra labai svarbus kokyb\u0117s kontrol\u0117s prietaisas, naudojamas buteli\u0173 ir stand\u017ei\u0173 ar pusiau stand\u017ei\u0173 talpykl\u0173 sandarumui \u012fvertinti. Tokiose pramon\u0117s \u0161akose, kaip antai pakavimo, maisto ir g\u0117rim\u0173, vaist\u0173, medicinos prietais\u0173 ir kasdieni\u0173 chemini\u0173 med\u017eiag\u0173 gamyba, net mikroskopiniai nesandarumai gali sukelti tar\u0161\u0105, sutrumpinti galiojimo laik\u0105 arba pa\u017eeisti teis\u0117s akt\u0173 reikalavimus. D\u0117l \u0161ios prie\u017easties nuot\u0117kio bandymai tapo svarbia mokslini\u0173 tyrim\u0173 ir taikomosios veiklos patvirtinimo ir \u012fprastin\u0117s gamybos kontrol\u0117s dalimi.<\/p>\n\n\n\n<p>\"Cell Instruments Co., Ltd.\" projektuoja ir gamina profesionalias buteli\u0173 sandarumo testavimo sistemas, kurios sujungia <strong>ai\u0161k\u016bs vizualiniai rezultatai, stabilus vakuumo valdymas ir lanks\u010dios bandym\u0173 konfig\u016bracijos.<\/strong>, padedanti kokyb\u0117s specialistams priimti patikimus, patikimais duomenimis pagr\u012fstus sprendimus.<\/p>\n\n\n\n<h2 class=\"wp-block-heading\">Buteli\u0173 sandarumo bandymo proced\u016bra (vakuumini\u0173 burbuliuk\u0173 emisijos metodas)<\/h2>\n\n\n\n<p>Svetain\u0117 <strong>buteli\u0173 sandarumo bandymo proced\u016bra<\/strong> paprastai taikomas vakuumini\u0173 burbul\u0173 emisijos principas, kuris taip pat minimas <em><a href=\"https:\/\/store.astm.org\/d3078-02r21e01.html?_gl=1*1s85z2n*_gcl_aw*R0NMLjE3Njg3ODk3MzcuQ2owS0NRaUFwckxMQmhDTUFSSXNBRURoZFBmZnpaMHVBMGMtdjB4RWdqR0hGSWVCaVZjeTJBM3RfRHV0ajduOVh3QlJuQUVlbGdZOU00TWFBcWlSRUFMd193Y0I.*_gcl_au*MTkwOTY2MzAwNC4xNzY1Nzc5ODUz\" target=\"_blank\" rel=\"noreferrer noopener nofollow\">ASTM D3078<\/a> - Standartinis bandym\u0173 metodas pakuo\u010di\u0173 nesandarumui nustatyti pagal burbuliuk\u0173 emisij\u0105<\/em>.<\/p>\n\n\n\n<p>Taikant \u0161\u012f metod\u0105 butelis \u012fdedamas \u012f permatom\u0105 kamer\u0105, pripildyt\u0105 vandens. Sukuriamas kontroliuojamas vakuumas, tod\u0117l butelio viduje ir i\u0161or\u0117je susidaro sl\u0117gio skirtumas. Jei yra nuot\u0117kis, i\u0161 defekto i\u0161tr\u016bksta \u012fkalintas oras ir pasirodo kaip <strong>nenutr\u016bkstamas burbul\u0173 srautas<\/strong>, kad operatoriai gal\u0117t\u0173 vizualiai nustatyti ir patvirtinti nuot\u0117k\u012f.<\/p>\n\n\n\n<p>\u0160i proced\u016bra pasi\u017eymi dideliu jautrumu, intuityviu ai\u0161kinimu ir tinka tiek laboratorinei, tiek gamybinei aplinkai.<\/p>\n\n\n\n<h2 class=\"wp-block-heading\">Plastikini\u0173 buteli\u0173 ir plastikini\u0173 talpykl\u0173 sandarumo bandymo proced\u016bra<\/h2>\n\n\n\n<p>Svetain\u0117 <strong>plastikini\u0173 buteli\u0173 sandarumo bandymo proced\u016bra<\/strong> daugiausia d\u0117mesio skiriama defektams, atsiradusiems d\u0117l liejimo neatitikim\u0173, \u012ftempi\u0173 \u012ftr\u016bkim\u0173 arba dangtelio ir sandariklio neatitikimo, nustatyti. Plastikin\u0117s talpyklos gali \u0161iek tiek deformuotis veikiant vakuumui, tod\u0117l labai svarbu stabiliai ir pakartotinai kontroliuoti sl\u0117g\u012f.<\/p>\n\n\n\n<p>A <strong>plastikini\u0173 talpykl\u0173 sandarumo bandymas<\/strong> naudojant buteli\u0173 sandarumo tester\u012f galima nustatyti:<\/p>\n\n\n\n<ul class=\"wp-block-list\">\n<li><strong>Neardomieji bandymai<\/strong>, kai deformacija nevir\u0161ija tamprumo rib\u0173<\/li>\n\n\n\n<li><strong>Naikinamasis bandymas<\/strong>, kai didesnis vakuumo lygis s\u0105moningai veikia talpykl\u0105.<\/li>\n<\/ul>\n\n\n\n<p>Toks lankstumas leid\u017eia in\u017einieriams modeliuoti realaus pasaulio s\u0105lygas ir nustatyti saugaus veikimo ribas.<\/p>\n\n\n\n<h2 class=\"wp-block-heading\">Skys\u010di\u0173 buteli\u0173 sandarumo bandymo proced\u016bra naudojant tu\u0161\u010di\u0105 kamer\u0105<\/h2>\n\n\n\n<p>Skys\u010dio pripildytoms pakuot\u0117ms gali b\u016bti taikoma alternatyvi <strong>skys\u010di\u0173 buteli\u0173 sandarumo bandymo proced\u016bra<\/strong> naudojama tu\u0161\u010dia vakuumin\u0117 kamera be vandens. Atliekant bandymus, vakuumas tiesiogiai veikia i\u0161orin\u0119 aplink\u0105. Jei atsiranda nuot\u0117kis, i\u0161 pakuot\u0117s i\u0161b\u0117ga skystis ir i\u0161 karto tampa matomas.<\/p>\n\n\n\n<p>Taikant \u0161\u012f metod\u0105 i\u0161vengiama bandomosios terp\u0117s praskiedimo ar u\u017eter\u0161imo, tod\u0117l jis puikiai tinka g\u0117rimams, farmaciniams skys\u010diams, intraveniniams tirpalams ir kitoms pripildytoms talpykloms, kuriose burbuliuk\u0173 steb\u0117jimas vandenyje gali b\u016bti neprakti\u0161kas.<\/p>\n\n\n\n<h2 class=\"wp-block-heading\">Vakuuminis buteli\u0173 nuot\u0117kio testas: Da\u017e\u0173 patekimas kaip patikros priemon\u0117<\/h2>\n\n\n\n<p>Be vizualini\u0173 burbul\u0173 bandym\u0173, kai kuriuose patvirtinimo protokoluose reikalaujama <strong>vakuuminis buteli\u0173 sandarumo bandymas<\/strong> naudojant da\u017e\u0173 patekim\u0105. Naudojant metileno m\u0117lynojo da\u017eiklio metod\u0105 vakuumo s\u0105lygomis gaunamas spalvotas tirpalas. Jei yra nesandarum\u0173, da\u017eai prasiskverbia \u012f pakuot\u0119 ir tampa matomi j\u0105 atidarius.<\/p>\n\n\n\n<p>Nors \u0161is metodas yra destruktyvus, jis suteikia tvirt\u0105 kokybin\u012f patvirtinim\u0105 ir da\u017enai padeda patvirtinti proces\u0105 arba atlikti lyginamuosius tyrimus.<\/p>","protected":false},"featured_media":318,"parent":0,"template":"","meta":{"_acf_changed":false},"product-category":[17,13,18,19,20,10],"class_list":["post-309","product","type-product","status-publish","has-post-thumbnail","hentry","product-category-astm-d3078","product-category-astm-d4991","product-category-astm-d5094","product-category-astm-d6653","product-category-astm-f2338","product-category-leak-test"],"acf":[],"_links":{"self":[{"href":"https:\/\/www.bottletest.com\/lt\/wp-json\/wp\/v2\/product\/309","targetHints":{"allow":["GET"]}}],"collection":[{"href":"https:\/\/www.bottletest.com\/lt\/wp-json\/wp\/v2\/product"}],"about":[{"href":"https:\/\/www.bottletest.com\/lt\/wp-json\/wp\/v2\/types\/product"}],"wp:featuredmedia":[{"embeddable":true,"href":"https:\/\/www.bottletest.com\/lt\/wp-json\/wp\/v2\/media\/318"}],"wp:attachment":[{"href":"https:\/\/www.bottletest.com\/lt\/wp-json\/wp\/v2\/media?parent=309"}],"wp:term":[{"taxonomy":"product-category","embeddable":true,"href":"https:\/\/www.bottletest.com\/lt\/wp-json\/wp\/v2\/product-category?post=309"}],"curies":[{"name":"wp","href":"https:\/\/api.w.org\/{rel}","templated":true}]}}