{"id":292,"date":"2026-02-04T07:35:39","date_gmt":"2026-02-04T07:35:39","guid":{"rendered":"https:\/\/www.bottletest.com\/?post_type=product&#038;p=292"},"modified":"2026-02-05T08:13:37","modified_gmt":"2026-02-05T08:13:37","slug":"top-load-tester","status":"publish","type":"product","link":"https:\/\/www.bottletest.com\/lt\/product\/top-load-tester\/","title":{"rendered":"TLT-01 vir\u0161utin\u0117s apkrovos testeris"},"content":{"rendered":"<h2 class=\"wp-block-heading\">Vertikalios apkrovos bandymas su buteliu: Tikslas ir praktin\u0117 reik\u0161m\u0117<\/h2>\n\n\n\n<p>Svetain\u0117 <strong>vertikalus butelio apkrovos bandymas<\/strong> d\u0117mesys sutelkiamas \u012f tai, kaip elgiasi konteineris, kai jo centrin\u0119 a\u0161\u012f veikia gniu\u017edymo j\u0117ga. \u0160i apkrovos s\u0105lyga imituoja realias apkrovas, tokias kaip pad\u0117kl\u0173 krovimas, sand\u0117liavimas sand\u0117lyje ir vir\u0161utinis sl\u0117gis transportuojant.<\/p>\n\n\n\n<p>Pagrindiniai na\u0161umo rodikliai, gaunami i\u0161 vir\u0161utin\u0117s apkrovos testerio, yra \u0161ie:<\/p>\n\n\n\n<ul class=\"wp-block-list\">\n<li><strong>Did\u017eiausia vertikali apkrova<\/strong> prie\u0161 deformacij\u0105 ar gedim\u0105<\/li>\n\n\n\n<li><strong>Derlingumo apkrova<\/strong>, kai pradeda ma\u017e\u0117ti konstrukcijos standumas<\/li>\n\n\n\n<li><strong>Deformacijos elgsena<\/strong> esant kontroliuojamam suspaudimui<\/li>\n\n\n\n<li><strong>Gedimo re\u017eimas<\/strong>, pavyzd\u017eiui, i\u0161linkimas arba trapus l\u016b\u017eis.<\/li>\n<\/ul>\n\n\n\n<p>Atliekant stiklini\u0173 talpykl\u0173 bandym\u0105 pabr\u0117\u017eiamas atsparumas staigiam sudu\u017eimui. Atliekant plastikini\u0173 buteli\u0173 bandym\u0105 nustatomas j\u0173 plasti\u0161kumas, standumas ir konstrukcijos tvirtumas.<\/p>\n\n\n\n<h2 class=\"wp-block-heading\">Buteli\u0173 vir\u0161utin\u0117s apkrovos bandymas pagal ASTM D2659<\/h2>\n\n\n\n<p>Svetain\u0117 <strong>buteli\u0173 vir\u0161utin\u0117s apkrovos bandymas<\/strong> pagamintas i\u0161 termoplastiko, laikantis princip\u0173, apibr\u0117\u017et\u0173 <strong>ASTM D2659<\/strong>, kuriame nagrin\u0117jamos i\u0161p\u016bsto plastiko talpykl\u0173 stulpeli\u0173 gniu\u017edymo savyb\u0117s.<\/p>\n\n\n\n<p>ASTM D2659 nurodo bandymus pagal <strong>pastovus gniu\u017edomasis deformacijos greitis<\/strong>, u\u017etikrinant, kad rezultatai i\u0161likt\u0173 palyginami visose laboratorijose. Metodas skirtas:<\/p>\n\n\n\n<ul class=\"wp-block-list\">\n<li>Gniu\u017edymo takumo apkrova<\/li>\n\n\n\n<li>Deformacija, kai i\u0161eiga<\/li>\n\n\n\n<li>Gniu\u017edymo apkrova sugedus<\/li>\n\n\n\n<li>Tariamasis gniu\u017edymo standumas<\/li>\n<\/ul>\n\n\n\n<p>Reikalavimus atitinkantis vir\u0161utin\u0117s apkrovos testeris turi i\u0161laikyti <strong>stabilus ir kontroliuojamas bandymo greitis<\/strong>, paprastai nuo 12,5 mm\/min iki 50 mm\/min. Tinkamas bandinio i\u0161lyginimas ir ventiliacija turi lemiam\u0105 reik\u0161m\u0119 bandymo tikslumui ir saugai.<\/p>\n\n\n\n<p>Vadovaudamiesi ASTM D2659 standartu, pakuo\u010di\u0173 in\u017einieriai gali naudoti did\u017eiausios apkrovos duomenis <strong>kokyb\u0117s kontrol\u0117, pri\u0117mimo bandymai ir mokslini\u0173 tyrim\u0173 ir pl\u0117tros palyginimai.<\/strong>, ypa\u010d vertinant projekto pakeitimus ar med\u017eiag\u0173 pakeitimus.<\/p>\n\n\n\n<h2 class=\"wp-block-heading\">Buteli\u0173 vertikaliosios apkrovos bandymas pagal ISO 8113<\/h2>\n\n\n\n<p>Stiklin\u0117ms pakuot\u0117ms, <strong>ISO 8113<\/strong> apibr\u0117\u017eia standartizuot\u0105 atsparumo vertikaliai apkrovai matavimo metod\u0105. \u0160is tarptautinis standartas u\u017etikrina nuoseklum\u0105 vertinant g\u0117rim\u0173, maisto ir vaist\u0173 butelius.<\/p>\n\n\n\n<p>ISO 8113 pabr\u0117\u017eia:<\/p>\n\n\n\n<ul class=\"wp-block-list\">\n<li>Temperat\u016brin\u0117 pusiausvyra tarp m\u0117ginio ir aplinkos<\/li>\n\n\n\n<li>Tikslus a\u0161inis konteinerio i\u0161lyginimas<\/li>\n\n\n\n<li>Apsaugini\u0173 pad\u0117kliuk\u0173 arba u\u017edarymo \u012ftais\u0173 naudojimas siekiant imituoti realias sandarinimo s\u0105lygas<\/li>\n\n\n\n<li>Kontroliuojamas j\u0117gos veikimas iki nustatytos apkrovos arba l\u016b\u017eio<\/li>\n<\/ul>\n\n\n\n<p>Profesionalus vir\u0161utin\u0117s apkrovos testeris, sukurtas pagal ISO 8113, palaiko ir <strong>i\u0161laikyti testus<\/strong> (\u012fkrovimas iki i\u0161 anksto nustatytos vert\u0117s) ir <strong>progresyv\u016bs testai<\/strong> (krovimas iki gedimo). \u0160ie rezultatai padeda gamintojams patvirtinti, kad stiklo tara atitinka vidaus specifikacijas ir klient\u0173 reikalavimus.<\/p>\n\n\n\n<h2 class=\"wp-block-heading\">Kaip veikia vir\u0161utin\u0117s apkrovos testeris<\/h2>\n\n\n\n<p>Vir\u0161utin\u0117s apkrovos testeris taiko <strong>valdoma vertikalioji gniu\u017edymo j\u0117ga<\/strong> per tikslias plok\u0161teles, nuolat matuojant j\u0117g\u0105 ir poslink\u012f. Sistema realiuoju laiku fiksuoja apkrovos ir poslinkio kreives, tod\u0117l vartotojai gali steb\u0117ti konstrukcijos reakcij\u0105 viso bandymo metu.<\/p>\n\n\n\n<p>\u0160iuolaikin\u0117s \"Cell Instruments\" sistemos integruoja:<\/p>\n\n\n\n<ul class=\"wp-block-list\">\n<li>Didelio tikslumo apkrovos elementai<\/li>\n\n\n\n<li>Tikslus poslinkio matavimas<\/li>\n\n\n\n<li>PLC pagr\u012fstas valdymas su intuityvia HMI<\/li>\n\n\n\n<li>Skaitmenini\u0173 duomen\u0173 i\u0161vestis atsekamumui u\u017etikrinti<\/li>\n<\/ul>\n\n\n\n<p>\u0160i konfig\u016bracija u\u017etikrina, kad kiekvienas buteli\u0173 vir\u0161utin\u0117s apkrovos bandymas i\u0161likt\u0173 <strong>pakartojamas, atsekamas ir atitinkantis reikalavimus.<\/strong> su ASTM ir ISO standartais.<\/p>\n\n\n\n<h2 class=\"wp-block-heading\">Kod\u0117l auk\u0161\u010diausios apkrovos testavimas didina pasitik\u0117jim\u0105 ir patikimum\u0105<\/h2>\n\n\n\n<p>Patikimi vertikalios apkrovos duomenys padeda priimti geresnius sprendimus per vis\u0105 pakuot\u0117s gyvavimo cikl\u0105. Patvirtintas vir\u0161utin\u0117s apkrovos testeris padeda:<\/p>\n\n\n\n<ul class=\"wp-block-list\">\n<li>U\u017ekirsti keli\u0105 konteinerio gri\u016b\u010diai logistikos metu<\/li>\n\n\n\n<li>Suma\u017einkite med\u017eiag\u0173 naudojim\u0105 nesuma\u017eindami saugos<\/li>\n\n\n\n<li>\u012erodyti atitikt\u012f reikalavimams atliekant audit\u0105 ir klient\u0173 vertinimus.<\/li>\n\n\n\n<li>Pagerinti gamybos partij\u0173 nuoseklum\u0105<\/li>\n<\/ul>\n\n\n\n<p>Suderinus testavimo praktik\u0105 su <a href=\"https:\/\/store.astm.org\/d2659-16r23.html?_gl=1*a5mpmp*_gcl_aw*R0NMLjE3Njg3ODk3MzcuQ2owS0NRaUFwckxMQmhDTUFSSXNBRURoZFBmZnpaMHVBMGMtdjB4RWdqR0hGSWVCaVZjeTJBM3RfRHV0ajduOVh3QlJuQUVlbGdZOU00TWFBcWlSRUFMd193Y0I.*_gcl_au*MTkwOTY2MzAwNC4xNzY1Nzc5ODUz\" target=\"_blank\" rel=\"noreferrer noopener nofollow\">ASTM D2659<\/a> ir <a href=\"https:\/\/www.iso.org\/standard\/35617.html\" target=\"_blank\" rel=\"noreferrer noopener nofollow\">ISO 8113<\/a>, gamintojai stiprina ir <strong>techninis patikimumas ir klient\u0173 pasitik\u0117jimas.<\/strong>.<\/p>","protected":false},"featured_media":303,"parent":0,"template":"","meta":{"_acf_changed":false},"product-category":[26,27,14],"class_list":["post-292","product","type-product","status-publish","has-post-thumbnail","hentry","product-category-astm-d2659","product-category-iso-8113","product-category-top-load-test"],"acf":[],"_links":{"self":[{"href":"https:\/\/www.bottletest.com\/lt\/wp-json\/wp\/v2\/product\/292","targetHints":{"allow":["GET"]}}],"collection":[{"href":"https:\/\/www.bottletest.com\/lt\/wp-json\/wp\/v2\/product"}],"about":[{"href":"https:\/\/www.bottletest.com\/lt\/wp-json\/wp\/v2\/types\/product"}],"wp:featuredmedia":[{"embeddable":true,"href":"https:\/\/www.bottletest.com\/lt\/wp-json\/wp\/v2\/media\/303"}],"wp:attachment":[{"href":"https:\/\/www.bottletest.com\/lt\/wp-json\/wp\/v2\/media?parent=292"}],"wp:term":[{"taxonomy":"product-category","embeddable":true,"href":"https:\/\/www.bottletest.com\/lt\/wp-json\/wp\/v2\/product-category?post=292"}],"curies":[{"name":"wp","href":"https:\/\/api.w.org\/{rel}","templated":true}]}}