{"id":411,"date":"2026-02-05T06:24:39","date_gmt":"2026-02-05T06:24:39","guid":{"rendered":"https:\/\/www.bottletest.com\/?post_type=product&#038;p=411"},"modified":"2026-02-05T06:30:41","modified_gmt":"2026-02-05T06:30:41","slug":"carbonation-tester","status":"publish","type":"product","link":"https:\/\/www.bottletest.com\/it\/product\/carbonation-tester\/","title":{"rendered":"CLRT-01 Tester di carbonatazione"},"content":{"rendered":"<p><strong>Tester di carbonatazione<\/strong> \u00e8 uno strumento analitico fondamentale utilizzato per misurare il livello di carbonatazione, la ritenzione di CO\u2082 e il volume di gas delle bevande gassate in contenitori sigillati. Per i produttori di bevande, i fornitori di imballaggi e le agenzie di ispezione della qualit\u00e0, un controllo accurato della carbonatazione influisce direttamente su <strong>gusto, consistenza in bocca, durata di conservazione e coerenza del marchio<\/strong>.<\/p>\n\n\n\n<p>Cell Instruments Co., Ltd. progetta e produce tester di carbonatazione avanzati per supportare una valutazione della carbonatazione precisa, ripetibile e conforme agli standard in bottiglie di PET, bottiglie di vetro, lattine e formati di imballaggio personalizzati. Combinando automazione, rilevamento ad alta precisione e logica di test standardizzata, i nostri sistemi aiutano gli utenti a ridurre gli errori umani, migliorando l'affidabilit\u00e0 dei dati e la fiducia dei clienti.<\/p>\n\n\n\n<h2 class=\"wp-block-heading\">Test del volume di gas secondo ASTM F1115<\/h2>\n\n\n\n<p>Il <strong>test del volume di gas<\/strong> definito in <strong>ASTM F1115<\/strong> fornisce un approccio standardizzato per determinare la perdita di anidride carbonica e la ritenzione di carbonazione nei contenitori per bevande. Questo metodo di prova valuta la capacit\u00e0 di una confezione di mantenere il livello di carbonatazione iniziale nel tempo, in condizioni controllate.<\/p>\n\n\n\n<p>La norma ASTM F1115 delinea due procedure complementari:<\/p>\n\n\n\n<ul class=\"wp-block-list\">\n<li><strong>Procedura A<\/strong> si concentra sullo sviluppo delle confezioni e sulla ricerca sulla shelf-life. Si basa sulla misurazione sensibile della pressione e della temperatura all'interno di un sistema chiuso e richiede competenze analitiche di laboratorio. Questo approccio aiuta gli ingegneri a valutare le prestazioni strutturali, l'integrit\u00e0 della chiusura e le caratteristiche di ritenzione di CO\u2082 a lungo termine dei nuovi progetti di contenitori.<\/li>\n\n\n\n<li><strong>Procedura B<\/strong> \u00e8 un metodo pratico di controllo della qualit\u00e0 per le operazioni di riempimento delle bevande. Il metodo enfatizza la semplicit\u00e0 operativa, pur mantenendo un'accuratezza affidabile. I tester di carbonatazione automatici o manuali misurano la pressione e la temperatura interna dopo un'agitazione controllata, quindi calcolano i livelli di carbonatazione utilizzando le tabelle di carbonatazione stabilite. Per la sua efficienza e ripetibilit\u00e0, la procedura B \u00e8 ampiamente adottata negli ambienti di produzione.<\/li>\n<\/ul>\n\n\n\n<p>Un moderno tester di carbonatazione progettato in base alla norma ASTM F1115 consente agli utenti di calcolare la perdita di carbonatazione, il tasso di trasferimento della carbonatazione e la durata di conservazione prevista monitorando la ritenzione di CO\u2082 nel tempo. Questi risultati supportano direttamente l'ottimizzazione del packaging e il controllo del processo.<\/p>\n\n\n\n<h2 class=\"wp-block-heading\">Come funziona il tester di carbonatazione<\/h2>\n\n\n\n<p>Un tester di carbonatazione misura la carbonatazione stabilendo l'equilibrio tra CO\u2082 disciolta, pressione interna e temperatura all'interno di un contenitore sigillato. Il flusso di lavoro tipico comprende:<\/p>\n\n\n\n<ul class=\"wp-block-list\">\n<li><strong>Piercing automatico del tappo<\/strong> per accedere alla pressione interna senza perdite di gas incontrollate<\/li>\n\n\n\n<li><strong>Stabilizzazione della pressione<\/strong> per eliminare gli effetti transitori<\/li>\n\n\n\n<li><strong>Agitazione controllata<\/strong> per garantire una distribuzione uniforme della CO\u2082.<\/li>\n\n\n\n<li><strong>Misura simultanea di pressione e temperatura<\/strong><\/li>\n\n\n\n<li><strong>Calcolo istantaneo del volume di gas<\/strong> utilizzo di tabelle di carbonatazione incorporate<\/li>\n<\/ul>\n\n\n\n<p>Questo processo garantisce che ogni test rifletta la reale condizione di carbonatazione della bevanda, piuttosto che la tecnica dell'operatore o la variabilit\u00e0 ambientale.<\/p>\n\n\n\n<h2 class=\"wp-block-heading\">Test di carbonatazione automatizzati con CLRT-01<\/h2>\n\n\n\n<p>Il <strong>CLRT-01 Tester di carbonatazione<\/strong> da Cell Instruments aumenta <a href=\"https:\/\/store.astm.org\/f1115-16r23.html?_gl=1*1e32tpu*_gcl_aw*R0NMLjE3Njg3ODk3MzcuQ2owS0NRaUFwckxMQmhDTUFSSXNBRURoZFBmZnpaMHVBMGMtdjB4RWdqR0hGSWVCaVZjeTJBM3RfRHV0ajduOVh3QlJuQUVlbGdZOU00TWFBcWlSRUFMd193Y0I.*_gcl_au*MTkwOTY2MzAwNC4xNzY1Nzc5ODUz\" target=\"_blank\" rel=\"noreferrer noopener nofollow\">ASTM F1115<\/a>-attraverso un flusso di lavoro completamente automatizzato e a prova di errore. Il sistema integra controllo meccanico, rilevamento digitale e calcolo intelligente in un'unica piattaforma compatta.<\/p>\n\n\n\n<p><strong>I principali vantaggi dell'automazione includono:<\/strong><\/p>\n\n\n\n<ul class=\"wp-block-list\">\n<li><strong>Perforazione del tappo controllata con precisione<\/strong> con velocit\u00e0 di penetrazione stabile<\/li>\n\n\n\n<li><strong>Agitazione servoassistita<\/strong> per un equilibrio coerente di CO\u2082<\/li>\n\n\n\n<li><strong>Acquisizione di pressione e temperatura in tempo reale<\/strong> utilizzando sensori ad alta risoluzione<\/li>\n\n\n\n<li><strong>Visualizzazione istantanea del volume di CO\u2082<\/strong>, eliminando le ricerche e i calcoli manuali<\/li>\n<\/ul>\n\n\n\n<p>Questo design riduce significativamente il tempo di analisi e migliora la ripetibilit\u00e0, rendendo il tester di carbonatazione adatto sia per le analisi di laboratorio che per il controllo di qualit\u00e0 in linea di produzione.<\/p>\n\n\n\n<h2 class=\"wp-block-heading\">Perch\u00e9 l'accuratezza dei test di carbonatazione \u00e8 importante<\/h2>\n\n\n\n<p>La perdita di carbonazione influenza direttamente la qualit\u00e0 delle bevande. Anche una piccola deviazione dal livello target di CO\u2082 pu\u00f2 alterare la percezione del gusto e ridurre l'accettazione da parte dei consumatori. Un test di carbonatazione affidabile consente ai produttori di:<\/p>\n\n\n\n<ul class=\"wp-block-list\">\n<li>Mantenere il sapore e la consistenza del prodotto in bocca<\/li>\n\n\n\n<li>Verificare la chiusura e l'integrit\u00e0 della confezione<\/li>\n\n\n\n<li>Prevedere la durata di conservazione in base alle tendenze di ritenzione della carbonatazione<\/li>\n\n\n\n<li>Soddisfare gli standard di qualit\u00e0 interni e i requisiti normativi esterni<\/li>\n<\/ul>\n\n\n\n<p>Grazie all'implementazione di un tester di carbonatazione ad alta precisione, i team di controllo qualit\u00e0 ottengono dati utili per le decisioni quotidiane sulla produzione e per lo sviluppo a lungo termine del packaging.<\/p>","protected":false},"featured_media":410,"parent":0,"template":"","meta":{"_acf_changed":false},"product-category":[23,22],"class_list":["post-411","product","type-product","status-publish","has-post-thumbnail","hentry","product-category-astm-f1115","product-category-carbonation-test"],"acf":[],"_links":{"self":[{"href":"https:\/\/www.bottletest.com\/it\/wp-json\/wp\/v2\/product\/411","targetHints":{"allow":["GET"]}}],"collection":[{"href":"https:\/\/www.bottletest.com\/it\/wp-json\/wp\/v2\/product"}],"about":[{"href":"https:\/\/www.bottletest.com\/it\/wp-json\/wp\/v2\/types\/product"}],"wp:featuredmedia":[{"embeddable":true,"href":"https:\/\/www.bottletest.com\/it\/wp-json\/wp\/v2\/media\/410"}],"wp:attachment":[{"href":"https:\/\/www.bottletest.com\/it\/wp-json\/wp\/v2\/media?parent=411"}],"wp:term":[{"taxonomy":"product-category","embeddable":true,"href":"https:\/\/www.bottletest.com\/it\/wp-json\/wp\/v2\/product-category?post=411"}],"curies":[{"name":"wp","href":"https:\/\/api.w.org\/{rel}","templated":true}]}}