{"id":309,"date":"2026-02-04T08:18:06","date_gmt":"2026-02-04T08:18:06","guid":{"rendered":"https:\/\/www.bottletest.com\/?post_type=product&#038;p=309"},"modified":"2026-02-04T08:20:59","modified_gmt":"2026-02-04T08:20:59","slug":"bottle-leak-tester","status":"publish","type":"product","link":"https:\/\/www.bottletest.com\/it\/product\/bottle-leak-tester\/","title":{"rendered":"BLT-03 Tester di perdite in bottiglia"},"content":{"rendered":"<p>B<strong>tester per perdite di olio<\/strong> \u00e8 uno strumento critico per il controllo della qualit\u00e0, utilizzato per valutare l'integrit\u00e0 della tenuta di bottiglie e contenitori rigidi o semirigidi. In settori come l'imballaggio, gli alimenti e le bevande, i prodotti farmaceutici, i dispositivi medici e i prodotti chimici di uso quotidiano, anche perdite microscopiche possono portare a contaminazione, riduzione della durata di conservazione o non conformit\u00e0 alle normative. Per questo motivo, le prove di tenuta sono diventate una parte essenziale della convalida della ricerca e sviluppo e dell'ispezione di routine della produzione.<\/p>\n\n\n\n<p>Cell Instruments Co., Ltd. progetta e produce sistemi professionali di prova di tenuta delle bottiglie che combinano <strong>risultati visivi chiari, controllo stabile del vuoto e configurazioni di test flessibili<\/strong>, aiutando i professionisti della qualit\u00e0 a prendere decisioni sicure basate su dati affidabili.<\/p>\n\n\n\n<h2 class=\"wp-block-heading\">Procedura di prova di tenuta per bottiglie (metodo dell'emissione di bolle sotto vuoto)<\/h2>\n\n\n\n<p>Il <strong>procedura di prova di tenuta per le bottiglie<\/strong> segue comunemente il principio dell'emissione di bolle nel vuoto, a cui si fa riferimento anche in <em><a href=\"https:\/\/store.astm.org\/d3078-02r21e01.html?_gl=1*1s85z2n*_gcl_aw*R0NMLjE3Njg3ODk3MzcuQ2owS0NRaUFwckxMQmhDTUFSSXNBRURoZFBmZnpaMHVBMGMtdjB4RWdqR0hGSWVCaVZjeTJBM3RfRHV0ajduOVh3QlJuQUVlbGdZOU00TWFBcWlSRUFMd193Y0I.*_gcl_au*MTkwOTY2MzAwNC4xNzY1Nzc5ODUz\" target=\"_blank\" rel=\"noreferrer noopener nofollow\">ASTM D3078<\/a> - Metodo di prova standard per la determinazione delle perdite negli imballaggi mediante emissione di bolle d'aria<\/em>.<\/p>\n\n\n\n<p>Con questo metodo, la bottiglia viene posta all'interno di una camera trasparente riempita d'acqua. Viene applicato un vuoto controllato, creando una differenza di pressione tra l'interno e l'esterno della bottiglia. Se c'\u00e8 una perdita, l'aria intrappolata fuoriesce dal difetto e compare come <strong>un flusso continuo di bolle<\/strong>, permettendo agli operatori di localizzare e confermare visivamente le perdite.<\/p>\n\n\n\n<p>Questa procedura offre un'elevata sensibilit\u00e0, un'interpretazione intuitiva e l'idoneit\u00e0 per gli ambienti di laboratorio e di produzione.<\/p>\n\n\n\n<h2 class=\"wp-block-heading\">Procedura di prova di tenuta per bottiglie e contenitori in plastica<\/h2>\n\n\n\n<p>Il <strong>procedura di prova di tenuta per bottiglie di plastica<\/strong> si concentra sull'identificazione dei difetti causati da incongruenze di stampaggio, cricche da stress o mancata corrispondenza tra tappo e guarnizione. I contenitori in plastica possono deformarsi leggermente sotto vuoto, quindi \u00e8 essenziale un controllo della pressione stabile e ripetibile.<\/p>\n\n\n\n<p>A <strong>test di tenuta per contenitori in plastica<\/strong> utilizzando un tester di tenuta per bottiglie pu\u00f2 essere configurato come:<\/p>\n\n\n\n<ul class=\"wp-block-list\">\n<li><strong>Test non distruttivi<\/strong>, dove la deformazione rimane entro i limiti elastici<\/li>\n\n\n\n<li><strong>Test distruttivi<\/strong>, dove i livelli di vuoto pi\u00f9 elevati sollecitano intenzionalmente il contenitore.<\/li>\n<\/ul>\n\n\n\n<p>Questa flessibilit\u00e0 consente agli ingegneri di simulare le condizioni reali e di definire i limiti di sicurezza delle prestazioni.<\/p>\n\n\n\n<h2 class=\"wp-block-heading\">Procedura di prova di tenuta per bottiglie di liquidi con camera vuota<\/h2>\n\n\n\n<p>Per le confezioni piene di liquido, un'alternativa <strong>procedura di prova di tenuta per bottiglie di liquido<\/strong> utilizza una camera a vuoto senza acqua. Durante il test, il vuoto viene applicato direttamente all'ambiente esterno. Se si verifica una perdita, il liquido fuoriesce dalla confezione e diventa immediatamente visibile.<\/p>\n\n\n\n<p>Questo metodo evita la diluizione o la contaminazione del mezzo di prova e funziona bene per le bevande, i liquidi farmaceutici, le soluzioni per flebo e altri contenitori pieni in cui l'osservazione delle bolle in acqua potrebbe non essere pratica.<\/p>\n\n\n\n<h2 class=\"wp-block-heading\">Test di tenuta sotto vuoto per le bottiglie: L'ingresso del colorante come strumento di verifica<\/h2>\n\n\n\n<p>Oltre al test visivo delle bolle di sapone, alcuni protocolli di validazione richiedono una <strong>prova di tenuta a vuoto per bottiglie<\/strong> utilizzando l'ingresso di coloranti. Il metodo del colorante blu di metilene introduce una soluzione colorata in condizioni di vuoto. Se ci sono perdite, il colorante penetra nella confezione e diventa visibile dopo l'apertura.<\/p>\n\n\n\n<p>Anche se distruttivo, questo approccio fornisce una forte conferma qualitativa e spesso supporta la validazione del processo o gli studi comparativi.<\/p>","protected":false},"featured_media":318,"parent":0,"template":"","meta":{"_acf_changed":false},"product-category":[17,13,18,19,20,10],"class_list":["post-309","product","type-product","status-publish","has-post-thumbnail","hentry","product-category-astm-d3078","product-category-astm-d4991","product-category-astm-d5094","product-category-astm-d6653","product-category-astm-f2338","product-category-leak-test"],"acf":[],"_links":{"self":[{"href":"https:\/\/www.bottletest.com\/it\/wp-json\/wp\/v2\/product\/309","targetHints":{"allow":["GET"]}}],"collection":[{"href":"https:\/\/www.bottletest.com\/it\/wp-json\/wp\/v2\/product"}],"about":[{"href":"https:\/\/www.bottletest.com\/it\/wp-json\/wp\/v2\/types\/product"}],"wp:featuredmedia":[{"embeddable":true,"href":"https:\/\/www.bottletest.com\/it\/wp-json\/wp\/v2\/media\/318"}],"wp:attachment":[{"href":"https:\/\/www.bottletest.com\/it\/wp-json\/wp\/v2\/media?parent=309"}],"wp:term":[{"taxonomy":"product-category","embeddable":true,"href":"https:\/\/www.bottletest.com\/it\/wp-json\/wp\/v2\/product-category?post=309"}],"curies":[{"name":"wp","href":"https:\/\/api.w.org\/{rel}","templated":true}]}}