{"id":418,"date":"2026-02-05T08:23:26","date_gmt":"2026-02-05T08:23:26","guid":{"rendered":"https:\/\/www.bottletest.com\/?post_type=product&#038;p=418"},"modified":"2026-02-05T08:26:32","modified_gmt":"2026-02-05T08:26:32","slug":"automatic-torque-tester","status":"publish","type":"product","link":"https:\/\/www.bottletest.com\/hu\/product\/automatic-torque-tester\/","title":{"rendered":"MCT-01 Automatikus nyomat\u00e9km\u00e9r\u0151"},"content":{"rendered":"<p><strong>Automatikus nyomat\u00e9km\u00e9r\u0151<\/strong> egy kritikus min\u0151s\u00e9gellen\u0151rz\u0151 m\u0171szer, amelyet a palackok \u00e9s tart\u00e1lyok menetes z\u00e1r\u00f3szerkezeteinek felhelyez\u00e9si nyomat\u00e9k\u00e1nak \u00e9s nyit\u00e1si nyomat\u00e9k\u00e1nak m\u00e9r\u00e9s\u00e9re haszn\u00e1lnak. A csomagol\u00f3iparban, p\u00e9ld\u00e1ul az \u00e9lelmiszeriparban, a gy\u00f3gyszeriparban, a gy\u00f3gy\u00e1szatban \u00e9s a napi vegyiparban a nyomat\u00e9k konzisztenci\u00e1ja k\u00f6zvetlen\u00fcl befoly\u00e1solja a k\u00f6vetkez\u0151ket <strong>pecs\u00e9t s\u00e9rtetlens\u00e9ge, fogyaszt\u00f3i haszn\u00e1lhat\u00f3s\u00e1g \u00e9s a jogszab\u00e1lyi megfelel\u00e9s<\/strong>. A nem megfelel\u0151 nyomat\u00e9k sziv\u00e1rg\u00e1st vagy az akad\u00e1ly teljes\u00edtm\u00e9ny\u00e9nek cs\u00f6kken\u00e9s\u00e9t okozhatja, m\u00edg a t\u00falzott nyomat\u00e9k a kupak deform\u00e1ci\u00f3j\u00e1hoz vagy rossz felhaszn\u00e1l\u00f3i \u00e9lm\u00e9nyhez vezethet.<\/p>\n\n\n\n<h2 class=\"wp-block-heading\">Nyomat\u00e9km\u00e9r\u0151 palackkupakokhoz \u00e9s nyit\u00e1si nyomat\u00e9khoz &amp; ASTM D7860<\/h2>\n\n\n\n<p><strong>Nyomat\u00e9km\u00e9r\u0151 palackkupakokhoz<\/strong> k\u00e9t kulcsfontoss\u00e1g\u00fa param\u00e9tert \u00e9rt\u00e9kel: az alkalmaz\u00e1si nyomat\u00e9kot \u00e9s a <strong>nyit\u00e1si nyomat\u00e9k<\/strong>, amelyet gyakran elt\u00e1vol\u00edt\u00e1si nyomat\u00e9knak is neveznek. Ezek az \u00e9rt\u00e9kek hat\u00e1rozz\u00e1k meg, hogy a z\u00e1r\u00e1s mennyire biztons\u00e1gosan van felhelyezve, \u00e9s mekkora er\u0151t kell kifejtenie a felhaszn\u00e1l\u00f3nak a csomag kinyit\u00e1s\u00e1hoz. Az ASTM D7860 szabv\u00e1nyos\u00edtott keretet biztos\u00edt a folyamatos menetes z\u00e1r\u00f3elemek nyomat\u00e9ktart\u00e1s\u00e1nak m\u00e9r\u00e9s\u00e9re automatiz\u00e1lt nyomat\u00e9kvizsg\u00e1l\u00f3 berendez\u00e9ssel, ami a laborat\u00f3riumok sz\u00e1m\u00e1ra vil\u00e1gszerte alapvet\u0151 referenci\u00e1v\u00e1 teszi.<\/p>\n\n\n\n<p>Az ASTM D7860 olyan fontos fogalmakat hat\u00e1roz meg, mint p\u00e9ld\u00e1ul <strong>sz\u00e1raz nyomat\u00e9k<\/strong>, <strong>azonnali elt\u00e1vol\u00edt\u00e1si nyomat\u00e9k<\/strong>, \u00e9s <strong>nyomat\u00e9ktart\u00e1s<\/strong>, biztos\u00edtva, hogy az eredm\u00e9nyek \u00f6sszehasonl\u00edthat\u00f3ak maradjanak a k\u00fcl\u00f6nb\u00f6z\u0151 anyagok, z\u00e1r\u00e1si m\u00f3dok \u00e9s t\u00e1rol\u00e1si k\u00f6r\u00fclm\u00e9nyek k\u00f6z\u00f6tt. Ezt a szabv\u00e1nyt k\u00f6vetve egy automatikus nyomat\u00e9km\u00e9r\u0151 olyan eredm\u00e9nyeket szolg\u00e1ltathat, amelyek t\u00e1mogatj\u00e1k a csomagol\u00e1sok fejleszt\u00e9s\u00e9t, a m\u00e9rn\u00f6ki valid\u00e1l\u00e1st \u00e9s a rutinszer\u0171 min\u0151s\u00e9gellen\u0151rz\u00e9st.<\/p>\n\n\n\n<h2 class=\"wp-block-heading\">Hogyan m\u0171k\u00f6dik az automatikus nyomat\u00e9km\u00e9r\u0151<\/h2>\n\n\n\n<p>Az automatikus nyomat\u00e9km\u00e9r\u0151 egy <strong>motoros forg\u00f3 rendszer<\/strong> prec\u00edzi\u00f3s nyomat\u00e9k\u00e1talak\u00edt\u00f3val kombin\u00e1lva. A palack \u00e9s a kupak koncentrikusan van r\u00f6gz\u00edtve az excentrikus terhel\u00e9s elker\u00fcl\u00e9se \u00e9rdek\u00e9ben, \u00edgy biztos\u00edtva a megism\u00e9telhet\u0151 \u00e9s pontos m\u00e9r\u00e9seket.<\/p>\n\n\n\n<p>A vizsg\u00e1lat sor\u00e1n a m\u0171szer ellen\u0151rz\u00f6tt forg\u00f3mozg\u00e1st v\u00e9gez r\u00f6gz\u00edtett sebess\u00e9ggel vagy nyomat\u00e9kr\u00e1mp\u00e1val. A nyomat\u00e9kjel folyamatosan r\u00f6gz\u00edt\u00e9sre ker\u00fcl, \u00e9s a <strong>nyit\u00e1s cs\u00facsnyomat\u00e9ka<\/strong> automatikusan r\u00f6gz\u00edt\u00e9sre ker\u00fcl. Ez a megk\u00f6zel\u00edt\u00e9s szorosan t\u00fckr\u00f6zi a val\u00f3s nyit\u00e1si k\u00f6r\u00fclm\u00e9nyeket, mik\u00f6zben minim\u00e1lisra cs\u00f6kkenti a kezel\u0151i befoly\u00e1st.<\/p>\n\n\n\n<p>A k\u00e9zi eszk\u00f6z\u00f6kkel \u00f6sszehasonl\u00edtva az automatikus nyomat\u00e9km\u00e9r\u0151 a k\u00f6vetkez\u0151ket k\u00edn\u00e1lja <strong>nagyobb ism\u00e9telhet\u0151s\u00e9g, kevesebb emberi hiba \u00e9s jobb megfelel\u00e9s az ASTM D7860 k\u00f6vetelm\u00e9nyeinek<\/strong>, k\u00fcl\u00f6n\u00f6sen a nyomat\u00e9ktart\u00e1s id\u0151beli vagy k\u00f6rnyezeti kondicion\u00e1l\u00e1st k\u00f6vet\u0151 vizsg\u00e1latakor.<\/p>\n\n\n\n<h2 class=\"wp-block-heading\">Az ASTM D7860 fontoss\u00e1ga az automatiz\u00e1lt nyomat\u00e9kvizsg\u00e1latban<\/h2>\n\n\n\n<p>Az ASTM D7860 hangs\u00falyozza a <strong>automatiz\u00e1lt, jel\u00e1talak\u00edt\u00f3 alap\u00fa nyomat\u00e9km\u00e9r\u0151k<\/strong> ismert forg\u00e1si sebess\u00e9ggel m\u0171k\u00f6dnek. Ez a k\u00f6vetelm\u00e9ny az\u00e9rt \u00e1ll fenn, mert a nyomat\u00e9k viselked\u00e9se a fordulatsz\u00e1m \u00e9s a vizsg\u00e1lati k\u00f6r\u00fclm\u00e9nyek f\u00fcggv\u00e9ny\u00e9ben v\u00e1ltozik. Az automatiz\u00e1lt rendszerek biztos\u00edtj\u00e1k, hogy minden mint\u00e1n ugyanazok a vizsg\u00e1lati param\u00e9terek legyenek, ami jelent\u0151sen jav\u00edtja az adatok megb\u00edzhat\u00f3s\u00e1g\u00e1t.<\/p>\n\n\n\n<p>A szabv\u00e1ny t\u00e1mogatja mind a <strong>statikus \u00e9rt\u00e9kel\u00e9s<\/strong> \u00e9s <strong>dinamikus \u00e9rt\u00e9kel\u00e9s<\/strong>, lehet\u0151v\u00e9 t\u00e9ve a gy\u00e1rt\u00f3k sz\u00e1m\u00e1ra, hogy \u00e9rt\u00e9kelj\u00e9k a nyomat\u00e9k megtart\u00e1s\u00e1t a t\u00e1rol\u00e1s vagy a szimul\u00e1lt forgalmaz\u00e1s ut\u00e1n. A gyermekbiztos \u00e9s nem gyermekbiztos z\u00e1r\u00f3szerkezetek eset\u00e9ben az ASTM D7860 seg\u00edt annak ellen\u0151rz\u00e9s\u00e9ben, hogy a nyit\u00e1si nyomat\u00e9k a term\u00e9k teljes \u00e9letciklusa alatt a biztons\u00e1gos \u00e9s funkcion\u00e1lis tartom\u00e1nyon bel\u00fcl marad.<\/p>\n\n\n\n<p>Az ASTM D7860 szabv\u00e1nyhoz igazodva az automatikus nyomat\u00e9km\u00e9r\u0151 er\u0151s\u00edti az audit\u00e1lhat\u00f3s\u00e1got \u00e9s n\u00f6veli az \u00fcgyfelek bizalm\u00e1t a csomagol\u00e1si min\u0151s\u00e9gbiztos\u00edt\u00e1si rendszerekben.<\/p>","protected":false},"featured_media":419,"parent":0,"template":"","meta":{"_acf_changed":false},"product-category":[25,24],"class_list":["post-418","product","type-product","status-publish","has-post-thumbnail","hentry","product-category-astm-d7860","product-category-torque-tester"],"acf":[],"_links":{"self":[{"href":"https:\/\/www.bottletest.com\/hu\/wp-json\/wp\/v2\/product\/418","targetHints":{"allow":["GET"]}}],"collection":[{"href":"https:\/\/www.bottletest.com\/hu\/wp-json\/wp\/v2\/product"}],"about":[{"href":"https:\/\/www.bottletest.com\/hu\/wp-json\/wp\/v2\/types\/product"}],"wp:featuredmedia":[{"embeddable":true,"href":"https:\/\/www.bottletest.com\/hu\/wp-json\/wp\/v2\/media\/419"}],"wp:attachment":[{"href":"https:\/\/www.bottletest.com\/hu\/wp-json\/wp\/v2\/media?parent=418"}],"wp:term":[{"taxonomy":"product-category","embeddable":true,"href":"https:\/\/www.bottletest.com\/hu\/wp-json\/wp\/v2\/product-category?post=418"}],"curies":[{"name":"wp","href":"https:\/\/api.w.org\/{rel}","templated":true}]}}