{"id":411,"date":"2026-02-05T06:24:39","date_gmt":"2026-02-05T06:24:39","guid":{"rendered":"https:\/\/www.bottletest.com\/?post_type=product&#038;p=411"},"modified":"2026-02-05T06:30:41","modified_gmt":"2026-02-05T06:30:41","slug":"carbonation-tester","status":"publish","type":"product","link":"https:\/\/www.bottletest.com\/hu\/product\/carbonation-tester\/","title":{"rendered":"CLRT-01 karboniz\u00e1ci\u00f3s teszter"},"content":{"rendered":"<p><strong>Karboniz\u00e1ci\u00f3s teszter<\/strong> egy kritikus analitikai m\u0171szer, amelyet a sz\u00e9nsavtartalom, a CO\u2082 visszatart\u00e1s \u00e9s a sz\u00e9nsavas italok g\u00e1zmennyis\u00e9g\u00e9nek m\u00e9r\u00e9s\u00e9re haszn\u00e1lnak z\u00e1rt tart\u00e1lyokban. Az italgy\u00e1rt\u00f3k, a csomagol\u00f3anyag-sz\u00e1ll\u00edt\u00f3k \u00e9s a min\u0151s\u00e9gellen\u0151rz\u0151 \u00fcgyn\u00f6ks\u00e9gek sz\u00e1m\u00e1ra a pontos sz\u00e9nsavtartalom-ellen\u0151rz\u00e9s k\u00f6zvetlen\u00fcl befoly\u00e1solja a k\u00f6vetkez\u0151ket <strong>\u00edz, sz\u00e1j\u00edz, eltarthat\u00f3s\u00e1g \u00e9s a m\u00e1rka konzisztenci\u00e1ja<\/strong>.<\/p>\n\n\n\n<p>A Cell Instruments Co., Ltd. fejlett karboniz\u00e1ci\u00f3s tesztel\u0151ket tervez \u00e9s gy\u00e1rt, amelyek t\u00e1mogatj\u00e1k a PET-palackok, \u00fcvegpalackok, dobozok \u00e9s egyedi csomagol\u00e1si form\u00e1tumok pontos, megism\u00e9telhet\u0151 \u00e9s szabv\u00e1nyoknak megfelel\u0151 karboniz\u00e1ci\u00f3s \u00e9rt\u00e9kel\u00e9s\u00e9t. Az automatiz\u00e1l\u00e1s, a nagy pontoss\u00e1g\u00fa \u00e9rz\u00e9kel\u00e9s \u00e9s a szabv\u00e1nyos\u00edtott vizsg\u00e1lati logika kombin\u00e1l\u00e1s\u00e1val rendszereink seg\u00edtik a felhaszn\u00e1l\u00f3kat az emberi hib\u00e1k cs\u00f6kkent\u00e9s\u00e9ben, mik\u00f6zben jav\u00edtj\u00e1k az adatok megb\u00edzhat\u00f3s\u00e1g\u00e1t \u00e9s a v\u00e1s\u00e1rl\u00f3i bizalmat.<\/p>\n\n\n\n<h2 class=\"wp-block-heading\">G\u00e1zmennyis\u00e9g-vizsg\u00e1lat az ASTM F1115 szerint<\/h2>\n\n\n\n<p>A <strong>g\u00e1zmennyis\u00e9g-vizsg\u00e1lat<\/strong> meghat\u00e1rozva a <strong>ASTM F1115<\/strong> szabv\u00e1nyos\u00edtott megk\u00f6zel\u00edt\u00e9st biztos\u00edt az italos tart\u00e1lyok sz\u00e9n-dioxid-vesztes\u00e9g\u00e9nek \u00e9s sz\u00e9nsavtartalm\u00e1nak meghat\u00e1roz\u00e1s\u00e1ra. Ez a vizsg\u00e1lati m\u00f3dszer azt \u00e9rt\u00e9keli, hogy a csomagol\u00e1sok mennyire tartj\u00e1k meg a kezdeti sz\u00e9nsavtartalmukat ellen\u0151rz\u00f6tt k\u00f6r\u00fclm\u00e9nyek k\u00f6z\u00f6tt.<\/p>\n\n\n\n<p>Az ASTM F1115 k\u00e9t egym\u00e1st kieg\u00e9sz\u00edt\u0151 elj\u00e1r\u00e1st ismertet:<\/p>\n\n\n\n<ul class=\"wp-block-list\">\n<li><strong>A elj\u00e1r\u00e1s<\/strong> a csomagol\u00e1sok fejleszt\u00e9s\u00e9re \u00e9s az eltarthat\u00f3s\u00e1gi id\u0151 kutat\u00e1s\u00e1ra \u00f6sszpontos\u00edt. A z\u00e1rt rendszerben v\u00e9gzett \u00e9rz\u00e9keny nyom\u00e1s- \u00e9s h\u0151m\u00e9rs\u00e9kletm\u00e9r\u00e9sre t\u00e1maszkodik, \u00e9s laborat\u00f3riumi szint\u0171 analitikai szak\u00e9rtelmet ig\u00e9nyel. Ez a megk\u00f6zel\u00edt\u00e9s seg\u00edt a m\u00e9rn\u00f6k\u00f6knek az \u00faj tart\u00e1lytervek szerkezeti teljes\u00edtm\u00e9ny\u00e9nek, z\u00e1r\u00e1si integrit\u00e1s\u00e1nak \u00e9s hossz\u00fa t\u00e1v\u00fa CO\u2082-tart\u00e1si jellemz\u0151inek \u00e9rt\u00e9kel\u00e9s\u00e9ben.<\/li>\n\n\n\n<li><strong>B elj\u00e1r\u00e1s<\/strong> az italok t\u00f6lt\u00e9si m\u0171veleteinek gyakorlati min\u0151s\u00e9gellen\u0151rz\u00e9si m\u00f3dszere. A hangs\u00falyt az \u00fczemeltet\u00e9s egyszer\u0171s\u00e9g\u00e9re helyezi, mik\u00f6zben megb\u00edzhat\u00f3 pontoss\u00e1got biztos\u00edt. Az automatiz\u00e1lt vagy k\u00e9zi karboniz\u00e1ci\u00f3s tesztel\u0151k ellen\u0151rz\u00f6tt kever\u00e9s ut\u00e1n m\u00e9rik a bels\u0151 nyom\u00e1st \u00e9s a h\u0151m\u00e9rs\u00e9kletet, majd a karboniz\u00e1ci\u00f3s szinteket meg\u00e1llap\u00edtott karboniz\u00e1ci\u00f3s t\u00e1bl\u00e1zatok seg\u00edts\u00e9g\u00e9vel sz\u00e1m\u00edtj\u00e1k ki. Hat\u00e9konys\u00e1ga \u00e9s megism\u00e9telhet\u0151s\u00e9ge miatt a B elj\u00e1r\u00e1st sz\u00e9les k\u00f6rben alkalmazz\u00e1k a gy\u00e1rt\u00e1si k\u00f6rnyezetben.<\/li>\n<\/ul>\n\n\n\n<p>Az ASTM F1115 szabv\u00e1ny alapj\u00e1n kifejlesztett modern karboniz\u00e1ci\u00f3s tesztel\u0151 lehet\u0151v\u00e9 teszi a felhaszn\u00e1l\u00f3k sz\u00e1m\u00e1ra, hogy a CO\u2082 visszatart\u00e1s id\u0151beli k\u00f6vet\u00e9s\u00e9vel kisz\u00e1m\u00edts\u00e1k a karboniz\u00e1ci\u00f3s vesztes\u00e9get, a karboniz\u00e1ci\u00f3 \u00e1tad\u00e1si sebess\u00e9g\u00e9t \u00e9s a v\u00e1rhat\u00f3 eltarthat\u00f3s\u00e1gi id\u0151t. Ezek az eredm\u00e9nyek k\u00f6zvetlen\u00fcl t\u00e1mogatj\u00e1k a csomagol\u00e1s optimaliz\u00e1l\u00e1s\u00e1t \u00e9s a folyamatszab\u00e1lyoz\u00e1st.<\/p>\n\n\n\n<h2 class=\"wp-block-heading\">Hogyan m\u0171k\u00f6dik a karboniz\u00e1ci\u00f3s teszter<\/h2>\n\n\n\n<p>A karboniz\u00e1ci\u00f3s teszter a karboniz\u00e1l\u00f3d\u00e1st az oldott CO\u2082, a bels\u0151 nyom\u00e1s \u00e9s a h\u0151m\u00e9rs\u00e9klet k\u00f6z\u00f6tti egyens\u00faly megteremt\u00e9s\u00e9vel m\u00e9ri egy lez\u00e1rt tart\u00e1lyban. A tipikus munkafolyamat a k\u00f6vetkez\u0151ket tartalmazza:<\/p>\n\n\n\n<ul class=\"wp-block-list\">\n<li><strong>Automatikus kupak \u00e1tsz\u00far\u00e1sa<\/strong> a bels\u0151 nyom\u00e1s el\u00e9r\u00e9s\u00e9hez ellen\u0151rizetlen g\u00e1zvesztes\u00e9g n\u00e9lk\u00fcl<\/li>\n\n\n\n<li><strong>Nyom\u00e1s stabiliz\u00e1l\u00e1s<\/strong> az \u00e1tmeneti hat\u00e1sok kik\u00fcsz\u00f6b\u00f6l\u00e9s\u00e9re<\/li>\n\n\n\n<li><strong>Ir\u00e1ny\u00edtott izgatotts\u00e1g<\/strong> a CO\u2082 egyenletes eloszl\u00e1s\u00e1nak biztos\u00edt\u00e1sa \u00e9rdek\u00e9ben<\/li>\n\n\n\n<li><strong>Egyidej\u0171 nyom\u00e1s- \u00e9s h\u0151m\u00e9rs\u00e9kletm\u00e9r\u00e9s<\/strong><\/li>\n\n\n\n<li><strong>Azonnali g\u00e1zmennyis\u00e9g-sz\u00e1m\u00edt\u00e1s<\/strong> be\u00e1gyazott karboniz\u00e1ci\u00f3s t\u00e1bl\u00e1zatok haszn\u00e1lata<\/li>\n<\/ul>\n\n\n\n<p>Ez az elj\u00e1r\u00e1s biztos\u00edtja, hogy minden egyes vizsg\u00e1lat az ital val\u00f3di sz\u00e9nsavtartalm\u00e1t t\u00fckr\u00f6zze, \u00e9s ne a kezel\u0151i technik\u00e1t vagy a k\u00f6rnyezeti v\u00e1ltoz\u00e9konys\u00e1got.<\/p>\n\n\n\n<h2 class=\"wp-block-heading\">Automatiz\u00e1lt karboniz\u00e1ci\u00f3s tesztel\u00e9s a CLRT-01 seg\u00edts\u00e9g\u00e9vel<\/h2>\n\n\n\n<p>A <strong>CLRT-01 karboniz\u00e1ci\u00f3s teszter<\/strong> a Cell Instruments jav\u00edtja <a href=\"https:\/\/store.astm.org\/f1115-16r23.html?_gl=1*1e32tpu*_gcl_aw*R0NMLjE3Njg3ODk3MzcuQ2owS0NRaUFwckxMQmhDTUFSSXNBRURoZFBmZnpaMHVBMGMtdjB4RWdqR0hGSWVCaVZjeTJBM3RfRHV0ajduOVh3QlJuQUVlbGdZOU00TWFBcWlSRUFMd193Y0I.*_gcl_au*MTkwOTY2MzAwNC4xNzY1Nzc5ODUz\" target=\"_blank\" rel=\"noreferrer noopener nofollow\">ASTM F1115<\/a>-alap\u00fa tesztel\u00e9s egy teljesen automatiz\u00e1lt, hib\u00e1tlan munkafolyamaton kereszt\u00fcl. A rendszer egyetlen kompakt platformba integr\u00e1lja a mechanikus vez\u00e9rl\u00e9st, a digit\u00e1lis \u00e9rz\u00e9kel\u00e9st \u00e9s az intelligens sz\u00e1m\u00edt\u00e1st.<\/p>\n\n\n\n<p><strong>A legfontosabb automatiz\u00e1l\u00e1si el\u0151ny\u00f6k a k\u00f6vetkez\u0151k:<\/strong><\/p>\n\n\n\n<ul class=\"wp-block-list\">\n<li><strong>Prec\u00edzi\u00f3s vez\u00e9rl\u00e9s\u0171 kupaksz\u00far\u00e1s<\/strong> stabil behatol\u00e1si sebess\u00e9ggel<\/li>\n\n\n\n<li><strong>Szerv\u00f3vez\u00e9rl\u00e9s\u0171 kever\u00e9s<\/strong> a konzisztens CO\u2082-egyens\u00faly \u00e9rdek\u00e9ben<\/li>\n\n\n\n<li><strong>Val\u00f3s idej\u0171 nyom\u00e1s \u00e9s h\u0151m\u00e9rs\u00e9klet r\u00f6gz\u00edt\u00e9s<\/strong> nagy felbont\u00e1s\u00fa \u00e9rz\u00e9kel\u0151k haszn\u00e1lat\u00e1val<\/li>\n\n\n\n<li><strong>Azonnali CO\u2082 hanger\u0151 kijelz\u00e9s<\/strong>, kik\u00fcsz\u00f6b\u00f6lve a k\u00e9zi keres\u00e9st \u00e9s sz\u00e1m\u00edt\u00e1st<\/li>\n<\/ul>\n\n\n\n<p>Ez a kialak\u00edt\u00e1s jelent\u0151sen cs\u00f6kkenti a vizsg\u00e1lati id\u0151t, mik\u00f6zben jav\u00edtja a megism\u00e9telhet\u0151s\u00e9get, \u00edgy a karboniz\u00e1ci\u00f3s teszter alkalmas mind a laborat\u00f3riumi elemz\u00e9sre, mind a gy\u00e1rt\u00f3sori min\u0151s\u00e9gellen\u0151rz\u00e9sre.<\/p>\n\n\n\n<h2 class=\"wp-block-heading\">Mi\u00e9rt fontos a pontos sz\u00e9nsavtartalom-vizsg\u00e1lat<\/h2>\n\n\n\n<p>A sz\u00e9nsavvesztes\u00e9g k\u00f6zvetlen\u00fcl befoly\u00e1solja az ital min\u0151s\u00e9g\u00e9t. M\u00e1r a CO\u2082 c\u00e9l\u00e9rt\u00e9kt\u0151l val\u00f3 kis elt\u00e9r\u00e9s is megv\u00e1ltoztathatja az \u00edz\u00e9rz\u00e9kel\u00e9st \u00e9s cs\u00f6kkentheti a fogyaszt\u00f3i elfogadotts\u00e1got. A megb\u00edzhat\u00f3 sz\u00e9nsavtartalom-vizsg\u00e1lat lehet\u0151v\u00e9 teszi a gy\u00e1rt\u00f3k sz\u00e1m\u00e1ra, hogy:<\/p>\n\n\n\n<ul class=\"wp-block-list\">\n<li>A term\u00e9k \u00e1lland\u00f3 \u00edz\u00e9nek \u00e9s sz\u00e1j\u00edz\u00e9nek fenntart\u00e1sa<\/li>\n\n\n\n<li>A lez\u00e1r\u00e1s \u00e9s a csomagol\u00e1s s\u00e9rtetlens\u00e9g\u00e9nek ellen\u0151rz\u00e9se<\/li>\n\n\n\n<li>Az eltarthat\u00f3s\u00e1gi id\u0151 el\u0151rejelz\u00e9se a sz\u00e9nsavtart\u00e1si trendek alapj\u00e1n<\/li>\n\n\n\n<li>A bels\u0151 min\u0151s\u00e9gi szabv\u00e1nyoknak \u00e9s a k\u00fcls\u0151 szab\u00e1lyoz\u00e1si k\u00f6vetelm\u00e9nyeknek val\u00f3 megfelel\u00e9s<\/li>\n<\/ul>\n\n\n\n<p>A nagy pontoss\u00e1g\u00fa sz\u00e9nsavtartalom-vizsg\u00e1l\u00f3 bevezet\u00e9s\u00e9vel a min\u0151s\u00e9gellen\u0151rz\u0151 csapatok olyan haszn\u00e1lhat\u00f3 adatokhoz jutnak, amelyek t\u00e1mogatj\u00e1k mind a napi termel\u00e9si d\u00f6nt\u00e9seket, mind a hossz\u00fa t\u00e1v\u00fa csomagol\u00e1si fejleszt\u00e9st.<\/p>","protected":false},"featured_media":410,"parent":0,"template":"","meta":{"_acf_changed":false},"product-category":[23,22],"class_list":["post-411","product","type-product","status-publish","has-post-thumbnail","hentry","product-category-astm-f1115","product-category-carbonation-test"],"acf":[],"_links":{"self":[{"href":"https:\/\/www.bottletest.com\/hu\/wp-json\/wp\/v2\/product\/411","targetHints":{"allow":["GET"]}}],"collection":[{"href":"https:\/\/www.bottletest.com\/hu\/wp-json\/wp\/v2\/product"}],"about":[{"href":"https:\/\/www.bottletest.com\/hu\/wp-json\/wp\/v2\/types\/product"}],"wp:featuredmedia":[{"embeddable":true,"href":"https:\/\/www.bottletest.com\/hu\/wp-json\/wp\/v2\/media\/410"}],"wp:attachment":[{"href":"https:\/\/www.bottletest.com\/hu\/wp-json\/wp\/v2\/media?parent=411"}],"wp:term":[{"taxonomy":"product-category","embeddable":true,"href":"https:\/\/www.bottletest.com\/hu\/wp-json\/wp\/v2\/product-category?post=411"}],"curies":[{"name":"wp","href":"https:\/\/api.w.org\/{rel}","templated":true}]}}