{"id":309,"date":"2026-02-04T08:18:06","date_gmt":"2026-02-04T08:18:06","guid":{"rendered":"https:\/\/www.bottletest.com\/?post_type=product&#038;p=309"},"modified":"2026-02-04T08:20:59","modified_gmt":"2026-02-04T08:20:59","slug":"bottle-leak-tester","status":"publish","type":"product","link":"https:\/\/www.bottletest.com\/hu\/product\/bottle-leak-tester\/","title":{"rendered":"BLT-03 palack sziv\u00e1rg\u00e1svizsg\u00e1l\u00f3"},"content":{"rendered":"<p>B<strong>Ottle sziv\u00e1rg\u00e1svizsg\u00e1l\u00f3<\/strong> egy kritikus min\u0151s\u00e9gellen\u0151rz\u00e9si eszk\u00f6z, amelyet a palackok \u00e9s merev vagy f\u00e9lmerev tart\u00e1lyok t\u00f6m\u00edt\u00e9s\u00e9nek integrit\u00e1s\u00e1nak \u00e9rt\u00e9kel\u00e9s\u00e9re haszn\u00e1lnak. Az olyan ipar\u00e1gakban, mint a csomagol\u00f3ipar, az \u00e9lelmiszer- \u00e9s italgy\u00e1rt\u00e1s, a gy\u00f3gyszeripar, az orvostechnikai eszk\u00f6z\u00f6k \u00e9s a mindennapi vegyi anyagok, m\u00e9g a mikroszkopikus sziv\u00e1rg\u00e1s is szennyez\u0151d\u00e9shez, az eltarthat\u00f3s\u00e1gi id\u0151 cs\u00f6kken\u00e9s\u00e9hez vagy a jogszab\u00e1lyi el\u0151\u00edr\u00e1sok be nem tart\u00e1s\u00e1hoz vezethet. Emiatt a sziv\u00e1rg\u00e1svizsg\u00e1lat a K+F valid\u00e1ci\u00f3 \u00e9s a rutinszer\u0171 gy\u00e1rt\u00e1sellen\u0151rz\u00e9s alapvet\u0151 r\u00e9sz\u00e9v\u00e9 v\u00e1lt.<\/p>\n\n\n\n<p>A Cell Instruments Co., Ltd. professzion\u00e1lis palacksziv\u00e1rg\u00e1s-ellen\u0151rz\u0151 rendszereket tervez \u00e9s gy\u00e1rt, amelyek \u00f6tv\u00f6zik a k\u00f6vetkez\u0151ket <strong>egy\u00e9rtelm\u0171 vizu\u00e1lis eredm\u00e9nyek, stabil v\u00e1kuumszab\u00e1lyoz\u00e1s \u00e9s rugalmas vizsg\u00e1lati konfigur\u00e1ci\u00f3k<\/strong>, seg\u00edtve a min\u0151s\u00e9g\u00fcgyi szakembereket abban, hogy megb\u00edzhat\u00f3 adatokon alapul\u00f3, magabiztos d\u00f6nt\u00e9seket hozzanak.<\/p>\n\n\n\n<h2 class=\"wp-block-heading\">Palackok sziv\u00e1rg\u00e1svizsg\u00e1lati elj\u00e1r\u00e1sa (v\u00e1kuum-bubor\u00e9k kibocs\u00e1t\u00e1si m\u00f3dszer)<\/h2>\n\n\n\n<p>A <strong>palackok sziv\u00e1rg\u00e1svizsg\u00e1lati elj\u00e1r\u00e1sa<\/strong> \u00e1ltal\u00e1ban a v\u00e1kuumbubor\u00e9k-kibocs\u00e1t\u00e1s elv\u00e9t k\u00f6veti, amire szint\u00e9n hivatkozik a <em><a href=\"https:\/\/store.astm.org\/d3078-02r21e01.html?_gl=1*1s85z2n*_gcl_aw*R0NMLjE3Njg3ODk3MzcuQ2owS0NRaUFwckxMQmhDTUFSSXNBRURoZFBmZnpaMHVBMGMtdjB4RWdqR0hGSWVCaVZjeTJBM3RfRHV0ajduOVh3QlJuQUVlbGdZOU00TWFBcWlSRUFMd193Y0I.*_gcl_au*MTkwOTY2MzAwNC4xNzY1Nzc5ODUz\" target=\"_blank\" rel=\"noreferrer noopener nofollow\">ASTM D3078<\/a> - Szabv\u00e1nyos vizsg\u00e1lati m\u00f3dszer a csomagol\u00e1sok sziv\u00e1rg\u00e1sainak bubor\u00e9kkibocs\u00e1t\u00e1ssal t\u00f6rt\u00e9n\u0151 meghat\u00e1roz\u00e1s\u00e1ra<\/em>.<\/p>\n\n\n\n<p>Enn\u00e9l a m\u00f3dszern\u00e9l a palackot egy v\u00edzzel t\u00f6lt\u00f6tt \u00e1tl\u00e1tsz\u00f3 kamr\u00e1ba helyezik. A palack belseje \u00e9s k\u00fclseje k\u00f6z\u00f6tt nyom\u00e1sk\u00fcl\u00f6nbs\u00e9g keletkezik. Ha sziv\u00e1rg\u00e1s van, a beszorult leveg\u0151 kiszabadul a hib\u00e1b\u00f3l, \u00e9s \u00fagy jelenik meg, hogy <strong>folyamatos bubor\u00e9k\u00e1raml\u00e1s<\/strong>, lehet\u0151v\u00e9 t\u00e9ve a kezel\u0151k sz\u00e1m\u00e1ra, hogy vizu\u00e1lisan keress\u00e9k meg \u00e9s er\u0151s\u00edts\u00e9k meg a sziv\u00e1rg\u00e1st.<\/p>\n\n\n\n<p>Ez az elj\u00e1r\u00e1s nagy \u00e9rz\u00e9kenys\u00e9get, intuit\u00edv \u00e9rtelmez\u00e9st \u00e9s alkalmass\u00e1got k\u00edn\u00e1l mind laborat\u00f3riumi, mind termel\u00e9si k\u00f6rnyezetben.<\/p>\n\n\n\n<h2 class=\"wp-block-heading\">Sziv\u00e1rg\u00e1svizsg\u00e1lati elj\u00e1r\u00e1s m\u0171anyag palackok \u00e9s m\u0171anyag tart\u00e1lyok eset\u00e9ben<\/h2>\n\n\n\n<p>A <strong>sziv\u00e1rg\u00e1svizsg\u00e1lati elj\u00e1r\u00e1s m\u0171anyag palackokn\u00e1l<\/strong> az \u00f6nt\u00e9si k\u00f6vetkezetlens\u00e9gek, a fesz\u00fclts\u00e9g okozta reped\u00e9sek vagy a kupak \u00e9s a t\u00f6m\u00edt\u00e9s k\u00f6z\u00f6tti elt\u00e9r\u00e9sek \u00e1ltal okozott hib\u00e1k azonos\u00edt\u00e1s\u00e1ra \u00f6sszpontos\u00edt. A m\u0171anyag tart\u00e1lyok v\u00e1kuum alatt enyh\u00e9n deform\u00e1l\u00f3dhatnak, ez\u00e9rt a stabil \u00e9s megism\u00e9telhet\u0151 nyom\u00e1sszab\u00e1lyoz\u00e1s elengedhetetlen.<\/p>\n\n\n\n<p>A <strong>m\u0171anyag tart\u00e1lyok sziv\u00e1rg\u00e1svizsg\u00e1lata<\/strong> palackos sziv\u00e1rg\u00e1svizsg\u00e1l\u00f3 haszn\u00e1lat\u00e1val a k\u00f6vetkez\u0151k\u00e9ppen konfigur\u00e1lhat\u00f3:<\/p>\n\n\n\n<ul class=\"wp-block-list\">\n<li><strong>Rombol\u00e1smentes vizsg\u00e1lat<\/strong>, ahol a deform\u00e1ci\u00f3 a rugalmas hat\u00e1r\u00e9rt\u00e9keken bel\u00fcl marad<\/li>\n\n\n\n<li><strong>Rombol\u00f3 vizsg\u00e1lat<\/strong>, ahol a magasabb v\u00e1kuumszintek sz\u00e1nd\u00e9kosan megterhelik a tart\u00e1lyt.<\/li>\n<\/ul>\n\n\n\n<p>Ez a rugalmass\u00e1g lehet\u0151v\u00e9 teszi a m\u00e9rn\u00f6k\u00f6k sz\u00e1m\u00e1ra a val\u00f3s k\u00f6r\u00fclm\u00e9nyek szimul\u00e1l\u00e1s\u00e1t \u00e9s a biztons\u00e1gos teljes\u00edtm\u00e9nyhat\u00e1rok meghat\u00e1roz\u00e1s\u00e1t.<\/p>\n\n\n\n<h2 class=\"wp-block-heading\">Sziv\u00e1rg\u00e1svizsg\u00e1lati elj\u00e1r\u00e1s foly\u00e9kony palackokn\u00e1l \u00fcres kamra haszn\u00e1lat\u00e1val<\/h2>\n\n\n\n<p>Folyad\u00e9kkal t\u00f6lt\u00f6tt csomagok eset\u00e9ben alternat\u00edv megold\u00e1s <strong>sziv\u00e1rg\u00e1svizsg\u00e1lati elj\u00e1r\u00e1s foly\u00e9kony palackokn\u00e1l<\/strong> \u00fcres, v\u00edz n\u00e9lk\u00fcli v\u00e1kuumkamr\u00e1t haszn\u00e1l. A vizsg\u00e1lat sor\u00e1n k\u00f6zvetlen\u00fcl a k\u00fcls\u0151 k\u00f6rnyezetre v\u00e1kuumot alkalmaznak. Sziv\u00e1rg\u00e1s eset\u00e9n a folyad\u00e9k kisz\u00f6kik a csomagol\u00e1sb\u00f3l, \u00e9s azonnal l\u00e1that\u00f3v\u00e1 v\u00e1lik.<\/p>\n\n\n\n<p>Ezzel a m\u00f3dszerrel elker\u00fclhet\u0151 a vizsg\u00e1lati k\u00f6zeg h\u00edg\u00edt\u00e1sa vagy szennyez\u0151d\u00e9se, \u00e9s j\u00f3l alkalmazhat\u00f3 italok, gy\u00f3gyszer\u00e9szeti folyad\u00e9kok, intrav\u00e9n\u00e1s oldatok \u00e9s egy\u00e9b t\u00f6lt\u00f6tt tart\u00e1lyok eset\u00e9ben, ahol a bubor\u00e9kmegfigyel\u00e9s v\u00edzben nem felt\u00e9tlen\u00fcl praktikus.<\/p>\n\n\n\n<h2 class=\"wp-block-heading\">V\u00e1kuumos sziv\u00e1rg\u00e1svizsg\u00e1lat palackokhoz: A fest\u00e9k behatol\u00e1sa mint ellen\u0151rz\u00e9si eszk\u00f6z<\/h2>\n\n\n\n<p>A vizu\u00e1lis bubor\u00e9kvizsg\u00e1lat mellett egyes valid\u00e1l\u00e1si protokollok megk\u00f6vetelik egy <strong>v\u00e1kuumos sziv\u00e1rg\u00e1svizsg\u00e1lat palackokhoz<\/strong> a fest\u00e9k bejut\u00e1s\u00e1val. A metil\u00e9nk\u00e9k sz\u00ednez\u00e9kkel t\u00f6rt\u00e9n\u0151 fest\u00e9kbeviteli m\u00f3dszer v\u00e1kuumos k\u00f6r\u00fclm\u00e9nyek k\u00f6z\u00f6tt sz\u00ednes oldatot juttat be. Sziv\u00e1rg\u00e1s eset\u00e9n a fest\u00e9k behatol a csomagol\u00e1sba, \u00e9s felnyit\u00e1s ut\u00e1n l\u00e1that\u00f3v\u00e1 v\u00e1lik.<\/p>\n\n\n\n<p>B\u00e1r ez a megk\u00f6zel\u00edt\u00e9s destrukt\u00edv, m\u00e9gis er\u0151s min\u0151s\u00e9gi meger\u0151s\u00edt\u00e9st ny\u00fajt, \u00e9s gyakran t\u00e1mogatja a folyamat valid\u00e1l\u00e1s\u00e1t vagy az \u00f6sszehasonl\u00edt\u00f3 vizsg\u00e1latokat.<\/p>","protected":false},"featured_media":318,"parent":0,"template":"","meta":{"_acf_changed":false},"product-category":[17,13,18,19,20,10],"class_list":["post-309","product","type-product","status-publish","has-post-thumbnail","hentry","product-category-astm-d3078","product-category-astm-d4991","product-category-astm-d5094","product-category-astm-d6653","product-category-astm-f2338","product-category-leak-test"],"acf":[],"_links":{"self":[{"href":"https:\/\/www.bottletest.com\/hu\/wp-json\/wp\/v2\/product\/309","targetHints":{"allow":["GET"]}}],"collection":[{"href":"https:\/\/www.bottletest.com\/hu\/wp-json\/wp\/v2\/product"}],"about":[{"href":"https:\/\/www.bottletest.com\/hu\/wp-json\/wp\/v2\/types\/product"}],"wp:featuredmedia":[{"embeddable":true,"href":"https:\/\/www.bottletest.com\/hu\/wp-json\/wp\/v2\/media\/318"}],"wp:attachment":[{"href":"https:\/\/www.bottletest.com\/hu\/wp-json\/wp\/v2\/media?parent=309"}],"wp:term":[{"taxonomy":"product-category","embeddable":true,"href":"https:\/\/www.bottletest.com\/hu\/wp-json\/wp\/v2\/product-category?post=309"}],"curies":[{"name":"wp","href":"https:\/\/api.w.org\/{rel}","templated":true}]}}