{"id":292,"date":"2026-02-04T07:35:39","date_gmt":"2026-02-04T07:35:39","guid":{"rendered":"https:\/\/www.bottletest.com\/?post_type=product&#038;p=292"},"modified":"2026-02-05T08:13:37","modified_gmt":"2026-02-05T08:13:37","slug":"top-load-tester","status":"publish","type":"product","link":"https:\/\/www.bottletest.com\/hu\/product\/top-load-tester\/","title":{"rendered":"TLT-01 Top Load Tester"},"content":{"rendered":"<h2 class=\"wp-block-heading\">F\u00fcgg\u0151leges terhel\u00e9svizsg\u00e1lat palackhoz: C\u00e9lja \u00e9s gyakorlati jelent\u0151s\u00e9ge<\/h2>\n\n\n\n<p>A <strong>f\u00fcgg\u0151leges terhel\u00e9si teszt palackhoz<\/strong> arra \u00f6sszpontos\u00edt, hogyan viselkedik egy tart\u00e1ly, ha a k\u00f6z\u00e9ps\u0151 tengelye ment\u00e9n nyom\u00f3er\u0151t alkalmazunk. Ez a terhel\u00e9si \u00e1llapot a val\u00f3s ig\u00e9nybev\u00e9teleket szimul\u00e1lja, mint p\u00e9ld\u00e1ul a raklapok egym\u00e1sra helyez\u00e9se, a rakt\u00e1ri t\u00e1rol\u00e1s \u00e9s a sz\u00e1ll\u00edt\u00e1s sor\u00e1n fell\u00e9p\u0151 fels\u0151 nyom\u00e1s.<\/p>\n\n\n\n<p>A fels\u0151 terhel\u00e9si tesztel\u0151b\u0151l sz\u00e1rmaz\u00f3 f\u0151 teljes\u00edtm\u00e9nymutat\u00f3k k\u00f6z\u00e9 tartoznak:<\/p>\n\n\n\n<ul class=\"wp-block-list\">\n<li><strong>Maxim\u00e1lis f\u00fcgg\u0151leges terhelhet\u0151s\u00e9g<\/strong> deform\u00e1ci\u00f3 vagy meghib\u00e1sod\u00e1s el\u0151tt<\/li>\n\n\n\n<li><strong>Termel\u00e9si terhel\u00e9s<\/strong>, ahol a szerkezeti merevs\u00e9g cs\u00f6kkenni kezd<\/li>\n\n\n\n<li><strong>Deform\u00e1ci\u00f3s viselked\u00e9s<\/strong> ellen\u0151rz\u00f6tt t\u00f6m\u00f6r\u00edt\u00e9s alatt<\/li>\n\n\n\n<li><strong>Meghib\u00e1sod\u00e1s m\u00f3dja<\/strong>, mint p\u00e9ld\u00e1ul a csattan\u00e1s vagy a rideg t\u00f6r\u00e9s.<\/li>\n<\/ul>\n\n\n\n<p>Az \u00fcveged\u00e9nyek eset\u00e9ben a vizsg\u00e1lat a hirtelen t\u00f6r\u00e9ssel szembeni ellen\u00e1ll\u00e1st hangs\u00falyozza. M\u0171anyag palackok eset\u00e9ben a vizsg\u00e1lat a k\u00e9pl\u00e9kenys\u00e9get, a merevs\u00e9get \u00e9s a tervez\u00e9si robusztuss\u00e1got mutatja.<\/p>\n\n\n\n<h2 class=\"wp-block-heading\">Palackok fels\u0151 terhel\u00e9s\u00e9nek vizsg\u00e1lata az ASTM D2659 szabv\u00e1ny szerint<\/h2>\n\n\n\n<p>A <strong>palackok fels\u0151 terhel\u00e9si tesztje<\/strong> a h\u0151re l\u00e1gyul\u00f3 m\u0171anyagokb\u00f3l k\u00e9sz\u00fclt term\u00e9kek a k\u00f6vetkez\u0151kben meghat\u00e1rozott elveket k\u00f6vetik <strong>ASTM D2659<\/strong>, amely a f\u00favott m\u0171anyagtart\u00e1lyok oszlopz\u00faz\u00e1si tulajdons\u00e1gaival foglalkozik.<\/p>\n\n\n\n<p>Az ASTM D2659 el\u0151\u00edrja a vizsg\u00e1latot egy <strong>\u00e1lland\u00f3 nyom\u00f3 alakv\u00e1ltoz\u00e1si sebess\u00e9g<\/strong>, biztos\u00edtva, hogy az eredm\u00e9nyek \u00f6sszehasonl\u00edthat\u00f3ak maradjanak a k\u00fcl\u00f6nb\u00f6z\u0151 laborat\u00f3riumokban. A m\u00f3dszer a k\u00f6vetkez\u0151kre \u00f6sszpontos\u00edt:<\/p>\n\n\n\n<ul class=\"wp-block-list\">\n<li>T\u00f6r\u0151 teherb\u00edr\u00e1s<\/li>\n\n\n\n<li>Meghajl\u00e1s a foly\u00e1sponton<\/li>\n\n\n\n<li>Nyom\u00f3terhel\u00e9s t\u00f6nkremenetelkor<\/li>\n\n\n\n<li>Nyilv\u00e1nval\u00f3 nyom\u00f3merevs\u00e9g<\/li>\n<\/ul>\n\n\n\n<p>A megfelel\u0151 fels\u0151 terhel\u00e9si tesztel\u0151nek fenn kell tartania egy <strong>stabil \u00e9s szab\u00e1lyozhat\u00f3 vizsg\u00e1lati sebess\u00e9g<\/strong>, jellemz\u0151en 12,5 mm\/min \u00e9s 50 mm\/min k\u00f6z\u00f6tt. A minta megfelel\u0151 igaz\u00edt\u00e1sa \u00e9s a szell\u0151ztet\u00e9s d\u00f6nt\u0151 szerepet j\u00e1tszik a vizsg\u00e1lat pontoss\u00e1g\u00e1ban \u00e9s biztons\u00e1g\u00e1ban.<\/p>\n\n\n\n<p>Az ASTM D2659 szabv\u00e1nyt k\u00f6vetve a csomagol\u00f3m\u00e9rn\u00f6k\u00f6k haszn\u00e1lhatj\u00e1k a fels\u0151 terhel\u00e9sre vonatkoz\u00f3 adatokat a k\u00f6vetkez\u0151kh\u00f6z <strong>min\u0151s\u00e9gellen\u0151rz\u00e9s, \u00e1tv\u00e9teli tesztel\u00e9s \u00e9s K+F \u00f6sszehasonl\u00edt\u00e1sok<\/strong>, k\u00fcl\u00f6n\u00f6sen a tervm\u00f3dos\u00edt\u00e1sok vagy anyagcser\u00e9k \u00e9rt\u00e9kel\u00e9sekor.<\/p>\n\n\n\n<h2 class=\"wp-block-heading\">Palack f\u00fcgg\u0151leges terhel\u00e9svizsg\u00e1lata az ISO 8113 alapj\u00e1n<\/h2>\n\n\n\n<p>\u00dcvegcsomagol\u00e1shoz, <strong>ISO 8113<\/strong> meghat\u00e1rozza a f\u00fcgg\u0151leges terhel\u00e9ssel szembeni ellen\u00e1ll\u00e1s m\u00e9r\u00e9s\u00e9nek szabv\u00e1nyos\u00edtott m\u00f3dszer\u00e9t. Ez a nemzetk\u00f6zi szabv\u00e1ny biztos\u00edtja a k\u00f6vetkezetess\u00e9get az italokban, \u00e9lelmiszerekben \u00e9s gy\u00f3gyszerekben haszn\u00e1lt palackok \u00e9rt\u00e9kel\u00e9s\u00e9n\u00e9l.<\/p>\n\n\n\n<p>Az ISO 8113 hangs\u00falyozza:<\/p>\n\n\n\n<ul class=\"wp-block-list\">\n<li>H\u0151m\u00e9rs\u00e9kleti egyens\u00faly a minta \u00e9s a k\u00f6rnyezet k\u00f6z\u00f6tt<\/li>\n\n\n\n<li>A tart\u00e1ly pontos tengelyir\u00e1ny\u00fa be\u00e1ll\u00edt\u00e1sa<\/li>\n\n\n\n<li>V\u00e9d\u0151bet\u00e9tek vagy z\u00e1r\u00f3elemek haszn\u00e1lata a val\u00f3s t\u00f6m\u00edt\u00e9si k\u00f6r\u00fclm\u00e9nyek szimul\u00e1l\u00e1s\u00e1ra<\/li>\n\n\n\n<li>Ellen\u0151rz\u00f6tt er\u0151 alkalmaz\u00e1sa egy meghat\u00e1rozott terhel\u00e9sig vagy t\u00f6r\u00e9sig<\/li>\n<\/ul>\n\n\n\n<p>Az ISO 8113 szabv\u00e1nyhoz tervezett professzion\u00e1lis fels\u0151 terhel\u00e9si tesztel\u0151 t\u00e1mogatja mind az al\u00e1bbiakat <strong>\u00e1tmenni a teszteken<\/strong> (bet\u00f6lt\u00e9s egy el\u0151re meghat\u00e1rozott \u00e9rt\u00e9kre) \u00e9s <strong>progressz\u00edv tesztek<\/strong> (terhel\u00e9s a meghib\u00e1sod\u00e1sig). Ezek az eredm\u00e9nyek seg\u00edtenek a gy\u00e1rt\u00f3knak meger\u0151s\u00edteni, hogy az \u00fcvegtart\u00e1lyok megfelelnek a bels\u0151 el\u0151\u00edr\u00e1soknak \u00e9s a vev\u0151i k\u00f6vetelm\u00e9nyeknek.<\/p>\n\n\n\n<h2 class=\"wp-block-heading\">Hogyan m\u0171k\u00f6dik a Top Load Tester munka<\/h2>\n\n\n\n<p>A fels\u0151 terhel\u00e9si tesztel\u0151 egy <strong>szab\u00e1lyozott f\u00fcgg\u0151leges nyom\u00f3er\u0151<\/strong> prec\u00edzi\u00f3s lemezeken kereszt\u00fcl, mik\u00f6zben folyamatosan m\u00e9rik az er\u0151t \u00e9s az elmozdul\u00e1st. A rendszer val\u00f3s idej\u0171 terhel\u00e9s-elmozdul\u00e1s g\u00f6rb\u00e9ket r\u00f6gz\u00edt, lehet\u0151v\u00e9 t\u00e9ve a felhaszn\u00e1l\u00f3k sz\u00e1m\u00e1ra, hogy a vizsg\u00e1lat sor\u00e1n v\u00e9gig megfigyelhess\u00e9k a szerkezeti reakci\u00f3kat.<\/p>\n\n\n\n<p>A Cell Instruments modern rendszerei integr\u00e1lj\u00e1k:<\/p>\n\n\n\n<ul class=\"wp-block-list\">\n<li>Nagy pontoss\u00e1g\u00fa terhel\u00e9scell\u00e1k<\/li>\n\n\n\n<li>Prec\u00edzi\u00f3s elmozdul\u00e1sm\u00e9r\u00e9s<\/li>\n\n\n\n<li>PLC-alap\u00fa vez\u00e9rl\u00e9s intuit\u00edv HMI-vel<\/li>\n\n\n\n<li>Digit\u00e1lis adatkimenet a nyomon k\u00f6vethet\u0151s\u00e9g \u00e9rdek\u00e9ben<\/li>\n<\/ul>\n\n\n\n<p>Ez a konfigur\u00e1ci\u00f3 biztos\u00edtja, hogy a palackok minden fels\u0151 terhel\u00e9ses tesztje tov\u00e1bbra is <strong>megism\u00e9telhet\u0151, nyomon k\u00f6vethet\u0151 \u00e9s megfelel\u0151<\/strong> az ASTM \u00e9s ISO szabv\u00e1nyoknak megfelel\u0151en.<\/p>\n\n\n\n<h2 class=\"wp-block-heading\">Mi\u00e9rt \u00e9p\u00edt bizalmat \u00e9s bizalmat a legjobb terhel\u00e9s tesztel\u00e9s<\/h2>\n\n\n\n<p>A megb\u00edzhat\u00f3 f\u00fcgg\u0151leges terhel\u00e9si adatok jobb d\u00f6nt\u00e9seket t\u00e1mogatnak a csomagol\u00e1s teljes \u00e9letciklusa sor\u00e1n. Ebben seg\u00edt egy hiteles\u00edtett fels\u0151 terhel\u00e9si tesztel\u0151:<\/p>\n\n\n\n<ul class=\"wp-block-list\">\n<li>A kont\u00e9ner \u00f6sszeoml\u00e1s\u00e1nak megakad\u00e1lyoz\u00e1sa a logisztika sor\u00e1n<\/li>\n\n\n\n<li>Cs\u00f6kkentse az anyagfelhaszn\u00e1l\u00e1st a biztons\u00e1g vesz\u00e9lyeztet\u00e9se n\u00e9lk\u00fcl<\/li>\n\n\n\n<li>A megfelel\u00e9s bizony\u00edt\u00e1sa az auditok \u00e9s az \u00fcgyf\u00e9l\u00e9rt\u00e9kel\u00e9sek sor\u00e1n<\/li>\n\n\n\n<li>A gy\u00e1rt\u00e1si t\u00e9telek k\u00f6z\u00f6tti konzisztencia jav\u00edt\u00e1sa<\/li>\n<\/ul>\n\n\n\n<p>A tesztel\u00e9si gyakorlatok \u00f6sszehangol\u00e1s\u00e1val a <a href=\"https:\/\/store.astm.org\/d2659-16r23.html?_gl=1*a5mpmp*_gcl_aw*R0NMLjE3Njg3ODk3MzcuQ2owS0NRaUFwckxMQmhDTUFSSXNBRURoZFBmZnpaMHVBMGMtdjB4RWdqR0hGSWVCaVZjeTJBM3RfRHV0ajduOVh3QlJuQUVlbGdZOU00TWFBcWlSRUFMd193Y0I.*_gcl_au*MTkwOTY2MzAwNC4xNzY1Nzc5ODUz\" target=\"_blank\" rel=\"noreferrer noopener nofollow\">ASTM D2659<\/a> \u00e9s <a href=\"https:\/\/www.iso.org\/standard\/35617.html\" target=\"_blank\" rel=\"noreferrer noopener nofollow\">ISO 8113<\/a>, a gy\u00e1rt\u00f3k mindkett\u0151t meger\u0151s\u00edtik <strong>m\u0171szaki hiteless\u00e9g \u00e9s az \u00fcgyfelek bizalma<\/strong>.<\/p>","protected":false},"featured_media":303,"parent":0,"template":"","meta":{"_acf_changed":false},"product-category":[26,27,14],"class_list":["post-292","product","type-product","status-publish","has-post-thumbnail","hentry","product-category-astm-d2659","product-category-iso-8113","product-category-top-load-test"],"acf":[],"_links":{"self":[{"href":"https:\/\/www.bottletest.com\/hu\/wp-json\/wp\/v2\/product\/292","targetHints":{"allow":["GET"]}}],"collection":[{"href":"https:\/\/www.bottletest.com\/hu\/wp-json\/wp\/v2\/product"}],"about":[{"href":"https:\/\/www.bottletest.com\/hu\/wp-json\/wp\/v2\/types\/product"}],"wp:featuredmedia":[{"embeddable":true,"href":"https:\/\/www.bottletest.com\/hu\/wp-json\/wp\/v2\/media\/303"}],"wp:attachment":[{"href":"https:\/\/www.bottletest.com\/hu\/wp-json\/wp\/v2\/media?parent=292"}],"wp:term":[{"taxonomy":"product-category","embeddable":true,"href":"https:\/\/www.bottletest.com\/hu\/wp-json\/wp\/v2\/product-category?post=292"}],"curies":[{"name":"wp","href":"https:\/\/api.w.org\/{rel}","templated":true}]}}