{"id":319,"date":"2026-02-04T09:06:46","date_gmt":"2026-02-04T09:06:46","guid":{"rendered":"https:\/\/www.bottletest.com\/?post_type=product&#038;p=319"},"modified":"2026-02-04T09:10:19","modified_gmt":"2026-02-04T09:10:19","slug":"bottle-wall-thickness-gauge","status":"publish","type":"product","link":"https:\/\/www.bottletest.com\/fr\/product\/bottle-wall-thickness-gauge\/","title":{"rendered":"Jauge d'\u00e9paisseur de paroi de bouteille WTT"},"content":{"rendered":"<p><strong>Jauge d'\u00e9paisseur de paroi de bouteille<\/strong> joue un r\u00f4le essentiel dans le contr\u00f4le de la qualit\u00e9 des emballages, en particulier pour les fabricants et les laboratoires d'essai sp\u00e9cialis\u00e9s dans les contenants en PET, en verre et pharmaceutiques. L'\u00e9paisseur de la paroi de la bouteille affecte directement <strong>la r\u00e9sistance m\u00e9canique, la performance de la barri\u00e8re, la constance du poids et la conformit\u00e9 aux normes de s\u00e9curit\u00e9<\/strong>. M\u00eame des \u00e9carts mineurs peuvent entra\u00eener des d\u00e9formations, des fuites ou des ruptures pendant le remplissage, le transport ou l'utilisation finale.<\/p>\n\n\n\n<h2 class=\"wp-block-heading\">Mesure de l'\u00e9paisseur des bouteilles<br>Mesure de l'\u00e9paisseur des bouteilles en PET et des bouteilles en verre<\/h2>\n\n\n\n<h3 class=\"wp-block-heading\">Comprendre la distribution de l'\u00e9paisseur des bouteilles<\/h3>\n\n\n\n<p><strong>Epaisseur de la bouteille<\/strong> se r\u00e9f\u00e8re non seulement \u00e0 la valeur moyenne de la paroi, mais aussi \u00e0 sa r\u00e9partition sur le corps, l'\u00e9paule et le fond de la bouteille. Une \u00e9paisseur in\u00e9gale est souvent le signe de probl\u00e8mes lors du moulage ou du formage. Dans le cas d'une <strong>\u00c9paisseur de la bouteille PET<\/strong>, Les rapports d'\u00e9tirement pendant le moulage par soufflage influencent fortement la distribution finale des parois. Pour les <strong>\u00e9paisseur de la bouteille en verre<\/strong>, La temp\u00e9rature de formage et les conditions du moule jouent un r\u00f4le d\u00e9cisif.<\/p>\n\n\n\n<p>A <strong>jauge d'\u00e9paisseur pour bouteilles en verre<\/strong> Le syst\u00e8me de mesure de l'\u00e9paisseur de l'\u00e9chantillon, compatible avec le PET, doit permettre d'acc\u00e9der aux surfaces courbes et aux surfaces \u00e0 motifs sans endommager l'\u00e9chantillon. Les jauges modernes y parviennent en combinant un banc d'essai stable avec une sonde d'\u00e9paisseur num\u00e9rique de haute pr\u00e9cision.<\/p>\n\n\n\n<h3 class=\"wp-block-heading\">Pourquoi l'\u00e9paisseur des bouteilles PET doit-elle \u00eatre contr\u00f4l\u00e9e avec pr\u00e9cision ?<\/h3>\n\n\n\n<p>Les bouteilles en PET exigent un contr\u00f4le strict de l'\u00e9paisseur afin d'\u00e9quilibrer la l\u00e9g\u00e8ret\u00e9 et l'int\u00e9grit\u00e9 structurelle. Une \u00e9paisseur excessive augmente le co\u00fbt des mat\u00e9riaux, tandis qu'une \u00e9paisseur insuffisante r\u00e9duit la r\u00e9sistance \u00e0 la charge de pointe et la r\u00e9sistance aux chocs. L'utilisation d'une jauge d'\u00e9paisseur de paroi de bouteille fiable permet aux fabricants de <strong>v\u00e9rifier les r\u00e9sultats de l'all\u00e8gement sans compromettre les performances<\/strong>.<\/p>\n\n\n\n<h2 class=\"wp-block-heading\">Principe de fonctionnement d'une jauge d'\u00e9paisseur de paroi de bouteille<\/h2>\n\n\n\n<p>Une jauge d'\u00e9paisseur de paroi de bouteille se compose g\u00e9n\u00e9ralement des \u00e9l\u00e9ments suivants :<\/p>\n\n\n\n<ul class=\"wp-block-list\">\n<li>A <strong>banc d'essai vertical stable<\/strong><\/li>\n\n\n\n<li>A <strong>jauge d'\u00e9paisseur num\u00e9rique \u00e0 haute r\u00e9solution<\/strong><\/li>\n\n\n\n<li>A <strong>sonde de mesure fine<\/strong> con\u00e7u pour les surfaces courbes<\/li>\n<\/ul>\n\n\n\n<p>Pendant le test, la bouteille est plac\u00e9e sur le support et la sonde entre en contact avec la paroi ou le fond \u00e0 un endroit d\u00e9fini. La jauge affiche directement les valeurs d'\u00e9paisseur, ce qui permet une comparaison rapide entre diff\u00e9rents points de mesure. Les op\u00e9rateurs peuvent r\u00e9aliser efficacement un profil d'\u00e9paisseur complet de la bouteille, m\u00eame sur des r\u00e9cipients \u00e0 g\u00e9om\u00e9trie complexe.<\/p>\n\n\n\n<h2 class=\"wp-block-heading\">Avantages de l'utilisation d'une jauge professionnelle d'\u00e9paisseur de paroi de bouteille<\/h2>\n\n\n\n<p>L'utilisation d'une jauge d\u00e9di\u00e9e \u00e0 l'\u00e9paisseur de la paroi des bouteilles offre des avantages mesurables :<\/p>\n\n\n\n<ul class=\"wp-block-list\">\n<li><strong>Am\u00e9lioration de la coh\u00e9rence de la production<\/strong> en identifiant rapidement les variations d'\u00e9paisseur<\/li>\n\n\n\n<li><strong>Am\u00e9lioration de la s\u00e9curit\u00e9 et de la conformit\u00e9<\/strong> pour l'emballage des aliments, des boissons et des produits pharmaceutiques<\/li>\n\n\n\n<li><strong>R\u00e9duction des d\u00e9chets de mat\u00e9riaux<\/strong> gr\u00e2ce \u00e0 un contr\u00f4le optimis\u00e9 de l'\u00e9paisseur<\/li>\n\n\n\n<li><strong>Confiance accrue des clients<\/strong> \u00e9tay\u00e9e par des donn\u00e9es d'essai quantitatives<\/li>\n<\/ul>\n\n\n\n<p>Cell Instruments con\u00e7oit ses syst\u00e8mes pour garantir la r\u00e9p\u00e9tabilit\u00e9, la durabilit\u00e9 et la facilit\u00e9 d'utilisation, m\u00eame dans les environnements d'inspection de la qualit\u00e9 \u00e0 haute fr\u00e9quence.<\/p>","protected":false},"featured_media":324,"parent":0,"template":"","meta":{"_acf_changed":false},"product-category":[21],"class_list":["post-319","product","type-product","status-publish","has-post-thumbnail","hentry","product-category-thickness-test"],"acf":[],"_links":{"self":[{"href":"https:\/\/www.bottletest.com\/fr\/wp-json\/wp\/v2\/product\/319","targetHints":{"allow":["GET"]}}],"collection":[{"href":"https:\/\/www.bottletest.com\/fr\/wp-json\/wp\/v2\/product"}],"about":[{"href":"https:\/\/www.bottletest.com\/fr\/wp-json\/wp\/v2\/types\/product"}],"wp:featuredmedia":[{"embeddable":true,"href":"https:\/\/www.bottletest.com\/fr\/wp-json\/wp\/v2\/media\/324"}],"wp:attachment":[{"href":"https:\/\/www.bottletest.com\/fr\/wp-json\/wp\/v2\/media?parent=319"}],"wp:term":[{"taxonomy":"product-category","embeddable":true,"href":"https:\/\/www.bottletest.com\/fr\/wp-json\/wp\/v2\/product-category?post=319"}],"curies":[{"name":"wp","href":"https:\/\/api.w.org\/{rel}","templated":true}]}}