{"id":309,"date":"2026-02-04T08:18:06","date_gmt":"2026-02-04T08:18:06","guid":{"rendered":"https:\/\/www.bottletest.com\/?post_type=product&#038;p=309"},"modified":"2026-02-04T08:20:59","modified_gmt":"2026-02-04T08:20:59","slug":"bottle-leak-tester","status":"publish","type":"product","link":"https:\/\/www.bottletest.com\/fr\/product\/bottle-leak-tester\/","title":{"rendered":"BLT-03 Testeur de fuites pour bouteilles"},"content":{"rendered":"<p>B<strong>testeur de fuite d'\u00e9tranglement<\/strong> est un instrument essentiel de contr\u00f4le de la qualit\u00e9 utilis\u00e9 pour \u00e9valuer l'int\u00e9grit\u00e9 de l'\u00e9tanch\u00e9it\u00e9 des bouteilles et des conteneurs rigides ou semi-rigides. Dans des secteurs tels que l'emballage, l'alimentation et les boissons, les produits pharmaceutiques, les dispositifs m\u00e9dicaux et les produits chimiques quotidiens, m\u00eame des fuites microscopiques peuvent entra\u00eener une contamination, une r\u00e9duction de la dur\u00e9e de conservation ou une non-conformit\u00e9 aux r\u00e9glementations. C'est pourquoi les tests d'\u00e9tanch\u00e9it\u00e9 sont devenus un \u00e9l\u00e9ment essentiel de la validation de la R&amp;D et de l'inspection de routine de la production.<\/p>\n\n\n\n<p>Cell Instruments Co., Ltd. con\u00e7oit et fabrique des syst\u00e8mes professionnels de contr\u00f4le d'\u00e9tanch\u00e9it\u00e9 des bouteilles qui combinent <strong>des r\u00e9sultats visuels clairs, un contr\u00f4le stable du vide et des configurations d'essai flexibles<\/strong>, qui aide les professionnels de la qualit\u00e9 \u00e0 prendre des d\u00e9cisions en toute confiance sur la base de donn\u00e9es fiables.<\/p>\n\n\n\n<h2 class=\"wp-block-heading\">Proc\u00e9dure de test d'\u00e9tanch\u00e9it\u00e9 pour les bouteilles (m\u00e9thode d'\u00e9mission de bulles sous vide)<\/h2>\n\n\n\n<p>Le <strong>proc\u00e9dure d'essai d'\u00e9tanch\u00e9it\u00e9 pour les bouteilles<\/strong> suit g\u00e9n\u00e9ralement le principe de l'\u00e9mission d'une bulle de vide, qui est \u00e9galement mentionn\u00e9 dans le document <em><a href=\"https:\/\/store.astm.org\/d3078-02r21e01.html?_gl=1*1s85z2n*_gcl_aw*R0NMLjE3Njg3ODk3MzcuQ2owS0NRaUFwckxMQmhDTUFSSXNBRURoZFBmZnpaMHVBMGMtdjB4RWdqR0hGSWVCaVZjeTJBM3RfRHV0ajduOVh3QlJuQUVlbGdZOU00TWFBcWlSRUFMd193Y0I.*_gcl_au*MTkwOTY2MzAwNC4xNzY1Nzc5ODUz\" target=\"_blank\" rel=\"noreferrer noopener nofollow\">ASTM D3078<\/a> - M\u00e9thode d'essai normalis\u00e9e pour la d\u00e9termination des fuites dans les emballages par \u00e9mission de bulles<\/em>.<\/p>\n\n\n\n<p>Dans cette m\u00e9thode, la bouteille est plac\u00e9e dans une chambre transparente remplie d'eau. Un vide contr\u00f4l\u00e9 est appliqu\u00e9, cr\u00e9ant une diff\u00e9rence de pression entre l'int\u00e9rieur et l'ext\u00e9rieur de la bouteille. En cas de fuite, l'air emprisonn\u00e9 s'\u00e9chappe du d\u00e9faut et appara\u00eet sous la forme de <strong>un flux continu de bulles<\/strong>, permettant aux op\u00e9rateurs de localiser et de confirmer visuellement les fuites.<\/p>\n\n\n\n<p>Cette proc\u00e9dure offre une grande sensibilit\u00e9, une interpr\u00e9tation intuitive et convient \u00e0 la fois aux environnements de laboratoire et de production.<\/p>\n\n\n\n<h2 class=\"wp-block-heading\">Proc\u00e9dure d'essai d'\u00e9tanch\u00e9it\u00e9 pour les bouteilles et r\u00e9cipients en plastique<\/h2>\n\n\n\n<p>Le <strong>proc\u00e9dure d'essai d'\u00e9tanch\u00e9it\u00e9 pour les bouteilles en plastique<\/strong> se concentre sur l'identification des d\u00e9fauts caus\u00e9s par des incoh\u00e9rences de moulage, des fissures dues \u00e0 la contrainte ou une inad\u00e9quation entre le bouchon et le sceau. Les r\u00e9cipients en plastique peuvent se d\u00e9former l\u00e9g\u00e8rement sous vide, c'est pourquoi un contr\u00f4le stable et reproductible de la pression est essentiel.<\/p>\n\n\n\n<p>A <strong>essai d'\u00e9tanch\u00e9it\u00e9 pour les r\u00e9cipients en plastique<\/strong> L'utilisation d'un testeur d'\u00e9tanch\u00e9it\u00e9 de bouteille peut \u00eatre configur\u00e9e comme suit :<\/p>\n\n\n\n<ul class=\"wp-block-list\">\n<li><strong>Essais non destructifs<\/strong>, o\u00f9 la d\u00e9formation reste dans les limites de l'\u00e9lasticit\u00e9<\/li>\n\n\n\n<li><strong>Essais destructifs<\/strong>, o\u00f9 des niveaux de vide plus \u00e9lev\u00e9s sollicitent intentionnellement le conteneur<\/li>\n<\/ul>\n\n\n\n<p>Cette flexibilit\u00e9 permet aux ing\u00e9nieurs de simuler des conditions r\u00e9elles et de d\u00e9finir des limites de performance s\u00fbres.<\/p>\n\n\n\n<h2 class=\"wp-block-heading\">Proc\u00e9dure d'essai d'\u00e9tanch\u00e9it\u00e9 pour les bouteilles de liquide \u00e0 l'aide d'une chambre vide<\/h2>\n\n\n\n<p>Pour les emballages remplis de liquide, une alternative <strong>proc\u00e9dure d'essai d'\u00e9tanch\u00e9it\u00e9 pour les bouteilles de liquide<\/strong> utilise une chambre \u00e0 vide vide sans eau. Pendant le test, un vide est appliqu\u00e9 directement \u00e0 l'environnement externe. En cas de fuite, le liquide s'\u00e9chappe de l'emballage et devient imm\u00e9diatement visible.<\/p>\n\n\n\n<p>Cette m\u00e9thode \u00e9vite la dilution ou la contamination du milieu d'essai et fonctionne bien pour les boissons, les liquides pharmaceutiques, les solutions intraveineuses et d'autres r\u00e9cipients remplis o\u00f9 l'observation des bulles dans l'eau n'est pas pratique.<\/p>\n\n\n\n<h2 class=\"wp-block-heading\">Test d'\u00e9tanch\u00e9it\u00e9 sous vide pour les bouteilles : La p\u00e9n\u00e9tration des colorants comme outil de v\u00e9rification<\/h2>\n\n\n\n<p>Outre le contr\u00f4le visuel des bulles, certains protocoles de validation requi\u00e8rent un contr\u00f4le visuel des bulles. <strong>test d'\u00e9tanch\u00e9it\u00e9 sous vide pour les bouteilles<\/strong> en utilisant la p\u00e9n\u00e9tration du colorant. La m\u00e9thode du bleu de m\u00e9thyl\u00e8ne consiste \u00e0 introduire une solution color\u00e9e sous vide. S'il y a des fuites, le colorant p\u00e9n\u00e8tre dans l'emballage et devient visible apr\u00e8s ouverture.<\/p>\n\n\n\n<p>Bien que destructive, cette approche fournit une confirmation qualitative solide et soutient souvent la validation des processus ou les \u00e9tudes comparatives.<\/p>","protected":false},"featured_media":318,"parent":0,"template":"","meta":{"_acf_changed":false},"product-category":[17,13,18,19,20,10],"class_list":["post-309","product","type-product","status-publish","has-post-thumbnail","hentry","product-category-astm-d3078","product-category-astm-d4991","product-category-astm-d5094","product-category-astm-d6653","product-category-astm-f2338","product-category-leak-test"],"acf":[],"_links":{"self":[{"href":"https:\/\/www.bottletest.com\/fr\/wp-json\/wp\/v2\/product\/309","targetHints":{"allow":["GET"]}}],"collection":[{"href":"https:\/\/www.bottletest.com\/fr\/wp-json\/wp\/v2\/product"}],"about":[{"href":"https:\/\/www.bottletest.com\/fr\/wp-json\/wp\/v2\/types\/product"}],"wp:featuredmedia":[{"embeddable":true,"href":"https:\/\/www.bottletest.com\/fr\/wp-json\/wp\/v2\/media\/318"}],"wp:attachment":[{"href":"https:\/\/www.bottletest.com\/fr\/wp-json\/wp\/v2\/media?parent=309"}],"wp:term":[{"taxonomy":"product-category","embeddable":true,"href":"https:\/\/www.bottletest.com\/fr\/wp-json\/wp\/v2\/product-category?post=309"}],"curies":[{"name":"wp","href":"https:\/\/api.w.org\/{rel}","templated":true}]}}