{"id":292,"date":"2026-02-04T07:35:39","date_gmt":"2026-02-04T07:35:39","guid":{"rendered":"https:\/\/www.bottletest.com\/?post_type=product&#038;p=292"},"modified":"2026-02-05T08:13:37","modified_gmt":"2026-02-05T08:13:37","slug":"top-load-tester","status":"publish","type":"product","link":"https:\/\/www.bottletest.com\/fr\/product\/top-load-tester\/","title":{"rendered":"TLT-01 Testeur de chargement par le haut"},"content":{"rendered":"<h2 class=\"wp-block-heading\">Essai de charge verticale pour bouteille : Objectif et signification pratique<\/h2>\n\n\n\n<p>Le <strong>essai de charge verticale pour bouteille<\/strong> se concentre sur le comportement d'un conteneur lorsqu'une force de compression est appliqu\u00e9e le long de son axe central. Cette condition de chargement simule les contraintes r\u00e9elles telles que l'empilage de palettes, le stockage en entrep\u00f4t et la pression exerc\u00e9e par le haut pendant le transport.<\/p>\n\n\n\n<p>Les principaux indicateurs de performance obtenus \u00e0 partir d'un testeur de charge sup\u00e9rieure sont les suivants :<\/p>\n\n\n\n<ul class=\"wp-block-list\">\n<li><strong>Capacit\u00e9 de charge verticale maximale<\/strong> avant d\u00e9formation ou d\u00e9faillance<\/li>\n\n\n\n<li><strong>Charge d'\u00e9lasticit\u00e9<\/strong>, o\u00f9 la rigidit\u00e9 structurelle commence \u00e0 diminuer<\/li>\n\n\n\n<li><strong>Comportement \u00e0 la d\u00e9formation<\/strong> sous compression contr\u00f4l\u00e9e<\/li>\n\n\n\n<li><strong>Mode de d\u00e9faillance<\/strong>, comme le flambage ou la rupture fragile<\/li>\n<\/ul>\n\n\n\n<p>Pour les r\u00e9cipients en verre, le test met l'accent sur la r\u00e9sistance \u00e0 la rupture soudaine. Pour les bouteilles en plastique, le test r\u00e9v\u00e8le la ductilit\u00e9, la rigidit\u00e9 et la robustesse de la conception.<\/p>\n\n\n\n<h2 class=\"wp-block-heading\">Test de charge sup\u00e9rieure pour les bouteilles selon la norme ASTM D2659<\/h2>\n\n\n\n<p>Le <strong>essai de chargement par le haut pour les bouteilles<\/strong> fabriqu\u00e9 \u00e0 partir de mati\u00e8res thermoplastiques suit les principes d\u00e9finis dans la <strong>ASTM D2659<\/strong>, qui traite des propri\u00e9t\u00e9s d'\u00e9crasement des colonnes des conteneurs en plastique souffl\u00e9.<\/p>\n\n\n\n<p>La norme ASTM D2659 sp\u00e9cifie des tests sous une <strong>taux de d\u00e9flexion en compression constante<\/strong>, Les r\u00e9sultats de l'\u00e9tude sont comparables d'un laboratoire \u00e0 l'autre. La m\u00e9thode se concentre sur :<\/p>\n\n\n\n<ul class=\"wp-block-list\">\n<li>Limite d'\u00e9lasticit\u00e9 \u00e0 l'\u00e9crasement<\/li>\n\n\n\n<li>D\u00e9flexion \u00e0 la limite d'\u00e9lasticit\u00e9<\/li>\n\n\n\n<li>Charge d'\u00e9crasement \u00e0 la rupture<\/li>\n\n\n\n<li>Rigidit\u00e9 apparente \u00e0 l'\u00e9crasement<\/li>\n<\/ul>\n\n\n\n<p>Un testeur de charge sup\u00e9rieure conforme doit maintenir un <strong>vitesse d'essai stable et contr\u00f4lable<\/strong>, La vitesse de rotation de l'\u00e9chantillon est g\u00e9n\u00e9ralement comprise entre 12,5 mm\/min et 50 mm\/min. L'alignement correct de l'\u00e9chantillon et la ventilation jouent un r\u00f4le d\u00e9cisif dans la pr\u00e9cision et la s\u00e9curit\u00e9 de l'essai.<\/p>\n\n\n\n<p>En suivant la norme ASTM D2659, les ing\u00e9nieurs en emballage peuvent utiliser les donn\u00e9es de charge maximale pour <strong>le contr\u00f4le de la qualit\u00e9, les essais d'acceptation et les comparaisons en mati\u00e8re de R&amp;D<\/strong>, notamment lors de l'\u00e9valuation des modifications de conception ou des substitutions de mat\u00e9riaux.<\/p>\n\n\n\n<h2 class=\"wp-block-heading\">Essai de charge verticale des bouteilles selon la norme ISO 8113<\/h2>\n\n\n\n<p>Pour les emballages en verre, <strong>ISO 8113<\/strong> d\u00e9finit la m\u00e9thode normalis\u00e9e pour mesurer la r\u00e9sistance \u00e0 la charge verticale. Cette norme internationale garantit la coh\u00e9rence lors de l'\u00e9valuation des bouteilles utilis\u00e9es dans les boissons, les aliments et les produits pharmaceutiques.<\/p>\n\n\n\n<p>La norme ISO 8113 met l'accent sur :<\/p>\n\n\n\n<ul class=\"wp-block-list\">\n<li>\u00c9quilibre de temp\u00e9rature entre l'\u00e9chantillon et l'environnement<\/li>\n\n\n\n<li>Alignement axial pr\u00e9cis du conteneur<\/li>\n\n\n\n<li>Utilisation de tampons ou de fermetures de protection pour simuler les conditions r\u00e9elles d'\u00e9tanch\u00e9it\u00e9<\/li>\n\n\n\n<li>Application d'une force contr\u00f4l\u00e9e jusqu'\u00e0 une charge ou une rupture sp\u00e9cifi\u00e9e<\/li>\n<\/ul>\n\n\n\n<p>Un testeur de charge sup\u00e9rieure professionnel con\u00e7u pour la norme ISO 8113 prend en charge \u00e0 la fois <strong>r\u00e9ussir les tests<\/strong> (chargement \u00e0 une valeur pr\u00e9d\u00e9finie) et <strong>tests progressifs<\/strong> (chargement jusqu'\u00e0 la rupture). Ces r\u00e9sultats aident les fabricants \u00e0 confirmer que les r\u00e9cipients en verre r\u00e9pondent aux sp\u00e9cifications internes et aux exigences des clients.<\/p>\n\n\n\n<h2 class=\"wp-block-heading\">Comment fonctionne le testeur de chargement par le haut ?<\/h2>\n\n\n\n<p>Un testeur de charge sup\u00e9rieure applique un <strong>force de compression verticale contr\u00f4l\u00e9e<\/strong> \u00e0 travers des plateaux de pr\u00e9cision tout en mesurant en continu la force et le d\u00e9placement. Le syst\u00e8me enregistre en temps r\u00e9el les courbes charge-d\u00e9placement, ce qui permet aux utilisateurs d'observer la r\u00e9ponse de la structure tout au long de l'essai.<\/p>\n\n\n\n<p>Les syst\u00e8mes modernes de Cell Instruments s'int\u00e8grent :<\/p>\n\n\n\n<ul class=\"wp-block-list\">\n<li>Cellules de charge de haute pr\u00e9cision<\/li>\n\n\n\n<li>Mesure de d\u00e9placement de pr\u00e9cision<\/li>\n\n\n\n<li>Commande par automate programmable avec IHM intuitive<\/li>\n\n\n\n<li>Sortie de donn\u00e9es num\u00e9riques pour la tra\u00e7abilit\u00e9<\/li>\n<\/ul>\n\n\n\n<p>Cette configuration permet de s'assurer que chaque test de charge sup\u00e9rieure pour les bouteilles reste <strong>r\u00e9p\u00e9table, tra\u00e7able et conforme<\/strong> avec les normes ASTM et ISO.<\/p>\n\n\n\n<h2 class=\"wp-block-heading\">Pourquoi les tests de charge de pointe renforcent-ils la confiance ?<\/h2>\n\n\n\n<p>Des donn\u00e9es fiables sur la charge verticale permettent de prendre de meilleures d\u00e9cisions tout au long du cycle de vie de l'emballage. Un testeur de charge verticale valid\u00e9 est utile :<\/p>\n\n\n\n<ul class=\"wp-block-list\">\n<li>Pr\u00e9venir l'effondrement des conteneurs pendant la logistique<\/li>\n\n\n\n<li>R\u00e9duire l'utilisation de mat\u00e9riaux sans compromettre la s\u00e9curit\u00e9<\/li>\n\n\n\n<li>D\u00e9montrer la conformit\u00e9 lors des audits et des \u00e9valuations des clients<\/li>\n\n\n\n<li>Am\u00e9liorer la coh\u00e9rence entre les lots de production<\/li>\n<\/ul>\n\n\n\n<p>En alignant les pratiques de test sur les <a href=\"https:\/\/store.astm.org\/d2659-16r23.html?_gl=1*a5mpmp*_gcl_aw*R0NMLjE3Njg3ODk3MzcuQ2owS0NRaUFwckxMQmhDTUFSSXNBRURoZFBmZnpaMHVBMGMtdjB4RWdqR0hGSWVCaVZjeTJBM3RfRHV0ajduOVh3QlJuQUVlbGdZOU00TWFBcWlSRUFMd193Y0I.*_gcl_au*MTkwOTY2MzAwNC4xNzY1Nzc5ODUz\" target=\"_blank\" rel=\"noreferrer noopener nofollow\">ASTM D2659<\/a> et <a href=\"https:\/\/www.iso.org\/standard\/35617.html\" target=\"_blank\" rel=\"noreferrer noopener nofollow\">ISO 8113<\/a>, Les fabricants renforcent \u00e0 la fois <strong>cr\u00e9dibilit\u00e9 technique et confiance des clients<\/strong>.<\/p>","protected":false},"featured_media":303,"parent":0,"template":"","meta":{"_acf_changed":false},"product-category":[26,27,14],"class_list":["post-292","product","type-product","status-publish","has-post-thumbnail","hentry","product-category-astm-d2659","product-category-iso-8113","product-category-top-load-test"],"acf":[],"_links":{"self":[{"href":"https:\/\/www.bottletest.com\/fr\/wp-json\/wp\/v2\/product\/292","targetHints":{"allow":["GET"]}}],"collection":[{"href":"https:\/\/www.bottletest.com\/fr\/wp-json\/wp\/v2\/product"}],"about":[{"href":"https:\/\/www.bottletest.com\/fr\/wp-json\/wp\/v2\/types\/product"}],"wp:featuredmedia":[{"embeddable":true,"href":"https:\/\/www.bottletest.com\/fr\/wp-json\/wp\/v2\/media\/303"}],"wp:attachment":[{"href":"https:\/\/www.bottletest.com\/fr\/wp-json\/wp\/v2\/media?parent=292"}],"wp:term":[{"taxonomy":"product-category","embeddable":true,"href":"https:\/\/www.bottletest.com\/fr\/wp-json\/wp\/v2\/product-category?post=292"}],"curies":[{"name":"wp","href":"https:\/\/api.w.org\/{rel}","templated":true}]}}