{"id":418,"date":"2026-02-05T08:23:26","date_gmt":"2026-02-05T08:23:26","guid":{"rendered":"https:\/\/www.bottletest.com\/?post_type=product&#038;p=418"},"modified":"2026-02-05T08:26:32","modified_gmt":"2026-02-05T08:26:32","slug":"automatic-torque-tester","status":"publish","type":"product","link":"https:\/\/www.bottletest.com\/fi\/product\/automatic-torque-tester\/","title":{"rendered":"MCT-01 Automaattinen v\u00e4\u00e4nt\u00f6momentin testauslaite"},"content":{"rendered":"<p><strong>Automaattinen v\u00e4\u00e4nt\u00f6momentin testauslaite<\/strong> on kriittinen laadunvalvontalaite, jolla mitataan pullojen ja s\u00e4ili\u00f6iden kierteitettyjen sulkimien kiinnitysmomenttia ja avautumismomenttia. Pakkausteollisuudessa, kuten elintarvike-, l\u00e4\u00e4ke- ja l\u00e4\u00e4keteollisuudessa sek\u00e4 p\u00e4ivitt\u00e4iskemikaalien pakkaamisessa, v\u00e4\u00e4nt\u00f6momentin johdonmukaisuus vaikuttaa suoraan seuraaviin seikkoihin. <strong>sinetin eheys, kuluttajien k\u00e4ytett\u00e4vyys ja s\u00e4\u00e4nn\u00f6sten noudattaminen<\/strong>. Riitt\u00e4m\u00e4t\u00f6n v\u00e4\u00e4nt\u00f6momentti voi aiheuttaa vuotoja tai esteen suorituskyvyn heikkenemist\u00e4, kun taas liiallinen v\u00e4\u00e4nt\u00f6momentti voi johtaa korkin muodonmuutokseen tai huonoon k\u00e4ytt\u00f6kokemukseen.<\/p>\n\n\n\n<h2 class=\"wp-block-heading\">Pullonkorkkien v\u00e4\u00e4nt\u00f6momenttitesti &amp; avausmomentti &amp; ASTM D7860<\/h2>\n\n\n\n<p><strong>Pullonkorkkien v\u00e4\u00e4nt\u00f6momentin testaaja<\/strong> arvioi kaksi keskeist\u00e4 parametria: sovelluksen v\u00e4\u00e4nt\u00f6momentti ja <strong>avausmomentti<\/strong>, jota kutsutaan usein irrotusmomentiksi. N\u00e4m\u00e4 arvot m\u00e4\u00e4ritt\u00e4v\u00e4t, kuinka tukevasti suljin on kiinnitetty ja kuinka paljon voimaa k\u00e4ytt\u00e4j\u00e4n on k\u00e4ytett\u00e4v\u00e4 pakkauksen avaamiseen. ASTM D7860 tarjoaa standardoidun kehyksen jatkuvan kierteen sulkimien v\u00e4\u00e4nt\u00f6momentin pysyvyyden mittaamiseen automaattisella v\u00e4\u00e4nt\u00f6momentin testauslaitteistolla, mik\u00e4 tekee siit\u00e4 kulmakiviviittauksen laboratorioille maailmanlaajuisesti.<\/p>\n\n\n\n<p>ASTM D7860 m\u00e4\u00e4rittelee t\u00e4rkeit\u00e4 k\u00e4sitteit\u00e4 kuten <strong>kuiva momentti<\/strong>, <strong>v\u00e4lit\u00f6n poistomomentti<\/strong>, ja <strong>v\u00e4\u00e4nt\u00f6momentin s\u00e4ilytt\u00e4minen<\/strong>, ja varmistaa, ett\u00e4 tulokset pysyv\u00e4t vertailukelpoisina eri materiaaleissa, sulkemismalleissa ja varastointiolosuhteissa. T\u00e4t\u00e4 standardia noudattamalla automaattinen v\u00e4\u00e4nt\u00f6momenttitestauslaite voi tuottaa tuloksia, jotka tukevat pakkausten kehitt\u00e4mist\u00e4, teknist\u00e4 validointia ja rutiininomaista laadunvalvontaa.<\/p>\n\n\n\n<h2 class=\"wp-block-heading\">Miten automaattinen v\u00e4\u00e4nt\u00f6momenttitesterin toimii<\/h2>\n\n\n\n<p>Automaattinen v\u00e4\u00e4nt\u00f6momenttitesterin toiminta perustuu <strong>moottoroitu py\u00f6riv\u00e4 j\u00e4rjestelm\u00e4<\/strong> yhdistettyn\u00e4 tarkkaan v\u00e4\u00e4nt\u00f6momenttianturiin. Pullo ja korkki on kiinnitetty konsentrisesti eksentrisen kuormituksen v\u00e4ltt\u00e4miseksi, mik\u00e4 takaa toistettavat ja tarkat mittaukset.<\/p>\n\n\n\n<p>Testauksen aikana laite suorittaa hallitun py\u00f6rimisliikkeen kiinte\u00e4ll\u00e4 nopeudella tai v\u00e4\u00e4nt\u00f6momenttirampilla. V\u00e4\u00e4nt\u00f6momenttisignaalia tallennetaan jatkuvasti, ja <strong>avautumisen huippuv\u00e4\u00e4nt\u00f6momentti<\/strong> tallennetaan automaattisesti. T\u00e4m\u00e4 l\u00e4hestymistapa vastaa tarkasti todellisia avausolosuhteita ja minimoi samalla k\u00e4ytt\u00e4j\u00e4n vaikutuksen.<\/p>\n\n\n\n<p>Verrattuna manuaalisiin laitteisiin automaattinen v\u00e4\u00e4nt\u00f6momentin testaaja tarjoaa seuraavat edut <strong>parempi toistettavuus, v\u00e4hemm\u00e4n inhimillisi\u00e4 virheit\u00e4 ja parempi yhdenmukaisuus ASTM D7860 -vaatimusten kanssa.<\/strong>, erityisesti testattaessa v\u00e4\u00e4nt\u00f6momentin pysyvyytt\u00e4 ajan my\u00f6t\u00e4 tai ymp\u00e4rist\u00f6k\u00e4sittelyn j\u00e4lkeen.<\/p>\n\n\n\n<h2 class=\"wp-block-heading\">ASTM D7860:n merkitys automaattisessa v\u00e4\u00e4nt\u00f6momenttitestauksessa<\/h2>\n\n\n\n<p>ASTM D7860 painottaa <strong>automaattiset anturipohjaiset v\u00e4\u00e4nt\u00f6momentin mittarit<\/strong> jotka toimivat tunnetuilla py\u00f6rimisnopeuksilla. T\u00e4m\u00e4 vaatimus on olemassa, koska v\u00e4\u00e4nt\u00f6momentin k\u00e4ytt\u00e4ytyminen muuttuu nopeuden ja testiolosuhteiden mukaan. Automatisoidut j\u00e4rjestelm\u00e4t varmistavat, ett\u00e4 jokainen n\u00e4yte kokee samat testiparametrit, mik\u00e4 parantaa huomattavasti tietojen luotettavuutta.<\/p>\n\n\n\n<p>Standardi tukee sek\u00e4 <strong>staattinen arviointi<\/strong> ja <strong>dynaaminen arviointi<\/strong>, jolloin valmistajat voivat arvioida v\u00e4\u00e4nt\u00f6momentin s\u00e4ilymist\u00e4 varastoinnin tai simuloidun jakelun j\u00e4lkeen. Lapsiturvallisia ja ei-lapsiturvallisia sulkimia varten ASTM D7860 auttaa varmistamaan, ett\u00e4 avautumisen v\u00e4\u00e4nt\u00f6momentti pysyy turvallisella ja toimivalla alueella koko tuotteen elinkaaren ajan.<\/p>\n\n\n\n<p>ASTM D7860 -standardin mukainen automaattinen v\u00e4\u00e4nt\u00f6momenttitestauslaite vahvistaa auditointivalmiutta ja lis\u00e4\u00e4 asiakkaiden luottamusta pakkausten laatuj\u00e4rjestelmiin.<\/p>","protected":false},"featured_media":419,"parent":0,"template":"","meta":{"_acf_changed":false},"product-category":[25,24],"class_list":["post-418","product","type-product","status-publish","has-post-thumbnail","hentry","product-category-astm-d7860","product-category-torque-tester"],"acf":[],"_links":{"self":[{"href":"https:\/\/www.bottletest.com\/fi\/wp-json\/wp\/v2\/product\/418","targetHints":{"allow":["GET"]}}],"collection":[{"href":"https:\/\/www.bottletest.com\/fi\/wp-json\/wp\/v2\/product"}],"about":[{"href":"https:\/\/www.bottletest.com\/fi\/wp-json\/wp\/v2\/types\/product"}],"wp:featuredmedia":[{"embeddable":true,"href":"https:\/\/www.bottletest.com\/fi\/wp-json\/wp\/v2\/media\/419"}],"wp:attachment":[{"href":"https:\/\/www.bottletest.com\/fi\/wp-json\/wp\/v2\/media?parent=418"}],"wp:term":[{"taxonomy":"product-category","embeddable":true,"href":"https:\/\/www.bottletest.com\/fi\/wp-json\/wp\/v2\/product-category?post=418"}],"curies":[{"name":"wp","href":"https:\/\/api.w.org\/{rel}","templated":true}]}}