{"id":309,"date":"2026-02-04T08:18:06","date_gmt":"2026-02-04T08:18:06","guid":{"rendered":"https:\/\/www.bottletest.com\/?post_type=product&#038;p=309"},"modified":"2026-02-04T08:20:59","modified_gmt":"2026-02-04T08:20:59","slug":"bottle-leak-tester","status":"publish","type":"product","link":"https:\/\/www.bottletest.com\/fi\/product\/bottle-leak-tester\/","title":{"rendered":"BLT-03 pullon vuototesteri"},"content":{"rendered":"<p>B<strong>Ottle vuoto tester<\/strong> on kriittinen laadunvalvontalaite, jota k\u00e4ytet\u00e4\u00e4n pullojen ja j\u00e4ykkien tai puolij\u00e4ykkien s\u00e4ili\u00f6iden tiiviyden arvioimiseen. Pakkaus-, elintarvike- ja juoma-, l\u00e4\u00e4ke-, l\u00e4\u00e4kint\u00e4- ja l\u00e4\u00e4kinn\u00e4llisten laitteiden sek\u00e4 p\u00e4ivitt\u00e4iskemikaalien kaltaisilla teollisuudenaloilla jopa mikroskooppisen pienetkin vuodot voivat johtaa kontaminaatioon, lyhentyneeseen s\u00e4ilyvyysaikaan tai m\u00e4\u00e4r\u00e4ystenvastaisuuteen. T\u00e4st\u00e4 syyst\u00e4 vuototesteist\u00e4 on tullut olennainen osa sek\u00e4 tutkimus- ja kehitystoiminnan validointia ett\u00e4 rutiininomaista tuotantotarkastusta.<\/p>\n\n\n\n<p>Cell Instruments Co., Ltd. suunnittelee ja valmistaa ammattik\u00e4ytt\u00f6\u00f6n tarkoitettuja pullon vuototestausj\u00e4rjestelmi\u00e4, joissa yhdistyv\u00e4t seuraavat ominaisuudet. <strong>selke\u00e4t visuaaliset tulokset, vakaa tyhji\u00f6n s\u00e4\u00e4t\u00f6 ja joustavat testikokoonpanot.<\/strong>, auttaa laatuammattilaisia tekem\u00e4\u00e4n varmoja p\u00e4\u00e4t\u00f6ksi\u00e4 luotettavien tietojen perusteella.<\/p>\n\n\n\n<h2 class=\"wp-block-heading\">Pullon vuototestausmenetelm\u00e4 (tyhji\u00f6kuplamenetelm\u00e4)<\/h2>\n\n\n\n<p>The <strong>pullojen vuototestausmenettely<\/strong> noudattaa yleisesti tyhji\u00f6kuplap\u00e4\u00e4st\u00f6periaatetta, johon viitataan my\u00f6s asiakirjassa <em><a href=\"https:\/\/store.astm.org\/d3078-02r21e01.html?_gl=1*1s85z2n*_gcl_aw*R0NMLjE3Njg3ODk3MzcuQ2owS0NRaUFwckxMQmhDTUFSSXNBRURoZFBmZnpaMHVBMGMtdjB4RWdqR0hGSWVCaVZjeTJBM3RfRHV0ajduOVh3QlJuQUVlbGdZOU00TWFBcWlSRUFMd193Y0I.*_gcl_au*MTkwOTY2MzAwNC4xNzY1Nzc5ODUz\" target=\"_blank\" rel=\"noreferrer noopener nofollow\">ASTM D3078<\/a> - Standarditestimenetelm\u00e4 pakkausten vuotojen m\u00e4\u00e4ritt\u00e4miseksi kuplap\u00e4\u00e4st\u00f6n avulla<\/em>.<\/p>\n\n\n\n<p>T\u00e4ss\u00e4 menetelm\u00e4ss\u00e4 pullo asetetaan l\u00e4pin\u00e4kyv\u00e4n, vedell\u00e4 t\u00e4ytetyn kammion sis\u00e4\u00e4n. Pullon sis\u00e4- ja ulkopinnan v\u00e4lille luodaan paine-ero, joka saadaan aikaan kontrolloidulla alipaineella. Jos pullossa on vuoto, sinne j\u00e4\u00e4nyt ilma poistuu viasta, ja se n\u00e4kyy <strong>jatkuva kuplavirta<\/strong>, jolloin k\u00e4ytt\u00e4j\u00e4t voivat paikallistaa ja varmistaa vuodon visuaalisesti.<\/p>\n\n\n\n<p>Menetelm\u00e4 on eritt\u00e4in herkk\u00e4, sen tulkinta on intuitiivista ja se soveltuu sek\u00e4 laboratorio- ett\u00e4 tuotantoymp\u00e4rist\u00f6\u00f6n.<\/p>\n\n\n\n<h2 class=\"wp-block-heading\">Muovipullojen ja muovis\u00e4ili\u00f6iden vuototestausmenetelm\u00e4<\/h2>\n\n\n\n<p>The <strong>muovipullojen vuototestausmenettely<\/strong> keskityt\u00e4\u00e4n tunnistamaan virheet, jotka johtuvat muotin ep\u00e4johdonmukaisuuksista, j\u00e4nnityshalkeamista tai korkin ja tiivisteen yhteensopimattomuudesta. Muovis\u00e4ili\u00f6t voivat hieman deformoitua tyhji\u00f6ss\u00e4, joten vakaa ja toistettavissa oleva paineen s\u00e4\u00e4t\u00f6 on olennaisen t\u00e4rke\u00e4\u00e4.<\/p>\n\n\n\n<p>A <strong>muovis\u00e4ili\u00f6iden vuototesti<\/strong> pullon vuototesterin k\u00e4ytt\u00f6 voidaan konfiguroida seuraavasti:<\/p>\n\n\n\n<ul class=\"wp-block-list\">\n<li><strong>Rikkomaton testaus<\/strong>, jossa muodonmuutos pysyy kimmoisissa rajoissa<\/li>\n\n\n\n<li><strong>Tuhoava testaus<\/strong>, jossa korkeammat tyhji\u00f6tasot rasittavat s\u00e4ili\u00f6t\u00e4 tarkoituksellisesti.<\/li>\n<\/ul>\n\n\n\n<p>T\u00e4m\u00e4n joustavuuden ansiosta insin\u00f6\u00f6rit voivat simuloida todellisia olosuhteita ja m\u00e4\u00e4ritell\u00e4 turvalliset suorituskykyrajat.<\/p>\n\n\n\n<h2 class=\"wp-block-heading\">Tyhj\u00e4\u00e4 kammiota k\u00e4ytt\u00e4vien nestepullojen vuototestausmenetelm\u00e4<\/h2>\n\n\n\n<p>Nestet\u00e4ytteisten pakkausten osalta vaihtoehtoinen <strong>nestepullojen vuototestausmenettely<\/strong> k\u00e4ytt\u00e4\u00e4 tyhj\u00e4\u00e4 tyhji\u00f6kammiota ilman vett\u00e4. Testauksen aikana ulkoiseen ymp\u00e4rist\u00f6\u00f6n kohdistetaan suoraan tyhji\u00f6. Jos tapahtuu vuoto, neste p\u00e4\u00e4see ulos pakkauksesta ja tulee v\u00e4litt\u00f6m\u00e4sti n\u00e4kyviin.<\/p>\n\n\n\n<p>Menetelm\u00e4ll\u00e4 v\u00e4ltet\u00e4\u00e4n testiaineen laimentuminen tai saastuminen, ja se soveltuu hyvin juomien, farmaseuttisten nesteiden, infuusioliuosten ja muiden t\u00e4ytettyjen s\u00e4ili\u00f6iden tarkasteluun, kun kuplien havainnointi vedess\u00e4 ei v\u00e4ltt\u00e4m\u00e4tt\u00e4 ole k\u00e4yt\u00e4nn\u00f6llist\u00e4.<\/p>\n\n\n\n<h2 class=\"wp-block-heading\">Pullojen tyhji\u00f6l\u00e4p\u00e4isevyystesti: V\u00e4riaineen tunkeutuminen todentamisv\u00e4lineen\u00e4<\/h2>\n\n\n\n<p>Visuaalisen kuplatestauksen lis\u00e4ksi jotkin validointiprotokollat edellytt\u00e4v\u00e4t, ett\u00e4 <strong>tyhji\u00f6 vuototesti pulloille<\/strong> k\u00e4ytt\u00e4m\u00e4ll\u00e4 v\u00e4riaineen tunkeutumista. Metyleenisiniv\u00e4rimenetelm\u00e4ll\u00e4 saadaan aikaan v\u00e4rillinen liuos tyhji\u00f6olosuhteissa. Jos pakkauksessa on vuotoja, v\u00e4riaine tunkeutuu pakkaukseen ja tulee n\u00e4kyviin avaamisen j\u00e4lkeen.<\/p>\n\n\n\n<p>Vaikka t\u00e4m\u00e4 l\u00e4hestymistapa on tuhoisa, se antaa vahvan laadullisen vahvistuksen ja tukee usein prosessin validointia tai vertailututkimuksia.<\/p>","protected":false},"featured_media":318,"parent":0,"template":"","meta":{"_acf_changed":false},"product-category":[17,13,18,19,20,10],"class_list":["post-309","product","type-product","status-publish","has-post-thumbnail","hentry","product-category-astm-d3078","product-category-astm-d4991","product-category-astm-d5094","product-category-astm-d6653","product-category-astm-f2338","product-category-leak-test"],"acf":[],"_links":{"self":[{"href":"https:\/\/www.bottletest.com\/fi\/wp-json\/wp\/v2\/product\/309","targetHints":{"allow":["GET"]}}],"collection":[{"href":"https:\/\/www.bottletest.com\/fi\/wp-json\/wp\/v2\/product"}],"about":[{"href":"https:\/\/www.bottletest.com\/fi\/wp-json\/wp\/v2\/types\/product"}],"wp:featuredmedia":[{"embeddable":true,"href":"https:\/\/www.bottletest.com\/fi\/wp-json\/wp\/v2\/media\/318"}],"wp:attachment":[{"href":"https:\/\/www.bottletest.com\/fi\/wp-json\/wp\/v2\/media?parent=309"}],"wp:term":[{"taxonomy":"product-category","embeddable":true,"href":"https:\/\/www.bottletest.com\/fi\/wp-json\/wp\/v2\/product-category?post=309"}],"curies":[{"name":"wp","href":"https:\/\/api.w.org\/{rel}","templated":true}]}}