{"id":292,"date":"2026-02-04T07:35:39","date_gmt":"2026-02-04T07:35:39","guid":{"rendered":"https:\/\/www.bottletest.com\/?post_type=product&#038;p=292"},"modified":"2026-02-05T08:13:37","modified_gmt":"2026-02-05T08:13:37","slug":"top-load-tester","status":"publish","type":"product","link":"https:\/\/www.bottletest.com\/fi\/product\/top-load-tester\/","title":{"rendered":"TLT-01 Top Load Tester"},"content":{"rendered":"<h2 class=\"wp-block-heading\">Pullon pystysuora kuormitustesti: Tarkoitus ja k\u00e4yt\u00e4nn\u00f6n merkitys<\/h2>\n\n\n\n<p>The <strong>pullon pystysuora kuormituskoe<\/strong> keskityt\u00e4\u00e4n siihen, miten s\u00e4ili\u00f6 k\u00e4ytt\u00e4ytyy, kun sen keskiakselin suuntainen puristusvoima kohdistetaan. T\u00e4m\u00e4 kuormitustilanne simuloi todellisia rasituksia, kuten kuormalavojen pinoamista, varastointia ja kuljetuksen aikaista yl\u00e4painetta.<\/p>\n\n\n\n<p>T\u00e4rkeimm\u00e4t suorituskykyindikaattorit, jotka on saatu huippukuormitustesterist\u00e4, ovat:<\/p>\n\n\n\n<ul class=\"wp-block-list\">\n<li><strong>Suurin pystysuora kantavuus<\/strong> ennen muodonmuutosta tai vikaantumista<\/li>\n\n\n\n<li><strong>My\u00f6t\u00f6kuorma<\/strong>, jolloin rakenteellinen j\u00e4ykkyys alkaa pienenty\u00e4<\/li>\n\n\n\n<li><strong>Muodonmuutosk\u00e4ytt\u00e4ytyminen<\/strong> hallitusti puristettuna<\/li>\n\n\n\n<li><strong>Vikatila<\/strong>, kuten v\u00e4\u00e4ntyminen tai hauras murtuminen.<\/li>\n<\/ul>\n\n\n\n<p>Lasiastioiden osalta testiss\u00e4 korostetaan \u00e4killisen rikkoutumisen kest\u00e4vyytt\u00e4. Muovipullojen osalta testi osoittaa sitkeytt\u00e4, j\u00e4ykkyytt\u00e4 ja suunnittelun kest\u00e4vyytt\u00e4.<\/p>\n\n\n\n<h2 class=\"wp-block-heading\">Pullon yl\u00e4kuormitustesti ASTM D2659:n mukaisesti<\/h2>\n\n\n\n<p>The <strong>pullojen yl\u00e4kuormitustesti<\/strong> l\u00e4mp\u00f6muoveista valmistetuissa tuotteissa noudatetaan seuraavassa asiakirjassa m\u00e4\u00e4riteltyj\u00e4 periaatteita. <strong>ASTM D2659<\/strong>, jossa k\u00e4sitell\u00e4\u00e4n puhallettujen muovis\u00e4ili\u00f6iden pylv\u00e4smurskausominaisuuksia.<\/p>\n\n\n\n<p>ASTM D2659 m\u00e4\u00e4rittelee testauksen seuraavissa olosuhteissa <strong>vakio puristustaipuma<\/strong>, N\u00e4in varmistetaan, ett\u00e4 tulokset ovat vertailukelpoisia eri laboratorioissa. Menetelm\u00e4ss\u00e4 keskityt\u00e4\u00e4n:<\/p>\n\n\n\n<ul class=\"wp-block-list\">\n<li>Murskauskuormitus<\/li>\n\n\n\n<li>Taipuma my\u00f6t\u00f6rajalla<\/li>\n\n\n\n<li>Puristusvoima vikaantuessa<\/li>\n\n\n\n<li>N\u00e4enn\u00e4inen puristusj\u00e4ykkyys<\/li>\n<\/ul>\n\n\n\n<p>Vaatimustenmukaisen yl\u00e4kuormitustesterin on s\u00e4ilytett\u00e4v\u00e4 <strong>vakaa ja hallittavissa oleva testinopeus<\/strong>, tyypillisesti 12,5 mm\/min ja 50 mm\/min v\u00e4lill\u00e4. N\u00e4ytteen oikea kohdistus ja tuuletus ovat ratkaisevassa asemassa testin tarkkuuden ja turvallisuuden kannalta.<\/p>\n\n\n\n<p>ASTM D2659 -standardia noudattamalla pakkaussuunnittelijat voivat k\u00e4ytt\u00e4\u00e4 huippukuormitustietoja seuraaviin tarkoituksiin <strong>laadunvalvonta, hyv\u00e4ksymistestaus ja T&amp;K-vertailut.<\/strong>, erityisesti arvioitaessa suunnittelumuutoksia tai materiaalin vaihtamista.<\/p>\n\n\n\n<h2 class=\"wp-block-heading\">Pullon pystysuoran kuormituksen testaus ISO 8113:n perusteella<\/h2>\n\n\n\n<p>Lasipakkauksia varten, <strong>ISO 8113<\/strong> m\u00e4\u00e4ritell\u00e4\u00e4n standardoitu menetelm\u00e4 pystysuoran kuormituksen kest\u00e4vyyden mittaamiseksi. T\u00e4m\u00e4 kansainv\u00e4linen standardi takaa yhdenmukaisuuden arvioitaessa juomissa, elintarvikkeissa ja l\u00e4\u00e4kkeiss\u00e4 k\u00e4ytett\u00e4vi\u00e4 pulloja.<\/p>\n\n\n\n<p>ISO 8113 korostaa:<\/p>\n\n\n\n<ul class=\"wp-block-list\">\n<li>N\u00e4ytteen ja ymp\u00e4rist\u00f6n v\u00e4linen l\u00e4mp\u00f6tilatasapaino<\/li>\n\n\n\n<li>S\u00e4ili\u00f6n tarkka aksiaalinen suuntaus<\/li>\n\n\n\n<li>Suojatyynyjen tai sulkimien k\u00e4ytt\u00f6 todellisten tiivistysolosuhteiden simuloimiseksi.<\/li>\n\n\n\n<li>Hallittu voimank\u00e4ytt\u00f6 tiettyyn kuormitukseen tai murtumiseen asti.<\/li>\n<\/ul>\n\n\n\n<p>Ammattimainen ISO 8113 -standardiin suunniteltu huippukuormitustesteri tukee sek\u00e4 <strong>l\u00e4p\u00e4ist\u00e4 testit<\/strong> (lataus ennalta m\u00e4\u00e4ritettyyn arvoon) ja <strong>progressiiviset testit<\/strong> (kuormitus vikaantumiseen asti). N\u00e4iden tulosten avulla valmistajat voivat varmistaa, ett\u00e4 lasis\u00e4ili\u00f6t t\u00e4ytt\u00e4v\u00e4t sis\u00e4iset vaatimukset ja asiakkaiden vaatimukset.<\/p>\n\n\n\n<h2 class=\"wp-block-heading\">Miten Top Load Tester toimii<\/h2>\n\n\n\n<p>Yl\u00e4kuormitustesteri soveltaa <strong>hallittu pystysuora puristusvoima<\/strong> tarkkuuslevyjen l\u00e4pi mitaten samalla jatkuvasti voimaa ja siirtym\u00e4\u00e4. J\u00e4rjestelm\u00e4 tallentaa reaaliaikaiset kuormitus-siirtym\u00e4-k\u00e4yr\u00e4t, jolloin k\u00e4ytt\u00e4j\u00e4t voivat tarkkailla rakenteen vastetta koko testin ajan.<\/p>\n\n\n\n<p>Cell Instrumentsin nykyaikaiset j\u00e4rjestelm\u00e4t integroivat:<\/p>\n\n\n\n<ul class=\"wp-block-list\">\n<li>Korkean tarkkuuden kuormitussolut<\/li>\n\n\n\n<li>Tarkka siirtym\u00e4n mittaus<\/li>\n\n\n\n<li>PLC-pohjainen ohjaus intuitiivisella HMI:ll\u00e4<\/li>\n\n\n\n<li>Digitaalinen ulostulo j\u00e4ljitett\u00e4vyytt\u00e4 varten<\/li>\n<\/ul>\n\n\n\n<p>T\u00e4ll\u00e4 kokoonpanolla varmistetaan, ett\u00e4 jokainen pullojen yl\u00e4kuormitustesti pysyy voimassa. <strong>toistettavissa, j\u00e4ljitett\u00e4viss\u00e4 ja vaatimusten mukaisia<\/strong> ASTM- ja ISO-standardien mukaisesti.<\/p>\n\n\n\n<h2 class=\"wp-block-heading\">Miksi huippukuormitustestaus luo luottamusta ja luottamusta<\/h2>\n\n\n\n<p>Luotettavat pystysuorat kuormitustiedot tukevat parempia p\u00e4\u00e4t\u00f6ksi\u00e4 koko pakkauksen elinkaaren aikana. Validoitu yl\u00e4kuormitustesteri auttaa:<\/p>\n\n\n\n<ul class=\"wp-block-list\">\n<li>Est\u00e4 kontin romahtaminen logistiikan aikana<\/li>\n\n\n\n<li>V\u00e4henn\u00e4 materiaalin k\u00e4ytt\u00f6\u00e4 turvallisuudesta tinkim\u00e4tt\u00e4<\/li>\n\n\n\n<li>Osoitetaan vaatimustenmukaisuus tarkastuksissa ja asiakasarvioinneissa.<\/li>\n\n\n\n<li>Parantaa johdonmukaisuutta tuotantoerien v\u00e4lill\u00e4<\/li>\n<\/ul>\n\n\n\n<p>Yhdenmukaistamalla testausk\u00e4yt\u00e4nn\u00f6t <a href=\"https:\/\/store.astm.org\/d2659-16r23.html?_gl=1*a5mpmp*_gcl_aw*R0NMLjE3Njg3ODk3MzcuQ2owS0NRaUFwckxMQmhDTUFSSXNBRURoZFBmZnpaMHVBMGMtdjB4RWdqR0hGSWVCaVZjeTJBM3RfRHV0ajduOVh3QlJuQUVlbGdZOU00TWFBcWlSRUFMd193Y0I.*_gcl_au*MTkwOTY2MzAwNC4xNzY1Nzc5ODUz\" target=\"_blank\" rel=\"noreferrer noopener nofollow\">ASTM D2659<\/a> ja <a href=\"https:\/\/www.iso.org\/standard\/35617.html\" target=\"_blank\" rel=\"noreferrer noopener nofollow\">ISO 8113<\/a>, valmistajat vahvistavat sek\u00e4 <strong>tekninen uskottavuus ja asiakkaiden luottamus<\/strong>.<\/p>","protected":false},"featured_media":303,"parent":0,"template":"","meta":{"_acf_changed":false},"product-category":[26,27,14],"class_list":["post-292","product","type-product","status-publish","has-post-thumbnail","hentry","product-category-astm-d2659","product-category-iso-8113","product-category-top-load-test"],"acf":[],"_links":{"self":[{"href":"https:\/\/www.bottletest.com\/fi\/wp-json\/wp\/v2\/product\/292","targetHints":{"allow":["GET"]}}],"collection":[{"href":"https:\/\/www.bottletest.com\/fi\/wp-json\/wp\/v2\/product"}],"about":[{"href":"https:\/\/www.bottletest.com\/fi\/wp-json\/wp\/v2\/types\/product"}],"wp:featuredmedia":[{"embeddable":true,"href":"https:\/\/www.bottletest.com\/fi\/wp-json\/wp\/v2\/media\/303"}],"wp:attachment":[{"href":"https:\/\/www.bottletest.com\/fi\/wp-json\/wp\/v2\/media?parent=292"}],"wp:term":[{"taxonomy":"product-category","embeddable":true,"href":"https:\/\/www.bottletest.com\/fi\/wp-json\/wp\/v2\/product-category?post=292"}],"curies":[{"name":"wp","href":"https:\/\/api.w.org\/{rel}","templated":true}]}}