{"id":626,"date":"2026-03-12T07:57:42","date_gmt":"2026-03-12T07:57:42","guid":{"rendered":"https:\/\/www.bottletest.com\/?page_id=626"},"modified":"2026-03-12T08:15:17","modified_gmt":"2026-03-12T08:15:17","slug":"astm-d2659","status":"publish","type":"page","link":"https:\/\/www.bottletest.com\/fi\/astm-d2659\/","title":{"rendered":"ASTM D2659"},"content":{"rendered":"<div data-elementor-type=\"wp-page\" data-elementor-id=\"626\" class=\"elementor elementor-626\" data-elementor-post-type=\"page\">\n\t\t\t\t<div class=\"elementor-element elementor-element-1bd5b45 e-flex e-con-boxed e-con e-parent\" data-id=\"1bd5b45\" data-element_type=\"container\">\n\t\t\t\t\t<div class=\"e-con-inner\">\n\t\t\t\t<div class=\"elementor-element elementor-element-5255668 elementor-widget elementor-widget-heading\" data-id=\"5255668\" data-element_type=\"widget\" data-widget_type=\"heading.default\">\n\t\t\t\t\t<h1 class=\"elementor-heading-title elementor-size-default\">ASTM D2659: Termoplastisten s\u00e4ili\u00f6iden pystysuuntaisen kuormituskest\u00e4vyyden testauksen ymm\u00e4rt\u00e4minen<\/h1>\t\t\t\t<\/div>\n\t\t\t\t\t<\/div>\n\t\t\t\t<\/div>\n\t\t<div class=\"elementor-element elementor-element-d4b247a e-flex e-con-boxed e-con e-parent\" data-id=\"d4b247a\" data-element_type=\"container\">\n\t\t\t\t\t<div class=\"e-con-inner\">\n\t\t\t\t<div class=\"elementor-element elementor-element-e3bda8f elementor-widget elementor-widget-text-editor\" data-id=\"e3bda8f\" data-element_type=\"widget\" data-widget_type=\"text-editor.default\">\n\t\t\t\t\t\t\t\t\t<p data-start=\"468\" data-end=\"896\">The <strong data-start=\"472\" data-end=\"486\">ASTM D2659<\/strong> standardissa esitet\u00e4\u00e4n kriittinen testimenetelm\u00e4, jolla arvioidaan, miten <strong data-start=\"547\" data-end=\"575\">pystysuora kuormituskest\u00e4vyys<\/strong> puhalletut kestomuoviset s\u00e4ili\u00f6t, kuten <strong data-start=\"619\" data-end=\"634\">PET-pullot<\/strong> ja muut l\u00e4mp\u00f6muovatut tai valetut s\u00e4ili\u00f6t. T\u00e4m\u00e4 testi, jonka tarkoituksena on m\u00e4\u00e4ritt\u00e4\u00e4 s\u00e4ili\u00f6n kyky kest\u00e4\u00e4 puristusvoimia, on pakkausten valmistajille elint\u00e4rke\u00e4 sen varmistamiseksi, ett\u00e4 niiden tuotteet s\u00e4ilyv\u00e4t ehjin\u00e4 varastoinnin, kuljetuksen ja k\u00e4sittelyn aikana.<\/p><p data-start=\"898\" data-end=\"1281\">Ymm\u00e4rt\u00e4minen <strong data-start=\"916\" data-end=\"958\">pullon pystysuora kuormituskest\u00e4vyys<\/strong> ja <strong data-start=\"967\" data-end=\"994\">pylv\u00e4\u00e4n murskausominaisuudet<\/strong> on v\u00e4ltt\u00e4m\u00e4t\u00f6nt\u00e4 pakkaus-, l\u00e4\u00e4ke- ja elintarviketeollisuudelle, jossa s\u00e4ili\u00f6iden eheys on ratkaisevan t\u00e4rke\u00e4\u00e4. Menetelmien, kuten <strong data-start=\"1144\" data-end=\"1161\">Yl\u00e4kuormitustesti<\/strong>, valmistajat voivat arvioida s\u00e4ili\u00f6iden lujuutta paineen alaisena ja varmistaa niiden luotettavuuden eri olosuhteissa.<\/p>\t\t\t\t\t\t\t\t<\/div>\n\t\t\t\t\t<\/div>\n\t\t\t\t<\/div>\n\t\t<div class=\"elementor-element elementor-element-6497f03 e-flex e-con-boxed e-con e-parent\" data-id=\"6497f03\" data-element_type=\"container\">\n\t\t\t\t\t<div class=\"e-con-inner\">\n\t\t\t\t<div class=\"elementor-element elementor-element-725906f elementor-widget elementor-widget-image\" data-id=\"725906f\" data-element_type=\"widget\" data-widget_type=\"image.default\">\n\t\t\t\t\t\t\t\t\t\t\t\t\t\t\t\t<a href=\"https:\/\/www.bottletest.com\/fi\/product\/top-load-tester\/\" target=\"_blank\">\n\t\t\t\t\t\t\t<img fetchpriority=\"high\" decoding=\"async\" width=\"600\" height=\"600\" src=\"https:\/\/www.bottletest.com\/wp-content\/uploads\/2026\/03\/ASTM-D2659-Testing-the-Vertical-Load-Resistance-of-Thermoplastic-Containers.webp\" class=\"attachment-large size-large wp-image-634\" alt=\"ASTM D2659 Termoplastisten s\u00e4ili\u00f6iden pystysuoran kuormituksen kest\u00e4vyyden testaus\" srcset=\"https:\/\/www.bottletest.com\/wp-content\/uploads\/2026\/03\/ASTM-D2659-Testing-the-Vertical-Load-Resistance-of-Thermoplastic-Containers.webp 600w, https:\/\/www.bottletest.com\/wp-content\/uploads\/2026\/03\/ASTM-D2659-Testing-the-Vertical-Load-Resistance-of-Thermoplastic-Containers-300x300.webp 300w, https:\/\/www.bottletest.com\/wp-content\/uploads\/2026\/03\/ASTM-D2659-Testing-the-Vertical-Load-Resistance-of-Thermoplastic-Containers-150x150.webp 150w, https:\/\/www.bottletest.com\/wp-content\/uploads\/2026\/03\/ASTM-D2659-Testing-the-Vertical-Load-Resistance-of-Thermoplastic-Containers-12x12.webp 12w\" sizes=\"(max-width: 600px) 100vw, 600px\" \/>\t\t\t\t\t\t\t\t<\/a>\n\t\t\t\t\t\t\t\t\t\t\t\t\t\t\t<\/div>\n\t\t\t\t<div class=\"elementor-element elementor-element-2aa15e6 elementor-widget elementor-widget-heading\" data-id=\"2aa15e6\" data-element_type=\"widget\" data-widget_type=\"heading.default\">\n\t\t\t\t\t<h2 class=\"elementor-heading-title elementor-size-default\">ASTM D2659: Standarditestimenetelm\u00e4 pylv\u00e4smurskausominaisuuksille<\/h2>\t\t\t\t<\/div>\n\t\t\t\t<div class=\"elementor-element elementor-element-c5c9fd6 elementor-widget elementor-widget-text-editor\" data-id=\"c5c9fd6\" data-element_type=\"widget\" data-widget_type=\"text-editor.default\">\n\t\t\t\t\t\t\t\t\t<p data-start=\"1354\" data-end=\"1647\"><strong data-start=\"1354\" data-end=\"1368\">ASTM D2659<\/strong> on tunnustettu standardi, jolla testataan <strong data-start=\"1412\" data-end=\"1432\">puristuskest\u00e4vyys<\/strong> of <strong data-start=\"1436\" data-end=\"1464\">termoplastiset s\u00e4ili\u00f6t<\/strong>, kuten <strong data-start=\"1474\" data-end=\"1489\">PET-pullot<\/strong>. Testiss\u00e4 arvioidaan, miten n\u00e4m\u00e4 s\u00e4ili\u00f6t toimivat <strong data-start=\"1545\" data-end=\"1567\">puristusj\u00e4nnitys<\/strong>, joka simuloi olosuhteita, joihin ne joutuvat jakelun ja varastoinnin aikana.<\/p><p data-start=\"1649\" data-end=\"1690\">Testiss\u00e4 mitataan useita keskeisi\u00e4 ominaisuuksia:<\/p><ul data-start=\"1692\" data-end=\"2077\"><li data-section-id=\"13m8eiu\" data-start=\"1692\" data-end=\"1780\"><p data-start=\"1694\" data-end=\"1780\"><strong data-start=\"1694\" data-end=\"1717\">Murskauskuormitus<\/strong>: Kuormitus, jossa s\u00e4ili\u00f6 alkaa deformoitua pysyv\u00e4sti.<\/p><\/li><li data-section-id=\"aoys9f\" data-start=\"1781\" data-end=\"1878\"><p data-start=\"1783\" data-end=\"1878\"><strong data-start=\"1783\" data-end=\"1811\">Puristusvoima vikaantuessa<\/strong>: Kohta, jossa s\u00e4ili\u00f6 pett\u00e4\u00e4 t\u00e4ysin paineen alaisena.<\/p><\/li><li data-section-id=\"ww1kkx\" data-start=\"1879\" data-end=\"1975\"><p data-start=\"1881\" data-end=\"1975\"><strong data-start=\"1881\" data-end=\"1918\">Taipuma murskauskuormituksessa<\/strong>: S\u00e4ili\u00f6n muodonmuutos ennen vikaantumista.<\/p><\/li><li data-section-id=\"ceeeh6\" data-start=\"1976\" data-end=\"2077\"><p data-start=\"1978\" data-end=\"2077\"><strong data-start=\"1978\" data-end=\"2009\">N\u00e4enn\u00e4inen puristusj\u00e4ykkyys<\/strong>: Kuorman ja taipuman suhde k\u00e4yr\u00e4n lineaarisella alueella.<\/p><\/li><\/ul><p data-start=\"2079\" data-end=\"2217\">N\u00e4m\u00e4 ominaisuudet auttavat valmistajia ymm\u00e4rt\u00e4m\u00e4\u00e4n s\u00e4ili\u00f6iden rakenteellista suorituskyky\u00e4 ja optimoimaan suunnittelua k\u00e4yt\u00f6naikaisten vaurioiden est\u00e4miseksi.<\/p>\t\t\t\t\t\t\t\t<\/div>\n\t\t\t\t\t<\/div>\n\t\t\t\t<\/div>\n\t\t<div class=\"elementor-element elementor-element-f839054 e-flex e-con-boxed e-con e-parent\" data-id=\"f839054\" data-element_type=\"container\">\n\t\t\t\t\t<div class=\"e-con-inner\">\n\t\t\t\t<div class=\"elementor-element elementor-element-1087f3e elementor-widget elementor-widget-heading\" data-id=\"1087f3e\" data-element_type=\"widget\" data-widget_type=\"heading.default\">\n\t\t\t\t\t<h2 class=\"elementor-heading-title elementor-size-default\">Pystysuoran kuormituksen kest\u00e4vyyden merkitys pakkauksissa<\/h2>\t\t\t\t<\/div>\n\t\t\t\t\t<\/div>\n\t\t\t\t<\/div>\n\t\t<div class=\"elementor-element elementor-element-7097159 e-flex e-con-boxed e-con e-parent\" data-id=\"7097159\" data-element_type=\"container\">\n\t\t\t\t\t<div class=\"e-con-inner\">\n\t\t\t\t<div class=\"elementor-element elementor-element-3373ea7 elementor-widget elementor-widget-text-editor\" data-id=\"3373ea7\" data-element_type=\"widget\" data-widget_type=\"text-editor.default\">\n\t\t\t\t\t\t\t\t\t<p data-start=\"2285\" data-end=\"2627\">Esimerkiksi seuraavilla teollisuudenaloilla <strong data-start=\"2307\" data-end=\"2325\">elintarvikepakkaukset<\/strong>, <strong data-start=\"2327\" data-end=\"2346\">l\u00e4\u00e4kkeet<\/strong>, ja <strong data-start=\"2352\" data-end=\"2365\">juomat<\/strong>, s\u00e4ili\u00f6iden on oltava riitt\u00e4v\u00e4n vahvoja kest\u00e4m\u00e4\u00e4n jakelun ja k\u00e4sittelyn aikana kohdattavat paineet. . <strong data-start=\"2480\" data-end=\"2522\">pullon pystysuora kuormituskest\u00e4vyys<\/strong> on kriittinen tekij\u00e4, joka m\u00e4\u00e4ritt\u00e4\u00e4 sen kyvyn kest\u00e4\u00e4 painoa sortumatta tai halkeilematta.<\/p><p data-start=\"2629\" data-end=\"2985\">A <strong data-start=\"2631\" data-end=\"2664\">PET-pullojen yl\u00e4kuormitustesti<\/strong> mittaa ylh\u00e4\u00e4lt\u00e4 p\u00e4in kohdistuvien puristusvoimien kest\u00e4vyytt\u00e4. T\u00e4m\u00e4 simuloi todellisia olosuhteita, kuten pullojen pinoamista kuljetuss\u00e4ili\u00f6ihin tai hyllyihin. S\u00e4ili\u00f6t, joiden pystysuuntainen kuormituskest\u00e4vyys on riitt\u00e4m\u00e4t\u00f6n, voivat aiheuttaa merkitt\u00e4vi\u00e4 tuotevaurioita, jotka aiheuttavat tappioita valmistajille ja jakelijoille.<\/p><p data-start=\"2987\" data-end=\"3159\">Soveltamalla <strong data-start=\"2999\" data-end=\"3013\">ASTM D2659<\/strong>, valmistajat voivat arvioida ja varmistaa s\u00e4ili\u00f6idens\u00e4 kest\u00e4vyyden ja n\u00e4in v\u00e4ltt\u00e4\u00e4 kalliita tuotevikoja ja asiakkaiden tyytym\u00e4tt\u00f6myytt\u00e4.<\/p>\t\t\t\t\t\t\t\t<\/div>\n\t\t\t\t\t<\/div>\n\t\t\t\t<\/div>\n\t\t<div class=\"elementor-element elementor-element-48c5c59 e-flex e-con-boxed e-con e-parent\" data-id=\"48c5c59\" data-element_type=\"container\">\n\t\t\t\t\t<div class=\"e-con-inner\">\n\t\t\t\t<div class=\"elementor-element elementor-element-71d2d01 elementor-widget elementor-widget-heading\" data-id=\"71d2d01\" data-element_type=\"widget\" data-widget_type=\"heading.default\">\n\t\t\t\t\t<h2 class=\"elementor-heading-title elementor-size-default\">Yl\u00e4kuormitustesti: Avain pakkauksen eheyteen<\/h2>\t\t\t\t<\/div>\n\t\t\t\t\t<\/div>\n\t\t\t\t<\/div>\n\t\t<div class=\"elementor-element elementor-element-313b61f e-flex e-con-boxed e-con e-parent\" data-id=\"313b61f\" data-element_type=\"container\">\n\t\t\t\t\t<div class=\"e-con-inner\">\n\t\t\t\t<div class=\"elementor-element elementor-element-8242141 elementor-widget elementor-widget-text-editor\" data-id=\"8242141\" data-element_type=\"widget\" data-widget_type=\"text-editor.default\">\n\t\t\t\t\t\t\t\t\t<p data-start=\"3213\" data-end=\"3485\">The <strong data-start=\"3217\" data-end=\"3234\">Yl\u00e4kuormitustesti<\/strong> on erityisesti suunniteltu mittaamaan <strong data-start=\"3275\" data-end=\"3299\">puristuslujuus<\/strong> pakkausastioiden osalta. Se simuloi voimaa, joka kohdistuu, kun yksi esine asetetaan toisen p\u00e4\u00e4lle, mik\u00e4 on t\u00e4rke\u00e4\u00e4 kuljetuksen aikana pinottavien pakkausmateriaalien kannalta.<\/p><p data-start=\"3487\" data-end=\"3727\">T\u00e4ss\u00e4 testiss\u00e4 s\u00e4ili\u00f6 asetetaan kahden levyn v\u00e4liin ja siihen kohdistetaan kasvavaa painetta, kunnes s\u00e4ili\u00f6 alkaa deformoitua. S\u00e4ili\u00f6n muodonmuutoskohta kirjataan, jolloin saadaan arvokasta tietoa s\u00e4ili\u00f6n muodonmuutoksesta. <strong data-start=\"3703\" data-end=\"3726\">yl\u00e4kuorman kest\u00e4vyys<\/strong>.<\/p><p data-start=\"3729\" data-end=\"4054\">T\u00e4t\u00e4 testi\u00e4 k\u00e4ytet\u00e4\u00e4n yleisesti arvioitaessa <strong data-start=\"3771\" data-end=\"3786\">PET-pullot<\/strong>, <strong data-start=\"3788\" data-end=\"3816\">termoplastiset s\u00e4ili\u00f6t<\/strong>, ja muut pakkausmateriaalit, joiden on kestett\u00e4v\u00e4 pinoamista ja pinoamispainetta. Tulokset auttavat valmistajia valitsemaan oikeat materiaalit ja suunnittelum\u00e4\u00e4ritykset, jotta voidaan varmistaa, ett\u00e4 s\u00e4ili\u00f6 kest\u00e4\u00e4 odotetut kuormat ilman vikoja.<\/p>\t\t\t\t\t\t\t\t<\/div>\n\t\t\t\t\t<\/div>\n\t\t\t\t<\/div>\n\t\t<div class=\"elementor-element elementor-element-cab85ca e-flex e-con-boxed e-con e-parent\" data-id=\"cab85ca\" data-element_type=\"container\">\n\t\t\t\t\t<div class=\"e-con-inner\">\n\t\t\t\t<div class=\"elementor-element elementor-element-a98a036 elementor-widget elementor-widget-heading\" data-id=\"a98a036\" data-element_type=\"widget\" data-widget_type=\"heading.default\">\n\t\t\t\t\t<h2 class=\"elementor-heading-title elementor-size-default\">Termoplastisten s\u00e4ili\u00f6iden testi: Tuoteturvallisuuden varmistaminen<\/h2>\t\t\t\t<\/div>\n\t\t\t\t\t<\/div>\n\t\t\t\t<\/div>\n\t\t<div class=\"elementor-element elementor-element-84bf7eb e-flex e-con-boxed e-con e-parent\" data-id=\"84bf7eb\" data-element_type=\"container\">\n\t\t\t\t\t<div class=\"e-con-inner\">\n\t\t\t\t<div class=\"elementor-element elementor-element-05941bd elementor-widget elementor-widget-text-editor\" data-id=\"05941bd\" data-element_type=\"widget\" data-widget_type=\"text-editor.default\">\n\t\t\t\t\t\t\t\t\t<p data-start=\"4121\" data-end=\"4471\"><strong data-start=\"4121\" data-end=\"4149\">Termoplastiset s\u00e4ili\u00f6t<\/strong>, kuten ne, jotka on valmistettu <strong data-start=\"4175\" data-end=\"4182\">PET<\/strong>, <strong data-start=\"4184\" data-end=\"4191\">PVC<\/strong>, ja <strong data-start=\"4197\" data-end=\"4205\">HDPE<\/strong>, k\u00e4ytet\u00e4\u00e4n laajalti pakkauksissa niiden kest\u00e4vyyden, joustavuuden ja kyvyn kest\u00e4\u00e4 erilaisia ulkoisia olosuhteita vuoksi. <strong data-start=\"4333\" data-end=\"4347\">ASTM D2659<\/strong> koskee erityisesti <strong data-start=\"4372\" data-end=\"4406\">puhalletut kestomuovis\u00e4ili\u00f6t<\/strong>, joita k\u00e4ytet\u00e4\u00e4n yleisesti <strong data-start=\"4435\" data-end=\"4447\">juoma<\/strong> ja <strong data-start=\"4452\" data-end=\"4470\">elintarvikepakkaukset<\/strong>.<\/p><p data-start=\"4473\" data-end=\"4823\">The <strong data-start=\"4477\" data-end=\"4498\">pylv\u00e4smurskaustesti<\/strong> osoitteessa <strong data-start=\"4502\" data-end=\"4516\">ASTM D2659<\/strong> saadaan tietoa siit\u00e4, miten n\u00e4m\u00e4 s\u00e4ili\u00f6t k\u00e4ytt\u00e4ytyv\u00e4t rasituksessa, ja niiden kyky vastustaa murskautumista ja muodonmuutoksia paljastuu. T\u00e4m\u00e4 testi voi olla erityisen kriittinen seuraavissa tapauksissa <strong data-start=\"4682\" data-end=\"4700\">elintarvikepakkaukset<\/strong>, joissa s\u00e4ili\u00f6n rakenteellisen eheyden s\u00e4ilytt\u00e4minen on v\u00e4ltt\u00e4m\u00e4t\u00f6nt\u00e4 kontaminaation est\u00e4miseksi ja tuoreuden s\u00e4ilytt\u00e4miseksi.<\/p><p data-start=\"4825\" data-end=\"5045\">K\u00e4ytt\u00e4m\u00e4ll\u00e4 seuraavia tuloksia <strong data-start=\"4848\" data-end=\"4866\">huippukuormitustestit<\/strong> ja <strong data-start=\"4871\" data-end=\"4893\">pylv\u00e4smurskauskokeet<\/strong>, pakkausten valmistajat voivat optimoida s\u00e4ili\u00f6suunnitelmansa ja varmistaa, ett\u00e4 ne t\u00e4ytt\u00e4v\u00e4t viranomaisvaatimukset ja toimivat hyvin koko toimitusketjussa.<\/p>\t\t\t\t\t\t\t\t<\/div>\n\t\t\t\t\t<\/div>\n\t\t\t\t<\/div>\n\t\t<div class=\"elementor-element elementor-element-0d2d3f0 e-flex e-con-boxed e-con e-parent\" data-id=\"0d2d3f0\" data-element_type=\"container\">\n\t\t\t\t\t<div class=\"e-con-inner\">\n\t\t\t\t<div class=\"elementor-element elementor-element-acd1f7e elementor-widget elementor-widget-heading\" data-id=\"acd1f7e\" data-element_type=\"widget\" data-widget_type=\"heading.default\">\n\t\t\t\t\t<h2 class=\"elementor-heading-title elementor-size-default\">Suositeltavat laitteet huippukuormituksen testausta varten<\/h2>\t\t\t\t<\/div>\n\t\t\t\t\t<\/div>\n\t\t\t\t<\/div>\n\t\t<div class=\"elementor-element elementor-element-f5fd0c8 e-flex e-con-boxed e-con e-parent\" data-id=\"f5fd0c8\" data-element_type=\"container\">\n\t\t\t\t\t<div class=\"e-con-inner\">\n\t\t\t\t<div class=\"elementor-element elementor-element-b52fd86 elementor-widget elementor-widget-text-editor\" data-id=\"b52fd86\" data-element_type=\"widget\" data-widget_type=\"text-editor.default\">\n\t\t\t\t\t\t\t\t\t<p data-start=\"5100\" data-end=\"5425\">Osoitteessa <strong data-start=\"5103\" data-end=\"5123\">Cell Instruments<\/strong>, olemme erikoistuneet tarjoamaan korkealaatuisia <strong data-start=\"5165\" data-end=\"5185\">Top load testerit<\/strong> pakkausmateriaalien lujuuden ja kest\u00e4vyyden arviointiin. Laitteistomme varmistaa, ett\u00e4 pakkaukset, kuten <strong data-start=\"5296\" data-end=\"5311\">PET-pullot<\/strong> ja <strong data-start=\"5316\" data-end=\"5344\">termoplastiset s\u00e4ili\u00f6t<\/strong> testataan niiden kyky\u00e4 kest\u00e4\u00e4 pystysuoria kuormia ja puristusvoimia.<\/p><p data-start=\"5427\" data-end=\"5766\">Meid\u00e4n <strong data-start=\"5431\" data-end=\"5466\">PET-pullojen yl\u00e4kuormitustesteri<\/strong> on suunniteltu t\u00e4ytt\u00e4m\u00e4\u00e4n seuraavat vaatimukset <strong data-start=\"5507\" data-end=\"5521\">ASTM D2659<\/strong>, jolloin saadaan tarkkoja ja luotettavia tietoja laadunvalvontaa varten. Tarkkojen kuormanmittausj\u00e4rjestelmien ja s\u00e4\u00e4dett\u00e4vien testausnopeuksien ansiosta testaajamme soveltuvat erinomaisesti pakkauspakkausten kest\u00e4vyyden ja suorituskyvyn varmistamiseen eri teollisuudenaloilla.<\/p>\t\t\t\t\t\t\t\t<\/div>\n\t\t\t\t\t<\/div>\n\t\t\t\t<\/div>\n\t\t<div class=\"elementor-element elementor-element-5a5faf1 e-flex e-con-boxed e-con e-parent\" data-id=\"5a5faf1\" data-element_type=\"container\">\n\t\t\t\t\t<div class=\"e-con-inner\">\n\t\t\t\t<div class=\"elementor-element elementor-element-cec3bc2 elementor-widget elementor-widget-heading\" data-id=\"cec3bc2\" data-element_type=\"widget\" data-widget_type=\"heading.default\">\n\t\t\t\t\t<h2 class=\"elementor-heading-title elementor-size-default\">P\u00e4\u00e4telm\u00e4<\/h2>\t\t\t\t<\/div>\n\t\t\t\t\t<\/div>\n\t\t\t\t<\/div>\n\t\t<div class=\"elementor-element elementor-element-7696945 e-flex e-con-boxed e-con e-parent\" data-id=\"7696945\" data-element_type=\"container\">\n\t\t\t\t\t<div class=\"e-con-inner\">\n\t\t\t\t<div class=\"elementor-element elementor-element-afa51ea elementor-widget elementor-widget-text-editor\" data-id=\"afa51ea\" data-element_type=\"widget\" data-widget_type=\"text-editor.default\">\n\t\t\t\t\t\t\t\t\t<div class=\"flex flex-col text-sm pb-25\"><article class=\"text-token-text-primary w-full focus:outline-none [--shadow-height:45px] has-data-writing-block:pointer-events-none has-data-writing-block:-mt-(--shadow-height) has-data-writing-block:pt-(--shadow-height) [&amp;:has([data-writing-block])&gt;*]:pointer-events-auto scroll-mt-[calc(var(--header-height)+min(200px,max(70px,20svh)))]\" dir=\"auto\" tabindex=\"-1\" data-turn-id=\"request-69a27b95-77f4-8323-932c-dd7058d13153-4\" data-testid=\"conversation-turn-46\" data-scroll-anchor=\"true\" data-turn=\"assistant\"><div class=\"text-base my-auto mx-auto pb-10 [--thread-content-margin:var(--thread-content-margin-xs,calc(var(--spacing)*4))] @w-sm\/main:[--thread-content-margin:var(--thread-content-margin-sm,calc(var(--spacing)*6))] @w-lg\/main:[--thread-content-margin:var(--thread-content-margin-lg,calc(var(--spacing)*16))] px-(--thread-content-margin)\"><div class=\"[--thread-content-max-width:40rem] @w-lg\/main:[--thread-content-max-width:48rem] mx-auto max-w-(--thread-content-max-width) flex-1 group\/turn-messages focus-visible:outline-hidden relative flex w-full min-w-0 flex-col agent-turn\" tabindex=\"-1\"><div class=\"flex max-w-full flex-col gap-4 grow\"><div class=\"min-h-8 text-message relative flex w-full flex-col items-end gap-2 text-start break-words whitespace-normal [.text-message+&amp;]:mt-1\" dir=\"auto\" data-message-author-role=\"assistant\" data-message-id=\"2ba06ca7-ab07-4040-8ba6-54d8bb26fe04\" data-message-model-slug=\"gpt-5-3\"><div class=\"flex w-full flex-col gap-1 empty:hidden\"><div class=\"markdown prose dark:prose-invert w-full wrap-break-word light markdown-new-styling\"><p data-start=\"5789\" data-end=\"6193\"><strong data-start=\"5789\" data-end=\"5803\">ASTM D2659<\/strong> on ratkaiseva standardi, jolla testataan <strong data-start=\"5842\" data-end=\"5881\">pullojen pystysuora kuormituskest\u00e4vyys<\/strong> ja <strong data-start=\"5886\" data-end=\"5914\">termoplastiset s\u00e4ili\u00f6t<\/strong>, varmistaen, ett\u00e4 pakkausmateriaalit kest\u00e4v\u00e4t kuljetuksen ja k\u00e4sittelyn rasitukset ilman vikoja. Kautta <strong data-start=\"6026\" data-end=\"6044\">huippukuormitustestit<\/strong>, valmistajat voivat mitata s\u00e4ili\u00f6iden puristuskest\u00e4vyyden ja varmistaa tuotteiden eheyden, mik\u00e4 auttaa est\u00e4m\u00e4\u00e4n kalliita vahinkoja jakelun aikana.<\/p><p data-start=\"6195\" data-end=\"6578\" data-is-last-node=\"\" data-is-only-node=\"\">Osoitteessa <strong data-start=\"6198\" data-end=\"6218\">Cell Instruments<\/strong>, tarjoamme huippuluokan <strong data-start=\"6241\" data-end=\"6262\">testauslaitteet<\/strong> auttaa yrityksi\u00e4 optimoimaan pakkausmateriaalejaan ja varmistamaan, ett\u00e4 tuotteet t\u00e4ytt\u00e4v\u00e4t alan standardit ja toimivat luotettavasti todellisissa olosuhteissa. Edistyksellisill\u00e4 testausratkaisuillamme tuemme teollisuudenaloja elintarvike- ja juomateollisuudesta l\u00e4\u00e4keteollisuuteen ja parannamme laadunvalvontaa ja tuoteturvallisuutta.<\/p><\/div><\/div><\/div><\/div><div class=\"z-0 flex min-h-[46px] justify-start\">\u00a0<\/div><div class=\"mt-3 w-full empty:hidden\"><div class=\"text-center\">\u00a0<\/div><\/div><\/div><\/div><\/article><\/div><div class=\"pointer-events-none h-px w-px absolute bottom-0\" aria-hidden=\"true\" data-edge=\"true\">\u00a0<\/div>\t\t\t\t\t\t\t\t<\/div>\n\t\t\t\t\t<\/div>\n\t\t\t\t<\/div>\n\t\t\t\t<\/div>","protected":false},"excerpt":{"rendered":"<p>ASTM D2659: Understanding Vertical Load Resistance Testing for Thermoplastic Containers The ASTM D2659 standard outlines a critical test method for evaluating the vertical load resistance of blown thermoplastic containers, such as PET bottles and other thermoformed or molded containers. This test, designed to determine a container&#8217;s ability to withstand crushing forces, is vital for packaging [&hellip;]<\/p>","protected":false},"author":2,"featured_media":0,"parent":0,"menu_order":0,"comment_status":"closed","ping_status":"closed","template":"","meta":{"_acf_changed":false,"footnotes":""},"class_list":["post-626","page","type-page","status-publish","hentry"],"acf":[],"_links":{"self":[{"href":"https:\/\/www.bottletest.com\/fi\/wp-json\/wp\/v2\/pages\/626","targetHints":{"allow":["GET"]}}],"collection":[{"href":"https:\/\/www.bottletest.com\/fi\/wp-json\/wp\/v2\/pages"}],"about":[{"href":"https:\/\/www.bottletest.com\/fi\/wp-json\/wp\/v2\/types\/page"}],"author":[{"embeddable":true,"href":"https:\/\/www.bottletest.com\/fi\/wp-json\/wp\/v2\/users\/2"}],"replies":[{"embeddable":true,"href":"https:\/\/www.bottletest.com\/fi\/wp-json\/wp\/v2\/comments?post=626"}],"version-history":[{"count":5,"href":"https:\/\/www.bottletest.com\/fi\/wp-json\/wp\/v2\/pages\/626\/revisions"}],"predecessor-version":[{"id":639,"href":"https:\/\/www.bottletest.com\/fi\/wp-json\/wp\/v2\/pages\/626\/revisions\/639"}],"wp:attachment":[{"href":"https:\/\/www.bottletest.com\/fi\/wp-json\/wp\/v2\/media?parent=626"}],"curies":[{"name":"wp","href":"https:\/\/api.w.org\/{rel}","templated":true}]}}