{"id":411,"date":"2026-02-05T06:24:39","date_gmt":"2026-02-05T06:24:39","guid":{"rendered":"https:\/\/www.bottletest.com\/?post_type=product&#038;p=411"},"modified":"2026-02-05T06:30:41","modified_gmt":"2026-02-05T06:30:41","slug":"carbonation-tester","status":"publish","type":"product","link":"https:\/\/www.bottletest.com\/et\/product\/carbonation-tester\/","title":{"rendered":"CLRT-01 Karboniseerimise tester"},"content":{"rendered":"<p><strong>S\u00fcsihappegaasi tester<\/strong> on kriitiline anal\u00fc\u00fcsivahend, mida kasutatakse suletud mahutites olevate gaseeritud jookide karboniseerituse taseme, CO\u2082-sisalduse ja gaasimahu m\u00f5\u00f5tmiseks. Joogitootjate, pakendiettev\u00f5tjate ja kvaliteedikontrolliasutuste jaoks m\u00f5jutab t\u00e4pne karboniseerimise kontroll otseselt j\u00e4rgmist <strong>maitse, suu\u00f5\u00f5ne, s\u00e4ilivusaeg ja br\u00e4ndi j\u00e4rjepidevus<\/strong>.<\/p>\n\n\n\n<p>Cell Instruments Co., Ltd. projekteerib ja toodab t\u00e4iustatud karboniseerimise testereid, et toetada t\u00e4pset, korratavat ja standarditele vastavat karboniseerimise hindamist PET-pudelites, klaaspudelites, purkides ja kohandatud pakendivormides. Kombineerides automatiseerimist, suure t\u00e4psusega sensorit ja standardiseeritud katseloogikat, aitavad meie s\u00fcsteemid kasutajatel v\u00e4hendada inimlikke vigu, parandades samal ajal andmete usaldusv\u00e4\u00e4rsust ja klientide usaldust.<\/p>\n\n\n\n<h2 class=\"wp-block-heading\">Gaasimahu katse vastavalt ASTM F1115<\/h2>\n\n\n\n<p>The <strong>gaasimahu test<\/strong> m\u00e4\u00e4ratletud <strong>ASTM F1115<\/strong> pakub standardiseeritud l\u00e4henemist s\u00fcsinikdioksiidi kadude ja karboniseerituse s\u00e4ilitamise m\u00e4\u00e4ramiseks joogipakendites. Selle katsemeetodiga hinnatakse, kui h\u00e4sti s\u00e4ilitab pakend kontrollitud tingimustes oma esialgse karboniseerituse taseme aja jooksul.<\/p>\n\n\n\n<p>ASTM F1115 kirjeldab kahte teineteist t\u00e4iendavat menetlust:<\/p>\n\n\n\n<ul class=\"wp-block-list\">\n<li><strong>Menetlus A<\/strong> keskendub pakendite arendamisele ja s\u00e4ilivusaja uuringutele. See p\u00f5hineb r\u00f5hu ja temperatuuri tundlikul m\u00f5\u00f5tmisel suletud s\u00fcsteemis ning n\u00f5uab laboratoorseid anal\u00fc\u00fctilisi teadmisi. See l\u00e4henemisviis aitab inseneridel hinnata uute mahutite konstruktsiooni toimivust, sulgemise terviklikkust ja pikaajalisi CO\u2082-s\u00e4ilitusomadusi.<\/li>\n\n\n\n<li><strong>Menetlus B<\/strong> on praktiline kvaliteedikontrolli meetod jookide t\u00e4itmisel. See r\u00f5hutab t\u00f6\u00f6 lihtsust, s\u00e4ilitades samal ajal usaldusv\u00e4\u00e4rse t\u00e4psuse. Automaatsed v\u00f5i manuaalsed karboniseerimistestid m\u00f5\u00f5davad p\u00e4rast kontrollitud segamist siser\u00f5hku ja temperatuuri ning arvutavad seej\u00e4rel karboniseerituse tasemeid, kasutades selleks kehtestatud karboniseerimistabelid. T\u00f5hususe ja korratavuse t\u00f5ttu on protseduur B tootmises laialdaselt kasutusel.<\/li>\n<\/ul>\n\n\n\n<p>Kaasaegne karboniseerimise tester, mis on loodud ASTM F1115 alusel, v\u00f5imaldab kasutajatel arvutada karboniseerimiskadu, karboniseerimise \u00fclekandumise kiirust ja eeldatavat s\u00e4ilivusaega, j\u00e4lgides CO\u2082 s\u00e4ilivust aja jooksul. Need tulemused toetavad otseselt pakendi optimeerimist ja protsessi kontrollimist.<\/p>\n\n\n\n<h2 class=\"wp-block-heading\">Kuidas karboniseerimise tester t\u00f6\u00f6tab<\/h2>\n\n\n\n<p>Karboniseerumise tester m\u00f5\u00f5dab karboniseerumist, luues tasakaalu lahustunud CO\u2082, siser\u00f5hu ja temperatuuri vahel suletud mahutis. T\u00fc\u00fcpiline t\u00f6\u00f6protsess h\u00f5lmab j\u00e4rgmist:<\/p>\n\n\n\n<ul class=\"wp-block-list\">\n<li><strong>Automaatne korki l\u00e4bistamine<\/strong> juurdep\u00e4\u00e4s siser\u00f5hule ilma kontrollimatu gaasikadueta<\/li>\n\n\n\n<li><strong>R\u00f5hu stabiliseerimine<\/strong> m\u00f6\u00f6duvate m\u00f5jude k\u00f5rvaldamiseks<\/li>\n\n\n\n<li><strong>Kontrollitud liikumine<\/strong> tagada CO\u2082 \u00fchtlane jaotumine<\/li>\n\n\n\n<li><strong>Samaaegne r\u00f5hu ja temperatuuri m\u00f5\u00f5tmine<\/strong><\/li>\n\n\n\n<li><strong>Gaasi kohese mahu arvutamine<\/strong> kasutades sisseehitatud karboniseerimistabelid<\/li>\n<\/ul>\n\n\n\n<p>See protsess tagab, et iga katse peegeldab joogi tegelikku karboniseeritust, mitte operaatori tehnikat v\u00f5i keskkonna muutlikkust.<\/p>\n\n\n\n<h2 class=\"wp-block-heading\">Automaatne karboniseerimise testimine CLRT-01 abil<\/h2>\n\n\n\n<p>The <strong>CLRT-01 Karboniseerimise tester<\/strong> alates Cell Instruments suurendab <a href=\"https:\/\/store.astm.org\/f1115-16r23.html?_gl=1*1e32tpu*_gcl_aw*R0NMLjE3Njg3ODk3MzcuQ2owS0NRaUFwckxMQmhDTUFSSXNBRURoZFBmZnpaMHVBMGMtdjB4RWdqR0hGSWVCaVZjeTJBM3RfRHV0ajduOVh3QlJuQUVlbGdZOU00TWFBcWlSRUFMd193Y0I.*_gcl_au*MTkwOTY2MzAwNC4xNzY1Nzc5ODUz\" target=\"_blank\" rel=\"noreferrer noopener nofollow\">ASTM F1115<\/a>-p\u00f5hine testimine t\u00e4ielikult automatiseeritud, veakindla t\u00f6\u00f6korralduse abil. S\u00fcsteem \u00fchendab mehaanilise juhtimise, digitaalse m\u00f5\u00f5tmise ja aruka arvutamise \u00fchte kompaktsesse platvormi.<\/p>\n\n\n\n<p><strong>Peamised automatiseerimise eelised on j\u00e4rgmised:<\/strong><\/p>\n\n\n\n<ul class=\"wp-block-list\">\n<li><strong>T\u00e4ppisjuhtimisega korki l\u00e4bistamine<\/strong> stabiilse l\u00e4bitungimiskiirusega<\/li>\n\n\n\n<li><strong>Servojuhtimisega segamine<\/strong> j\u00e4rjepideva CO\u2082-tasakaalu puhul<\/li>\n\n\n\n<li><strong>Reaalajas r\u00f5hu ja temperatuuri registreerimine<\/strong> kasutades suure eraldusv\u00f5imega andureid<\/li>\n\n\n\n<li><strong>Kohene CO\u2082 mahu kuvamine<\/strong>, k\u00f5rvaldades k\u00e4sitsi otsimise ja arvutamise<\/li>\n<\/ul>\n\n\n\n<p>Selline konstruktsioon v\u00e4hendab m\u00e4rkimisv\u00e4\u00e4rselt testimise aega, parandades samas korduvust, mist\u00f5ttu sobib karboniseerimise tester nii laboratoorseks anal\u00fc\u00fcsiks kui ka tootmisliinide kvaliteedikontrolliks.<\/p>\n\n\n\n<h2 class=\"wp-block-heading\">Miks t\u00e4pne karboniseerimise testimine on oluline<\/h2>\n\n\n\n<p>Karboniseerimiskadu m\u00f5jutab otseselt joogi kvaliteeti. Isegi v\u00e4ike k\u00f5rvalekalle CO\u2082 sihttasemest v\u00f5ib muuta maitsemeeleolu ja v\u00e4hendada tarbijate heakskiitu. Usaldusv\u00e4\u00e4rne karboniseerimise testimine v\u00f5imaldab tootjatel:<\/p>\n\n\n\n<ul class=\"wp-block-list\">\n<li>S\u00e4ilitada toote p\u00fcsiv maitse ja suu\u00f5\u00f5ne.<\/li>\n\n\n\n<li>Kontrollida sulgemist ja pakendi terviklikkust<\/li>\n\n\n\n<li>S\u00e4ilimisaja prognoosimine karboniseerumise s\u00e4ilitamise suundumuste alusel<\/li>\n\n\n\n<li>t\u00e4ita sisemisi kvaliteedistandardeid ja v\u00e4liseid regulatiivseid n\u00f5udeid<\/li>\n<\/ul>\n\n\n\n<p>Kvaliteedikontrollimeeskonnad saavad suure t\u00e4psusega karboniseerimistesti rakendamisega kasutatavaid andmeid, mis toetavad nii igap\u00e4evaseid tootmisotsuseid kui ka pakendite pikaajalist arendamist.<\/p>","protected":false},"featured_media":410,"parent":0,"template":"","meta":{"_acf_changed":false},"product-category":[23,22],"class_list":["post-411","product","type-product","status-publish","has-post-thumbnail","hentry","product-category-astm-f1115","product-category-carbonation-test"],"acf":[],"_links":{"self":[{"href":"https:\/\/www.bottletest.com\/et\/wp-json\/wp\/v2\/product\/411","targetHints":{"allow":["GET"]}}],"collection":[{"href":"https:\/\/www.bottletest.com\/et\/wp-json\/wp\/v2\/product"}],"about":[{"href":"https:\/\/www.bottletest.com\/et\/wp-json\/wp\/v2\/types\/product"}],"wp:featuredmedia":[{"embeddable":true,"href":"https:\/\/www.bottletest.com\/et\/wp-json\/wp\/v2\/media\/410"}],"wp:attachment":[{"href":"https:\/\/www.bottletest.com\/et\/wp-json\/wp\/v2\/media?parent=411"}],"wp:term":[{"taxonomy":"product-category","embeddable":true,"href":"https:\/\/www.bottletest.com\/et\/wp-json\/wp\/v2\/product-category?post=411"}],"curies":[{"name":"wp","href":"https:\/\/api.w.org\/{rel}","templated":true}]}}