{"id":309,"date":"2026-02-04T08:18:06","date_gmt":"2026-02-04T08:18:06","guid":{"rendered":"https:\/\/www.bottletest.com\/?post_type=product&#038;p=309"},"modified":"2026-02-04T08:20:59","modified_gmt":"2026-02-04T08:20:59","slug":"bottle-leak-tester","status":"publish","type":"product","link":"https:\/\/www.bottletest.com\/et\/product\/bottle-leak-tester\/","title":{"rendered":"BLT-03 pudelite lekke tester"},"content":{"rendered":"<p>B<strong>Ottle lekkekatse<\/strong> on kriitilise t\u00e4htsusega kvaliteedikontrolli instrument, mida kasutatakse pudelite ja j\u00e4ikade v\u00f5i poolj\u00e4ikade mahutite plommi terviklikkuse hindamiseks. Sellistes t\u00f6\u00f6stusharudes nagu pakendid, toiduained ja joogid, ravimid, meditsiiniseadmed ja igap\u00e4evased kemikaalid v\u00f5ivad isegi mikroskoopilised lekked p\u00f5hjustada saastumist, l\u00fchenenud s\u00e4ilivusaega v\u00f5i mittevastavust \u00f5igusaktidele. Seet\u00f5ttu on lekkekatsed muutunud oluliseks osaks nii teadus- ja arendustegevuse valideerimise kui ka rutiinse tootmiskontrolli k\u00e4igus.<\/p>\n\n\n\n<p>Cell Instruments Co., Ltd. projekteerib ja toodab professionaalseid pudelite lekkekatsetuss\u00fcsteeme, mis \u00fchendavad endas <strong>selged visuaalsed tulemused, stabiilne vaakumkontroll ja paindlikud katsekonfiguratsioonid<\/strong>, aidates kvaliteedispetsialistidel teha usaldusv\u00e4\u00e4rsetel andmetel p\u00f5hinevaid kindlaid otsuseid.<\/p>\n\n\n\n<h2 class=\"wp-block-heading\">Pudelite lekkekatse protseduur (vaakum mullide emissiooni meetod)<\/h2>\n\n\n\n<p>The <strong>pudelite lekkekatse protseduur<\/strong> tavaliselt j\u00e4rgib vaakum-mulli emissiooni p\u00f5him\u00f5tet, millele viidatakse ka dokumendis <em><a href=\"https:\/\/store.astm.org\/d3078-02r21e01.html?_gl=1*1s85z2n*_gcl_aw*R0NMLjE3Njg3ODk3MzcuQ2owS0NRaUFwckxMQmhDTUFSSXNBRURoZFBmZnpaMHVBMGMtdjB4RWdqR0hGSWVCaVZjeTJBM3RfRHV0ajduOVh3QlJuQUVlbGdZOU00TWFBcWlSRUFMd193Y0I.*_gcl_au*MTkwOTY2MzAwNC4xNzY1Nzc5ODUz\" target=\"_blank\" rel=\"noreferrer noopener nofollow\">ASTM D3078<\/a> - Standardne katsemeetod pakendite lekete m\u00e4\u00e4ramiseks mulliemissiooni abil<\/em>.<\/p>\n\n\n\n<p>Selle meetodi puhul asetatakse pudel veega t\u00e4idetud l\u00e4bipaistvasse kambrisse. Kohaldatakse kontrollitud vaakum, mis tekitab r\u00f5hkude vahe pudeli sise- ja v\u00e4lispinna vahel. Kui esineb leke, v\u00e4ljub l\u00f5ksus olev \u00f5hk defektist ja ilmneb kui <strong>pidev mullide voog<\/strong>, mis v\u00f5imaldab operaatoritel lekkeid visuaalselt tuvastada ja kinnitada.<\/p>\n\n\n\n<p>See menetlus pakub suurt tundlikkust, intuitiivset t\u00f5lgendamist ja sobib nii laboratooriumi kui ka tootmiskeskkonda.<\/p>\n\n\n\n<h2 class=\"wp-block-heading\">Plastikpudelite ja plastkonteinerite lekkekatse protseduurid<\/h2>\n\n\n\n<p>The <strong>plastpudelite lekkekatse protseduur<\/strong> keskendub vormimise eba\u00fchtlusest, pingepragudest v\u00f5i korkide ja tihendite mittevastavusest p\u00f5hjustatud defektide tuvastamisele. Plastmahutid v\u00f5ivad vaakumis veidi deformeeruda, seega on oluline stabiilne ja korratav r\u00f5hu kontroll.<\/p>\n\n\n\n<p>A <strong>plastmahutite lekkekatse<\/strong> kasutades pudelilekke testija saab konfigureerida j\u00e4rgmiselt:<\/p>\n\n\n\n<ul class=\"wp-block-list\">\n<li><strong>Mittepurustav testimine<\/strong>, kus deformatsioon j\u00e4\u00e4b elastsete piiride piiridesse<\/li>\n\n\n\n<li><strong>Rikastav testimine<\/strong>, kus suurem vaakum on konteinerile tahtlikult koormatud.<\/li>\n<\/ul>\n\n\n\n<p>Selline paindlikkus v\u00f5imaldab inseneridel simuleerida reaalseid tingimusi ja m\u00e4\u00e4ratleda ohutud j\u00f5udluspiirid.<\/p>\n\n\n\n<h2 class=\"wp-block-heading\">Lekkekatse protseduur vedelikupudelite puhul t\u00fchja kambriga<\/h2>\n\n\n\n<p>Vedelikuga t\u00e4idetud pakendite puhul on alternatiiviks <strong>vedelate pudelite lekkekatse protseduur<\/strong> kasutab t\u00fchja vaakumkambrit ilma veeta. Katsete ajal rakendatakse vaakumit otse v\u00e4liskeskkonda. Kui tekib leke, v\u00e4ljub pakendist vedelik ja see muutub kohe n\u00e4htavaks.<\/p>\n\n\n\n<p>See meetod v\u00e4ldib katsekeskkonna lahjendamist v\u00f5i saastumist ning sobib h\u00e4sti jookide, farmaatsiatoodete, infusioonilahuste ja muude t\u00e4idetud mahutite puhul, kus mullide vaatlemine vees ei pruugi olla praktiline.<\/p>\n\n\n\n<h2 class=\"wp-block-heading\">Pudelite vaakumi lekkekatse: V\u00e4rvaine sissetung kui kontrollivahend<\/h2>\n\n\n\n<p>Lisaks visuaalsele mullikatsetusele n\u00f5uavad m\u00f5ned valideerimisprotokollid ka <strong>pudelite vaakumlekkekatse<\/strong> kasutades v\u00e4rvainete sissetungi. Met\u00fcleensinise v\u00e4rvimismeetodiga viiakse sisse v\u00e4rviline lahus vaakumitingimustes. Kui esineb lekkeid, tungib v\u00e4rvaine pakendisse ja muutub p\u00e4rast avamist n\u00e4htavaks.<\/p>\n\n\n\n<p>Kuigi see l\u00e4henemisviis on destruktiivne, annab see tugevat kvalitatiivset kinnitust ja toetab sageli protsessi valideerimist v\u00f5i v\u00f5rdlusuuringuid.<\/p>","protected":false},"featured_media":318,"parent":0,"template":"","meta":{"_acf_changed":false},"product-category":[17,13,18,19,20,10],"class_list":["post-309","product","type-product","status-publish","has-post-thumbnail","hentry","product-category-astm-d3078","product-category-astm-d4991","product-category-astm-d5094","product-category-astm-d6653","product-category-astm-f2338","product-category-leak-test"],"acf":[],"_links":{"self":[{"href":"https:\/\/www.bottletest.com\/et\/wp-json\/wp\/v2\/product\/309","targetHints":{"allow":["GET"]}}],"collection":[{"href":"https:\/\/www.bottletest.com\/et\/wp-json\/wp\/v2\/product"}],"about":[{"href":"https:\/\/www.bottletest.com\/et\/wp-json\/wp\/v2\/types\/product"}],"wp:featuredmedia":[{"embeddable":true,"href":"https:\/\/www.bottletest.com\/et\/wp-json\/wp\/v2\/media\/318"}],"wp:attachment":[{"href":"https:\/\/www.bottletest.com\/et\/wp-json\/wp\/v2\/media?parent=309"}],"wp:term":[{"taxonomy":"product-category","embeddable":true,"href":"https:\/\/www.bottletest.com\/et\/wp-json\/wp\/v2\/product-category?post=309"}],"curies":[{"name":"wp","href":"https:\/\/api.w.org\/{rel}","templated":true}]}}