{"id":292,"date":"2026-02-04T07:35:39","date_gmt":"2026-02-04T07:35:39","guid":{"rendered":"https:\/\/www.bottletest.com\/?post_type=product&#038;p=292"},"modified":"2026-02-05T08:13:37","modified_gmt":"2026-02-05T08:13:37","slug":"top-load-tester","status":"publish","type":"product","link":"https:\/\/www.bottletest.com\/et\/product\/top-load-tester\/","title":{"rendered":"TLT-01 Top Load Tester"},"content":{"rendered":"<h2 class=\"wp-block-heading\">Pudelite vertikaalse koormuse katse: Eesm\u00e4rk ja praktiline t\u00e4hendus<\/h2>\n\n\n\n<p>The <strong>pudelite vertikaalse koormuse katse<\/strong> keskendub sellele, kuidas mahuti k\u00e4itub, kui selle keskteljel rakendatakse survetugevust. See koormustingimus simuleerib tegelikke pingeid, nagu kaubaaluste virnastamine, laos ladustamine ja \u00fclasurve transpordi ajal.<\/p>\n\n\n\n<p>Tippkoormuse testerist saadud peamised tulemusn\u00e4itajad on j\u00e4rgmised:<\/p>\n\n\n\n<ul class=\"wp-block-list\">\n<li><strong>Maksimaalne vertikaalne kandev\u00f5ime<\/strong> enne deformatsiooni v\u00f5i rikke tekkimist<\/li>\n\n\n\n<li><strong>Saagise koormus<\/strong>, kus struktuuriline j\u00e4ikus hakkab v\u00e4henema<\/li>\n\n\n\n<li><strong>Deformatsioonik\u00e4itumine<\/strong> kontrollitud kokkusurumisel<\/li>\n\n\n\n<li><strong>Rikkestusviis<\/strong>, nagu paindumine v\u00f5i rabe murdumine.<\/li>\n<\/ul>\n\n\n\n<p>Klaaspakendite puhul r\u00f5hutatakse katses vastupidavust ootamatule purunemisele. Plastikpudelite puhul n\u00e4itab katse plastilisust, j\u00e4ikust ja konstruktsiooni vastupidavust.<\/p>\n\n\n\n<h2 class=\"wp-block-heading\">Pudelite \u00fclemise koormuse test vastavalt ASTM D2659 standardile<\/h2>\n\n\n\n<p>The <strong>pudelite \u00fclemise koormuse test<\/strong> termoplastidest valmistatud tooted j\u00e4rgivad p\u00f5him\u00f5tteid, mis on m\u00e4\u00e4ratletud dokumendis <strong>ASTM D2659<\/strong>, mis k\u00e4sitleb puhutud plastmahutite kolonni purustusomadusi.<\/p>\n\n\n\n<p>ASTM D2659 n\u00e4eb ette katsetamise vastavalt <strong>konstantne survekoormuse m\u00e4\u00e4r<\/strong>, tagades, et tulemused j\u00e4\u00e4vad laboratooriumide vahel v\u00f5rreldavaks. Meetod keskendub j\u00e4rgmistele aspektidele:<\/p>\n\n\n\n<ul class=\"wp-block-list\">\n<li>Purustuskoormus<\/li>\n\n\n\n<li>L\u00e4bipaine voolavuse juures<\/li>\n\n\n\n<li>Purustuskoormus purunemisel<\/li>\n\n\n\n<li>N\u00e4htav purustusj\u00e4ikus<\/li>\n<\/ul>\n\n\n\n<p>N\u00f5uetele vastav tippkoormuse testija peab s\u00e4ilitama <strong>stabiilne ja kontrollitav katsekiirus<\/strong>, tavaliselt vahemikus 12,5 mm\/min kuni 50 mm\/min. Proovi \u00f5ige joondamine ja ventilatsioon on katse t\u00e4psuse ja ohutuse seisukohalt otsustava t\u00e4htsusega.<\/p>\n\n\n\n<p>J\u00e4rgides ASTM D2659, saavad pakendiinsenerid kasutada tippkoormuse andmeid, et <strong>kvaliteedikontroll, vastuv\u00f5tukatsetused ning teadus- ja arendustegevuse v\u00f5rdlused<\/strong>, eriti konstruktsioonimuudatuste v\u00f5i materjalide asendamise hindamisel.<\/p>\n\n\n\n<h2 class=\"wp-block-heading\">Pudelite vertikaalse koormuse testimine ISO 8113 alusel<\/h2>\n\n\n\n<p>Klaaspakendite puhul, <strong>ISO 8113<\/strong> m\u00e4\u00e4ratleb standardiseeritud meetodi vertikaalkoormuse vastupidavuse m\u00f5\u00f5tmiseks. See rahvusvaheline standard tagab joogi-, toidu- ja ravimipudelite hindamisel j\u00e4rjepidevuse.<\/p>\n\n\n\n<p>ISO 8113 r\u00f5hutab:<\/p>\n\n\n\n<ul class=\"wp-block-list\">\n<li>Temperatuuritasakaal proovi ja keskkonna vahel<\/li>\n\n\n\n<li>Konteineri t\u00e4pne telgjoondus<\/li>\n\n\n\n<li>Kaitsepatjade v\u00f5i sulgurite kasutamine, et simuleerida tegelikke tihendustingimusi.<\/li>\n\n\n\n<li>Kontrollitud j\u00f5u rakendamine kuni kindlaksm\u00e4\u00e4ratud koormuse v\u00f5i purunemiseni<\/li>\n<\/ul>\n\n\n\n<p>ISO 8113 jaoks m\u00f5eldud professionaalne tippkoormuse tester toetab nii <strong>l\u00e4bida testid<\/strong> (laadimine eelnevalt m\u00e4\u00e4ratud v\u00e4\u00e4rtuseni) ja <strong>progressiivsed testid<\/strong> (laadimine kuni l\u00e4bikukkumiseni). Need tulemused aitavad tootjatel kinnitada, et klaaspakendid vastavad sisemistele spetsifikatsioonidele ja kliendi n\u00f5uetele.<\/p>\n\n\n\n<h2 class=\"wp-block-heading\">Kuidas Top Load Tester t\u00f6\u00f6tab<\/h2>\n\n\n\n<p>\u00dclemine koormustesti rakendab <strong>kontrollitud vertikaalne survej\u00f5ud<\/strong> l\u00e4bi t\u00e4ppisplaatide, m\u00f5\u00f5tes samal ajal pidevalt j\u00f5udu ja nihkeid. S\u00fcsteem salvestab reaalajas koormuse ja nihke k\u00f5verad, mis v\u00f5imaldab kasutajatel j\u00e4lgida konstruktsiooni reaktsiooni kogu katse v\u00e4ltel.<\/p>\n\n\n\n<p>Cell Instruments'i kaasaegsed s\u00fcsteemid integreerivad:<\/p>\n\n\n\n<ul class=\"wp-block-list\">\n<li>Suure t\u00e4psusega koormusandurid<\/li>\n\n\n\n<li>T\u00e4pse nihke m\u00f5\u00f5tmine<\/li>\n\n\n\n<li>PLC-p\u00f5hine juhtimine koos intuitiivse HMI-ga<\/li>\n\n\n\n<li>Digitaalsete andmete v\u00e4ljund j\u00e4lgitavuse tagamiseks<\/li>\n<\/ul>\n\n\n\n<p>See konfiguratsioon tagab, et iga pudelite tippkoormuse katse j\u00e4\u00e4b <strong>korratav, j\u00e4lgitav ja n\u00f5uetele vastav<\/strong> ASTM ja ISO standarditega.<\/p>\n\n\n\n<h2 class=\"wp-block-heading\">Miks tippkoormuse testimine suurendab usaldust ja usaldust<\/h2>\n\n\n\n<p>Usaldusv\u00e4\u00e4rsed andmed vertikaalse koormuse kohta toetavad paremaid otsuseid kogu pakendi eluts\u00fckli jooksul. Valideeritud \u00fclemise koormuse tester aitab:<\/p>\n\n\n\n<ul class=\"wp-block-list\">\n<li>Konteineri kokkuvarisemise v\u00e4ltimine logistika ajal<\/li>\n\n\n\n<li>V\u00e4hendage materjalikasutust ohutust ohustamata<\/li>\n\n\n\n<li>Auditeerimise ja klientide hindamise k\u00e4igus vastavuse t\u00f5endamine.<\/li>\n\n\n\n<li>Parandada j\u00e4rjepidevust tootmispartiide l\u00f5ikes<\/li>\n<\/ul>\n\n\n\n<p>Viies testimistavad vastavusse <a href=\"https:\/\/store.astm.org\/d2659-16r23.html?_gl=1*a5mpmp*_gcl_aw*R0NMLjE3Njg3ODk3MzcuQ2owS0NRaUFwckxMQmhDTUFSSXNBRURoZFBmZnpaMHVBMGMtdjB4RWdqR0hGSWVCaVZjeTJBM3RfRHV0ajduOVh3QlJuQUVlbGdZOU00TWFBcWlSRUFMd193Y0I.*_gcl_au*MTkwOTY2MzAwNC4xNzY1Nzc5ODUz\" target=\"_blank\" rel=\"noreferrer noopener nofollow\">ASTM D2659<\/a> ja <a href=\"https:\/\/www.iso.org\/standard\/35617.html\" target=\"_blank\" rel=\"noreferrer noopener nofollow\">ISO 8113<\/a>, tootjad tugevdavad nii <strong>tehniline usaldusv\u00e4\u00e4rsus ja klientide usaldus<\/strong>.<\/p>","protected":false},"featured_media":303,"parent":0,"template":"","meta":{"_acf_changed":false},"product-category":[26,27,14],"class_list":["post-292","product","type-product","status-publish","has-post-thumbnail","hentry","product-category-astm-d2659","product-category-iso-8113","product-category-top-load-test"],"acf":[],"_links":{"self":[{"href":"https:\/\/www.bottletest.com\/et\/wp-json\/wp\/v2\/product\/292","targetHints":{"allow":["GET"]}}],"collection":[{"href":"https:\/\/www.bottletest.com\/et\/wp-json\/wp\/v2\/product"}],"about":[{"href":"https:\/\/www.bottletest.com\/et\/wp-json\/wp\/v2\/types\/product"}],"wp:featuredmedia":[{"embeddable":true,"href":"https:\/\/www.bottletest.com\/et\/wp-json\/wp\/v2\/media\/303"}],"wp:attachment":[{"href":"https:\/\/www.bottletest.com\/et\/wp-json\/wp\/v2\/media?parent=292"}],"wp:term":[{"taxonomy":"product-category","embeddable":true,"href":"https:\/\/www.bottletest.com\/et\/wp-json\/wp\/v2\/product-category?post=292"}],"curies":[{"name":"wp","href":"https:\/\/api.w.org\/{rel}","templated":true}]}}