{"id":411,"date":"2026-02-05T06:24:39","date_gmt":"2026-02-05T06:24:39","guid":{"rendered":"https:\/\/www.bottletest.com\/?post_type=product&#038;p=411"},"modified":"2026-02-05T06:30:41","modified_gmt":"2026-02-05T06:30:41","slug":"carbonation-tester","status":"publish","type":"product","link":"https:\/\/www.bottletest.com\/es\/product\/carbonation-tester\/","title":{"rendered":"CLRT-01 Carbonat\u00f3metro"},"content":{"rendered":"<p><strong>Carbonat\u00f3metro<\/strong> es un instrumento anal\u00edtico cr\u00edtico utilizado para medir el nivel de carbonataci\u00f3n, la retenci\u00f3n de CO\u2082 y el volumen de gas de las bebidas carbonatadas dentro de envases sellados. Para los fabricantes de bebidas, los proveedores de envases y las agencias de inspecci\u00f3n de calidad, un control preciso de la carbonataci\u00f3n afecta directamente a <strong>sabor, sensaci\u00f3n en boca, vida \u00fatil y consistencia de la marca<\/strong>.<\/p>\n\n\n\n<p>Cell Instruments Co., Ltd. dise\u00f1a y fabrica comprobadores de carbonataci\u00f3n avanzados para realizar evaluaciones de carbonataci\u00f3n precisas, repetibles y conformes con las normas en botellas de PET, botellas de vidrio, latas y formatos de envasado personalizados. Mediante la combinaci\u00f3n de automatizaci\u00f3n, detecci\u00f3n de alta precisi\u00f3n y l\u00f3gica de prueba estandarizada, nuestros sistemas ayudan a los usuarios a reducir los errores humanos al tiempo que mejoran la fiabilidad de los datos y la confianza del cliente.<\/p>\n\n\n\n<h2 class=\"wp-block-heading\">Prueba de volumen de gas seg\u00fan ASTM F1115<\/h2>\n\n\n\n<p>En <strong>prueba de volumen de gas<\/strong> definido en <strong>ASTM F1115<\/strong> proporciona un enfoque estandarizado para determinar la p\u00e9rdida de di\u00f3xido de carbono y la retenci\u00f3n de la carbonataci\u00f3n en los envases de bebidas. Este m\u00e9todo de ensayo eval\u00faa lo bien que un envase mantiene su nivel inicial de carbonataci\u00f3n a lo largo del tiempo en condiciones controladas.<\/p>\n\n\n\n<p>La norma ASTM F1115 describe dos procedimientos complementarios:<\/p>\n\n\n\n<ul class=\"wp-block-list\">\n<li><strong>Procedimiento A<\/strong> se centra en el desarrollo de envases y la investigaci\u00f3n de la vida \u00fatil. Se basa en la medici\u00f3n sensible de la presi\u00f3n y la temperatura dentro de un sistema cerrado y requiere conocimientos anal\u00edticos a nivel de laboratorio. Este enfoque ayuda a los ingenieros a evaluar el rendimiento estructural, la integridad del cierre y las caracter\u00edsticas de retenci\u00f3n de CO\u2082 a largo plazo de los nuevos dise\u00f1os de envases.<\/li>\n\n\n\n<li><strong>Procedimiento B<\/strong> constituye un m\u00e9todo pr\u00e1ctico de control de calidad para las operaciones de llenado de bebidas. Hace hincapi\u00e9 en la simplicidad operativa al tiempo que mantiene una precisi\u00f3n fiable. Los comprobadores de carbonataci\u00f3n automatizados o manuales miden la presi\u00f3n y la temperatura internas tras una agitaci\u00f3n controlada y, a continuaci\u00f3n, calculan los niveles de carbonataci\u00f3n utilizando tablas de carbonataci\u00f3n establecidas. Debido a su eficacia y repetibilidad, el procedimiento B se adopta ampliamente en entornos de producci\u00f3n.<\/li>\n<\/ul>\n\n\n\n<p>Un moderno comprobador de carbonataci\u00f3n dise\u00f1ado en torno a la norma ASTM F1115 permite a los usuarios calcular la p\u00e9rdida de carbonataci\u00f3n, la tasa de transferencia de carbonataci\u00f3n y la vida \u00fatil prevista mediante el seguimiento de la retenci\u00f3n de CO\u2082 a lo largo del tiempo. Estos resultados apoyan directamente la optimizaci\u00f3n del envasado y el control del proceso.<\/p>\n\n\n\n<h2 class=\"wp-block-heading\">C\u00f3mo funciona el Carbonat\u00f3metro<\/h2>\n\n\n\n<p>Un carbonat\u00f3metro mide la carbonataci\u00f3n estableciendo el equilibrio entre el CO\u2082 disuelto, la presi\u00f3n interna y la temperatura dentro de un recipiente sellado. El flujo de trabajo t\u00edpico incluye:<\/p>\n\n\n\n<ul class=\"wp-block-list\">\n<li><strong>Perforaci\u00f3n autom\u00e1tica del tap\u00f3n<\/strong> acceder a la presi\u00f3n interna sin p\u00e9rdida incontrolada de gas<\/li>\n\n\n\n<li><strong>Estabilizaci\u00f3n de la presi\u00f3n<\/strong> para eliminar los efectos transitorios<\/li>\n\n\n\n<li><strong>Agitaci\u00f3n controlada<\/strong> para garantizar una distribuci\u00f3n uniforme del CO\u2082.<\/li>\n\n\n\n<li><strong>Medici\u00f3n simult\u00e1nea de presi\u00f3n y temperatura<\/strong><\/li>\n\n\n\n<li><strong>C\u00e1lculo instant\u00e1neo del volumen de gas<\/strong> uso de tablas de carbonataci\u00f3n integradas<\/li>\n<\/ul>\n\n\n\n<p>Este proceso garantiza que cada prueba refleje el verdadero estado de carbonataci\u00f3n de la bebida, en lugar de la t\u00e9cnica del operador o la variabilidad ambiental.<\/p>\n\n\n\n<h2 class=\"wp-block-heading\">Pruebas de carbonataci\u00f3n automatizadas con CLRT-01<\/h2>\n\n\n\n<p>En <strong>CLRT-01 Carbonat\u00f3metro<\/strong> de Cell Instruments mejora <a href=\"https:\/\/store.astm.org\/f1115-16r23.html?_gl=1*1e32tpu*_gcl_aw*R0NMLjE3Njg3ODk3MzcuQ2owS0NRaUFwckxMQmhDTUFSSXNBRURoZFBmZnpaMHVBMGMtdjB4RWdqR0hGSWVCaVZjeTJBM3RfRHV0ajduOVh3QlJuQUVlbGdZOU00TWFBcWlSRUFMd193Y0I.*_gcl_au*MTkwOTY2MzAwNC4xNzY1Nzc5ODUz\" target=\"_blank\" rel=\"noreferrer noopener nofollow\">ASTM F1115<\/a>-mediante un flujo de trabajo totalmente automatizado y resistente a errores. El sistema integra control mec\u00e1nico, detecci\u00f3n digital y c\u00e1lculo inteligente en una plataforma compacta.<\/p>\n\n\n\n<p><strong>Las principales ventajas de la automatizaci\u00f3n son:<\/strong><\/p>\n\n\n\n<ul class=\"wp-block-list\">\n<li><strong>Perforaci\u00f3n del tap\u00f3n con control de precisi\u00f3n<\/strong> con velocidad de penetraci\u00f3n estable<\/li>\n\n\n\n<li><strong>Agitaci\u00f3n servoaccionada<\/strong> para un equilibrio coherente de CO\u2082.<\/li>\n\n\n\n<li><strong>Captura de presi\u00f3n y temperatura en tiempo real<\/strong> mediante sensores de alta resoluci\u00f3n<\/li>\n\n\n\n<li><strong>Visualizaci\u00f3n instant\u00e1nea del volumen de CO\u2082<\/strong>, Eliminaci\u00f3n de b\u00fasquedas y c\u00e1lculos manuales<\/li>\n<\/ul>\n\n\n\n<p>Este dise\u00f1o reduce significativamente el tiempo de prueba al tiempo que mejora la repetibilidad, lo que hace que el carbonat\u00f3metro sea adecuado tanto para el an\u00e1lisis de laboratorio como para el control de calidad de la l\u00ednea de producci\u00f3n.<\/p>\n\n\n\n<h2 class=\"wp-block-heading\">Por qu\u00e9 son importantes unas pruebas de carbonataci\u00f3n precisas<\/h2>\n\n\n\n<p>La p\u00e9rdida de carbonataci\u00f3n influye directamente en la calidad de las bebidas. Incluso una peque\u00f1a desviaci\u00f3n del nivel objetivo de CO\u2082 puede alterar la percepci\u00f3n del sabor y reducir la aceptaci\u00f3n del consumidor. Unas pruebas de carbonataci\u00f3n fiables permiten a los fabricantes:<\/p>\n\n\n\n<ul class=\"wp-block-list\">\n<li>Mantener la consistencia del sabor y la sensaci\u00f3n en boca del producto<\/li>\n\n\n\n<li>Verificar el cierre y la integridad del envase<\/li>\n\n\n\n<li>Predecir la vida \u00fatil bas\u00e1ndose en las tendencias de retenci\u00f3n de carbonataci\u00f3n<\/li>\n\n\n\n<li>Cumplir las normas de calidad internas y los requisitos reglamentarios externos<\/li>\n<\/ul>\n\n\n\n<p>Mediante la implementaci\u00f3n de un comprobador de carbonataci\u00f3n de alta precisi\u00f3n, los equipos de control de calidad obtienen datos procesables que respaldan tanto las decisiones de producci\u00f3n diarias como el desarrollo de envases a largo plazo.<\/p>","protected":false},"featured_media":410,"parent":0,"template":"","meta":{"_acf_changed":false},"product-category":[23,22],"class_list":["post-411","product","type-product","status-publish","has-post-thumbnail","hentry","product-category-astm-f1115","product-category-carbonation-test"],"acf":[],"_links":{"self":[{"href":"https:\/\/www.bottletest.com\/es\/wp-json\/wp\/v2\/product\/411","targetHints":{"allow":["GET"]}}],"collection":[{"href":"https:\/\/www.bottletest.com\/es\/wp-json\/wp\/v2\/product"}],"about":[{"href":"https:\/\/www.bottletest.com\/es\/wp-json\/wp\/v2\/types\/product"}],"wp:featuredmedia":[{"embeddable":true,"href":"https:\/\/www.bottletest.com\/es\/wp-json\/wp\/v2\/media\/410"}],"wp:attachment":[{"href":"https:\/\/www.bottletest.com\/es\/wp-json\/wp\/v2\/media?parent=411"}],"wp:term":[{"taxonomy":"product-category","embeddable":true,"href":"https:\/\/www.bottletest.com\/es\/wp-json\/wp\/v2\/product-category?post=411"}],"curies":[{"name":"wp","href":"https:\/\/api.w.org\/{rel}","templated":true}]}}