{"id":319,"date":"2026-02-04T09:06:46","date_gmt":"2026-02-04T09:06:46","guid":{"rendered":"https:\/\/www.bottletest.com\/?post_type=product&#038;p=319"},"modified":"2026-02-04T09:10:19","modified_gmt":"2026-02-04T09:10:19","slug":"bottle-wall-thickness-gauge","status":"publish","type":"product","link":"https:\/\/www.bottletest.com\/es\/product\/bottle-wall-thickness-gauge\/","title":{"rendered":"Medidor de espesor de pared de botellas WTT"},"content":{"rendered":"<p><strong>Medidor de espesor de pared de botellas<\/strong> desempe\u00f1a un papel fundamental en el control de calidad de los envases, especialmente para los fabricantes y laboratorios de ensayo que trabajan con envases de PET, vidrio y productos farmac\u00e9uticos. El grosor de las paredes de las botellas afecta directamente a <strong>resistencia mec\u00e1nica, rendimiento de barrera, consistencia del peso y cumplimiento de las normas de seguridad<\/strong>. Incluso peque\u00f1as desviaciones pueden provocar deformaciones, fugas o roturas durante el llenado, el transporte o el uso final.<\/p>\n\n\n\n<h2 class=\"wp-block-heading\">Medici\u00f3n del espesor de las botellas<br>Medidor de espesor de botellas de PET y botellas de vidrio<\/h2>\n\n\n\n<h3 class=\"wp-block-heading\">Comprender la distribuci\u00f3n del espesor de las botellas<\/h3>\n\n\n\n<p><strong>Grosor de la botella<\/strong> se refiere no s\u00f3lo a un valor medio de la pared, sino tambi\u00e9n a su distribuci\u00f3n en el cuerpo, el hombro y el fondo de la botella. Un grosor desigual suele indicar problemas durante el moldeo o el conformado. En <strong>Grosor de la botella PET<\/strong>, Las relaciones de estiramiento durante el moldeo por soplado influyen mucho en la distribuci\u00f3n final de las paredes. Para <strong>espesor de la botella de vidrio<\/strong>, La temperatura de conformado y las condiciones del molde desempe\u00f1an un papel decisivo.<\/p>\n\n\n\n<p>A <strong>medidor de espesor de botellas de vidrio<\/strong> y PET deben acceder a superficies curvas y estampadas sin da\u00f1ar la muestra. Los medidores modernos lo consiguen combinando un banco de pruebas estable con una sonda de espesor digital de alta precisi\u00f3n.<\/p>\n\n\n\n<h3 class=\"wp-block-heading\">Por qu\u00e9 el espesor de las botellas de PET requiere un control preciso<\/h3>\n\n\n\n<p>Las botellas de PET exigen un estricto control del grosor para equilibrar el dise\u00f1o ligero y la integridad estructural. Un grosor excesivo aumenta el coste del material, mientras que un grosor insuficiente reduce la fuerza de carga superior y la resistencia al impacto. El uso de un medidor de espesor de pared de botellas fiable permite a los fabricantes <strong>verificar los resultados del aligeramiento sin comprometer el rendimiento<\/strong>.<\/p>\n\n\n\n<h2 class=\"wp-block-heading\">Principio de funcionamiento de un medidor de espesor de pared de botellas<\/h2>\n\n\n\n<p>Un medidor de espesor de pared de botella suele constar de:<\/p>\n\n\n\n<ul class=\"wp-block-list\">\n<li>A <strong>banco de pruebas vertical y estable<\/strong><\/li>\n\n\n\n<li>A <strong>medidor de espesores digital de alta resoluci\u00f3n<\/strong><\/li>\n\n\n\n<li>A <strong>sonda de medici\u00f3n fina<\/strong> Concebido para superficies curvas<\/li>\n<\/ul>\n\n\n\n<p>Durante la prueba, la botella se coloca en el soporte y la sonda entra en contacto con la pared o el fondo en un punto definido. El medidor muestra directamente los valores de espesor, lo que permite una r\u00e1pida comparaci\u00f3n entre distintos puntos de medici\u00f3n. Los operarios pueden completar un perfil completo del espesor de la botella de forma eficaz, incluso en envases con geometr\u00edas complejas.<\/p>\n\n\n\n<h2 class=\"wp-block-heading\">Ventajas de utilizar un medidor de espesor de pared de botellas profesional<\/h2>\n\n\n\n<p>El uso de un medidor de espesor de pared de botella espec\u00edfico proporciona ventajas cuantificables:<\/p>\n\n\n\n<ul class=\"wp-block-list\">\n<li><strong>Mejora de la coherencia de la producci\u00f3n<\/strong> identificando precozmente la variaci\u00f3n del espesor<\/li>\n\n\n\n<li><strong>Mayor seguridad y cumplimiento de la normativa<\/strong> para envases de alimentos, bebidas y productos farmac\u00e9uticos<\/li>\n\n\n\n<li><strong>Reducci\u00f3n de los residuos de material<\/strong> mediante un control optimizado del espesor<\/li>\n\n\n\n<li><strong>Mayor confianza de los clientes<\/strong> respaldada por datos cuantitativos de las pruebas<\/li>\n<\/ul>\n\n\n\n<p>Cell Instruments dise\u00f1a sus sistemas para garantizar la repetibilidad, durabilidad y facilidad de funcionamiento, incluso en entornos de inspecci\u00f3n de calidad de alta frecuencia.<\/p>","protected":false},"featured_media":324,"parent":0,"template":"","meta":{"_acf_changed":false},"product-category":[21],"class_list":["post-319","product","type-product","status-publish","has-post-thumbnail","hentry","product-category-thickness-test"],"acf":[],"_links":{"self":[{"href":"https:\/\/www.bottletest.com\/es\/wp-json\/wp\/v2\/product\/319","targetHints":{"allow":["GET"]}}],"collection":[{"href":"https:\/\/www.bottletest.com\/es\/wp-json\/wp\/v2\/product"}],"about":[{"href":"https:\/\/www.bottletest.com\/es\/wp-json\/wp\/v2\/types\/product"}],"wp:featuredmedia":[{"embeddable":true,"href":"https:\/\/www.bottletest.com\/es\/wp-json\/wp\/v2\/media\/324"}],"wp:attachment":[{"href":"https:\/\/www.bottletest.com\/es\/wp-json\/wp\/v2\/media?parent=319"}],"wp:term":[{"taxonomy":"product-category","embeddable":true,"href":"https:\/\/www.bottletest.com\/es\/wp-json\/wp\/v2\/product-category?post=319"}],"curies":[{"name":"wp","href":"https:\/\/api.w.org\/{rel}","templated":true}]}}