{"id":292,"date":"2026-02-04T07:35:39","date_gmt":"2026-02-04T07:35:39","guid":{"rendered":"https:\/\/www.bottletest.com\/?post_type=product&#038;p=292"},"modified":"2026-02-05T08:13:37","modified_gmt":"2026-02-05T08:13:37","slug":"top-load-tester","status":"publish","type":"product","link":"https:\/\/www.bottletest.com\/es\/product\/top-load-tester\/","title":{"rendered":"TLT-01 Comprobador de carga superior"},"content":{"rendered":"<h2 class=\"wp-block-heading\">Prueba de carga vertical de la botella: Finalidad y significado pr\u00e1ctico<\/h2>\n\n\n\n<p>En <strong>prueba de carga vertical para botella<\/strong> se centra en c\u00f3mo se comporta un contenedor cuando se le aplica una fuerza de compresi\u00f3n a lo largo de su eje central. Esta condici\u00f3n de carga simula las tensiones del mundo real, como el apilamiento de pal\u00e9s, el almacenamiento en almacenes y la presi\u00f3n superior durante el transporte.<\/p>\n\n\n\n<p>Entre los indicadores clave de rendimiento obtenidos de un comprobador de carga superior se incluyen:<\/p>\n\n\n\n<ul class=\"wp-block-list\">\n<li><strong>Capacidad m\u00e1xima de carga vertical<\/strong> antes de la deformaci\u00f3n o el fallo<\/li>\n\n\n\n<li><strong>Carga de fluencia<\/strong>, donde la rigidez estructural empieza a disminuir<\/li>\n\n\n\n<li><strong>Comportamiento de la deformaci\u00f3n<\/strong> bajo compresi\u00f3n controlada<\/li>\n\n\n\n<li><strong>Modo de fallo<\/strong>, como el pandeo o la fractura fr\u00e1gil<\/li>\n<\/ul>\n\n\n\n<p>En el caso de los envases de vidrio, el ensayo pone de relieve la resistencia a la rotura repentina. Para las botellas de pl\u00e1stico, el ensayo revela la ductilidad, la rigidez y la robustez del dise\u00f1o.<\/p>\n\n\n\n<h2 class=\"wp-block-heading\">Prueba de carga superior para botellas seg\u00fan ASTM D2659<\/h2>\n\n\n\n<p>En <strong>prueba de carga superior para botellas<\/strong> fabricado con termopl\u00e1sticos sigue los principios definidos en <strong>ASTM D2659<\/strong>, que aborda las propiedades de aplastamiento de la columna de los envases de pl\u00e1stico soplados.<\/p>\n\n\n\n<p>La norma ASTM D2659 especifica la realizaci\u00f3n de pruebas bajo un <strong>\u00edndice de deformaci\u00f3n por compresi\u00f3n constante<\/strong>, El m\u00e9todo se centra en El m\u00e9todo se centra en:<\/p>\n\n\n\n<ul class=\"wp-block-list\">\n<li>Carga de fluencia de aplastamiento<\/li>\n\n\n\n<li>Deflexi\u00f3n en el l\u00edmite el\u00e1stico<\/li>\n\n\n\n<li>Carga de aplastamiento al fallo<\/li>\n\n\n\n<li>Rigidez aparente al aplastamiento<\/li>\n<\/ul>\n\n\n\n<p>Un comprobador de carga superior conforme debe mantener un <strong>velocidad de ensayo estable y controlable<\/strong>, El caudal de aire suele oscilar entre 12,5 mm\/min y 50 mm\/min. La alineaci\u00f3n y la ventilaci\u00f3n adecuadas de las muestras desempe\u00f1an un papel decisivo en la precisi\u00f3n y la seguridad de los ensayos.<\/p>\n\n\n\n<p>Siguiendo la norma ASTM D2659, los ingenieros de envasado pueden utilizar los datos de carga m\u00e1xima para <strong>control de calidad, pruebas de aceptaci\u00f3n y comparaciones de I+D<\/strong>, especialmente al evaluar cambios de dise\u00f1o o sustituciones de materiales.<\/p>\n\n\n\n<h2 class=\"wp-block-heading\">Pruebas de carga vertical de botellas basadas en la norma ISO 8113<\/h2>\n\n\n\n<p>Para envases de vidrio, <strong>ISO 8113<\/strong> define el m\u00e9todo normalizado para medir la resistencia a la carga vertical. Esta norma internacional garantiza la coherencia a la hora de evaluar las botellas utilizadas en bebidas, alimentos y productos farmac\u00e9uticos.<\/p>\n\n\n\n<p>ISO 8113 hace hincapi\u00e9 en:<\/p>\n\n\n\n<ul class=\"wp-block-list\">\n<li>Equilibrio de temperatura entre la muestra y el entorno<\/li>\n\n\n\n<li>Alineaci\u00f3n axial precisa del contenedor<\/li>\n\n\n\n<li>Uso de almohadillas o cierres protectores para simular las condiciones reales de sellado<\/li>\n\n\n\n<li>Aplicaci\u00f3n de fuerza controlada hasta una carga o rotura especificada<\/li>\n<\/ul>\n\n\n\n<p>Un comprobador de carga superior profesional dise\u00f1ado para ISO 8113 admite tanto <strong>superar las pruebas<\/strong> (carga a un valor predefinido) y <strong>pruebas progresivas<\/strong> (carga hasta el fallo). Estos resultados ayudan a los fabricantes a confirmar que los envases de vidrio cumplen las especificaciones internas y los requisitos de los clientes.<\/p>\n\n\n\n<h2 class=\"wp-block-heading\">C\u00f3mo funciona el comprobador de carga superior<\/h2>\n\n\n\n<p>Un comprobador de carga superior aplica una <strong>fuerza de compresi\u00f3n vertical controlada<\/strong> a trav\u00e9s de platinas de precisi\u00f3n mientras se miden continuamente la fuerza y el desplazamiento. El sistema registra curvas de carga-desplazamiento en tiempo real, lo que permite a los usuarios observar la respuesta estructural durante todo el ensayo.<\/p>\n\n\n\n<p>Los modernos sistemas de Cell Instruments integran:<\/p>\n\n\n\n<ul class=\"wp-block-list\">\n<li>C\u00e9lulas de carga de alta precisi\u00f3n<\/li>\n\n\n\n<li>Medici\u00f3n precisa del desplazamiento<\/li>\n\n\n\n<li>Control basado en PLC con HMI intuitiva<\/li>\n\n\n\n<li>Salida digital de datos para trazabilidad<\/li>\n<\/ul>\n\n\n\n<p>Esta configuraci\u00f3n garantiza que todas las pruebas de carga superior de las botellas permanezcan <strong>repetibles, trazables y conformes<\/strong> con las normas ASTM e ISO.<\/p>\n\n\n\n<h2 class=\"wp-block-heading\">Por qu\u00e9 las pruebas de carga superiores generan confianza<\/h2>\n\n\n\n<p>La fiabilidad de los datos de carga vertical permite tomar mejores decisiones a lo largo del ciclo de vida del envase. Un comprobador de carga superior validado ayuda:<\/p>\n\n\n\n<ul class=\"wp-block-list\">\n<li>Evitar el colapso de los contenedores durante la log\u00edstica<\/li>\n\n\n\n<li>Reducir el uso de material sin comprometer la seguridad<\/li>\n\n\n\n<li>Demostrar el cumplimiento durante las auditor\u00edas y las evaluaciones de los clientes.<\/li>\n\n\n\n<li>Mejorar la coherencia de los lotes de producci\u00f3n<\/li>\n<\/ul>\n\n\n\n<p>Alineando las pr\u00e1cticas de pruebas con <a href=\"https:\/\/store.astm.org\/d2659-16r23.html?_gl=1*a5mpmp*_gcl_aw*R0NMLjE3Njg3ODk3MzcuQ2owS0NRaUFwckxMQmhDTUFSSXNBRURoZFBmZnpaMHVBMGMtdjB4RWdqR0hGSWVCaVZjeTJBM3RfRHV0ajduOVh3QlJuQUVlbGdZOU00TWFBcWlSRUFMd193Y0I.*_gcl_au*MTkwOTY2MzAwNC4xNzY1Nzc5ODUz\" target=\"_blank\" rel=\"noreferrer noopener nofollow\">ASTM D2659<\/a> y <a href=\"https:\/\/www.iso.org\/standard\/35617.html\" target=\"_blank\" rel=\"noreferrer noopener nofollow\">ISO 8113<\/a>, Los fabricantes refuerzan tanto <strong>credibilidad t\u00e9cnica y confianza del cliente<\/strong>.<\/p>","protected":false},"featured_media":303,"parent":0,"template":"","meta":{"_acf_changed":false},"product-category":[26,27,14],"class_list":["post-292","product","type-product","status-publish","has-post-thumbnail","hentry","product-category-astm-d2659","product-category-iso-8113","product-category-top-load-test"],"acf":[],"_links":{"self":[{"href":"https:\/\/www.bottletest.com\/es\/wp-json\/wp\/v2\/product\/292","targetHints":{"allow":["GET"]}}],"collection":[{"href":"https:\/\/www.bottletest.com\/es\/wp-json\/wp\/v2\/product"}],"about":[{"href":"https:\/\/www.bottletest.com\/es\/wp-json\/wp\/v2\/types\/product"}],"wp:featuredmedia":[{"embeddable":true,"href":"https:\/\/www.bottletest.com\/es\/wp-json\/wp\/v2\/media\/303"}],"wp:attachment":[{"href":"https:\/\/www.bottletest.com\/es\/wp-json\/wp\/v2\/media?parent=292"}],"wp:term":[{"taxonomy":"product-category","embeddable":true,"href":"https:\/\/www.bottletest.com\/es\/wp-json\/wp\/v2\/product-category?post=292"}],"curies":[{"name":"wp","href":"https:\/\/api.w.org\/{rel}","templated":true}]}}