{"id":418,"date":"2026-02-05T08:23:26","date_gmt":"2026-02-05T08:23:26","guid":{"rendered":"https:\/\/www.bottletest.com\/?post_type=product&#038;p=418"},"modified":"2026-02-05T08:26:32","modified_gmt":"2026-02-05T08:26:32","slug":"automatic-torque-tester","status":"publish","type":"product","link":"https:\/\/www.bottletest.com\/de\/product\/automatic-torque-tester\/","title":{"rendered":"MCT-01 Automatischer Drehmomenttester"},"content":{"rendered":"<p><strong>Automatisches Drehmomentpr\u00fcfger\u00e4t<\/strong> ist ein wichtiges Qualit\u00e4tskontrollinstrument zur Messung des Anzugs- und \u00d6ffnungsdrehmoments von Schraubverschl\u00fcssen an Flaschen und Beh\u00e4ltern. In der Verpackungsindustrie, z. B. in der Lebensmittel-, Pharma-, Medizin- und chemischen Industrie, wirkt sich die Konsistenz des Drehmoments direkt auf <strong>Siegelintegrit\u00e4t, Benutzerfreundlichkeit und Einhaltung von Vorschriften<\/strong>. Ein unzureichendes Drehmoment kann zu Leckagen oder einem Verlust der Barriereleistung f\u00fchren, w\u00e4hrend ein zu hohes Drehmoment zu einer Verformung der Kappe oder einer schlechten Benutzererfahrung f\u00fchren kann.<\/p>\n\n\n\n<h2 class=\"wp-block-heading\">Drehmomenttester f\u00fcr Flaschenverschl\u00fcsse &amp; \u00d6ffnungsdrehmoment &amp; ASTM D7860<\/h2>\n\n\n\n<p><strong>Drehmomentpr\u00fcfger\u00e4t f\u00fcr Flaschenverschl\u00fcsse<\/strong> wertet zwei Schl\u00fcsselparameter aus: Anwendungsdrehmoment und <strong>\u00d6ffnungsdrehmoment<\/strong>, oft auch als \u00d6ffnungsdrehmoment bezeichnet. Diese Werte bestimmen, wie sicher ein Verschluss angebracht wurde und wie viel Kraft ein Benutzer aufwenden muss, um die Verpackung zu \u00f6ffnen. Die ASTM D7860 bietet einen standardisierten Rahmen f\u00fcr die Messung der Drehmomentbeibehaltung von Endlosgewinde-Verschl\u00fcssen unter Verwendung automatischer Drehmomentpr\u00fcfger\u00e4te und ist damit ein Eckpfeiler der Referenz f\u00fcr Labore weltweit.<\/p>\n\n\n\n<p>ASTM D7860 definiert wichtige Begriffe wie <strong>Trockendrehmoment<\/strong>, <strong>Sofortiges Entfernungsmoment<\/strong>, und <strong>Drehmomentsicherung<\/strong>, Dadurch wird sichergestellt, dass die Ergebnisse bei unterschiedlichen Materialien, Verschlussdesigns und Lagerungsbedingungen vergleichbar bleiben. Durch die Einhaltung dieser Norm kann ein automatisches Drehmomentpr\u00fcfger\u00e4t Ergebnisse liefern, die die Verpackungsentwicklung, die technische Validierung und die routinem\u00e4\u00dfige Qualit\u00e4tspr\u00fcfung unterst\u00fctzen.<\/p>\n\n\n\n<h2 class=\"wp-block-heading\">Wie der automatische Drehmomentpr\u00fcfer funktioniert<\/h2>\n\n\n\n<p>Das automatische Drehmomentpr\u00fcfger\u00e4t arbeitet mit einem <strong>motorisiertes Rotationssystem<\/strong> kombiniert mit einem Pr\u00e4zisions-Drehmomentaufnehmer. Die Flasche und die Kappe sind konzentrisch befestigt, um eine exzentrische Belastung zu vermeiden und wiederholbare und genaue Messungen zu gew\u00e4hrleisten.<\/p>\n\n\n\n<p>W\u00e4hrend der Pr\u00fcfung f\u00fchrt das Ger\u00e4t eine kontrollierte Drehbewegung mit einer festen Drehzahl oder Drehmomentrampe aus. Das Drehmomentsignal wird kontinuierlich erfasst, und die <strong>Spitzen\u00f6ffnungsmoment<\/strong> wird automatisch aufgezeichnet. Dieser Ansatz spiegelt die realen \u00d6ffnungsbedingungen genau wider und minimiert den Einfluss des Bedieners.<\/p>\n\n\n\n<p>Im Vergleich zu manuellen Ger\u00e4ten bietet ein automatisches Drehmomentpr\u00fcfger\u00e4t <strong>h\u00f6here Wiederholbarkeit, weniger menschliche Fehler und bessere \u00dcbereinstimmung mit den Anforderungen der ASTM D7860<\/strong>, insbesondere bei der Pr\u00fcfung der Drehmomentbeibehaltung \u00fcber einen l\u00e4ngeren Zeitraum oder nach Umwelteinfl\u00fcssen.<\/p>\n\n\n\n<h2 class=\"wp-block-heading\">Bedeutung der ASTM D7860 f\u00fcr die automatisierte Drehmomentpr\u00fcfung<\/h2>\n\n\n\n<p>Die ASTM D7860 betont die Verwendung von <strong>automatisierte Drehmomentmessger\u00e4te mit Aufnehmern<\/strong> die bei bekannten Drehgeschwindigkeiten arbeiten. Diese Anforderung besteht, weil sich das Drehmomentverhalten mit der Drehzahl und den Pr\u00fcfbedingungen \u00e4ndert. Automatisierte Systeme stellen sicher, dass jede Probe die gleichen Pr\u00fcfparameter erf\u00e4hrt, was die Zuverl\u00e4ssigkeit der Daten erheblich verbessert.<\/p>\n\n\n\n<p>Der Standard unterst\u00fctzt sowohl <strong>statische Auswertung<\/strong> und <strong>dynamische Auswertung<\/strong>, Damit k\u00f6nnen Hersteller die Beibehaltung des Drehmoments nach Lagerung oder simulierter Verteilung beurteilen. F\u00fcr kindersichere und nicht kindersichere Verschl\u00fcsse hilft die ASTM D7860 zu \u00fcberpr\u00fcfen, ob das \u00d6ffnungsdrehmoment w\u00e4hrend des gesamten Produktlebenszyklus innerhalb eines sicheren und funktionalen Bereichs bleibt.<\/p>\n\n\n\n<p>Durch die \u00dcbereinstimmung mit der ASTM D7860 st\u00e4rkt ein automatisches Drehmomentpr\u00fcfger\u00e4t die Auditbereitschaft und erh\u00f6ht das Vertrauen der Kunden in die Qualit\u00e4tssysteme f\u00fcr Verpackungen.<\/p>","protected":false},"featured_media":419,"parent":0,"template":"","meta":{"_acf_changed":false},"product-category":[25,24],"class_list":["post-418","product","type-product","status-publish","has-post-thumbnail","hentry","product-category-astm-d7860","product-category-torque-tester"],"acf":[],"_links":{"self":[{"href":"https:\/\/www.bottletest.com\/de\/wp-json\/wp\/v2\/product\/418","targetHints":{"allow":["GET"]}}],"collection":[{"href":"https:\/\/www.bottletest.com\/de\/wp-json\/wp\/v2\/product"}],"about":[{"href":"https:\/\/www.bottletest.com\/de\/wp-json\/wp\/v2\/types\/product"}],"wp:featuredmedia":[{"embeddable":true,"href":"https:\/\/www.bottletest.com\/de\/wp-json\/wp\/v2\/media\/419"}],"wp:attachment":[{"href":"https:\/\/www.bottletest.com\/de\/wp-json\/wp\/v2\/media?parent=418"}],"wp:term":[{"taxonomy":"product-category","embeddable":true,"href":"https:\/\/www.bottletest.com\/de\/wp-json\/wp\/v2\/product-category?post=418"}],"curies":[{"name":"wp","href":"https:\/\/api.w.org\/{rel}","templated":true}]}}