{"id":319,"date":"2026-02-04T09:06:46","date_gmt":"2026-02-04T09:06:46","guid":{"rendered":"https:\/\/www.bottletest.com\/?post_type=product&#038;p=319"},"modified":"2026-02-04T09:10:19","modified_gmt":"2026-02-04T09:10:19","slug":"bottle-wall-thickness-gauge","status":"publish","type":"product","link":"https:\/\/www.bottletest.com\/de\/product\/bottle-wall-thickness-gauge\/","title":{"rendered":"WTT Flaschenwandst\u00e4rkemessger\u00e4t"},"content":{"rendered":"<p><strong>Wandst\u00e4rkenmessger\u00e4t f\u00fcr Flaschen<\/strong> spielt eine entscheidende Rolle bei der Qualit\u00e4tskontrolle von Verpackungen, insbesondere f\u00fcr Hersteller und Pr\u00fcflabore, die sich mit PET-, Glas- und Pharmabeh\u00e4ltern befassen. Die Wandst\u00e4rke der Flasche wirkt sich direkt auf <strong>mechanische Festigkeit, Barriereleistung, Gewichtskonsistenz und Einhaltung der Sicherheitsvorschriften<\/strong>. Selbst geringf\u00fcgige Abweichungen k\u00f6nnen zu Verformung, Auslaufen oder Bruch w\u00e4hrend der Abf\u00fcllung, des Transports oder der Endnutzung f\u00fchren.<\/p>\n\n\n\n<h2 class=\"wp-block-heading\">Messung der Flaschendicke<br>PET-Flaschen-Dickenmesser und Glasflaschen-Dickenmesser<\/h2>\n\n\n\n<h3 class=\"wp-block-heading\">Die Verteilung der Flaschendicke verstehen<\/h3>\n\n\n\n<p><strong>Dicke der Flasche<\/strong> bezieht sich nicht nur auf einen durchschnittlichen Wandwert, sondern auch auf dessen Verteilung \u00fcber den Flaschenk\u00f6rper, die Schulter und den Boden. Eine ungleichm\u00e4\u00dfige Dicke deutet oft auf Probleme beim Gie\u00dfen oder Formen hin. F\u00fcr <strong>Dicke von PET-Flaschen<\/strong>, Die Verstreckungsverh\u00e4ltnisse beim Blasformen beeinflussen die endg\u00fcltige Wandverteilung stark. F\u00fcr <strong>Dicke der Glasflasche<\/strong>, spielen die Umformtemperatur und der Zustand der Form eine entscheidende Rolle.<\/p>\n\n\n\n<p>A <strong>Glasflaschen-Dickenmesser<\/strong> und PET-kompatibles System muss gekr\u00fcmmte und gemusterte Oberfl\u00e4chen erreichen, ohne die Probe zu besch\u00e4digen. Moderne Messger\u00e4te erreichen dies durch die Kombination eines stabilen Pr\u00fcfstands mit einem hochpr\u00e4zisen digitalen Dickentaster.<\/p>\n\n\n\n<h3 class=\"wp-block-heading\">Warum die Dicke von PET-Flaschen eine pr\u00e4zise Kontrolle erfordert<\/h3>\n\n\n\n<p>PET-Flaschen erfordern eine strenge Dickenkontrolle, um ein Gleichgewicht zwischen geringem Gewicht und struktureller Integrit\u00e4t zu erreichen. Eine zu dicke Wandst\u00e4rke erh\u00f6ht die Materialkosten, w\u00e4hrend eine zu geringe Wandst\u00e4rke die Festigkeit und Sto\u00dffestigkeit verringert. Die Verwendung eines zuverl\u00e4ssigen Flaschenwanddickenmessger\u00e4ts erm\u00f6glicht den Herstellern <strong>\u00dcberpr\u00fcfung der Ergebnisse der Gewichtsreduzierung ohne Leistungseinbu\u00dfen<\/strong>.<\/p>\n\n\n\n<h2 class=\"wp-block-heading\">Arbeitsprinzip eines Flaschenwanddickenmessger\u00e4ts<\/h2>\n\n\n\n<p>Ein Flaschenwanddickenmessger\u00e4t besteht in der Regel aus:<\/p>\n\n\n\n<ul class=\"wp-block-list\">\n<li>A <strong>stabiler vertikaler Pr\u00fcfstand<\/strong><\/li>\n\n\n\n<li>A <strong>hochaufl\u00f6sendes digitales Dickenmessger\u00e4t<\/strong><\/li>\n\n\n\n<li>A <strong>Feinmesssonde<\/strong> konzipiert f\u00fcr gekr\u00fcmmte Oberfl\u00e4chen<\/li>\n<\/ul>\n\n\n\n<p>W\u00e4hrend der Pr\u00fcfung wird die Flasche auf dem St\u00e4nder positioniert, und die Sonde ber\u00fchrt die Wand oder den Boden an einer bestimmten Stelle. Das Messger\u00e4t zeigt die Dickenwerte direkt an und erm\u00f6glicht einen schnellen Vergleich zwischen verschiedenen Messpunkten. Die Bediener k\u00f6nnen selbst bei Beh\u00e4ltern mit komplexen Geometrien ein vollst\u00e4ndiges Dickenprofil der Flasche effizient erstellen.<\/p>\n\n\n\n<h2 class=\"wp-block-heading\">Vorteile der Verwendung eines professionellen Flaschenwanddickenmessger\u00e4ts<\/h2>\n\n\n\n<p>Die Verwendung eines speziellen Flaschenwanddickenmessger\u00e4ts bietet messbare Vorteile:<\/p>\n\n\n\n<ul class=\"wp-block-list\">\n<li><strong>Verbesserte Produktionskonsistenz<\/strong> durch fr\u00fchzeitiges Erkennen von Dickenschwankungen<\/li>\n\n\n\n<li><strong>Erh\u00f6hte Sicherheit und Einhaltung von Vorschriften<\/strong> f\u00fcr Lebensmittel-, Getr\u00e4nke- und Pharmaverpackungen<\/li>\n\n\n\n<li><strong>Geringerer Materialabfall<\/strong> durch optimierte Dickensteuerung<\/li>\n\n\n\n<li><strong>H\u00f6heres Kundenvertrauen<\/strong> unterst\u00fctzt durch quantitative Testdaten<\/li>\n<\/ul>\n\n\n\n<p>Cell Instruments entwickelt seine Systeme so, dass Wiederholbarkeit, Langlebigkeit und einfache Bedienung gew\u00e4hrleistet sind, selbst in Umgebungen, in denen Qualit\u00e4tspr\u00fcfungen mit hoher Frequenz durchgef\u00fchrt werden.<\/p>","protected":false},"featured_media":324,"parent":0,"template":"","meta":{"_acf_changed":false},"product-category":[21],"class_list":["post-319","product","type-product","status-publish","has-post-thumbnail","hentry","product-category-thickness-test"],"acf":[],"_links":{"self":[{"href":"https:\/\/www.bottletest.com\/de\/wp-json\/wp\/v2\/product\/319","targetHints":{"allow":["GET"]}}],"collection":[{"href":"https:\/\/www.bottletest.com\/de\/wp-json\/wp\/v2\/product"}],"about":[{"href":"https:\/\/www.bottletest.com\/de\/wp-json\/wp\/v2\/types\/product"}],"wp:featuredmedia":[{"embeddable":true,"href":"https:\/\/www.bottletest.com\/de\/wp-json\/wp\/v2\/media\/324"}],"wp:attachment":[{"href":"https:\/\/www.bottletest.com\/de\/wp-json\/wp\/v2\/media?parent=319"}],"wp:term":[{"taxonomy":"product-category","embeddable":true,"href":"https:\/\/www.bottletest.com\/de\/wp-json\/wp\/v2\/product-category?post=319"}],"curies":[{"name":"wp","href":"https:\/\/api.w.org\/{rel}","templated":true}]}}